{"id":323299,"date":"2025-06-04T18:44:31","date_gmt":"2025-06-04T18:44:31","guid":{"rendered":"http:\/\/theuncommonshop.ch\/produkt\/323299\/"},"modified":"2026-03-29T17:34:15","modified_gmt":"2026-03-29T15:34:15","slug":"pokemon-karmesin-und-purpur-battle-partners-deck-build-box-jpn-3__trashed","status":"publish","type":"product","link":"https:\/\/theuncommonshop.ch\/en\/product\/pokemon-karmesin-und-purpur-battle-partners-deck-build-box-jpn-3__trashed\/","title":{"rendered":"Pok\u00e9mon &#8211; Karmesin &amp; Purpur &#8211; Battle Partners &#8211; Deck Build Box &#8211; JPN"},"content":{"rendered":"<p><strong>Content<\/strong><\/p>\n<p>Battle Partners Packs: x10<\/p>\n<p>Cards: x171 (53 types in total)<\/p>\n<p>  -12 Pokemon<\/p>\n<p>  -57 Trainers<\/p>\n<p>  -6 Special Energy<\/p>\n<p>  -96 Basic Energy<\/p>\n<p>Card Box: x1<\/p>\n<p>Dividers: x4<\/p>\n","protected":false},"excerpt":{"rendered":"<p>Content Battle Partners Packs: x10 Cards: x171 (53 types in total) -12 Pokemon -57 Trainers -6 Special Energy -96 Basic<\/p>\n","protected":false},"featured_media":120321,"comment_status":"open","ping_status":"closed","template":"","meta":{"_acf_changed":false},"product_brand":[5115,5073],"product_cat":[9810,9776],"product_tag":[],"class_list":{"0":"post-323299","1":"product","2":"type-product","3":"status-publish","4":"has-post-thumbnail","6":"product_brand-pokemon","7":"product_brand-the-pokemon-company","8":"product_cat-boxes-and-collections-pokemon","9":"product_cat-pokemon-en","11":"first","12":"instock","13":"taxable","14":"shipping-taxable","15":"purchasable","16":"product-type-variable"},"acf":[],"yoast_head":"<!-- This site is optimized with the Yoast SEO plugin v27.3 - https:\/\/yoast.com\/product\/yoast-seo-wordpress\/ -->\n<title>Buy Pok\u00e9mon - Karmesin &amp; Purpur - Battle Partners - Deck Build Box - JPN<\/title>\n<meta name=\"description\" content=\"Shop Pok\u00e9mon - Karmesin &amp; Purpur - Battle Partners - Deck Build Box - JPN online at great prices now! Your #1 TCG &amp; Pok\u00e9mon card shop in Switzerland \u2713 Free shipping from CHF 29\" \/>\n<meta name=\"robots\" content=\"index, follow, max-snippet:-1, max-image-preview:large, max-video-preview:-1\" \/>\n<link rel=\"canonical\" href=\"https:\/\/theuncommonshop.ch\/en\/product\/pokemon-karmesin-und-purpur-battle-partners-deck-build-box-jpn-3__trashed\/\" \/>\n<meta property=\"og:locale\" content=\"en_US\" \/>\n<meta property=\"og:type\" content=\"article\" \/>\n<meta property=\"og:title\" content=\"Buy Pok\u00e9mon - Karmesin &amp; Purpur - Battle Partners - Deck Build Box - JPN\" \/>\n<meta property=\"og:description\" content=\"Shop Pok\u00e9mon - Karmesin &amp; Purpur - Battle Partners - Deck Build Box - JPN online at great prices now! Your #1 TCG &amp; Pok\u00e9mon card shop in Switzerland \u2713 Free shipping from CHF 29\" \/>\n<meta property=\"og:url\" content=\"https:\/\/theuncommonshop.ch\/en\/product\/pokemon-karmesin-und-purpur-battle-partners-deck-build-box-jpn-3__trashed\/\" \/>\n<meta property=\"og:site_name\" content=\"Largest trading card shop in Switzerland\" \/>\n<meta property=\"article:modified_time\" content=\"2026-03-29T15:34:15+00:00\" \/>\n<meta property=\"og:image\" content=\"https:\/\/theuncommonshop.ch\/wp-content\/uploads\/2025\/06\/4715723371.jpg\" \/>\n\t<meta property=\"og:image:width\" content=\"751\" \/>\n\t<meta property=\"og:image:height\" content=\"387\" \/>\n\t<meta property=\"og:image:type\" content=\"image\/jpeg\" \/>\n<meta name=\"twitter:card\" content=\"summary_large_image\" \/>\n<meta name=\"twitter:label1\" content=\"Availability\" \/>\n\t<meta name=\"twitter:data1\" content=\"In stock\" \/>\n<script type=\"application\/ld+json\" class=\"yoast-schema-graph\">{\"@context\":\"https:\\\/\\\/schema.org\",\"@graph\":[{\"@type\":\"WebPage\",\"@id\":\"https:\\\/\\\/theuncommonshop.ch\\\/en\\\/product\\\/pokemon-karmesin-und-purpur-battle-partners-deck-build-box-jpn-3__trashed\\\/\",\"url\":\"https:\\\/\\\/theuncommonshop.ch\\\/en\\\/product\\\/pokemon-karmesin-und-purpur-battle-partners-deck-build-box-jpn-3__trashed\\\/\",\"name\":\"Buy Pok\u00e9mon - Karmesin &amp; Purpur - Battle Partners - Deck Build Box - JPN\",\"isPartOf\":{\"@id\":\"https:\\\/\\\/theuncommonshop.ch\\\/en\\\/#website\"},\"primaryImageOfPage\":{\"@id\":\"https:\\\/\\\/theuncommonshop.ch\\\/en\\\/product\\\/pokemon-karmesin-und-purpur-battle-partners-deck-build-box-jpn-3__trashed\\\/#primaryimage\"},\"image\":{\"@id\":\"https:\\\/\\\/theuncommonshop.ch\\\/en\\\/product\\\/pokemon-karmesin-und-purpur-battle-partners-deck-build-box-jpn-3__trashed\\\/#primaryimage\"},\"thumbnailUrl\":\"https:\\\/\\\/theuncommonshop.ch\\\/wp-content\\\/uploads\\\/2025\\\/06\\\/4715723371.jpg\",\"datePublished\":\"2025-06-04T18:44:31+00:00\",\"dateModified\":\"2026-03-29T15:34:15+00:00\",\"description\":\"Shop Pok\u00e9mon - Karmesin &amp; Purpur - Battle Partners - Deck Build Box - JPN online at great prices now! Your #1 TCG & Pok\u00e9mon card shop in Switzerland \u2713 Free shipping from CHF 29\",\"breadcrumb\":{\"@id\":\"https:\\\/\\\/theuncommonshop.ch\\\/en\\\/product\\\/pokemon-karmesin-und-purpur-battle-partners-deck-build-box-jpn-3__trashed\\\/#breadcrumb\"},\"inLanguage\":\"en-US\",\"potentialAction\":[{\"@type\":\"ReadAction\",\"target\":[\"https:\\\/\\\/theuncommonshop.ch\\\/en\\\/product\\\/pokemon-karmesin-und-purpur-battle-partners-deck-build-box-jpn-3__trashed\\\/\"]}]},{\"@type\":\"ImageObject\",\"inLanguage\":\"en-US\",\"@id\":\"https:\\\/\\\/theuncommonshop.ch\\\/en\\\/product\\\/pokemon-karmesin-und-purpur-battle-partners-deck-build-box-jpn-3__trashed\\\/#primaryimage\",\"url\":\"https:\\\/\\\/theuncommonshop.ch\\\/wp-content\\\/uploads\\\/2025\\\/06\\\/4715723371.jpg\",\"contentUrl\":\"https:\\\/\\\/theuncommonshop.ch\\\/wp-content\\\/uploads\\\/2025\\\/06\\\/4715723371.jpg\",\"width\":751,\"height\":387},{\"@type\":\"BreadcrumbList\",\"@id\":\"https:\\\/\\\/theuncommonshop.ch\\\/en\\\/product\\\/pokemon-karmesin-und-purpur-battle-partners-deck-build-box-jpn-3__trashed\\\/#breadcrumb\",\"itemListElement\":[{\"@type\":\"ListItem\",\"position\":1,\"name\":\"Home\",\"item\":\"https:\\\/\\\/theuncommonshop.ch\\\/en\\\/home\\\/\"},{\"@type\":\"ListItem\",\"position\":2,\"name\":\"Store\",\"item\":\"https:\\\/\\\/theuncommonshop.ch\\\/en\\\/store\\\/\"},{\"@type\":\"ListItem\",\"position\":3,\"name\":\"Pok\u00e9mon\",\"item\":\"https:\\\/\\\/theuncommonshop.ch\\\/en\\\/product-category\\\/pokemon-en\\\/\"},{\"@type\":\"ListItem\",\"position\":4,\"name\":\"Boxes & Collections\",\"item\":\"https:\\\/\\\/theuncommonshop.ch\\\/en\\\/product-category\\\/pokemon-en\\\/boxes-and-collections-pokemon\\\/\"},{\"@type\":\"ListItem\",\"position\":5,\"name\":\"Pok\u00e9mon &#8211; Karmesin &amp; Purpur &#8211; Battle Partners &#8211; Deck Build Box &#8211; JPN\"}]},{\"@type\":\"WebSite\",\"@id\":\"https:\\\/\\\/theuncommonshop.ch\\\/en\\\/#website\",\"url\":\"https:\\\/\\\/theuncommonshop.ch\\\/en\\\/\",\"name\":\"Largest trading card shop in Switzerland\",\"description\":\"Magic, Pok\u00e9mon and Yu-gi-oh - The Uncommon Shop\",\"potentialAction\":[{\"@type\":\"SearchAction\",\"target\":{\"@type\":\"EntryPoint\",\"urlTemplate\":\"https:\\\/\\\/theuncommonshop.ch\\\/en\\\/?s={search_term_string}\"},\"query-input\":{\"@type\":\"PropertyValueSpecification\",\"valueRequired\":true,\"valueName\":\"search_term_string\"}}],\"inLanguage\":\"en-US\"}]}<\/script>\n<meta property=\"og:availability\" content=\"instock\" \/>\n<meta property=\"product:availability\" content=\"instock\" \/>\n<meta property=\"product:retailer_item_id\" content=\"32267\" \/>\n<meta property=\"product:condition\" content=\"new\" \/>\n<!-- \/ Yoast SEO plugin. -->","yoast_head_json":{"title":"Buy Pok\u00e9mon - Karmesin &amp; Purpur - Battle Partners - Deck Build Box - JPN","description":"Shop Pok\u00e9mon - Karmesin &amp; Purpur - Battle Partners - Deck Build Box - JPN online at great prices now! Your #1 TCG & Pok\u00e9mon card shop in Switzerland \u2713 Free shipping from CHF 29","robots":{"index":"index","follow":"follow","max-snippet":"max-snippet:-1","max-image-preview":"max-image-preview:large","max-video-preview":"max-video-preview:-1"},"canonical":"https:\/\/theuncommonshop.ch\/en\/product\/pokemon-karmesin-und-purpur-battle-partners-deck-build-box-jpn-3__trashed\/","og_locale":"en_US","og_type":"article","og_title":"Buy Pok\u00e9mon - Karmesin &amp; Purpur - Battle Partners - Deck Build Box - JPN","og_description":"Shop Pok\u00e9mon - Karmesin &amp; Purpur - Battle Partners - Deck Build Box - JPN online at great prices now! Your #1 TCG & Pok\u00e9mon card shop in Switzerland \u2713 Free shipping from CHF 29","og_url":"https:\/\/theuncommonshop.ch\/en\/product\/pokemon-karmesin-und-purpur-battle-partners-deck-build-box-jpn-3__trashed\/","og_site_name":"Largest trading card shop in Switzerland","article_modified_time":"2026-03-29T15:34:15+00:00","og_image":[{"width":751,"height":387,"url":"https:\/\/theuncommonshop.ch\/wp-content\/uploads\/2025\/06\/4715723371.jpg","type":"image\/jpeg"}],"twitter_card":"summary_large_image","twitter_misc":{"Availability":"In stock"},"schema":{"@context":"https:\/\/schema.org","@graph":[{"@type":"WebPage","@id":"https:\/\/theuncommonshop.ch\/en\/product\/pokemon-karmesin-und-purpur-battle-partners-deck-build-box-jpn-3__trashed\/","url":"https:\/\/theuncommonshop.ch\/en\/product\/pokemon-karmesin-und-purpur-battle-partners-deck-build-box-jpn-3__trashed\/","name":"Buy Pok\u00e9mon - Karmesin &amp; Purpur - Battle Partners - Deck Build Box - JPN","isPartOf":{"@id":"https:\/\/theuncommonshop.ch\/en\/#website"},"primaryImageOfPage":{"@id":"https:\/\/theuncommonshop.ch\/en\/product\/pokemon-karmesin-und-purpur-battle-partners-deck-build-box-jpn-3__trashed\/#primaryimage"},"image":{"@id":"https:\/\/theuncommonshop.ch\/en\/product\/pokemon-karmesin-und-purpur-battle-partners-deck-build-box-jpn-3__trashed\/#primaryimage"},"thumbnailUrl":"https:\/\/theuncommonshop.ch\/wp-content\/uploads\/2025\/06\/4715723371.jpg","datePublished":"2025-06-04T18:44:31+00:00","dateModified":"2026-03-29T15:34:15+00:00","description":"Shop Pok\u00e9mon - Karmesin &amp; Purpur - Battle Partners - Deck Build Box - JPN online at great prices now! Your #1 TCG & Pok\u00e9mon card shop in Switzerland \u2713 Free shipping from CHF 29","breadcrumb":{"@id":"https:\/\/theuncommonshop.ch\/en\/product\/pokemon-karmesin-und-purpur-battle-partners-deck-build-box-jpn-3__trashed\/#breadcrumb"},"inLanguage":"en-US","potentialAction":[{"@type":"ReadAction","target":["https:\/\/theuncommonshop.ch\/en\/product\/pokemon-karmesin-und-purpur-battle-partners-deck-build-box-jpn-3__trashed\/"]}]},{"@type":"ImageObject","inLanguage":"en-US","@id":"https:\/\/theuncommonshop.ch\/en\/product\/pokemon-karmesin-und-purpur-battle-partners-deck-build-box-jpn-3__trashed\/#primaryimage","url":"https:\/\/theuncommonshop.ch\/wp-content\/uploads\/2025\/06\/4715723371.jpg","contentUrl":"https:\/\/theuncommonshop.ch\/wp-content\/uploads\/2025\/06\/4715723371.jpg","width":751,"height":387},{"@type":"BreadcrumbList","@id":"https:\/\/theuncommonshop.ch\/en\/product\/pokemon-karmesin-und-purpur-battle-partners-deck-build-box-jpn-3__trashed\/#breadcrumb","itemListElement":[{"@type":"ListItem","position":1,"name":"Home","item":"https:\/\/theuncommonshop.ch\/en\/home\/"},{"@type":"ListItem","position":2,"name":"Store","item":"https:\/\/theuncommonshop.ch\/en\/store\/"},{"@type":"ListItem","position":3,"name":"Pok\u00e9mon","item":"https:\/\/theuncommonshop.ch\/en\/product-category\/pokemon-en\/"},{"@type":"ListItem","position":4,"name":"Boxes & Collections","item":"https:\/\/theuncommonshop.ch\/en\/product-category\/pokemon-en\/boxes-and-collections-pokemon\/"},{"@type":"ListItem","position":5,"name":"Pok\u00e9mon &#8211; Karmesin &amp; Purpur &#8211; Battle Partners &#8211; Deck Build Box &#8211; JPN"}]},{"@type":"WebSite","@id":"https:\/\/theuncommonshop.ch\/en\/#website","url":"https:\/\/theuncommonshop.ch\/en\/","name":"Largest trading card shop in Switzerland","description":"Magic, Pok\u00e9mon and Yu-gi-oh - The Uncommon Shop","potentialAction":[{"@type":"SearchAction","target":{"@type":"EntryPoint","urlTemplate":"https:\/\/theuncommonshop.ch\/en\/?s={search_term_string}"},"query-input":{"@type":"PropertyValueSpecification","valueRequired":true,"valueName":"search_term_string"}}],"inLanguage":"en-US"}]},"og_availability":"instock","product_availability":"instock","product_retailer_item_id":"32267","product_condition":"new"},"_links":{"self":[{"href":"https:\/\/theuncommonshop.ch\/en\/wp-json\/wp\/v2\/product\/323299","targetHints":{"allow":["GET"]}}],"collection":[{"href":"https:\/\/theuncommonshop.ch\/en\/wp-json\/wp\/v2\/product"}],"about":[{"href":"https:\/\/theuncommonshop.ch\/en\/wp-json\/wp\/v2\/types\/product"}],"replies":[{"embeddable":true,"href":"https:\/\/theuncommonshop.ch\/en\/wp-json\/wp\/v2\/comments?post=323299"}],"version-history":[{"count":2,"href":"https:\/\/theuncommonshop.ch\/en\/wp-json\/wp\/v2\/product\/323299\/revisions"}],"predecessor-version":[{"id":360567,"href":"https:\/\/theuncommonshop.ch\/en\/wp-json\/wp\/v2\/product\/323299\/revisions\/360567"}],"wp:featuredmedia":[{"embeddable":true,"href":"https:\/\/theuncommonshop.ch\/en\/wp-json\/wp\/v2\/media\/120321"}],"wp:attachment":[{"href":"https:\/\/theuncommonshop.ch\/en\/wp-json\/wp\/v2\/media?parent=323299"}],"wp:term":[{"taxonomy":"product_brand","embeddable":true,"href":"https:\/\/theuncommonshop.ch\/en\/wp-json\/wp\/v2\/product_brand?post=323299"},{"taxonomy":"product_cat","embeddable":true,"href":"https:\/\/theuncommonshop.ch\/en\/wp-json\/wp\/v2\/product_cat?post=323299"},{"taxonomy":"product_tag","embeddable":true,"href":"https:\/\/theuncommonshop.ch\/en\/wp-json\/wp\/v2\/product_tag?post=323299"}],"curies":[{"name":"wp","href":"https:\/\/api.w.org\/{rel}","templated":true}]}}