{"id":322949,"date":"2025-06-04T17:00:50","date_gmt":"2025-06-04T15:00:50","guid":{"rendered":"http:\/\/theuncommonshop.ch\/produkt\/322949\/"},"modified":"2026-04-21T12:05:50","modified_gmt":"2026-04-21T10:05:50","slug":"protecc-acryl-case-pokemon-elite-trainer-box-2","status":"publish","type":"product","link":"https:\/\/theuncommonshop.ch\/en\/product\/protecc-acryl-case-pokemon-elite-trainer-box-2\/","title":{"rendered":"Protecc &#8211; Acryl Case &#8211; Pok\u00e9mon Elite Trainer Box"},"content":{"rendered":"<p>Discover the perfect combination of stylish presentation and protection for your valuable Pok\u00e9mon Elite Trainer Boxes with the high-quality magnetic, crystal-clear Acryl Case from Protecc. Thanks to the strong magnets, attaching the case is effortless and secure, while your collection shines in all its glory. <\/p>\n<p>No hassle with screws &#8211; Protecc makes it easy to display and protect your collection in all its glory.<\/p>\n<p>Strong magnet system for easy mounting and dust protection:<\/p>\n<p>Instead of screws, we use extremely strong magnets so that you can close the case effortlessly and without tools. This ensures reliable dust protection for your collection. <\/p>\n<p>Crystal-clear transparency for perfect presentation:<\/p>\n<p>The case is made of high-quality, crystal-clear acrylic that offers a flawless, transparent view of your Pok\u00e9mon Elite Trainer Boxes. This allows your treasures to shine in all their glory. <\/p>\n<p>Long-term value retention thanks to high-quality material:<\/p>\n<p>Made from high-quality, crystal-clear acrylic, the Protecc Case retains its quality even after long periods of time. Your collector&#8217;s items therefore remain fresh and as good as new, which preserves and increases the value of your collection over time. <\/p>\n<p>Precisely fitting shape for optimum protection:<\/p>\n<p>The case is precisely tailored to Pok\u00e9mon Elite Trainer Boxes and offers customized protection for your collectibles. Effortless insertion and removal of items <\/p>\n<p>UV protection for long-lasting quality:<\/p>\n<p>Our case has built-in UV protection that protects your collectibles from fading, so the colors and details stay fresh for years to come.<\/p>\n<p>Stylish design for aesthetic presentation:<\/p>\n<p>The simple and elegant design of the Acryl Case emphasizes the visual presentation of your beautiful collection without disturbing the aesthetics.<\/p>\n","protected":false},"excerpt":{"rendered":"<p>Discover the perfect combination of stylish presentation and protection for your valuable Pok\u00e9mon Elite Trainer Boxes with the high-quality magnetic,<\/p>\n","protected":false},"featured_media":368675,"comment_status":"open","ping_status":"closed","template":"","meta":{"_acf_changed":false},"product_brand":[],"product_cat":[10266,9880,9866,9858],"product_tag":[],"class_list":{"0":"post-322949","1":"product","2":"type-product","3":"status-publish","4":"has-post-thumbnail","6":"product_cat-card-protection-en","7":"product_cat-protecc-en","8":"product_cat-storage","9":"product_cat-tcg-accessories","11":"first","12":"instock","13":"taxable","14":"shipping-taxable","15":"purchasable","16":"product-type-simple"},"acf":[],"yoast_head":"<!-- This site is optimized with the Yoast SEO plugin v27.4 - https:\/\/yoast.com\/product\/yoast-seo-wordpress\/ -->\n<title>Buy Protecc - Acryl Case - Pok\u00e9mon Elite Trainer Box<\/title>\n<meta name=\"description\" content=\"Shop Protecc - Acryl Case - Pok\u00e9mon Elite Trainer Box online at great prices now! Your #1 TCG &amp; Pok\u00e9mon card shop in Switzerland \u2713 Free shipping from CHF 29\" \/>\n<meta name=\"robots\" content=\"index, follow, max-snippet:-1, max-image-preview:large, max-video-preview:-1\" \/>\n<link rel=\"canonical\" href=\"https:\/\/theuncommonshop.ch\/en\/product\/protecc-acryl-case-pokemon-elite-trainer-box-2\/\" \/>\n<meta property=\"og:locale\" content=\"en_US\" \/>\n<meta property=\"og:type\" content=\"article\" \/>\n<meta property=\"og:title\" content=\"Buy Protecc - Acryl Case - Pok\u00e9mon Elite Trainer Box\" \/>\n<meta property=\"og:description\" content=\"Shop Protecc - Acryl Case - Pok\u00e9mon Elite Trainer Box online at great prices now! Your #1 TCG &amp; Pok\u00e9mon card shop in Switzerland \u2713 Free shipping from CHF 29\" \/>\n<meta property=\"og:url\" content=\"https:\/\/theuncommonshop.ch\/en\/product\/protecc-acryl-case-pokemon-elite-trainer-box-2\/\" \/>\n<meta property=\"og:site_name\" content=\"Largest trading card shop in Switzerland\" \/>\n<meta property=\"article:modified_time\" content=\"2026-04-21T10:05:50+00:00\" \/>\n<meta property=\"og:image\" content=\"https:\/\/theuncommonshop.ch\/wp-content\/uploads\/2025\/06\/Design-ohne-Titel-8.jpg\" \/>\n\t<meta property=\"og:image:width\" content=\"1500\" \/>\n\t<meta property=\"og:image:height\" content=\"1500\" \/>\n\t<meta property=\"og:image:type\" content=\"image\/jpeg\" \/>\n<meta name=\"twitter:card\" content=\"summary_large_image\" \/>\n<meta name=\"twitter:label1\" content=\"Price\" \/>\n\t<meta name=\"twitter:data1\" content=\"&#067;&#072;&#070;&nbsp;37.95\" \/>\n\t<meta name=\"twitter:label2\" content=\"Availability\" \/>\n\t<meta name=\"twitter:data2\" content=\"In stock\" \/>\n<script type=\"application\/ld+json\" class=\"yoast-schema-graph\">{\"@context\":\"https:\\\/\\\/schema.org\",\"@graph\":[{\"@type\":\"WebPage\",\"@id\":\"https:\\\/\\\/theuncommonshop.ch\\\/en\\\/product\\\/protecc-acryl-case-pokemon-elite-trainer-box-2\\\/\",\"url\":\"https:\\\/\\\/theuncommonshop.ch\\\/en\\\/product\\\/protecc-acryl-case-pokemon-elite-trainer-box-2\\\/\",\"name\":\"Buy Protecc - Acryl Case - Pok\u00e9mon Elite Trainer Box\",\"isPartOf\":{\"@id\":\"https:\\\/\\\/theuncommonshop.ch\\\/#website\"},\"primaryImageOfPage\":{\"@id\":\"https:\\\/\\\/theuncommonshop.ch\\\/en\\\/product\\\/protecc-acryl-case-pokemon-elite-trainer-box-2\\\/#primaryimage\"},\"image\":{\"@id\":\"https:\\\/\\\/theuncommonshop.ch\\\/en\\\/product\\\/protecc-acryl-case-pokemon-elite-trainer-box-2\\\/#primaryimage\"},\"thumbnailUrl\":\"https:\\\/\\\/theuncommonshop.ch\\\/wp-content\\\/uploads\\\/2025\\\/06\\\/Design-ohne-Titel-8.jpg\",\"datePublished\":\"2025-06-04T15:00:50+00:00\",\"dateModified\":\"2026-04-21T10:05:50+00:00\",\"description\":\"Shop Protecc - Acryl Case - Pok\u00e9mon Elite Trainer Box online at great prices now! Your #1 TCG & Pok\u00e9mon card shop in Switzerland \u2713 Free shipping from CHF 29\",\"breadcrumb\":{\"@id\":\"https:\\\/\\\/theuncommonshop.ch\\\/en\\\/product\\\/protecc-acryl-case-pokemon-elite-trainer-box-2\\\/#breadcrumb\"},\"inLanguage\":\"en-US\",\"potentialAction\":[{\"@type\":\"ReadAction\",\"target\":[\"https:\\\/\\\/theuncommonshop.ch\\\/en\\\/product\\\/protecc-acryl-case-pokemon-elite-trainer-box-2\\\/\"]}]},{\"@type\":\"ImageObject\",\"inLanguage\":\"en-US\",\"@id\":\"https:\\\/\\\/theuncommonshop.ch\\\/en\\\/product\\\/protecc-acryl-case-pokemon-elite-trainer-box-2\\\/#primaryimage\",\"url\":\"https:\\\/\\\/theuncommonshop.ch\\\/wp-content\\\/uploads\\\/2025\\\/06\\\/Design-ohne-Titel-8.jpg\",\"contentUrl\":\"https:\\\/\\\/theuncommonshop.ch\\\/wp-content\\\/uploads\\\/2025\\\/06\\\/Design-ohne-Titel-8.jpg\",\"width\":1500,\"height\":1500,\"caption\":\"Pokemon ETB Acryl Protecc\"},{\"@type\":\"BreadcrumbList\",\"@id\":\"https:\\\/\\\/theuncommonshop.ch\\\/en\\\/product\\\/protecc-acryl-case-pokemon-elite-trainer-box-2\\\/#breadcrumb\",\"itemListElement\":[{\"@type\":\"ListItem\",\"position\":1,\"name\":\"Home\",\"item\":\"https:\\\/\\\/theuncommonshop.ch\\\/en\\\/home\\\/\"},{\"@type\":\"ListItem\",\"position\":2,\"name\":\"Store\",\"item\":\"https:\\\/\\\/theuncommonshop.ch\\\/en\\\/store\\\/\"},{\"@type\":\"ListItem\",\"position\":3,\"name\":\"TCG Accessories\",\"item\":\"https:\\\/\\\/theuncommonshop.ch\\\/en\\\/product-category\\\/tcg-accessories\\\/\"},{\"@type\":\"ListItem\",\"position\":4,\"name\":\"Storage\",\"item\":\"https:\\\/\\\/theuncommonshop.ch\\\/en\\\/product-category\\\/tcg-accessories\\\/storage\\\/\"},{\"@type\":\"ListItem\",\"position\":5,\"name\":\"Protecc\",\"item\":\"https:\\\/\\\/theuncommonshop.ch\\\/en\\\/product-category\\\/tcg-accessories\\\/storage\\\/protecc-en\\\/\"},{\"@type\":\"ListItem\",\"position\":6,\"name\":\"Protecc &#8211; Acryl Case &#8211; Pok\u00e9mon Elite Trainer Box\"}]},{\"@type\":\"WebSite\",\"@id\":\"https:\\\/\\\/theuncommonshop.ch\\\/#website\",\"url\":\"https:\\\/\\\/theuncommonshop.ch\\\/\",\"name\":\"Largest trading card shop in Switzerland\",\"description\":\"Magic, Pok\u00e9mon and Yu-gi-oh - The Uncommon Shop\",\"potentialAction\":[{\"@type\":\"SearchAction\",\"target\":{\"@type\":\"EntryPoint\",\"urlTemplate\":\"https:\\\/\\\/theuncommonshop.ch\\\/?s={search_term_string}\"},\"query-input\":{\"@type\":\"PropertyValueSpecification\",\"valueRequired\":true,\"valueName\":\"search_term_string\"}}],\"inLanguage\":\"en-US\"}]}<\/script>\n<meta property=\"product:price:amount\" content=\"37.95\" \/>\n<meta property=\"product:price:currency\" content=\"CHF\" \/>\n<meta property=\"og:availability\" content=\"instock\" \/>\n<meta property=\"product:availability\" content=\"instock\" \/>\n<meta property=\"product:retailer_item_id\" content=\"OP.II.A.ProteccAcrylCasePokemonEliteTrainerBox\" \/>\n<meta property=\"product:condition\" content=\"new\" \/>\n<!-- \/ Yoast SEO plugin. -->","yoast_head_json":{"title":"Buy Protecc - Acryl Case - Pok\u00e9mon Elite Trainer Box","description":"Shop Protecc - Acryl Case - Pok\u00e9mon Elite Trainer Box online at great prices now! Your #1 TCG & Pok\u00e9mon card shop in Switzerland \u2713 Free shipping from CHF 29","robots":{"index":"index","follow":"follow","max-snippet":"max-snippet:-1","max-image-preview":"max-image-preview:large","max-video-preview":"max-video-preview:-1"},"canonical":"https:\/\/theuncommonshop.ch\/en\/product\/protecc-acryl-case-pokemon-elite-trainer-box-2\/","og_locale":"en_US","og_type":"article","og_title":"Buy Protecc - Acryl Case - Pok\u00e9mon Elite Trainer Box","og_description":"Shop Protecc - Acryl Case - Pok\u00e9mon Elite Trainer Box online at great prices now! Your #1 TCG & Pok\u00e9mon card shop in Switzerland \u2713 Free shipping from CHF 29","og_url":"https:\/\/theuncommonshop.ch\/en\/product\/protecc-acryl-case-pokemon-elite-trainer-box-2\/","og_site_name":"Largest trading card shop in Switzerland","article_modified_time":"2026-04-21T10:05:50+00:00","og_image":[{"width":1500,"height":1500,"url":"https:\/\/theuncommonshop.ch\/wp-content\/uploads\/2025\/06\/Design-ohne-Titel-8.jpg","type":"image\/jpeg"}],"twitter_card":"summary_large_image","twitter_misc":{"Price":"&#67;&#72;&#70;&nbsp;37.95","Availability":"In stock"},"schema":{"@context":"https:\/\/schema.org","@graph":[{"@type":"WebPage","@id":"https:\/\/theuncommonshop.ch\/en\/product\/protecc-acryl-case-pokemon-elite-trainer-box-2\/","url":"https:\/\/theuncommonshop.ch\/en\/product\/protecc-acryl-case-pokemon-elite-trainer-box-2\/","name":"Buy Protecc - Acryl Case - Pok\u00e9mon Elite Trainer Box","isPartOf":{"@id":"https:\/\/theuncommonshop.ch\/#website"},"primaryImageOfPage":{"@id":"https:\/\/theuncommonshop.ch\/en\/product\/protecc-acryl-case-pokemon-elite-trainer-box-2\/#primaryimage"},"image":{"@id":"https:\/\/theuncommonshop.ch\/en\/product\/protecc-acryl-case-pokemon-elite-trainer-box-2\/#primaryimage"},"thumbnailUrl":"https:\/\/theuncommonshop.ch\/wp-content\/uploads\/2025\/06\/Design-ohne-Titel-8.jpg","datePublished":"2025-06-04T15:00:50+00:00","dateModified":"2026-04-21T10:05:50+00:00","description":"Shop Protecc - Acryl Case - Pok\u00e9mon Elite Trainer Box online at great prices now! Your #1 TCG & Pok\u00e9mon card shop in Switzerland \u2713 Free shipping from CHF 29","breadcrumb":{"@id":"https:\/\/theuncommonshop.ch\/en\/product\/protecc-acryl-case-pokemon-elite-trainer-box-2\/#breadcrumb"},"inLanguage":"en-US","potentialAction":[{"@type":"ReadAction","target":["https:\/\/theuncommonshop.ch\/en\/product\/protecc-acryl-case-pokemon-elite-trainer-box-2\/"]}]},{"@type":"ImageObject","inLanguage":"en-US","@id":"https:\/\/theuncommonshop.ch\/en\/product\/protecc-acryl-case-pokemon-elite-trainer-box-2\/#primaryimage","url":"https:\/\/theuncommonshop.ch\/wp-content\/uploads\/2025\/06\/Design-ohne-Titel-8.jpg","contentUrl":"https:\/\/theuncommonshop.ch\/wp-content\/uploads\/2025\/06\/Design-ohne-Titel-8.jpg","width":1500,"height":1500,"caption":"Pokemon ETB Acryl Protecc"},{"@type":"BreadcrumbList","@id":"https:\/\/theuncommonshop.ch\/en\/product\/protecc-acryl-case-pokemon-elite-trainer-box-2\/#breadcrumb","itemListElement":[{"@type":"ListItem","position":1,"name":"Home","item":"https:\/\/theuncommonshop.ch\/en\/home\/"},{"@type":"ListItem","position":2,"name":"Store","item":"https:\/\/theuncommonshop.ch\/en\/store\/"},{"@type":"ListItem","position":3,"name":"TCG Accessories","item":"https:\/\/theuncommonshop.ch\/en\/product-category\/tcg-accessories\/"},{"@type":"ListItem","position":4,"name":"Storage","item":"https:\/\/theuncommonshop.ch\/en\/product-category\/tcg-accessories\/storage\/"},{"@type":"ListItem","position":5,"name":"Protecc","item":"https:\/\/theuncommonshop.ch\/en\/product-category\/tcg-accessories\/storage\/protecc-en\/"},{"@type":"ListItem","position":6,"name":"Protecc &#8211; Acryl Case &#8211; Pok\u00e9mon Elite Trainer Box"}]},{"@type":"WebSite","@id":"https:\/\/theuncommonshop.ch\/#website","url":"https:\/\/theuncommonshop.ch\/","name":"Largest trading card shop in Switzerland","description":"Magic, Pok\u00e9mon and Yu-gi-oh - The Uncommon Shop","potentialAction":[{"@type":"SearchAction","target":{"@type":"EntryPoint","urlTemplate":"https:\/\/theuncommonshop.ch\/?s={search_term_string}"},"query-input":{"@type":"PropertyValueSpecification","valueRequired":true,"valueName":"search_term_string"}}],"inLanguage":"en-US"}]},"product_price_amount":"37.95","product_price_currency":"CHF","og_availability":"instock","product_availability":"instock","product_retailer_item_id":"OP.II.A.ProteccAcrylCasePokemonEliteTrainerBox","product_condition":"new"},"_links":{"self":[{"href":"https:\/\/theuncommonshop.ch\/en\/wp-json\/wp\/v2\/product\/322949","targetHints":{"allow":["GET"]}}],"collection":[{"href":"https:\/\/theuncommonshop.ch\/en\/wp-json\/wp\/v2\/product"}],"about":[{"href":"https:\/\/theuncommonshop.ch\/en\/wp-json\/wp\/v2\/types\/product"}],"replies":[{"embeddable":true,"href":"https:\/\/theuncommonshop.ch\/en\/wp-json\/wp\/v2\/comments?post=322949"}],"version-history":[{"count":1,"href":"https:\/\/theuncommonshop.ch\/en\/wp-json\/wp\/v2\/product\/322949\/revisions"}],"predecessor-version":[{"id":322950,"href":"https:\/\/theuncommonshop.ch\/en\/wp-json\/wp\/v2\/product\/322949\/revisions\/322950"}],"wp:featuredmedia":[{"embeddable":true,"href":"https:\/\/theuncommonshop.ch\/en\/wp-json\/wp\/v2\/media\/368675"}],"wp:attachment":[{"href":"https:\/\/theuncommonshop.ch\/en\/wp-json\/wp\/v2\/media?parent=322949"}],"wp:term":[{"taxonomy":"product_brand","embeddable":true,"href":"https:\/\/theuncommonshop.ch\/en\/wp-json\/wp\/v2\/product_brand?post=322949"},{"taxonomy":"product_cat","embeddable":true,"href":"https:\/\/theuncommonshop.ch\/en\/wp-json\/wp\/v2\/product_cat?post=322949"},{"taxonomy":"product_tag","embeddable":true,"href":"https:\/\/theuncommonshop.ch\/en\/wp-json\/wp\/v2\/product_tag?post=322949"}],"curies":[{"name":"wp","href":"https:\/\/api.w.org\/{rel}","templated":true}]}}