{"id":322679,"date":"2025-06-04T18:28:11","date_gmt":"2025-06-04T18:28:11","guid":{"rendered":"http:\/\/theuncommonshop.ch\/produkt\/322679\/"},"modified":"2026-03-29T11:04:11","modified_gmt":"2026-03-29T09:04:11","slug":"pokemon-karmesin-und-purpur-zenit-der-koenige-sea-sky-premium-kollektion-3","status":"publish","type":"product","link":"https:\/\/theuncommonshop.ch\/en\/product\/pokemon-karmesin-und-purpur-zenit-der-koenige-sea-sky-premium-kollektion-3\/","title":{"rendered":"Pok\u00e9mon &#8211; Karmesin &amp; Purpur: Zenit der K\u00f6nige &#8211; Sea &amp; Sky Premium Kollektion"},"content":{"rendered":"<p>Pok\u00e9mon TCG: Crown Zenith Premium Collection-Sea &amp; Sky<\/p>\n<div>Introduction: September 01, 2024<\/div>\n<div>Two legends from the Hoenn region team up with many all-stars from Galar, Hisui, and beyond! Channel the powers of the sea and sky and expand your Pok\u00e9mon TCG collection with dozens of cards. In this box, you&#8217;ll find ready-to-play Foil cards featuring Rayquaza V, Kyogre V, Rayquaza, and Kyogre, plus an oversized Foil version of Rayquaza V to display. To top it all off, a stack of 14 Booster Packs from the Pok\u00e9mon TCG: Crown Zenith expansion ensures you&#8217;ll have plenty of options to create your next awesome deck.   <\/div>\n<div><\/div>\n<div>The Pok\u00e9mon TCG: Crown Zenith Premium Collection-Sea &amp; Sky contains:<\/div>\n<div><\/div>\n<ul>\n<li>4 Foil cards with Rayquaza V, Kyogre V, Rayquaza and Kyogre<\/li>\n<li>1 oversized Foil card with Rayquaza V<\/li>\n<li>14 Pok\u00e9mon TCG: Zenit der K\u00f6nige Booster Packs<\/li>\n<li>A code card<\/li>\n<\/ul>\n","protected":false},"excerpt":{"rendered":"<p>Pok\u00e9mon TCG: Crown Zenith Premium Collection-Sea &amp; Sky Introduction: September 01, 2024 Two legends from the Hoenn region team up<\/p>\n","protected":false},"featured_media":119890,"comment_status":"open","ping_status":"closed","template":"","meta":{"_acf_changed":false},"product_brand":[5115,5073],"product_cat":[9810,9776,10142],"product_tag":[],"class_list":{"0":"post-322679","1":"product","2":"type-product","3":"status-publish","4":"has-post-thumbnail","6":"product_brand-pokemon","7":"product_brand-the-pokemon-company","8":"product_cat-boxes-and-collections-pokemon","9":"product_cat-pokemon-en","10":"product_cat-swsh125-crown-zenith","12":"first","13":"instock","14":"taxable","15":"shipping-taxable","16":"purchasable","17":"product-type-variable"},"acf":[],"yoast_head":"<!-- This site is optimized with the Yoast SEO plugin v27.4 - https:\/\/yoast.com\/product\/yoast-seo-wordpress\/ -->\n<title>Buy Pok\u00e9mon - Karmesin &amp; Purpur: Zenit der K\u00f6nige - Sea &amp; Sky Premium Kollektion<\/title>\n<meta name=\"description\" content=\"Shop Pok\u00e9mon - Karmesin &amp; Purpur: Zenit der K\u00f6nige - Sea &amp; Sky Premium Kollektion online at great prices now! Your #1 TCG &amp; Pok\u00e9mon card shop in Switzerland \u2713 Free shipping from CHF 29\" \/>\n<meta name=\"robots\" content=\"index, follow, max-snippet:-1, max-image-preview:large, max-video-preview:-1\" \/>\n<link rel=\"canonical\" href=\"https:\/\/theuncommonshop.ch\/en\/product\/pokemon-karmesin-und-purpur-zenit-der-koenige-sea-sky-premium-kollektion-3\/\" \/>\n<meta property=\"og:locale\" content=\"en_US\" \/>\n<meta property=\"og:type\" content=\"article\" \/>\n<meta property=\"og:title\" content=\"Buy Pok\u00e9mon - Karmesin &amp; Purpur: Zenit der K\u00f6nige - Sea &amp; Sky Premium Kollektion\" \/>\n<meta property=\"og:description\" content=\"Shop Pok\u00e9mon - Karmesin &amp; Purpur: Zenit der K\u00f6nige - Sea &amp; Sky Premium Kollektion online at great prices now! Your #1 TCG &amp; Pok\u00e9mon card shop in Switzerland \u2713 Free shipping from CHF 29\" \/>\n<meta property=\"og:url\" content=\"https:\/\/theuncommonshop.ch\/en\/product\/pokemon-karmesin-und-purpur-zenit-der-koenige-sea-sky-premium-kollektion-3\/\" \/>\n<meta property=\"og:site_name\" content=\"The Uncommon Shop\" \/>\n<meta property=\"article:modified_time\" content=\"2026-03-29T09:04:11+00:00\" \/>\n<meta property=\"og:image\" content=\"https:\/\/theuncommonshop.ch\/wp-content\/uploads\/2025\/06\/4688069623.jpg\" \/>\n\t<meta property=\"og:image:width\" content=\"1500\" \/>\n\t<meta property=\"og:image:height\" content=\"790\" \/>\n\t<meta property=\"og:image:type\" content=\"image\/jpeg\" \/>\n<meta name=\"twitter:card\" content=\"summary_large_image\" \/>\n<meta name=\"twitter:label1\" content=\"Availability\" \/>\n\t<meta name=\"twitter:data1\" content=\"In stock\" \/>\n<script type=\"application\/ld+json\" class=\"yoast-schema-graph\">{\"@context\":\"https:\\\/\\\/schema.org\",\"@graph\":[{\"@type\":\"WebPage\",\"@id\":\"https:\\\/\\\/theuncommonshop.ch\\\/en\\\/product\\\/pokemon-karmesin-und-purpur-zenit-der-koenige-sea-sky-premium-kollektion-3\\\/\",\"url\":\"https:\\\/\\\/theuncommonshop.ch\\\/en\\\/product\\\/pokemon-karmesin-und-purpur-zenit-der-koenige-sea-sky-premium-kollektion-3\\\/\",\"name\":\"Buy Pok\u00e9mon - Karmesin &amp; Purpur: Zenit der K\u00f6nige - Sea &amp; Sky Premium Kollektion\",\"isPartOf\":{\"@id\":\"https:\\\/\\\/theuncommonshop.ch\\\/en\\\/#website\"},\"primaryImageOfPage\":{\"@id\":\"https:\\\/\\\/theuncommonshop.ch\\\/en\\\/product\\\/pokemon-karmesin-und-purpur-zenit-der-koenige-sea-sky-premium-kollektion-3\\\/#primaryimage\"},\"image\":{\"@id\":\"https:\\\/\\\/theuncommonshop.ch\\\/en\\\/product\\\/pokemon-karmesin-und-purpur-zenit-der-koenige-sea-sky-premium-kollektion-3\\\/#primaryimage\"},\"thumbnailUrl\":\"https:\\\/\\\/theuncommonshop.ch\\\/wp-content\\\/uploads\\\/2025\\\/06\\\/4688069623.jpg\",\"datePublished\":\"2025-06-04T18:28:11+00:00\",\"dateModified\":\"2026-03-29T09:04:11+00:00\",\"description\":\"Shop Pok\u00e9mon - Karmesin &amp; Purpur: Zenit der K\u00f6nige - Sea &amp; Sky Premium Kollektion online at great prices now! Your #1 TCG & Pok\u00e9mon card shop in Switzerland \u2713 Free shipping from CHF 29\",\"breadcrumb\":{\"@id\":\"https:\\\/\\\/theuncommonshop.ch\\\/en\\\/product\\\/pokemon-karmesin-und-purpur-zenit-der-koenige-sea-sky-premium-kollektion-3\\\/#breadcrumb\"},\"inLanguage\":\"en-US\",\"potentialAction\":[{\"@type\":\"ReadAction\",\"target\":[\"https:\\\/\\\/theuncommonshop.ch\\\/en\\\/product\\\/pokemon-karmesin-und-purpur-zenit-der-koenige-sea-sky-premium-kollektion-3\\\/\"]}]},{\"@type\":\"ImageObject\",\"inLanguage\":\"en-US\",\"@id\":\"https:\\\/\\\/theuncommonshop.ch\\\/en\\\/product\\\/pokemon-karmesin-und-purpur-zenit-der-koenige-sea-sky-premium-kollektion-3\\\/#primaryimage\",\"url\":\"https:\\\/\\\/theuncommonshop.ch\\\/wp-content\\\/uploads\\\/2025\\\/06\\\/4688069623.jpg\",\"contentUrl\":\"https:\\\/\\\/theuncommonshop.ch\\\/wp-content\\\/uploads\\\/2025\\\/06\\\/4688069623.jpg\",\"width\":1500,\"height\":790},{\"@type\":\"BreadcrumbList\",\"@id\":\"https:\\\/\\\/theuncommonshop.ch\\\/en\\\/product\\\/pokemon-karmesin-und-purpur-zenit-der-koenige-sea-sky-premium-kollektion-3\\\/#breadcrumb\",\"itemListElement\":[{\"@type\":\"ListItem\",\"position\":1,\"name\":\"Home\",\"item\":\"https:\\\/\\\/theuncommonshop.ch\\\/en\\\/home\\\/\"},{\"@type\":\"ListItem\",\"position\":2,\"name\":\"Store\",\"item\":\"https:\\\/\\\/theuncommonshop.ch\\\/en\\\/store\\\/\"},{\"@type\":\"ListItem\",\"position\":3,\"name\":\"Pok\u00e9mon\",\"item\":\"https:\\\/\\\/theuncommonshop.ch\\\/en\\\/product-category\\\/pokemon-en\\\/\"},{\"@type\":\"ListItem\",\"position\":4,\"name\":\"Products by Sets\",\"item\":\"https:\\\/\\\/theuncommonshop.ch\\\/en\\\/product-category\\\/pokemon-en\\\/products-by-sets\\\/\"},{\"@type\":\"ListItem\",\"position\":5,\"name\":\"Sword & Shield\",\"item\":\"https:\\\/\\\/theuncommonshop.ch\\\/en\\\/product-category\\\/pokemon-en\\\/products-by-sets\\\/sword-and-shield\\\/\"},{\"@type\":\"ListItem\",\"position\":6,\"name\":\"SWSH12.5 Crown Zenith\",\"item\":\"https:\\\/\\\/theuncommonshop.ch\\\/en\\\/product-category\\\/pokemon-en\\\/products-by-sets\\\/sword-and-shield\\\/swsh125-crown-zenith\\\/\"},{\"@type\":\"ListItem\",\"position\":7,\"name\":\"Pok\u00e9mon &#8211; Karmesin &amp; Purpur: Zenit der K\u00f6nige &#8211; Sea &amp; Sky Premium Kollektion\"}]},{\"@type\":\"WebSite\",\"@id\":\"https:\\\/\\\/theuncommonshop.ch\\\/en\\\/#website\",\"url\":\"https:\\\/\\\/theuncommonshop.ch\\\/en\\\/\",\"name\":\"The Uncommon Shop\",\"description\":\"Magic, Pok\u00e9mon and Yu-gi-oh - The Uncommon Shop\",\"potentialAction\":[{\"@type\":\"SearchAction\",\"target\":{\"@type\":\"EntryPoint\",\"urlTemplate\":\"https:\\\/\\\/theuncommonshop.ch\\\/en\\\/?s={search_term_string}\"},\"query-input\":{\"@type\":\"PropertyValueSpecification\",\"valueRequired\":true,\"valueName\":\"search_term_string\"}}],\"inLanguage\":\"en-US\"}]}<\/script>\n<meta property=\"og:availability\" content=\"instock\" \/>\n<meta property=\"product:availability\" content=\"instock\" \/>\n<meta property=\"product:retailer_item_id\" content=\"PO.III.D.Sea&amp;skykoll.EN\" \/>\n<meta property=\"product:condition\" content=\"new\" \/>\n<!-- \/ Yoast SEO plugin. -->","yoast_head_json":{"title":"Buy Pok\u00e9mon - Karmesin &amp; Purpur: Zenit der K\u00f6nige - Sea &amp; Sky Premium Kollektion","description":"Shop Pok\u00e9mon - Karmesin &amp; Purpur: Zenit der K\u00f6nige - Sea &amp; Sky Premium Kollektion online at great prices now! Your #1 TCG & Pok\u00e9mon card shop in Switzerland \u2713 Free shipping from CHF 29","robots":{"index":"index","follow":"follow","max-snippet":"max-snippet:-1","max-image-preview":"max-image-preview:large","max-video-preview":"max-video-preview:-1"},"canonical":"https:\/\/theuncommonshop.ch\/en\/product\/pokemon-karmesin-und-purpur-zenit-der-koenige-sea-sky-premium-kollektion-3\/","og_locale":"en_US","og_type":"article","og_title":"Buy Pok\u00e9mon - Karmesin &amp; Purpur: Zenit der K\u00f6nige - Sea &amp; Sky Premium Kollektion","og_description":"Shop Pok\u00e9mon - Karmesin &amp; Purpur: Zenit der K\u00f6nige - Sea &amp; Sky Premium Kollektion online at great prices now! Your #1 TCG & Pok\u00e9mon card shop in Switzerland \u2713 Free shipping from CHF 29","og_url":"https:\/\/theuncommonshop.ch\/en\/product\/pokemon-karmesin-und-purpur-zenit-der-koenige-sea-sky-premium-kollektion-3\/","og_site_name":"The Uncommon Shop","article_modified_time":"2026-03-29T09:04:11+00:00","og_image":[{"width":1500,"height":790,"url":"https:\/\/theuncommonshop.ch\/wp-content\/uploads\/2025\/06\/4688069623.jpg","type":"image\/jpeg"}],"twitter_card":"summary_large_image","twitter_misc":{"Availability":"In stock"},"schema":{"@context":"https:\/\/schema.org","@graph":[{"@type":"WebPage","@id":"https:\/\/theuncommonshop.ch\/en\/product\/pokemon-karmesin-und-purpur-zenit-der-koenige-sea-sky-premium-kollektion-3\/","url":"https:\/\/theuncommonshop.ch\/en\/product\/pokemon-karmesin-und-purpur-zenit-der-koenige-sea-sky-premium-kollektion-3\/","name":"Buy Pok\u00e9mon - Karmesin &amp; Purpur: Zenit der K\u00f6nige - Sea &amp; Sky Premium Kollektion","isPartOf":{"@id":"https:\/\/theuncommonshop.ch\/en\/#website"},"primaryImageOfPage":{"@id":"https:\/\/theuncommonshop.ch\/en\/product\/pokemon-karmesin-und-purpur-zenit-der-koenige-sea-sky-premium-kollektion-3\/#primaryimage"},"image":{"@id":"https:\/\/theuncommonshop.ch\/en\/product\/pokemon-karmesin-und-purpur-zenit-der-koenige-sea-sky-premium-kollektion-3\/#primaryimage"},"thumbnailUrl":"https:\/\/theuncommonshop.ch\/wp-content\/uploads\/2025\/06\/4688069623.jpg","datePublished":"2025-06-04T18:28:11+00:00","dateModified":"2026-03-29T09:04:11+00:00","description":"Shop Pok\u00e9mon - Karmesin &amp; Purpur: Zenit der K\u00f6nige - Sea &amp; Sky Premium Kollektion online at great prices now! Your #1 TCG & Pok\u00e9mon card shop in Switzerland \u2713 Free shipping from CHF 29","breadcrumb":{"@id":"https:\/\/theuncommonshop.ch\/en\/product\/pokemon-karmesin-und-purpur-zenit-der-koenige-sea-sky-premium-kollektion-3\/#breadcrumb"},"inLanguage":"en-US","potentialAction":[{"@type":"ReadAction","target":["https:\/\/theuncommonshop.ch\/en\/product\/pokemon-karmesin-und-purpur-zenit-der-koenige-sea-sky-premium-kollektion-3\/"]}]},{"@type":"ImageObject","inLanguage":"en-US","@id":"https:\/\/theuncommonshop.ch\/en\/product\/pokemon-karmesin-und-purpur-zenit-der-koenige-sea-sky-premium-kollektion-3\/#primaryimage","url":"https:\/\/theuncommonshop.ch\/wp-content\/uploads\/2025\/06\/4688069623.jpg","contentUrl":"https:\/\/theuncommonshop.ch\/wp-content\/uploads\/2025\/06\/4688069623.jpg","width":1500,"height":790},{"@type":"BreadcrumbList","@id":"https:\/\/theuncommonshop.ch\/en\/product\/pokemon-karmesin-und-purpur-zenit-der-koenige-sea-sky-premium-kollektion-3\/#breadcrumb","itemListElement":[{"@type":"ListItem","position":1,"name":"Home","item":"https:\/\/theuncommonshop.ch\/en\/home\/"},{"@type":"ListItem","position":2,"name":"Store","item":"https:\/\/theuncommonshop.ch\/en\/store\/"},{"@type":"ListItem","position":3,"name":"Pok\u00e9mon","item":"https:\/\/theuncommonshop.ch\/en\/product-category\/pokemon-en\/"},{"@type":"ListItem","position":4,"name":"Products by Sets","item":"https:\/\/theuncommonshop.ch\/en\/product-category\/pokemon-en\/products-by-sets\/"},{"@type":"ListItem","position":5,"name":"Sword & Shield","item":"https:\/\/theuncommonshop.ch\/en\/product-category\/pokemon-en\/products-by-sets\/sword-and-shield\/"},{"@type":"ListItem","position":6,"name":"SWSH12.5 Crown Zenith","item":"https:\/\/theuncommonshop.ch\/en\/product-category\/pokemon-en\/products-by-sets\/sword-and-shield\/swsh125-crown-zenith\/"},{"@type":"ListItem","position":7,"name":"Pok\u00e9mon &#8211; Karmesin &amp; Purpur: Zenit der K\u00f6nige &#8211; Sea &amp; Sky Premium Kollektion"}]},{"@type":"WebSite","@id":"https:\/\/theuncommonshop.ch\/en\/#website","url":"https:\/\/theuncommonshop.ch\/en\/","name":"The Uncommon Shop","description":"Magic, Pok\u00e9mon and Yu-gi-oh - The Uncommon Shop","potentialAction":[{"@type":"SearchAction","target":{"@type":"EntryPoint","urlTemplate":"https:\/\/theuncommonshop.ch\/en\/?s={search_term_string}"},"query-input":{"@type":"PropertyValueSpecification","valueRequired":true,"valueName":"search_term_string"}}],"inLanguage":"en-US"}]},"og_availability":"instock","product_availability":"instock","product_retailer_item_id":"PO.III.D.Sea&skykoll.EN","product_condition":"new"},"_links":{"self":[{"href":"https:\/\/theuncommonshop.ch\/en\/wp-json\/wp\/v2\/product\/322679","targetHints":{"allow":["GET"]}}],"collection":[{"href":"https:\/\/theuncommonshop.ch\/en\/wp-json\/wp\/v2\/product"}],"about":[{"href":"https:\/\/theuncommonshop.ch\/en\/wp-json\/wp\/v2\/types\/product"}],"replies":[{"embeddable":true,"href":"https:\/\/theuncommonshop.ch\/en\/wp-json\/wp\/v2\/comments?post=322679"}],"version-history":[{"count":0,"href":"https:\/\/theuncommonshop.ch\/en\/wp-json\/wp\/v2\/product\/322679\/revisions"}],"wp:featuredmedia":[{"embeddable":true,"href":"https:\/\/theuncommonshop.ch\/en\/wp-json\/wp\/v2\/media\/119890"}],"wp:attachment":[{"href":"https:\/\/theuncommonshop.ch\/en\/wp-json\/wp\/v2\/media?parent=322679"}],"wp:term":[{"taxonomy":"product_brand","embeddable":true,"href":"https:\/\/theuncommonshop.ch\/en\/wp-json\/wp\/v2\/product_brand?post=322679"},{"taxonomy":"product_cat","embeddable":true,"href":"https:\/\/theuncommonshop.ch\/en\/wp-json\/wp\/v2\/product_cat?post=322679"},{"taxonomy":"product_tag","embeddable":true,"href":"https:\/\/theuncommonshop.ch\/en\/wp-json\/wp\/v2\/product_tag?post=322679"}],"curies":[{"name":"wp","href":"https:\/\/api.w.org\/{rel}","templated":true}]}}