{"id":322488,"date":"2025-06-04T19:55:18","date_gmt":"2025-06-04T17:55:18","guid":{"rendered":"http:\/\/theuncommonshop.ch\/produkt\/322488\/"},"modified":"2026-03-31T19:35:59","modified_gmt":"2026-03-31T17:35:59","slug":"ultra-pro-one-touch-magnetic-card-case-pokeball-35-pt-3","status":"publish","type":"product","link":"https:\/\/theuncommonshop.ch\/en\/product\/ultra-pro-one-touch-magnetic-card-case-pokeball-35-pt-3\/","title":{"rendered":"Ultra Pro &#8211; One Touch Magnetic Card Case Pok\u00e9ball &#8211; 35 pt"},"content":{"rendered":"<p>Designed to be the definitive storage place for your trading cards, the two-piece One Touch holders feature a unique design with slide-in hinge and magnetic closure so you never have to use a screwdriver again. The holder is UV-resistant, PVC-free and acid-free, so your valuable cards will retain their condition even when on display. Our One Touch holders are also ideal for displaying valuable and very rare playing cards. This model can hold standard cards (2-1\/2&#8243; X 3-1\/2&#8243;) up to 35pt thick.   <\/p>\n","protected":false},"excerpt":{"rendered":"<p>Designed to be the definitive storage place for your trading cards, the two-piece One Touch holders feature a unique design<\/p>\n","protected":false},"featured_media":122030,"comment_status":"open","ping_status":"closed","template":"","meta":{"_acf_changed":false},"product_brand":[5099],"product_cat":[10266,9858],"product_tag":[],"class_list":{"0":"post-322488","1":"product","2":"type-product","3":"status-publish","4":"has-post-thumbnail","6":"product_brand-ultra-pro","7":"product_cat-card-protection-en","8":"product_cat-tcg-accessories","10":"first","11":"instock","12":"taxable","13":"shipping-taxable","14":"purchasable","15":"product-type-simple"},"acf":[],"yoast_head":"<!-- This site is optimized with the Yoast SEO plugin v27.4 - https:\/\/yoast.com\/product\/yoast-seo-wordpress\/ -->\n<title>Buy Ultra Pro - One Touch Magnetic Card Case Pok\u00e9ball - 35 pt<\/title>\n<meta name=\"description\" content=\"Shop Ultra Pro - One Touch Magnetic Card Case Pok\u00e9ball - 35 pt online at great prices now! Your #1 TCG &amp; Pok\u00e9mon card shop in Switzerland \u2713 Free shipping from CHF 29\" \/>\n<meta name=\"robots\" content=\"index, follow, max-snippet:-1, max-image-preview:large, max-video-preview:-1\" \/>\n<link rel=\"canonical\" href=\"https:\/\/theuncommonshop.ch\/en\/product\/ultra-pro-one-touch-magnetic-card-case-pokeball-35-pt-3\/\" \/>\n<meta property=\"og:locale\" content=\"en_US\" \/>\n<meta property=\"og:type\" content=\"article\" \/>\n<meta property=\"og:title\" content=\"Buy Ultra Pro - One Touch Magnetic Card Case Pok\u00e9ball - 35 pt\" \/>\n<meta property=\"og:description\" content=\"Shop Ultra Pro - One Touch Magnetic Card Case Pok\u00e9ball - 35 pt online at great prices now! Your #1 TCG &amp; Pok\u00e9mon card shop in Switzerland \u2713 Free shipping from CHF 29\" \/>\n<meta property=\"og:url\" content=\"https:\/\/theuncommonshop.ch\/en\/product\/ultra-pro-one-touch-magnetic-card-case-pokeball-35-pt-3\/\" \/>\n<meta property=\"og:site_name\" content=\"The Uncommon Shop\" \/>\n<meta property=\"article:modified_time\" content=\"2026-03-31T17:35:59+00:00\" \/>\n<meta property=\"og:image\" content=\"https:\/\/theuncommonshop.ch\/wp-content\/uploads\/2025\/06\/4768095978.jpg\" \/>\n\t<meta property=\"og:image:width\" content=\"225\" \/>\n\t<meta property=\"og:image:height\" content=\"225\" \/>\n\t<meta property=\"og:image:type\" content=\"image\/jpeg\" \/>\n<meta name=\"twitter:card\" content=\"summary_large_image\" \/>\n<meta name=\"twitter:label1\" content=\"Price\" \/>\n\t<meta name=\"twitter:data1\" content=\"&#067;&#072;&#070;&nbsp;7.95\" \/>\n\t<meta name=\"twitter:label2\" content=\"Availability\" \/>\n\t<meta name=\"twitter:data2\" content=\"In stock\" \/>\n<script type=\"application\/ld+json\" class=\"yoast-schema-graph\">{\"@context\":\"https:\\\/\\\/schema.org\",\"@graph\":[{\"@type\":\"WebPage\",\"@id\":\"https:\\\/\\\/theuncommonshop.ch\\\/en\\\/product\\\/ultra-pro-one-touch-magnetic-card-case-pokeball-35-pt-3\\\/\",\"url\":\"https:\\\/\\\/theuncommonshop.ch\\\/en\\\/product\\\/ultra-pro-one-touch-magnetic-card-case-pokeball-35-pt-3\\\/\",\"name\":\"Buy Ultra Pro - One Touch Magnetic Card Case Pok\u00e9ball - 35 pt\",\"isPartOf\":{\"@id\":\"https:\\\/\\\/theuncommonshop.ch\\\/en\\\/#website\"},\"primaryImageOfPage\":{\"@id\":\"https:\\\/\\\/theuncommonshop.ch\\\/en\\\/product\\\/ultra-pro-one-touch-magnetic-card-case-pokeball-35-pt-3\\\/#primaryimage\"},\"image\":{\"@id\":\"https:\\\/\\\/theuncommonshop.ch\\\/en\\\/product\\\/ultra-pro-one-touch-magnetic-card-case-pokeball-35-pt-3\\\/#primaryimage\"},\"thumbnailUrl\":\"https:\\\/\\\/theuncommonshop.ch\\\/wp-content\\\/uploads\\\/2025\\\/06\\\/4768095978.jpg\",\"datePublished\":\"2025-06-04T17:55:18+00:00\",\"dateModified\":\"2026-03-31T17:35:59+00:00\",\"description\":\"Shop Ultra Pro - One Touch Magnetic Card Case Pok\u00e9ball - 35 pt online at great prices now! Your #1 TCG & Pok\u00e9mon card shop in Switzerland \u2713 Free shipping from CHF 29\",\"breadcrumb\":{\"@id\":\"https:\\\/\\\/theuncommonshop.ch\\\/en\\\/product\\\/ultra-pro-one-touch-magnetic-card-case-pokeball-35-pt-3\\\/#breadcrumb\"},\"inLanguage\":\"en-US\",\"potentialAction\":[{\"@type\":\"ReadAction\",\"target\":[\"https:\\\/\\\/theuncommonshop.ch\\\/en\\\/product\\\/ultra-pro-one-touch-magnetic-card-case-pokeball-35-pt-3\\\/\"]}]},{\"@type\":\"ImageObject\",\"inLanguage\":\"en-US\",\"@id\":\"https:\\\/\\\/theuncommonshop.ch\\\/en\\\/product\\\/ultra-pro-one-touch-magnetic-card-case-pokeball-35-pt-3\\\/#primaryimage\",\"url\":\"https:\\\/\\\/theuncommonshop.ch\\\/wp-content\\\/uploads\\\/2025\\\/06\\\/4768095978.jpg\",\"contentUrl\":\"https:\\\/\\\/theuncommonshop.ch\\\/wp-content\\\/uploads\\\/2025\\\/06\\\/4768095978.jpg\",\"width\":225,\"height\":225},{\"@type\":\"BreadcrumbList\",\"@id\":\"https:\\\/\\\/theuncommonshop.ch\\\/en\\\/product\\\/ultra-pro-one-touch-magnetic-card-case-pokeball-35-pt-3\\\/#breadcrumb\",\"itemListElement\":[{\"@type\":\"ListItem\",\"position\":1,\"name\":\"Home\",\"item\":\"https:\\\/\\\/theuncommonshop.ch\\\/en\\\/home\\\/\"},{\"@type\":\"ListItem\",\"position\":2,\"name\":\"Store\",\"item\":\"https:\\\/\\\/theuncommonshop.ch\\\/en\\\/store\\\/\"},{\"@type\":\"ListItem\",\"position\":3,\"name\":\"TCG Accessories\",\"item\":\"https:\\\/\\\/theuncommonshop.ch\\\/en\\\/product-category\\\/tcg-accessories\\\/\"},{\"@type\":\"ListItem\",\"position\":4,\"name\":\"Card Protection\",\"item\":\"https:\\\/\\\/theuncommonshop.ch\\\/en\\\/product-category\\\/tcg-accessories\\\/card-protection-en\\\/\"},{\"@type\":\"ListItem\",\"position\":5,\"name\":\"Ultra Pro &#8211; One Touch Magnetic Card Case Pok\u00e9ball &#8211; 35 pt\"}]},{\"@type\":\"WebSite\",\"@id\":\"https:\\\/\\\/theuncommonshop.ch\\\/en\\\/#website\",\"url\":\"https:\\\/\\\/theuncommonshop.ch\\\/en\\\/\",\"name\":\"The Uncommon Shop\",\"description\":\"Magic, Pok\u00e9mon and Yu-gi-oh - The Uncommon Shop\",\"potentialAction\":[{\"@type\":\"SearchAction\",\"target\":{\"@type\":\"EntryPoint\",\"urlTemplate\":\"https:\\\/\\\/theuncommonshop.ch\\\/en\\\/?s={search_term_string}\"},\"query-input\":{\"@type\":\"PropertyValueSpecification\",\"valueRequired\":true,\"valueName\":\"search_term_string\"}}],\"inLanguage\":\"en-US\"}]}<\/script>\n<meta property=\"product:price:amount\" content=\"7.95\" \/>\n<meta property=\"product:price:currency\" content=\"CHF\" \/>\n<meta property=\"og:availability\" content=\"instock\" \/>\n<meta property=\"product:availability\" content=\"instock\" \/>\n<meta property=\"product:retailer_item_id\" content=\"Zub.I.F.UPOneTouchpokemon\" \/>\n<meta property=\"product:condition\" content=\"new\" \/>\n<!-- \/ Yoast SEO plugin. -->","yoast_head_json":{"title":"Buy Ultra Pro - One Touch Magnetic Card Case Pok\u00e9ball - 35 pt","description":"Shop Ultra Pro - One Touch Magnetic Card Case Pok\u00e9ball - 35 pt online at great prices now! Your #1 TCG & Pok\u00e9mon card shop in Switzerland \u2713 Free shipping from CHF 29","robots":{"index":"index","follow":"follow","max-snippet":"max-snippet:-1","max-image-preview":"max-image-preview:large","max-video-preview":"max-video-preview:-1"},"canonical":"https:\/\/theuncommonshop.ch\/en\/product\/ultra-pro-one-touch-magnetic-card-case-pokeball-35-pt-3\/","og_locale":"en_US","og_type":"article","og_title":"Buy Ultra Pro - One Touch Magnetic Card Case Pok\u00e9ball - 35 pt","og_description":"Shop Ultra Pro - One Touch Magnetic Card Case Pok\u00e9ball - 35 pt online at great prices now! Your #1 TCG & Pok\u00e9mon card shop in Switzerland \u2713 Free shipping from CHF 29","og_url":"https:\/\/theuncommonshop.ch\/en\/product\/ultra-pro-one-touch-magnetic-card-case-pokeball-35-pt-3\/","og_site_name":"The Uncommon Shop","article_modified_time":"2026-03-31T17:35:59+00:00","og_image":[{"width":225,"height":225,"url":"https:\/\/theuncommonshop.ch\/wp-content\/uploads\/2025\/06\/4768095978.jpg","type":"image\/jpeg"}],"twitter_card":"summary_large_image","twitter_misc":{"Price":"&#67;&#72;&#70;&nbsp;7.95","Availability":"In stock"},"schema":{"@context":"https:\/\/schema.org","@graph":[{"@type":"WebPage","@id":"https:\/\/theuncommonshop.ch\/en\/product\/ultra-pro-one-touch-magnetic-card-case-pokeball-35-pt-3\/","url":"https:\/\/theuncommonshop.ch\/en\/product\/ultra-pro-one-touch-magnetic-card-case-pokeball-35-pt-3\/","name":"Buy Ultra Pro - One Touch Magnetic Card Case Pok\u00e9ball - 35 pt","isPartOf":{"@id":"https:\/\/theuncommonshop.ch\/en\/#website"},"primaryImageOfPage":{"@id":"https:\/\/theuncommonshop.ch\/en\/product\/ultra-pro-one-touch-magnetic-card-case-pokeball-35-pt-3\/#primaryimage"},"image":{"@id":"https:\/\/theuncommonshop.ch\/en\/product\/ultra-pro-one-touch-magnetic-card-case-pokeball-35-pt-3\/#primaryimage"},"thumbnailUrl":"https:\/\/theuncommonshop.ch\/wp-content\/uploads\/2025\/06\/4768095978.jpg","datePublished":"2025-06-04T17:55:18+00:00","dateModified":"2026-03-31T17:35:59+00:00","description":"Shop Ultra Pro - One Touch Magnetic Card Case Pok\u00e9ball - 35 pt online at great prices now! Your #1 TCG & Pok\u00e9mon card shop in Switzerland \u2713 Free shipping from CHF 29","breadcrumb":{"@id":"https:\/\/theuncommonshop.ch\/en\/product\/ultra-pro-one-touch-magnetic-card-case-pokeball-35-pt-3\/#breadcrumb"},"inLanguage":"en-US","potentialAction":[{"@type":"ReadAction","target":["https:\/\/theuncommonshop.ch\/en\/product\/ultra-pro-one-touch-magnetic-card-case-pokeball-35-pt-3\/"]}]},{"@type":"ImageObject","inLanguage":"en-US","@id":"https:\/\/theuncommonshop.ch\/en\/product\/ultra-pro-one-touch-magnetic-card-case-pokeball-35-pt-3\/#primaryimage","url":"https:\/\/theuncommonshop.ch\/wp-content\/uploads\/2025\/06\/4768095978.jpg","contentUrl":"https:\/\/theuncommonshop.ch\/wp-content\/uploads\/2025\/06\/4768095978.jpg","width":225,"height":225},{"@type":"BreadcrumbList","@id":"https:\/\/theuncommonshop.ch\/en\/product\/ultra-pro-one-touch-magnetic-card-case-pokeball-35-pt-3\/#breadcrumb","itemListElement":[{"@type":"ListItem","position":1,"name":"Home","item":"https:\/\/theuncommonshop.ch\/en\/home\/"},{"@type":"ListItem","position":2,"name":"Store","item":"https:\/\/theuncommonshop.ch\/en\/store\/"},{"@type":"ListItem","position":3,"name":"TCG Accessories","item":"https:\/\/theuncommonshop.ch\/en\/product-category\/tcg-accessories\/"},{"@type":"ListItem","position":4,"name":"Card Protection","item":"https:\/\/theuncommonshop.ch\/en\/product-category\/tcg-accessories\/card-protection-en\/"},{"@type":"ListItem","position":5,"name":"Ultra Pro &#8211; One Touch Magnetic Card Case Pok\u00e9ball &#8211; 35 pt"}]},{"@type":"WebSite","@id":"https:\/\/theuncommonshop.ch\/en\/#website","url":"https:\/\/theuncommonshop.ch\/en\/","name":"The Uncommon Shop","description":"Magic, Pok\u00e9mon and Yu-gi-oh - The Uncommon Shop","potentialAction":[{"@type":"SearchAction","target":{"@type":"EntryPoint","urlTemplate":"https:\/\/theuncommonshop.ch\/en\/?s={search_term_string}"},"query-input":{"@type":"PropertyValueSpecification","valueRequired":true,"valueName":"search_term_string"}}],"inLanguage":"en-US"}]},"product_price_amount":"7.95","product_price_currency":"CHF","og_availability":"instock","product_availability":"instock","product_retailer_item_id":"Zub.I.F.UPOneTouchpokemon","product_condition":"new"},"_links":{"self":[{"href":"https:\/\/theuncommonshop.ch\/en\/wp-json\/wp\/v2\/product\/322488","targetHints":{"allow":["GET"]}}],"collection":[{"href":"https:\/\/theuncommonshop.ch\/en\/wp-json\/wp\/v2\/product"}],"about":[{"href":"https:\/\/theuncommonshop.ch\/en\/wp-json\/wp\/v2\/types\/product"}],"replies":[{"embeddable":true,"href":"https:\/\/theuncommonshop.ch\/en\/wp-json\/wp\/v2\/comments?post=322488"}],"version-history":[{"count":0,"href":"https:\/\/theuncommonshop.ch\/en\/wp-json\/wp\/v2\/product\/322488\/revisions"}],"wp:featuredmedia":[{"embeddable":true,"href":"https:\/\/theuncommonshop.ch\/en\/wp-json\/wp\/v2\/media\/122030"}],"wp:attachment":[{"href":"https:\/\/theuncommonshop.ch\/en\/wp-json\/wp\/v2\/media?parent=322488"}],"wp:term":[{"taxonomy":"product_brand","embeddable":true,"href":"https:\/\/theuncommonshop.ch\/en\/wp-json\/wp\/v2\/product_brand?post=322488"},{"taxonomy":"product_cat","embeddable":true,"href":"https:\/\/theuncommonshop.ch\/en\/wp-json\/wp\/v2\/product_cat?post=322488"},{"taxonomy":"product_tag","embeddable":true,"href":"https:\/\/theuncommonshop.ch\/en\/wp-json\/wp\/v2\/product_tag?post=322488"}],"curies":[{"name":"wp","href":"https:\/\/api.w.org\/{rel}","templated":true}]}}