{"id":322252,"date":"2025-06-12T10:27:27","date_gmt":"2025-06-12T08:27:27","guid":{"rendered":"http:\/\/theuncommonshop.ch\/produkt\/322252\/"},"modified":"2026-03-28T10:18:15","modified_gmt":"2026-03-28T09:18:15","slug":"pokemon-sword-shield-fusion-strike-swsh08-booster-pack-3","status":"publish","type":"product","link":"https:\/\/theuncommonshop.ch\/en\/product\/pokemon-sword-shield-fusion-strike-swsh08-booster-pack-3\/","title":{"rendered":"Pok\u00e9mon &#8211; Sword &amp; Shield &#8211; Fusion Strike (SWSH08) &#8211; Booster Packs"},"content":{"rendered":"<p>The Schwert &amp; Schild Fusion Attack Booster contains:<\/p>\n<ul>\n<li>10 cards<\/li>\n<li>including at least 1 holo card and another online code card <\/li>\n<\/ul>\n<p>The future is full of rivals and epic battles, but it also holds limitless potential as the new Fusionsangriff style harnesses the unbridled will to win of Pok\u00e9mon and Trainers alike! Adaptable new Pok\u00e9mon-V like Genesect-V, Hoopa-V, and Mew-VMAX are ready for battle, while a major threat is brewing with the appearance of Focused Attack and Flowing Attack Pok\u00e9mon like Gortrom-VMAX, Liberlo-VMAX, and Intelleon-VMAX in their Gigadynamax forms. Get carried away and discover powerful new strategies in the Pok\u00e9mon Trading Card Game expansion Schwert &amp; Schild &#8211; Fusionsangriff!  <\/p>\n<ul>\n<li>Over 260 cards<\/li>\n<li>20 powerful Pok\u00e9mon-V and 8 enormous Pok\u00e9mon-VMAX<\/li>\n<li>Over 20 new Fusionsangriff cards<\/li>\n<li>New Focused Attack and Flowing Attack cards<\/li>\n<li>20 trainer cards and 1 new special energy card<\/li>\n<\/ul>\n","protected":false},"excerpt":{"rendered":"<p>The Schwert &amp; Schild Fusion Attack Booster contains: 10 cards including at least 1 holo card and another online code<\/p>\n","protected":false},"featured_media":19275,"comment_status":"open","ping_status":"closed","template":"","meta":{"_acf_changed":false},"product_brand":[5115,5073],"product_cat":[9806,10056,10130],"product_tag":[],"class_list":{"0":"post-322252","1":"product","2":"type-product","3":"status-publish","4":"has-post-thumbnail","6":"product_brand-pokemon","7":"product_brand-the-pokemon-company","8":"product_cat-booster-packs-pokemon","9":"product_cat-booster-packs-international-en","10":"product_cat-swsh08-fusion-strike-en","12":"first","13":"instock","14":"taxable","15":"shipping-taxable","16":"purchasable","17":"product-type-variable"},"acf":[],"yoast_head":"<!-- This site is optimized with the Yoast SEO plugin v27.4 - https:\/\/yoast.com\/product\/yoast-seo-wordpress\/ -->\n<title>Buy Pok\u00e9mon - Sword &amp; Shield - Fusion Strike (SWSH08) - Booster Packs<\/title>\n<meta name=\"description\" content=\"Shop Pok\u00e9mon - Sword &amp; Shield - Fusion Strike (SWSH08) - Booster Packs online at great prices now! Your #1 TCG &amp; Pok\u00e9mon card shop in Switzerland \u2713 Free shipping from CHF 29\" \/>\n<meta name=\"robots\" content=\"index, follow, max-snippet:-1, max-image-preview:large, max-video-preview:-1\" \/>\n<link rel=\"canonical\" href=\"https:\/\/theuncommonshop.ch\/en\/product\/pokemon-sword-shield-fusion-strike-swsh08-booster-pack-3\/\" \/>\n<meta property=\"og:locale\" content=\"en_US\" \/>\n<meta property=\"og:type\" content=\"article\" \/>\n<meta property=\"og:title\" content=\"Buy Pok\u00e9mon - Sword &amp; Shield - Fusion Strike (SWSH08) - Booster Packs\" \/>\n<meta property=\"og:description\" content=\"Shop Pok\u00e9mon - Sword &amp; Shield - Fusion Strike (SWSH08) - Booster Packs online at great prices now! Your #1 TCG &amp; Pok\u00e9mon card shop in Switzerland \u2713 Free shipping from CHF 29\" \/>\n<meta property=\"og:url\" content=\"https:\/\/theuncommonshop.ch\/en\/product\/pokemon-sword-shield-fusion-strike-swsh08-booster-pack-3\/\" \/>\n<meta property=\"og:site_name\" content=\"Largest trading card shop in Switzerland\" \/>\n<meta property=\"article:modified_time\" content=\"2026-03-28T09:18:15+00:00\" \/>\n<meta property=\"og:image\" content=\"https:\/\/theuncommonshop.ch\/wp-content\/uploads\/2025\/05\/2531079378.jpg\" \/>\n\t<meta property=\"og:image:width\" content=\"780\" \/>\n\t<meta property=\"og:image:height\" content=\"1429\" \/>\n\t<meta property=\"og:image:type\" content=\"image\/jpeg\" \/>\n<meta name=\"twitter:card\" content=\"summary_large_image\" \/>\n<meta name=\"twitter:label1\" content=\"Availability\" \/>\n\t<meta name=\"twitter:data1\" content=\"In stock\" \/>\n<script type=\"application\/ld+json\" class=\"yoast-schema-graph\">{\"@context\":\"https:\\\/\\\/schema.org\",\"@graph\":[{\"@type\":\"WebPage\",\"@id\":\"https:\\\/\\\/theuncommonshop.ch\\\/en\\\/product\\\/pokemon-sword-shield-fusion-strike-swsh08-booster-pack-3\\\/\",\"url\":\"https:\\\/\\\/theuncommonshop.ch\\\/en\\\/product\\\/pokemon-sword-shield-fusion-strike-swsh08-booster-pack-3\\\/\",\"name\":\"Buy Pok\u00e9mon - Sword &amp; Shield - Fusion Strike (SWSH08) - Booster Packs\",\"isPartOf\":{\"@id\":\"https:\\\/\\\/theuncommonshop.ch\\\/#website\"},\"primaryImageOfPage\":{\"@id\":\"https:\\\/\\\/theuncommonshop.ch\\\/en\\\/product\\\/pokemon-sword-shield-fusion-strike-swsh08-booster-pack-3\\\/#primaryimage\"},\"image\":{\"@id\":\"https:\\\/\\\/theuncommonshop.ch\\\/en\\\/product\\\/pokemon-sword-shield-fusion-strike-swsh08-booster-pack-3\\\/#primaryimage\"},\"thumbnailUrl\":\"https:\\\/\\\/theuncommonshop.ch\\\/wp-content\\\/uploads\\\/2025\\\/05\\\/2531079378.jpg\",\"datePublished\":\"2025-06-12T08:27:27+00:00\",\"dateModified\":\"2026-03-28T09:18:15+00:00\",\"description\":\"Shop Pok\u00e9mon - Sword &amp; Shield - Fusion Strike (SWSH08) - Booster Packs online at great prices now! Your #1 TCG & Pok\u00e9mon card shop in Switzerland \u2713 Free shipping from CHF 29\",\"breadcrumb\":{\"@id\":\"https:\\\/\\\/theuncommonshop.ch\\\/en\\\/product\\\/pokemon-sword-shield-fusion-strike-swsh08-booster-pack-3\\\/#breadcrumb\"},\"inLanguage\":\"en-US\",\"potentialAction\":[{\"@type\":\"ReadAction\",\"target\":[\"https:\\\/\\\/theuncommonshop.ch\\\/en\\\/product\\\/pokemon-sword-shield-fusion-strike-swsh08-booster-pack-3\\\/\"]}]},{\"@type\":\"ImageObject\",\"inLanguage\":\"en-US\",\"@id\":\"https:\\\/\\\/theuncommonshop.ch\\\/en\\\/product\\\/pokemon-sword-shield-fusion-strike-swsh08-booster-pack-3\\\/#primaryimage\",\"url\":\"https:\\\/\\\/theuncommonshop.ch\\\/wp-content\\\/uploads\\\/2025\\\/05\\\/2531079378.jpg\",\"contentUrl\":\"https:\\\/\\\/theuncommonshop.ch\\\/wp-content\\\/uploads\\\/2025\\\/05\\\/2531079378.jpg\",\"width\":780,\"height\":1429},{\"@type\":\"BreadcrumbList\",\"@id\":\"https:\\\/\\\/theuncommonshop.ch\\\/en\\\/product\\\/pokemon-sword-shield-fusion-strike-swsh08-booster-pack-3\\\/#breadcrumb\",\"itemListElement\":[{\"@type\":\"ListItem\",\"position\":1,\"name\":\"Home\",\"item\":\"https:\\\/\\\/theuncommonshop.ch\\\/en\\\/home\\\/\"},{\"@type\":\"ListItem\",\"position\":2,\"name\":\"Store\",\"item\":\"https:\\\/\\\/theuncommonshop.ch\\\/en\\\/store\\\/\"},{\"@type\":\"ListItem\",\"position\":3,\"name\":\"Pok\u00e9mon\",\"item\":\"https:\\\/\\\/theuncommonshop.ch\\\/en\\\/product-category\\\/pokemon-en\\\/\"},{\"@type\":\"ListItem\",\"position\":4,\"name\":\"Products by Sets\",\"item\":\"https:\\\/\\\/theuncommonshop.ch\\\/en\\\/product-category\\\/pokemon-en\\\/products-by-sets\\\/\"},{\"@type\":\"ListItem\",\"position\":5,\"name\":\"Sword & Shield\",\"item\":\"https:\\\/\\\/theuncommonshop.ch\\\/en\\\/product-category\\\/pokemon-en\\\/products-by-sets\\\/sword-and-shield\\\/\"},{\"@type\":\"ListItem\",\"position\":6,\"name\":\"SWSH08 Fusion Strike\",\"item\":\"https:\\\/\\\/theuncommonshop.ch\\\/en\\\/product-category\\\/pokemon-en\\\/products-by-sets\\\/sword-and-shield\\\/swsh08-fusion-strike-en\\\/\"},{\"@type\":\"ListItem\",\"position\":7,\"name\":\"Pok\u00e9mon &#8211; Sword &amp; Shield &#8211; Fusion Strike (SWSH08) &#8211; Booster Packs\"}]},{\"@type\":\"WebSite\",\"@id\":\"https:\\\/\\\/theuncommonshop.ch\\\/#website\",\"url\":\"https:\\\/\\\/theuncommonshop.ch\\\/\",\"name\":\"Largest trading card shop in Switzerland\",\"description\":\"Magic, Pok\u00e9mon and Yu-gi-oh - The Uncommon Shop\",\"potentialAction\":[{\"@type\":\"SearchAction\",\"target\":{\"@type\":\"EntryPoint\",\"urlTemplate\":\"https:\\\/\\\/theuncommonshop.ch\\\/?s={search_term_string}\"},\"query-input\":{\"@type\":\"PropertyValueSpecification\",\"valueRequired\":true,\"valueName\":\"search_term_string\"}}],\"inLanguage\":\"en-US\"}]}<\/script>\n<meta property=\"og:availability\" content=\"instock\" \/>\n<meta property=\"product:availability\" content=\"instock\" \/>\n<meta property=\"product:retailer_item_id\" content=\"PO.XXI.C.BoosFusAng.DE\" \/>\n<meta property=\"product:condition\" content=\"new\" \/>\n<!-- \/ Yoast SEO plugin. -->","yoast_head_json":{"title":"Buy Pok\u00e9mon - Sword &amp; Shield - Fusion Strike (SWSH08) - Booster Packs","description":"Shop Pok\u00e9mon - Sword &amp; Shield - Fusion Strike (SWSH08) - Booster Packs online at great prices now! Your #1 TCG & Pok\u00e9mon card shop in Switzerland \u2713 Free shipping from CHF 29","robots":{"index":"index","follow":"follow","max-snippet":"max-snippet:-1","max-image-preview":"max-image-preview:large","max-video-preview":"max-video-preview:-1"},"canonical":"https:\/\/theuncommonshop.ch\/en\/product\/pokemon-sword-shield-fusion-strike-swsh08-booster-pack-3\/","og_locale":"en_US","og_type":"article","og_title":"Buy Pok\u00e9mon - Sword &amp; Shield - Fusion Strike (SWSH08) - Booster Packs","og_description":"Shop Pok\u00e9mon - Sword &amp; Shield - Fusion Strike (SWSH08) - Booster Packs online at great prices now! Your #1 TCG & Pok\u00e9mon card shop in Switzerland \u2713 Free shipping from CHF 29","og_url":"https:\/\/theuncommonshop.ch\/en\/product\/pokemon-sword-shield-fusion-strike-swsh08-booster-pack-3\/","og_site_name":"Largest trading card shop in Switzerland","article_modified_time":"2026-03-28T09:18:15+00:00","og_image":[{"width":780,"height":1429,"url":"https:\/\/theuncommonshop.ch\/wp-content\/uploads\/2025\/05\/2531079378.jpg","type":"image\/jpeg"}],"twitter_card":"summary_large_image","twitter_misc":{"Availability":"In stock"},"schema":{"@context":"https:\/\/schema.org","@graph":[{"@type":"WebPage","@id":"https:\/\/theuncommonshop.ch\/en\/product\/pokemon-sword-shield-fusion-strike-swsh08-booster-pack-3\/","url":"https:\/\/theuncommonshop.ch\/en\/product\/pokemon-sword-shield-fusion-strike-swsh08-booster-pack-3\/","name":"Buy Pok\u00e9mon - Sword &amp; Shield - Fusion Strike (SWSH08) - Booster Packs","isPartOf":{"@id":"https:\/\/theuncommonshop.ch\/#website"},"primaryImageOfPage":{"@id":"https:\/\/theuncommonshop.ch\/en\/product\/pokemon-sword-shield-fusion-strike-swsh08-booster-pack-3\/#primaryimage"},"image":{"@id":"https:\/\/theuncommonshop.ch\/en\/product\/pokemon-sword-shield-fusion-strike-swsh08-booster-pack-3\/#primaryimage"},"thumbnailUrl":"https:\/\/theuncommonshop.ch\/wp-content\/uploads\/2025\/05\/2531079378.jpg","datePublished":"2025-06-12T08:27:27+00:00","dateModified":"2026-03-28T09:18:15+00:00","description":"Shop Pok\u00e9mon - Sword &amp; Shield - Fusion Strike (SWSH08) - Booster Packs online at great prices now! Your #1 TCG & Pok\u00e9mon card shop in Switzerland \u2713 Free shipping from CHF 29","breadcrumb":{"@id":"https:\/\/theuncommonshop.ch\/en\/product\/pokemon-sword-shield-fusion-strike-swsh08-booster-pack-3\/#breadcrumb"},"inLanguage":"en-US","potentialAction":[{"@type":"ReadAction","target":["https:\/\/theuncommonshop.ch\/en\/product\/pokemon-sword-shield-fusion-strike-swsh08-booster-pack-3\/"]}]},{"@type":"ImageObject","inLanguage":"en-US","@id":"https:\/\/theuncommonshop.ch\/en\/product\/pokemon-sword-shield-fusion-strike-swsh08-booster-pack-3\/#primaryimage","url":"https:\/\/theuncommonshop.ch\/wp-content\/uploads\/2025\/05\/2531079378.jpg","contentUrl":"https:\/\/theuncommonshop.ch\/wp-content\/uploads\/2025\/05\/2531079378.jpg","width":780,"height":1429},{"@type":"BreadcrumbList","@id":"https:\/\/theuncommonshop.ch\/en\/product\/pokemon-sword-shield-fusion-strike-swsh08-booster-pack-3\/#breadcrumb","itemListElement":[{"@type":"ListItem","position":1,"name":"Home","item":"https:\/\/theuncommonshop.ch\/en\/home\/"},{"@type":"ListItem","position":2,"name":"Store","item":"https:\/\/theuncommonshop.ch\/en\/store\/"},{"@type":"ListItem","position":3,"name":"Pok\u00e9mon","item":"https:\/\/theuncommonshop.ch\/en\/product-category\/pokemon-en\/"},{"@type":"ListItem","position":4,"name":"Products by Sets","item":"https:\/\/theuncommonshop.ch\/en\/product-category\/pokemon-en\/products-by-sets\/"},{"@type":"ListItem","position":5,"name":"Sword & Shield","item":"https:\/\/theuncommonshop.ch\/en\/product-category\/pokemon-en\/products-by-sets\/sword-and-shield\/"},{"@type":"ListItem","position":6,"name":"SWSH08 Fusion Strike","item":"https:\/\/theuncommonshop.ch\/en\/product-category\/pokemon-en\/products-by-sets\/sword-and-shield\/swsh08-fusion-strike-en\/"},{"@type":"ListItem","position":7,"name":"Pok\u00e9mon &#8211; Sword &amp; Shield &#8211; Fusion Strike (SWSH08) &#8211; Booster Packs"}]},{"@type":"WebSite","@id":"https:\/\/theuncommonshop.ch\/#website","url":"https:\/\/theuncommonshop.ch\/","name":"Largest trading card shop in Switzerland","description":"Magic, Pok\u00e9mon and Yu-gi-oh - The Uncommon Shop","potentialAction":[{"@type":"SearchAction","target":{"@type":"EntryPoint","urlTemplate":"https:\/\/theuncommonshop.ch\/?s={search_term_string}"},"query-input":{"@type":"PropertyValueSpecification","valueRequired":true,"valueName":"search_term_string"}}],"inLanguage":"en-US"}]},"og_availability":"instock","product_availability":"instock","product_retailer_item_id":"PO.XXI.C.BoosFusAng.DE","product_condition":"new"},"_links":{"self":[{"href":"https:\/\/theuncommonshop.ch\/en\/wp-json\/wp\/v2\/product\/322252","targetHints":{"allow":["GET"]}}],"collection":[{"href":"https:\/\/theuncommonshop.ch\/en\/wp-json\/wp\/v2\/product"}],"about":[{"href":"https:\/\/theuncommonshop.ch\/en\/wp-json\/wp\/v2\/types\/product"}],"replies":[{"embeddable":true,"href":"https:\/\/theuncommonshop.ch\/en\/wp-json\/wp\/v2\/comments?post=322252"}],"version-history":[{"count":2,"href":"https:\/\/theuncommonshop.ch\/en\/wp-json\/wp\/v2\/product\/322252\/revisions"}],"predecessor-version":[{"id":352329,"href":"https:\/\/theuncommonshop.ch\/en\/wp-json\/wp\/v2\/product\/322252\/revisions\/352329"}],"wp:featuredmedia":[{"embeddable":true,"href":"https:\/\/theuncommonshop.ch\/en\/wp-json\/wp\/v2\/media\/19275"}],"wp:attachment":[{"href":"https:\/\/theuncommonshop.ch\/en\/wp-json\/wp\/v2\/media?parent=322252"}],"wp:term":[{"taxonomy":"product_brand","embeddable":true,"href":"https:\/\/theuncommonshop.ch\/en\/wp-json\/wp\/v2\/product_brand?post=322252"},{"taxonomy":"product_cat","embeddable":true,"href":"https:\/\/theuncommonshop.ch\/en\/wp-json\/wp\/v2\/product_cat?post=322252"},{"taxonomy":"product_tag","embeddable":true,"href":"https:\/\/theuncommonshop.ch\/en\/wp-json\/wp\/v2\/product_tag?post=322252"}],"curies":[{"name":"wp","href":"https:\/\/api.w.org\/{rel}","templated":true}]}}