{"id":320364,"date":"2025-06-12T10:24:40","date_gmt":"2025-06-12T10:24:40","guid":{"rendered":"http:\/\/theuncommonshop.ch\/produkt\/320364\/"},"modified":"2026-03-30T12:30:03","modified_gmt":"2026-03-30T10:30:03","slug":"pokemon-liga-kampf-deck-intelleon-v-3","status":"publish","type":"product","link":"https:\/\/theuncommonshop.ch\/en\/product\/pokemon-liga-kampf-deck-intelleon-v-3\/","title":{"rendered":"Pok\u00e9mon &#8211; League Kampf Deck &#8211; Intelleon V"},"content":{"rendered":"<p>A Pokemon Deck of Stealthy Power!<br \/>Sneak into the corners, Inteleon, and strike when the moment is right!<\/p>\n<p>This Pokemon VMAX is yours in this powerful, League-ready deck for skilled Trainers and Pokemon TCG players. With premium foil cards, sought-after power cards, and a well-tuned set of Pokemon and Trainer cards, the Inteleon VMAX League Battle Deck does more than feature one of the first partner Pokemon of the Galar region: it puts together all the elements to support you in your next match against friends and neighbors, in person or online! Ready to play and loaded with the clever combos of Inteleon VMAX, your deck could outwit and out-trick them all!  <\/p>\n<p>The Pokemon TCG: Inteleon VMAX League Battle Deck includes<br \/>&#8211; 1 ready-to-play 60-card deck, including 2 Pokemon V and 2 Pokemon VMAX<br \/>&#8211; 1 deck box<br \/>&#8211; 2 coin condition markers<br \/>&#8211; 6 damage-counter dice<br \/>&#8211; 1 competition-legal coin-flip die<br \/>&#8211; A Quick Guide to unlock the strategies within<br \/>&#8211; A Pokemon TCG rulebook<br \/>&#8211; A code card for the Pokemon Trading Card Game Online<\/p>\n","protected":false},"excerpt":{"rendered":"<p>A Pokemon Deck of Stealthy Power!Sneak into the corners, Inteleon, and strike when the moment is right! This Pokemon VMAX<\/p>\n","protected":false},"featured_media":19179,"comment_status":"open","ping_status":"closed","template":"","meta":{"_acf_changed":false},"product_brand":[5115,5073],"product_cat":[9816],"product_tag":[],"class_list":{"0":"post-320364","1":"product","2":"type-product","3":"status-publish","4":"has-post-thumbnail","6":"product_brand-pokemon","7":"product_brand-the-pokemon-company","8":"product_cat-decks-en","10":"first","11":"instock","12":"taxable","13":"shipping-taxable","14":"purchasable","15":"product-type-variable"},"acf":[],"yoast_head":"<!-- This site is optimized with the Yoast SEO plugin v27.4 - https:\/\/yoast.com\/product\/yoast-seo-wordpress\/ -->\n<title>Buy Pok\u00e9mon - League Kampf Deck - Intelleon V<\/title>\n<meta name=\"description\" content=\"Shop Pok\u00e9mon - League Kampf Deck - Intelleon V online at great prices now! Your #1 TCG &amp; Pok\u00e9mon card shop in Switzerland \u2713 Free shipping from CHF 29\" \/>\n<meta name=\"robots\" content=\"index, follow, max-snippet:-1, max-image-preview:large, max-video-preview:-1\" \/>\n<link rel=\"canonical\" href=\"https:\/\/theuncommonshop.ch\/en\/product\/pokemon-liga-kampf-deck-intelleon-v-3\/\" \/>\n<meta property=\"og:locale\" content=\"en_US\" \/>\n<meta property=\"og:type\" content=\"article\" \/>\n<meta property=\"og:title\" content=\"Buy Pok\u00e9mon - League Kampf Deck - Intelleon V\" \/>\n<meta property=\"og:description\" content=\"Shop Pok\u00e9mon - League Kampf Deck - Intelleon V online at great prices now! Your #1 TCG &amp; Pok\u00e9mon card shop in Switzerland \u2713 Free shipping from CHF 29\" \/>\n<meta property=\"og:url\" content=\"https:\/\/theuncommonshop.ch\/en\/product\/pokemon-liga-kampf-deck-intelleon-v-3\/\" \/>\n<meta property=\"og:site_name\" content=\"The Uncommon Shop\" \/>\n<meta property=\"article:modified_time\" content=\"2026-03-30T10:30:03+00:00\" \/>\n<meta property=\"og:image\" content=\"https:\/\/theuncommonshop.ch\/wp-content\/uploads\/2025\/05\/2117130035.jpg\" \/>\n\t<meta property=\"og:image:width\" content=\"353\" \/>\n\t<meta property=\"og:image:height\" content=\"400\" \/>\n\t<meta property=\"og:image:type\" content=\"image\/jpeg\" \/>\n<meta name=\"twitter:card\" content=\"summary_large_image\" \/>\n<meta name=\"twitter:label1\" content=\"Availability\" \/>\n\t<meta name=\"twitter:data1\" content=\"In stock\" \/>\n<script type=\"application\/ld+json\" class=\"yoast-schema-graph\">{\"@context\":\"https:\\\/\\\/schema.org\",\"@graph\":[{\"@type\":\"WebPage\",\"@id\":\"https:\\\/\\\/theuncommonshop.ch\\\/en\\\/product\\\/pokemon-liga-kampf-deck-intelleon-v-3\\\/\",\"url\":\"https:\\\/\\\/theuncommonshop.ch\\\/en\\\/product\\\/pokemon-liga-kampf-deck-intelleon-v-3\\\/\",\"name\":\"Buy Pok\u00e9mon - League Kampf Deck - Intelleon V\",\"isPartOf\":{\"@id\":\"https:\\\/\\\/theuncommonshop.ch\\\/en\\\/#website\"},\"primaryImageOfPage\":{\"@id\":\"https:\\\/\\\/theuncommonshop.ch\\\/en\\\/product\\\/pokemon-liga-kampf-deck-intelleon-v-3\\\/#primaryimage\"},\"image\":{\"@id\":\"https:\\\/\\\/theuncommonshop.ch\\\/en\\\/product\\\/pokemon-liga-kampf-deck-intelleon-v-3\\\/#primaryimage\"},\"thumbnailUrl\":\"https:\\\/\\\/theuncommonshop.ch\\\/wp-content\\\/uploads\\\/2025\\\/05\\\/2117130035.jpg\",\"datePublished\":\"2025-06-12T10:24:40+00:00\",\"dateModified\":\"2026-03-30T10:30:03+00:00\",\"description\":\"Shop Pok\u00e9mon - League Kampf Deck - Intelleon V online at great prices now! Your #1 TCG & Pok\u00e9mon card shop in Switzerland \u2713 Free shipping from CHF 29\",\"breadcrumb\":{\"@id\":\"https:\\\/\\\/theuncommonshop.ch\\\/en\\\/product\\\/pokemon-liga-kampf-deck-intelleon-v-3\\\/#breadcrumb\"},\"inLanguage\":\"en-US\",\"potentialAction\":[{\"@type\":\"ReadAction\",\"target\":[\"https:\\\/\\\/theuncommonshop.ch\\\/en\\\/product\\\/pokemon-liga-kampf-deck-intelleon-v-3\\\/\"]}]},{\"@type\":\"ImageObject\",\"inLanguage\":\"en-US\",\"@id\":\"https:\\\/\\\/theuncommonshop.ch\\\/en\\\/product\\\/pokemon-liga-kampf-deck-intelleon-v-3\\\/#primaryimage\",\"url\":\"https:\\\/\\\/theuncommonshop.ch\\\/wp-content\\\/uploads\\\/2025\\\/05\\\/2117130035.jpg\",\"contentUrl\":\"https:\\\/\\\/theuncommonshop.ch\\\/wp-content\\\/uploads\\\/2025\\\/05\\\/2117130035.jpg\",\"width\":353,\"height\":400},{\"@type\":\"BreadcrumbList\",\"@id\":\"https:\\\/\\\/theuncommonshop.ch\\\/en\\\/product\\\/pokemon-liga-kampf-deck-intelleon-v-3\\\/#breadcrumb\",\"itemListElement\":[{\"@type\":\"ListItem\",\"position\":1,\"name\":\"Home\",\"item\":\"https:\\\/\\\/theuncommonshop.ch\\\/en\\\/home\\\/\"},{\"@type\":\"ListItem\",\"position\":2,\"name\":\"Store\",\"item\":\"https:\\\/\\\/theuncommonshop.ch\\\/en\\\/store\\\/\"},{\"@type\":\"ListItem\",\"position\":3,\"name\":\"Pok\u00e9mon\",\"item\":\"https:\\\/\\\/theuncommonshop.ch\\\/en\\\/product-category\\\/pokemon-en\\\/\"},{\"@type\":\"ListItem\",\"position\":4,\"name\":\"Decks\",\"item\":\"https:\\\/\\\/theuncommonshop.ch\\\/en\\\/product-category\\\/pokemon-en\\\/decks-en\\\/\"},{\"@type\":\"ListItem\",\"position\":5,\"name\":\"Pok\u00e9mon &#8211; League Kampf Deck &#8211; Intelleon V\"}]},{\"@type\":\"WebSite\",\"@id\":\"https:\\\/\\\/theuncommonshop.ch\\\/en\\\/#website\",\"url\":\"https:\\\/\\\/theuncommonshop.ch\\\/en\\\/\",\"name\":\"The Uncommon Shop\",\"description\":\"Magic, Pok\u00e9mon and Yu-gi-oh - The Uncommon Shop\",\"potentialAction\":[{\"@type\":\"SearchAction\",\"target\":{\"@type\":\"EntryPoint\",\"urlTemplate\":\"https:\\\/\\\/theuncommonshop.ch\\\/en\\\/?s={search_term_string}\"},\"query-input\":{\"@type\":\"PropertyValueSpecification\",\"valueRequired\":true,\"valueName\":\"search_term_string\"}}],\"inLanguage\":\"en-US\"}]}<\/script>\n<meta property=\"og:availability\" content=\"instock\" \/>\n<meta property=\"product:availability\" content=\"instock\" \/>\n<meta property=\"product:retailer_item_id\" content=\"PO.XXV.C.LigaKaDeIntel.DE\" \/>\n<meta property=\"product:condition\" content=\"new\" \/>\n<!-- \/ Yoast SEO plugin. -->","yoast_head_json":{"title":"Buy Pok\u00e9mon - League Kampf Deck - Intelleon V","description":"Shop Pok\u00e9mon - League Kampf Deck - Intelleon V online at great prices now! Your #1 TCG & Pok\u00e9mon card shop in Switzerland \u2713 Free shipping from CHF 29","robots":{"index":"index","follow":"follow","max-snippet":"max-snippet:-1","max-image-preview":"max-image-preview:large","max-video-preview":"max-video-preview:-1"},"canonical":"https:\/\/theuncommonshop.ch\/en\/product\/pokemon-liga-kampf-deck-intelleon-v-3\/","og_locale":"en_US","og_type":"article","og_title":"Buy Pok\u00e9mon - League Kampf Deck - Intelleon V","og_description":"Shop Pok\u00e9mon - League Kampf Deck - Intelleon V online at great prices now! Your #1 TCG & Pok\u00e9mon card shop in Switzerland \u2713 Free shipping from CHF 29","og_url":"https:\/\/theuncommonshop.ch\/en\/product\/pokemon-liga-kampf-deck-intelleon-v-3\/","og_site_name":"The Uncommon Shop","article_modified_time":"2026-03-30T10:30:03+00:00","og_image":[{"width":353,"height":400,"url":"https:\/\/theuncommonshop.ch\/wp-content\/uploads\/2025\/05\/2117130035.jpg","type":"image\/jpeg"}],"twitter_card":"summary_large_image","twitter_misc":{"Availability":"In stock"},"schema":{"@context":"https:\/\/schema.org","@graph":[{"@type":"WebPage","@id":"https:\/\/theuncommonshop.ch\/en\/product\/pokemon-liga-kampf-deck-intelleon-v-3\/","url":"https:\/\/theuncommonshop.ch\/en\/product\/pokemon-liga-kampf-deck-intelleon-v-3\/","name":"Buy Pok\u00e9mon - League Kampf Deck - Intelleon V","isPartOf":{"@id":"https:\/\/theuncommonshop.ch\/en\/#website"},"primaryImageOfPage":{"@id":"https:\/\/theuncommonshop.ch\/en\/product\/pokemon-liga-kampf-deck-intelleon-v-3\/#primaryimage"},"image":{"@id":"https:\/\/theuncommonshop.ch\/en\/product\/pokemon-liga-kampf-deck-intelleon-v-3\/#primaryimage"},"thumbnailUrl":"https:\/\/theuncommonshop.ch\/wp-content\/uploads\/2025\/05\/2117130035.jpg","datePublished":"2025-06-12T10:24:40+00:00","dateModified":"2026-03-30T10:30:03+00:00","description":"Shop Pok\u00e9mon - League Kampf Deck - Intelleon V online at great prices now! Your #1 TCG & Pok\u00e9mon card shop in Switzerland \u2713 Free shipping from CHF 29","breadcrumb":{"@id":"https:\/\/theuncommonshop.ch\/en\/product\/pokemon-liga-kampf-deck-intelleon-v-3\/#breadcrumb"},"inLanguage":"en-US","potentialAction":[{"@type":"ReadAction","target":["https:\/\/theuncommonshop.ch\/en\/product\/pokemon-liga-kampf-deck-intelleon-v-3\/"]}]},{"@type":"ImageObject","inLanguage":"en-US","@id":"https:\/\/theuncommonshop.ch\/en\/product\/pokemon-liga-kampf-deck-intelleon-v-3\/#primaryimage","url":"https:\/\/theuncommonshop.ch\/wp-content\/uploads\/2025\/05\/2117130035.jpg","contentUrl":"https:\/\/theuncommonshop.ch\/wp-content\/uploads\/2025\/05\/2117130035.jpg","width":353,"height":400},{"@type":"BreadcrumbList","@id":"https:\/\/theuncommonshop.ch\/en\/product\/pokemon-liga-kampf-deck-intelleon-v-3\/#breadcrumb","itemListElement":[{"@type":"ListItem","position":1,"name":"Home","item":"https:\/\/theuncommonshop.ch\/en\/home\/"},{"@type":"ListItem","position":2,"name":"Store","item":"https:\/\/theuncommonshop.ch\/en\/store\/"},{"@type":"ListItem","position":3,"name":"Pok\u00e9mon","item":"https:\/\/theuncommonshop.ch\/en\/product-category\/pokemon-en\/"},{"@type":"ListItem","position":4,"name":"Decks","item":"https:\/\/theuncommonshop.ch\/en\/product-category\/pokemon-en\/decks-en\/"},{"@type":"ListItem","position":5,"name":"Pok\u00e9mon &#8211; League Kampf Deck &#8211; Intelleon V"}]},{"@type":"WebSite","@id":"https:\/\/theuncommonshop.ch\/en\/#website","url":"https:\/\/theuncommonshop.ch\/en\/","name":"The Uncommon Shop","description":"Magic, Pok\u00e9mon and Yu-gi-oh - The Uncommon Shop","potentialAction":[{"@type":"SearchAction","target":{"@type":"EntryPoint","urlTemplate":"https:\/\/theuncommonshop.ch\/en\/?s={search_term_string}"},"query-input":{"@type":"PropertyValueSpecification","valueRequired":true,"valueName":"search_term_string"}}],"inLanguage":"en-US"}]},"og_availability":"instock","product_availability":"instock","product_retailer_item_id":"PO.XXV.C.LigaKaDeIntel.DE","product_condition":"new"},"_links":{"self":[{"href":"https:\/\/theuncommonshop.ch\/en\/wp-json\/wp\/v2\/product\/320364","targetHints":{"allow":["GET"]}}],"collection":[{"href":"https:\/\/theuncommonshop.ch\/en\/wp-json\/wp\/v2\/product"}],"about":[{"href":"https:\/\/theuncommonshop.ch\/en\/wp-json\/wp\/v2\/types\/product"}],"replies":[{"embeddable":true,"href":"https:\/\/theuncommonshop.ch\/en\/wp-json\/wp\/v2\/comments?post=320364"}],"version-history":[{"count":0,"href":"https:\/\/theuncommonshop.ch\/en\/wp-json\/wp\/v2\/product\/320364\/revisions"}],"wp:featuredmedia":[{"embeddable":true,"href":"https:\/\/theuncommonshop.ch\/en\/wp-json\/wp\/v2\/media\/19179"}],"wp:attachment":[{"href":"https:\/\/theuncommonshop.ch\/en\/wp-json\/wp\/v2\/media?parent=320364"}],"wp:term":[{"taxonomy":"product_brand","embeddable":true,"href":"https:\/\/theuncommonshop.ch\/en\/wp-json\/wp\/v2\/product_brand?post=320364"},{"taxonomy":"product_cat","embeddable":true,"href":"https:\/\/theuncommonshop.ch\/en\/wp-json\/wp\/v2\/product_cat?post=320364"},{"taxonomy":"product_tag","embeddable":true,"href":"https:\/\/theuncommonshop.ch\/en\/wp-json\/wp\/v2\/product_tag?post=320364"}],"curies":[{"name":"wp","href":"https:\/\/api.w.org\/{rel}","templated":true}]}}