{"id":320212,"date":"2025-06-12T12:40:13","date_gmt":"2025-06-12T12:40:13","guid":{"rendered":"http:\/\/theuncommonshop.ch\/produkt\/320212\/"},"modified":"2026-03-31T15:32:46","modified_gmt":"2026-03-31T13:32:46","slug":"pokemon-karmesin-und-purpur-paldeas-schicksal-sv4-5-premium-kollektion-3","status":"publish","type":"product","link":"https:\/\/theuncommonshop.ch\/en\/product\/pokemon-karmesin-und-purpur-paldeas-schicksal-sv4-5-premium-kollektion-3\/","title":{"rendered":"Pok\u00e9mon &#8211; Karmesin &amp; Purpur &#8211; Paldeas Schicksale (SV4.5) &#8211; Premium Kollektion"},"content":{"rendered":"<p><strong>Revive battles with a Shiny Pok\u00e9mon ex!<\/strong><\/p>\n<div>Catching a Shiny Pok\u00e9mon has always been a rare feat, but in each of these collections, you can add three of these special-colored Pok\u00e9mon to your arsenal! The final Evolution appears as a Shiny Pok\u00e9mon ex, while the Basic and Level 1 Pok\u00e9mon are added as playable promo cards, and you can display the entire Evolutions chain in a magnetic 3-card protector. You&#8217;ll also find an oversized card featuring the Star Pok\u00e9mon ex and a stack of Booster Packs from the Scarlet &amp; Purple-Paldean Fates expansion to further expand your collection!  <\/div>\n<div>Each Pok\u00e9mon TCG: Scarlet &amp; Purple Paldean Fates Pok\u00e9mon ex Premium Collection contains:<\/div>\n<div><\/div>\n<div><\/div>\n<div>&#8211; 1 etched Foil promo card with Shiny Meowscarada ex, Shiny Skeledirge ex, or Shiny Quaquaval ex<\/div>\n<div>&#8211; 1 etched foil promo card with Shiny Floragato, Shiny Crocalor or Shiny Quaxwell<\/div>\n<div>&#8211; 1 advertising card with etched foil with the motifs Shiny Sprigatito, Shiny Fuecoco or Shiny Quaxly<\/div>\n<div>&#8211; 1 oversized Foil card with Shiny Meowscarada ex, Shiny Skeledirge ex or Shiny Quaquaval ex<\/div>\n<div>&#8211; 8 Pok\u00e9mon TCG: Scarlet &amp; Purple Paldean Fates Booster Packs<\/div>\n<div>&#8211; 1 magnetic 3-card protective cover with base<\/div>\n<div>&#8211; A code card for Pok\u00e9mon TCG Live<\/div>\n","protected":false},"excerpt":{"rendered":"<p>Revive battles with a Shiny Pok\u00e9mon ex! Catching a Shiny Pok\u00e9mon has always been a rare feat, but in each<\/p>\n","protected":false},"featured_media":24501,"comment_status":"open","ping_status":"closed","template":"","meta":{"_acf_changed":false},"product_brand":[5115,5073],"product_cat":[9810,9776,10090],"product_tag":[],"class_list":{"0":"post-320212","1":"product","2":"type-product","3":"status-publish","4":"has-post-thumbnail","6":"product_brand-pokemon","7":"product_brand-the-pokemon-company","8":"product_cat-boxes-and-collections-pokemon","9":"product_cat-pokemon-en","10":"product_cat-sv45-paldean-fates","12":"first","13":"instock","14":"taxable","15":"shipping-taxable","16":"purchasable","17":"product-type-variable"},"acf":[],"yoast_head":"<!-- This site is optimized with the Yoast SEO plugin v27.4 - https:\/\/yoast.com\/product\/yoast-seo-wordpress\/ -->\n<title>Buy Pok\u00e9mon - Karmesin &amp; Purpur - Paldeas Schicksale (SV4.5) - Premium Kollektion<\/title>\n<meta name=\"description\" content=\"Shop Pok\u00e9mon - Karmesin &amp; Purpur - Paldeas Schicksale (SV4.5) - Premium Kollektion online at great prices now! Your #1 TCG &amp; Pok\u00e9mon card shop in Switzerland \u2713 Free shipping from CHF 29\" \/>\n<meta name=\"robots\" content=\"index, follow, max-snippet:-1, max-image-preview:large, max-video-preview:-1\" \/>\n<link rel=\"canonical\" href=\"https:\/\/theuncommonshop.ch\/en\/product\/pokemon-karmesin-und-purpur-paldeas-schicksal-sv4-5-premium-kollektion-3\/\" \/>\n<meta property=\"og:locale\" content=\"en_US\" \/>\n<meta property=\"og:type\" content=\"article\" \/>\n<meta property=\"og:title\" content=\"Buy Pok\u00e9mon - Karmesin &amp; Purpur - Paldeas Schicksale (SV4.5) - Premium Kollektion\" \/>\n<meta property=\"og:description\" content=\"Shop Pok\u00e9mon - Karmesin &amp; Purpur - Paldeas Schicksale (SV4.5) - Premium Kollektion online at great prices now! Your #1 TCG &amp; Pok\u00e9mon card shop in Switzerland \u2713 Free shipping from CHF 29\" \/>\n<meta property=\"og:url\" content=\"https:\/\/theuncommonshop.ch\/en\/product\/pokemon-karmesin-und-purpur-paldeas-schicksal-sv4-5-premium-kollektion-3\/\" \/>\n<meta property=\"og:site_name\" content=\"Largest trading card shop in Switzerland\" \/>\n<meta property=\"article:modified_time\" content=\"2026-03-31T13:32:46+00:00\" \/>\n<meta property=\"og:image\" content=\"https:\/\/theuncommonshop.ch\/wp-content\/uploads\/2025\/05\/3984917303.jpg\" \/>\n\t<meta property=\"og:image:width\" content=\"500\" \/>\n\t<meta property=\"og:image:height\" content=\"500\" \/>\n\t<meta property=\"og:image:type\" content=\"image\/jpeg\" \/>\n<meta name=\"twitter:card\" content=\"summary_large_image\" \/>\n<meta name=\"twitter:label1\" content=\"Availability\" \/>\n\t<meta name=\"twitter:data1\" content=\"In stock\" \/>\n<script type=\"application\/ld+json\" class=\"yoast-schema-graph\">{\"@context\":\"https:\\\/\\\/schema.org\",\"@graph\":[{\"@type\":\"WebPage\",\"@id\":\"https:\\\/\\\/theuncommonshop.ch\\\/en\\\/product\\\/pokemon-karmesin-und-purpur-paldeas-schicksal-sv4-5-premium-kollektion-3\\\/\",\"url\":\"https:\\\/\\\/theuncommonshop.ch\\\/en\\\/product\\\/pokemon-karmesin-und-purpur-paldeas-schicksal-sv4-5-premium-kollektion-3\\\/\",\"name\":\"Buy Pok\u00e9mon - Karmesin &amp; Purpur - Paldeas Schicksale (SV4.5) - Premium Kollektion\",\"isPartOf\":{\"@id\":\"https:\\\/\\\/theuncommonshop.ch\\\/#website\"},\"primaryImageOfPage\":{\"@id\":\"https:\\\/\\\/theuncommonshop.ch\\\/en\\\/product\\\/pokemon-karmesin-und-purpur-paldeas-schicksal-sv4-5-premium-kollektion-3\\\/#primaryimage\"},\"image\":{\"@id\":\"https:\\\/\\\/theuncommonshop.ch\\\/en\\\/product\\\/pokemon-karmesin-und-purpur-paldeas-schicksal-sv4-5-premium-kollektion-3\\\/#primaryimage\"},\"thumbnailUrl\":\"https:\\\/\\\/theuncommonshop.ch\\\/wp-content\\\/uploads\\\/2025\\\/05\\\/3984917303.jpg\",\"datePublished\":\"2025-06-12T12:40:13+00:00\",\"dateModified\":\"2026-03-31T13:32:46+00:00\",\"description\":\"Shop Pok\u00e9mon - Karmesin &amp; Purpur - Paldeas Schicksale (SV4.5) - Premium Kollektion online at great prices now! Your #1 TCG & Pok\u00e9mon card shop in Switzerland \u2713 Free shipping from CHF 29\",\"breadcrumb\":{\"@id\":\"https:\\\/\\\/theuncommonshop.ch\\\/en\\\/product\\\/pokemon-karmesin-und-purpur-paldeas-schicksal-sv4-5-premium-kollektion-3\\\/#breadcrumb\"},\"inLanguage\":\"en-US\",\"potentialAction\":[{\"@type\":\"ReadAction\",\"target\":[\"https:\\\/\\\/theuncommonshop.ch\\\/en\\\/product\\\/pokemon-karmesin-und-purpur-paldeas-schicksal-sv4-5-premium-kollektion-3\\\/\"]}]},{\"@type\":\"ImageObject\",\"inLanguage\":\"en-US\",\"@id\":\"https:\\\/\\\/theuncommonshop.ch\\\/en\\\/product\\\/pokemon-karmesin-und-purpur-paldeas-schicksal-sv4-5-premium-kollektion-3\\\/#primaryimage\",\"url\":\"https:\\\/\\\/theuncommonshop.ch\\\/wp-content\\\/uploads\\\/2025\\\/05\\\/3984917303.jpg\",\"contentUrl\":\"https:\\\/\\\/theuncommonshop.ch\\\/wp-content\\\/uploads\\\/2025\\\/05\\\/3984917303.jpg\",\"width\":500,\"height\":500},{\"@type\":\"BreadcrumbList\",\"@id\":\"https:\\\/\\\/theuncommonshop.ch\\\/en\\\/product\\\/pokemon-karmesin-und-purpur-paldeas-schicksal-sv4-5-premium-kollektion-3\\\/#breadcrumb\",\"itemListElement\":[{\"@type\":\"ListItem\",\"position\":1,\"name\":\"Home\",\"item\":\"https:\\\/\\\/theuncommonshop.ch\\\/en\\\/home\\\/\"},{\"@type\":\"ListItem\",\"position\":2,\"name\":\"Store\",\"item\":\"https:\\\/\\\/theuncommonshop.ch\\\/en\\\/store\\\/\"},{\"@type\":\"ListItem\",\"position\":3,\"name\":\"Pok\u00e9mon\",\"item\":\"https:\\\/\\\/theuncommonshop.ch\\\/produktkategorie\\\/pokemon\\\/\"},{\"@type\":\"ListItem\",\"position\":4,\"name\":\"Produkte nach Sets\",\"item\":\"https:\\\/\\\/theuncommonshop.ch\\\/produktkategorie\\\/pokemon\\\/produkte-nach-sets\\\/\"},{\"@type\":\"ListItem\",\"position\":5,\"name\":\"Karmesin & Purpur\",\"item\":\"https:\\\/\\\/theuncommonshop.ch\\\/produktkategorie\\\/pokemon\\\/produkte-nach-sets\\\/karmesin-und-purpur-aera\\\/\"},{\"@type\":\"ListItem\",\"position\":6,\"name\":\"SV4.5 Paldeas Schicksal\",\"item\":\"https:\\\/\\\/theuncommonshop.ch\\\/produktkategorie\\\/pokemon\\\/produkte-nach-sets\\\/karmesin-und-purpur-aera\\\/sv4-5-paldean-fates\\\/\"},{\"@type\":\"ListItem\",\"position\":7,\"name\":\"Pok\u00e9mon &#8211; Karmesin &amp; Purpur &#8211; Paldeas Schicksale (SV4.5) &#8211; Premium Kollektion\"}]},{\"@type\":\"WebSite\",\"@id\":\"https:\\\/\\\/theuncommonshop.ch\\\/#website\",\"url\":\"https:\\\/\\\/theuncommonshop.ch\\\/\",\"name\":\"Largest trading card shop in Switzerland\",\"description\":\"Magic, Pok\u00e9mon and Yu-gi-oh - The Uncommon Shop\",\"potentialAction\":[{\"@type\":\"SearchAction\",\"target\":{\"@type\":\"EntryPoint\",\"urlTemplate\":\"https:\\\/\\\/theuncommonshop.ch\\\/?s={search_term_string}\"},\"query-input\":{\"@type\":\"PropertyValueSpecification\",\"valueRequired\":true,\"valueName\":\"search_term_string\"}}],\"inLanguage\":\"en-US\"}]}<\/script>\n<meta property=\"og:availability\" content=\"instock\" \/>\n<meta property=\"product:availability\" content=\"instock\" \/>\n<meta property=\"product:retailer_item_id\" content=\"PO.XXVIII.F.PAFpremKoll.DE\" \/>\n<meta property=\"product:condition\" content=\"new\" \/>\n<!-- \/ Yoast SEO plugin. -->","yoast_head_json":{"title":"Buy Pok\u00e9mon - Karmesin &amp; Purpur - Paldeas Schicksale (SV4.5) - Premium Kollektion","description":"Shop Pok\u00e9mon - Karmesin &amp; Purpur - Paldeas Schicksale (SV4.5) - Premium Kollektion online at great prices now! Your #1 TCG & Pok\u00e9mon card shop in Switzerland \u2713 Free shipping from CHF 29","robots":{"index":"index","follow":"follow","max-snippet":"max-snippet:-1","max-image-preview":"max-image-preview:large","max-video-preview":"max-video-preview:-1"},"canonical":"https:\/\/theuncommonshop.ch\/en\/product\/pokemon-karmesin-und-purpur-paldeas-schicksal-sv4-5-premium-kollektion-3\/","og_locale":"en_US","og_type":"article","og_title":"Buy Pok\u00e9mon - Karmesin &amp; Purpur - Paldeas Schicksale (SV4.5) - Premium Kollektion","og_description":"Shop Pok\u00e9mon - Karmesin &amp; Purpur - Paldeas Schicksale (SV4.5) - Premium Kollektion online at great prices now! Your #1 TCG & Pok\u00e9mon card shop in Switzerland \u2713 Free shipping from CHF 29","og_url":"https:\/\/theuncommonshop.ch\/en\/product\/pokemon-karmesin-und-purpur-paldeas-schicksal-sv4-5-premium-kollektion-3\/","og_site_name":"Largest trading card shop in Switzerland","article_modified_time":"2026-03-31T13:32:46+00:00","og_image":[{"width":500,"height":500,"url":"https:\/\/theuncommonshop.ch\/wp-content\/uploads\/2025\/05\/3984917303.jpg","type":"image\/jpeg"}],"twitter_card":"summary_large_image","twitter_misc":{"Availability":"In stock"},"schema":{"@context":"https:\/\/schema.org","@graph":[{"@type":"WebPage","@id":"https:\/\/theuncommonshop.ch\/en\/product\/pokemon-karmesin-und-purpur-paldeas-schicksal-sv4-5-premium-kollektion-3\/","url":"https:\/\/theuncommonshop.ch\/en\/product\/pokemon-karmesin-und-purpur-paldeas-schicksal-sv4-5-premium-kollektion-3\/","name":"Buy Pok\u00e9mon - Karmesin &amp; Purpur - Paldeas Schicksale (SV4.5) - Premium Kollektion","isPartOf":{"@id":"https:\/\/theuncommonshop.ch\/#website"},"primaryImageOfPage":{"@id":"https:\/\/theuncommonshop.ch\/en\/product\/pokemon-karmesin-und-purpur-paldeas-schicksal-sv4-5-premium-kollektion-3\/#primaryimage"},"image":{"@id":"https:\/\/theuncommonshop.ch\/en\/product\/pokemon-karmesin-und-purpur-paldeas-schicksal-sv4-5-premium-kollektion-3\/#primaryimage"},"thumbnailUrl":"https:\/\/theuncommonshop.ch\/wp-content\/uploads\/2025\/05\/3984917303.jpg","datePublished":"2025-06-12T12:40:13+00:00","dateModified":"2026-03-31T13:32:46+00:00","description":"Shop Pok\u00e9mon - Karmesin &amp; Purpur - Paldeas Schicksale (SV4.5) - Premium Kollektion online at great prices now! Your #1 TCG & Pok\u00e9mon card shop in Switzerland \u2713 Free shipping from CHF 29","breadcrumb":{"@id":"https:\/\/theuncommonshop.ch\/en\/product\/pokemon-karmesin-und-purpur-paldeas-schicksal-sv4-5-premium-kollektion-3\/#breadcrumb"},"inLanguage":"en-US","potentialAction":[{"@type":"ReadAction","target":["https:\/\/theuncommonshop.ch\/en\/product\/pokemon-karmesin-und-purpur-paldeas-schicksal-sv4-5-premium-kollektion-3\/"]}]},{"@type":"ImageObject","inLanguage":"en-US","@id":"https:\/\/theuncommonshop.ch\/en\/product\/pokemon-karmesin-und-purpur-paldeas-schicksal-sv4-5-premium-kollektion-3\/#primaryimage","url":"https:\/\/theuncommonshop.ch\/wp-content\/uploads\/2025\/05\/3984917303.jpg","contentUrl":"https:\/\/theuncommonshop.ch\/wp-content\/uploads\/2025\/05\/3984917303.jpg","width":500,"height":500},{"@type":"BreadcrumbList","@id":"https:\/\/theuncommonshop.ch\/en\/product\/pokemon-karmesin-und-purpur-paldeas-schicksal-sv4-5-premium-kollektion-3\/#breadcrumb","itemListElement":[{"@type":"ListItem","position":1,"name":"Home","item":"https:\/\/theuncommonshop.ch\/en\/home\/"},{"@type":"ListItem","position":2,"name":"Store","item":"https:\/\/theuncommonshop.ch\/en\/store\/"},{"@type":"ListItem","position":3,"name":"Pok\u00e9mon","item":"https:\/\/theuncommonshop.ch\/produktkategorie\/pokemon\/"},{"@type":"ListItem","position":4,"name":"Produkte nach Sets","item":"https:\/\/theuncommonshop.ch\/produktkategorie\/pokemon\/produkte-nach-sets\/"},{"@type":"ListItem","position":5,"name":"Karmesin & Purpur","item":"https:\/\/theuncommonshop.ch\/produktkategorie\/pokemon\/produkte-nach-sets\/karmesin-und-purpur-aera\/"},{"@type":"ListItem","position":6,"name":"SV4.5 Paldeas Schicksal","item":"https:\/\/theuncommonshop.ch\/produktkategorie\/pokemon\/produkte-nach-sets\/karmesin-und-purpur-aera\/sv4-5-paldean-fates\/"},{"@type":"ListItem","position":7,"name":"Pok\u00e9mon &#8211; Karmesin &amp; Purpur &#8211; Paldeas Schicksale (SV4.5) &#8211; Premium Kollektion"}]},{"@type":"WebSite","@id":"https:\/\/theuncommonshop.ch\/#website","url":"https:\/\/theuncommonshop.ch\/","name":"Largest trading card shop in Switzerland","description":"Magic, Pok\u00e9mon and Yu-gi-oh - The Uncommon Shop","potentialAction":[{"@type":"SearchAction","target":{"@type":"EntryPoint","urlTemplate":"https:\/\/theuncommonshop.ch\/?s={search_term_string}"},"query-input":{"@type":"PropertyValueSpecification","valueRequired":true,"valueName":"search_term_string"}}],"inLanguage":"en-US"}]},"og_availability":"instock","product_availability":"instock","product_retailer_item_id":"PO.XXVIII.F.PAFpremKoll.DE","product_condition":"new"},"_links":{"self":[{"href":"https:\/\/theuncommonshop.ch\/en\/wp-json\/wp\/v2\/product\/320212","targetHints":{"allow":["GET"]}}],"collection":[{"href":"https:\/\/theuncommonshop.ch\/en\/wp-json\/wp\/v2\/product"}],"about":[{"href":"https:\/\/theuncommonshop.ch\/en\/wp-json\/wp\/v2\/types\/product"}],"replies":[{"embeddable":true,"href":"https:\/\/theuncommonshop.ch\/en\/wp-json\/wp\/v2\/comments?post=320212"}],"version-history":[{"count":2,"href":"https:\/\/theuncommonshop.ch\/en\/wp-json\/wp\/v2\/product\/320212\/revisions"}],"predecessor-version":[{"id":357853,"href":"https:\/\/theuncommonshop.ch\/en\/wp-json\/wp\/v2\/product\/320212\/revisions\/357853"}],"wp:featuredmedia":[{"embeddable":true,"href":"https:\/\/theuncommonshop.ch\/en\/wp-json\/wp\/v2\/media\/24501"}],"wp:attachment":[{"href":"https:\/\/theuncommonshop.ch\/en\/wp-json\/wp\/v2\/media?parent=320212"}],"wp:term":[{"taxonomy":"product_brand","embeddable":true,"href":"https:\/\/theuncommonshop.ch\/en\/wp-json\/wp\/v2\/product_brand?post=320212"},{"taxonomy":"product_cat","embeddable":true,"href":"https:\/\/theuncommonshop.ch\/en\/wp-json\/wp\/v2\/product_cat?post=320212"},{"taxonomy":"product_tag","embeddable":true,"href":"https:\/\/theuncommonshop.ch\/en\/wp-json\/wp\/v2\/product_tag?post=320212"}],"curies":[{"name":"wp","href":"https:\/\/api.w.org\/{rel}","templated":true}]}}