{"id":319580,"date":"2025-06-12T11:55:35","date_gmt":"2025-06-12T09:55:35","guid":{"rendered":"http:\/\/theuncommonshop.ch\/produkt\/319580\/"},"modified":"2026-03-29T12:00:49","modified_gmt":"2026-03-29T10:00:49","slug":"pokemon-hoopa-v-kollektion-3","status":"publish","type":"product","link":"https:\/\/theuncommonshop.ch\/en\/product\/pokemon-hoopa-v-kollektion-3\/","title":{"rendered":"Pok\u00e9mon &#8211; Hoopa V Collection"},"content":{"rendered":"<p><strong>Pok\u00e9mon Hoopa V Collection<\/strong><\/p>\n<p>The Mysterious Pok\u00e9mon Hoopa has arrived as a powerful Pok\u00e9mon-V, ready to juggle rings, unlock dimensions and find a place in your collection!<\/p>\n<p>The Pok\u00e9mon Trading Card Game&#8217;s Hoopa-V Collection features Fusionsangriff Hoopa-V, whose Two-Faced Ability transforms it into a Psychic- and Dark-type Pok\u00e9mon while it&#8217;s in play (it&#8217;s normally just a Dark-type Pok\u00e9mon).<\/p>\n<p>When it&#8217;s time for Hoopa-V to use an attack, its Shadow Strike deals 170 damage, but you must put three damage counters on one of your Pok\u00e9mon in return.<\/p>\n<p>In case Hoopa-V alone isn&#8217;t enough, this set also includes an oversized version of Hoopa-V that makes a great display piece. You&#8217;ll also get four booster packs of the Pok\u00e9mon trading card game to bolster your deck. If you want to make a lasting impression, get Hoopa-V for your next deck and let a little magic flow into your attacks!  <\/p>\n<p><strong>The Hoopa-V collection of the Pok\u00e9mon trading card game contains:<\/strong><\/p>\n<ul>\n<li>1 holographic card with Hoopa-V<\/li>\n<li>1 oversized card with Hoopa-V to display<\/li>\n<li>4 booster packs of the Pok\u00e9mon trading card game (1x Dragonwalk, 1x Kampfstile, 2x Fusion Attack)<\/li>\n<li>1 code card for the Pok\u00e9mon trading card game online<\/li>\n<\/ul>\n","protected":false},"excerpt":{"rendered":"<p>Pok\u00e9mon Hoopa V Collection The Mysterious Pok\u00e9mon Hoopa has arrived as a powerful Pok\u00e9mon-V, ready to juggle rings, unlock dimensions<\/p>\n","protected":false},"featured_media":22494,"comment_status":"open","ping_status":"closed","template":"","meta":{"_acf_changed":false},"product_brand":[5115,5073],"product_cat":[9810,9776,10122],"product_tag":[],"class_list":{"0":"post-319580","1":"product","2":"type-product","3":"status-publish","4":"has-post-thumbnail","6":"product_brand-pokemon","7":"product_brand-the-pokemon-company","8":"product_cat-boxes-and-collections-pokemon","9":"product_cat-pokemon-en","10":"product_cat-swsh05-battle-styles-en","12":"first","13":"instock","14":"taxable","15":"shipping-taxable","16":"purchasable","17":"product-type-variable"},"acf":[],"yoast_head":"<!-- This site is optimized with the Yoast SEO plugin v27.4 - https:\/\/yoast.com\/product\/yoast-seo-wordpress\/ -->\n<title>Buy Pok\u00e9mon - Hoopa V Collection<\/title>\n<meta name=\"description\" content=\"Shop Pok\u00e9mon - Hoopa V Collection online at great prices now! Your #1 TCG &amp; Pok\u00e9mon card shop in Switzerland \u2713 Free shipping from CHF 29\" \/>\n<meta name=\"robots\" content=\"index, follow, max-snippet:-1, max-image-preview:large, max-video-preview:-1\" \/>\n<link rel=\"canonical\" href=\"https:\/\/theuncommonshop.ch\/en\/product\/pokemon-hoopa-v-kollektion-3\/\" \/>\n<meta property=\"og:locale\" content=\"en_US\" \/>\n<meta property=\"og:type\" content=\"article\" \/>\n<meta property=\"og:title\" content=\"Buy Pok\u00e9mon - Hoopa V Collection\" \/>\n<meta property=\"og:description\" content=\"Shop Pok\u00e9mon - Hoopa V Collection online at great prices now! Your #1 TCG &amp; Pok\u00e9mon card shop in Switzerland \u2713 Free shipping from CHF 29\" \/>\n<meta property=\"og:url\" content=\"https:\/\/theuncommonshop.ch\/en\/product\/pokemon-hoopa-v-kollektion-3\/\" \/>\n<meta property=\"og:site_name\" content=\"The Uncommon Shop\" \/>\n<meta property=\"article:modified_time\" content=\"2026-03-29T10:00:49+00:00\" \/>\n<meta property=\"og:image\" content=\"https:\/\/theuncommonshop.ch\/wp-content\/uploads\/2025\/05\/2531162632.jpg\" \/>\n\t<meta property=\"og:image:width\" content=\"852\" \/>\n\t<meta property=\"og:image:height\" content=\"800\" \/>\n\t<meta property=\"og:image:type\" content=\"image\/jpeg\" \/>\n<meta name=\"twitter:card\" content=\"summary_large_image\" \/>\n<meta name=\"twitter:label1\" content=\"Availability\" \/>\n\t<meta name=\"twitter:data1\" content=\"In stock\" \/>\n<script type=\"application\/ld+json\" class=\"yoast-schema-graph\">{\"@context\":\"https:\\\/\\\/schema.org\",\"@graph\":[{\"@type\":\"WebPage\",\"@id\":\"https:\\\/\\\/theuncommonshop.ch\\\/en\\\/product\\\/pokemon-hoopa-v-kollektion-3\\\/\",\"url\":\"https:\\\/\\\/theuncommonshop.ch\\\/en\\\/product\\\/pokemon-hoopa-v-kollektion-3\\\/\",\"name\":\"Buy Pok\u00e9mon - Hoopa V Collection\",\"isPartOf\":{\"@id\":\"https:\\\/\\\/theuncommonshop.ch\\\/en\\\/#website\"},\"primaryImageOfPage\":{\"@id\":\"https:\\\/\\\/theuncommonshop.ch\\\/en\\\/product\\\/pokemon-hoopa-v-kollektion-3\\\/#primaryimage\"},\"image\":{\"@id\":\"https:\\\/\\\/theuncommonshop.ch\\\/en\\\/product\\\/pokemon-hoopa-v-kollektion-3\\\/#primaryimage\"},\"thumbnailUrl\":\"https:\\\/\\\/theuncommonshop.ch\\\/wp-content\\\/uploads\\\/2025\\\/05\\\/2531162632.jpg\",\"datePublished\":\"2025-06-12T09:55:35+00:00\",\"dateModified\":\"2026-03-29T10:00:49+00:00\",\"description\":\"Shop Pok\u00e9mon - Hoopa V Collection online at great prices now! Your #1 TCG & Pok\u00e9mon card shop in Switzerland \u2713 Free shipping from CHF 29\",\"breadcrumb\":{\"@id\":\"https:\\\/\\\/theuncommonshop.ch\\\/en\\\/product\\\/pokemon-hoopa-v-kollektion-3\\\/#breadcrumb\"},\"inLanguage\":\"en-US\",\"potentialAction\":[{\"@type\":\"ReadAction\",\"target\":[\"https:\\\/\\\/theuncommonshop.ch\\\/en\\\/product\\\/pokemon-hoopa-v-kollektion-3\\\/\"]}]},{\"@type\":\"ImageObject\",\"inLanguage\":\"en-US\",\"@id\":\"https:\\\/\\\/theuncommonshop.ch\\\/en\\\/product\\\/pokemon-hoopa-v-kollektion-3\\\/#primaryimage\",\"url\":\"https:\\\/\\\/theuncommonshop.ch\\\/wp-content\\\/uploads\\\/2025\\\/05\\\/2531162632.jpg\",\"contentUrl\":\"https:\\\/\\\/theuncommonshop.ch\\\/wp-content\\\/uploads\\\/2025\\\/05\\\/2531162632.jpg\",\"width\":852,\"height\":800},{\"@type\":\"BreadcrumbList\",\"@id\":\"https:\\\/\\\/theuncommonshop.ch\\\/en\\\/product\\\/pokemon-hoopa-v-kollektion-3\\\/#breadcrumb\",\"itemListElement\":[{\"@type\":\"ListItem\",\"position\":1,\"name\":\"Home\",\"item\":\"https:\\\/\\\/theuncommonshop.ch\\\/en\\\/home\\\/\"},{\"@type\":\"ListItem\",\"position\":2,\"name\":\"Store\",\"item\":\"https:\\\/\\\/theuncommonshop.ch\\\/en\\\/store\\\/\"},{\"@type\":\"ListItem\",\"position\":3,\"name\":\"Pok\u00e9mon\",\"item\":\"https:\\\/\\\/theuncommonshop.ch\\\/en\\\/product-category\\\/pokemon-en\\\/\"},{\"@type\":\"ListItem\",\"position\":4,\"name\":\"Products by Sets\",\"item\":\"https:\\\/\\\/theuncommonshop.ch\\\/en\\\/product-category\\\/pokemon-en\\\/products-by-sets\\\/\"},{\"@type\":\"ListItem\",\"position\":5,\"name\":\"Sword & Shield\",\"item\":\"https:\\\/\\\/theuncommonshop.ch\\\/en\\\/product-category\\\/pokemon-en\\\/products-by-sets\\\/sword-and-shield\\\/\"},{\"@type\":\"ListItem\",\"position\":6,\"name\":\"SWSH05 Battle Styles\",\"item\":\"https:\\\/\\\/theuncommonshop.ch\\\/en\\\/product-category\\\/pokemon-en\\\/products-by-sets\\\/sword-and-shield\\\/swsh05-battle-styles-en\\\/\"},{\"@type\":\"ListItem\",\"position\":7,\"name\":\"Pok\u00e9mon &#8211; Hoopa V Collection\"}]},{\"@type\":\"WebSite\",\"@id\":\"https:\\\/\\\/theuncommonshop.ch\\\/en\\\/#website\",\"url\":\"https:\\\/\\\/theuncommonshop.ch\\\/en\\\/\",\"name\":\"The Uncommon Shop\",\"description\":\"Magic, Pok\u00e9mon and Yu-gi-oh - The Uncommon Shop\",\"potentialAction\":[{\"@type\":\"SearchAction\",\"target\":{\"@type\":\"EntryPoint\",\"urlTemplate\":\"https:\\\/\\\/theuncommonshop.ch\\\/en\\\/?s={search_term_string}\"},\"query-input\":{\"@type\":\"PropertyValueSpecification\",\"valueRequired\":true,\"valueName\":\"search_term_string\"}}],\"inLanguage\":\"en-US\"}]}<\/script>\n<meta property=\"og:availability\" content=\"instock\" \/>\n<meta property=\"product:availability\" content=\"instock\" \/>\n<meta property=\"product:retailer_item_id\" content=\"PO.XXXI.F.HoopaVKoll.DE\" \/>\n<meta property=\"product:condition\" content=\"new\" \/>\n<!-- \/ Yoast SEO plugin. -->","yoast_head_json":{"title":"Buy Pok\u00e9mon - Hoopa V Collection","description":"Shop Pok\u00e9mon - Hoopa V Collection online at great prices now! Your #1 TCG & Pok\u00e9mon card shop in Switzerland \u2713 Free shipping from CHF 29","robots":{"index":"index","follow":"follow","max-snippet":"max-snippet:-1","max-image-preview":"max-image-preview:large","max-video-preview":"max-video-preview:-1"},"canonical":"https:\/\/theuncommonshop.ch\/en\/product\/pokemon-hoopa-v-kollektion-3\/","og_locale":"en_US","og_type":"article","og_title":"Buy Pok\u00e9mon - Hoopa V Collection","og_description":"Shop Pok\u00e9mon - Hoopa V Collection online at great prices now! Your #1 TCG & Pok\u00e9mon card shop in Switzerland \u2713 Free shipping from CHF 29","og_url":"https:\/\/theuncommonshop.ch\/en\/product\/pokemon-hoopa-v-kollektion-3\/","og_site_name":"The Uncommon Shop","article_modified_time":"2026-03-29T10:00:49+00:00","og_image":[{"width":852,"height":800,"url":"https:\/\/theuncommonshop.ch\/wp-content\/uploads\/2025\/05\/2531162632.jpg","type":"image\/jpeg"}],"twitter_card":"summary_large_image","twitter_misc":{"Availability":"In stock"},"schema":{"@context":"https:\/\/schema.org","@graph":[{"@type":"WebPage","@id":"https:\/\/theuncommonshop.ch\/en\/product\/pokemon-hoopa-v-kollektion-3\/","url":"https:\/\/theuncommonshop.ch\/en\/product\/pokemon-hoopa-v-kollektion-3\/","name":"Buy Pok\u00e9mon - Hoopa V Collection","isPartOf":{"@id":"https:\/\/theuncommonshop.ch\/en\/#website"},"primaryImageOfPage":{"@id":"https:\/\/theuncommonshop.ch\/en\/product\/pokemon-hoopa-v-kollektion-3\/#primaryimage"},"image":{"@id":"https:\/\/theuncommonshop.ch\/en\/product\/pokemon-hoopa-v-kollektion-3\/#primaryimage"},"thumbnailUrl":"https:\/\/theuncommonshop.ch\/wp-content\/uploads\/2025\/05\/2531162632.jpg","datePublished":"2025-06-12T09:55:35+00:00","dateModified":"2026-03-29T10:00:49+00:00","description":"Shop Pok\u00e9mon - Hoopa V Collection online at great prices now! Your #1 TCG & Pok\u00e9mon card shop in Switzerland \u2713 Free shipping from CHF 29","breadcrumb":{"@id":"https:\/\/theuncommonshop.ch\/en\/product\/pokemon-hoopa-v-kollektion-3\/#breadcrumb"},"inLanguage":"en-US","potentialAction":[{"@type":"ReadAction","target":["https:\/\/theuncommonshop.ch\/en\/product\/pokemon-hoopa-v-kollektion-3\/"]}]},{"@type":"ImageObject","inLanguage":"en-US","@id":"https:\/\/theuncommonshop.ch\/en\/product\/pokemon-hoopa-v-kollektion-3\/#primaryimage","url":"https:\/\/theuncommonshop.ch\/wp-content\/uploads\/2025\/05\/2531162632.jpg","contentUrl":"https:\/\/theuncommonshop.ch\/wp-content\/uploads\/2025\/05\/2531162632.jpg","width":852,"height":800},{"@type":"BreadcrumbList","@id":"https:\/\/theuncommonshop.ch\/en\/product\/pokemon-hoopa-v-kollektion-3\/#breadcrumb","itemListElement":[{"@type":"ListItem","position":1,"name":"Home","item":"https:\/\/theuncommonshop.ch\/en\/home\/"},{"@type":"ListItem","position":2,"name":"Store","item":"https:\/\/theuncommonshop.ch\/en\/store\/"},{"@type":"ListItem","position":3,"name":"Pok\u00e9mon","item":"https:\/\/theuncommonshop.ch\/en\/product-category\/pokemon-en\/"},{"@type":"ListItem","position":4,"name":"Products by Sets","item":"https:\/\/theuncommonshop.ch\/en\/product-category\/pokemon-en\/products-by-sets\/"},{"@type":"ListItem","position":5,"name":"Sword & Shield","item":"https:\/\/theuncommonshop.ch\/en\/product-category\/pokemon-en\/products-by-sets\/sword-and-shield\/"},{"@type":"ListItem","position":6,"name":"SWSH05 Battle Styles","item":"https:\/\/theuncommonshop.ch\/en\/product-category\/pokemon-en\/products-by-sets\/sword-and-shield\/swsh05-battle-styles-en\/"},{"@type":"ListItem","position":7,"name":"Pok\u00e9mon &#8211; Hoopa V Collection"}]},{"@type":"WebSite","@id":"https:\/\/theuncommonshop.ch\/en\/#website","url":"https:\/\/theuncommonshop.ch\/en\/","name":"The Uncommon Shop","description":"Magic, Pok\u00e9mon and Yu-gi-oh - The Uncommon Shop","potentialAction":[{"@type":"SearchAction","target":{"@type":"EntryPoint","urlTemplate":"https:\/\/theuncommonshop.ch\/en\/?s={search_term_string}"},"query-input":{"@type":"PropertyValueSpecification","valueRequired":true,"valueName":"search_term_string"}}],"inLanguage":"en-US"}]},"og_availability":"instock","product_availability":"instock","product_retailer_item_id":"PO.XXXI.F.HoopaVKoll.DE","product_condition":"new"},"_links":{"self":[{"href":"https:\/\/theuncommonshop.ch\/en\/wp-json\/wp\/v2\/product\/319580","targetHints":{"allow":["GET"]}}],"collection":[{"href":"https:\/\/theuncommonshop.ch\/en\/wp-json\/wp\/v2\/product"}],"about":[{"href":"https:\/\/theuncommonshop.ch\/en\/wp-json\/wp\/v2\/types\/product"}],"replies":[{"embeddable":true,"href":"https:\/\/theuncommonshop.ch\/en\/wp-json\/wp\/v2\/comments?post=319580"}],"version-history":[{"count":0,"href":"https:\/\/theuncommonshop.ch\/en\/wp-json\/wp\/v2\/product\/319580\/revisions"}],"wp:featuredmedia":[{"embeddable":true,"href":"https:\/\/theuncommonshop.ch\/en\/wp-json\/wp\/v2\/media\/22494"}],"wp:attachment":[{"href":"https:\/\/theuncommonshop.ch\/en\/wp-json\/wp\/v2\/media?parent=319580"}],"wp:term":[{"taxonomy":"product_brand","embeddable":true,"href":"https:\/\/theuncommonshop.ch\/en\/wp-json\/wp\/v2\/product_brand?post=319580"},{"taxonomy":"product_cat","embeddable":true,"href":"https:\/\/theuncommonshop.ch\/en\/wp-json\/wp\/v2\/product_cat?post=319580"},{"taxonomy":"product_tag","embeddable":true,"href":"https:\/\/theuncommonshop.ch\/en\/wp-json\/wp\/v2\/product_tag?post=319580"}],"curies":[{"name":"wp","href":"https:\/\/api.w.org\/{rel}","templated":true}]}}