{"id":319467,"date":"2025-06-12T11:42:35","date_gmt":"2025-06-12T11:42:35","guid":{"rendered":"http:\/\/theuncommonshop.ch\/produkt\/319467\/"},"modified":"2026-03-29T11:25:18","modified_gmt":"2026-03-29T09:25:18","slug":"pokemon-hisui-zoroark-vstar-premium-kollektion-3","status":"publish","type":"product","link":"https:\/\/theuncommonshop.ch\/en\/product\/pokemon-hisui-zoroark-vstar-premium-kollektion-3\/","title":{"rendered":"Pok\u00e9mon &#8211; Hisui Zoroark VSTAR &#8211; Premium Kollektion"},"content":{"rendered":"<div><strong>Unleash a ticking curse &#8211; with Hisuian Zoroark VSTAR!<\/strong><\/div>\n<div>The Hisuian Zoroark is full of malice and cunning and uses illusions to confuse his opponents and play tricks on them,<\/div>\n<div>But it becomes an invaluable ally once you gain its trust. This premium collection is just what you need to get Hisuian Zoroark on your side as Pok\u00e9mon VSTAR, along with a copy of Hisui Zoroark V to get it into the game faster. You&#8217;ll also find an oversized version of Hisui Zoroark VSTAR suitable for display, a set of Pok\u00e9mon TCG Booster Packs, and more!  <\/div>\n<p>&nbsp;<\/p>\n<div><strong>The Pok\u00e9mon TCG: Hisuian Zoroark VSTAR Premium Collection contains:<\/strong><\/div>\n<ul>\n<li>1 Etched foil card with Hisui Zoroark VSTAR<\/li>\n<li>1 Etched Foil card with Hisui Zoroark V<\/li>\n<li>1 oversized foil card with Hisui Zoroark VSTAR<\/li>\n<li>5 Pok\u00e9mon TCG Booster Packs<\/li>\n<li>1 colorful Hisui Zoroark pin<\/li>\n<li>1 large metal coin<\/li>\n<li>1 acrylic VSTAR marker<\/li>\n<li>A code card for Pok\u00e9mon TCG Live<\/li>\n<\/ul>\n","protected":false},"excerpt":{"rendered":"<p>Unleash a ticking curse &#8211; with Hisuian Zoroark VSTAR! The Hisuian Zoroark is full of malice and cunning and uses<\/p>\n","protected":false},"featured_media":21973,"comment_status":"open","ping_status":"closed","template":"","meta":{"_acf_changed":false},"product_brand":[5115,5073],"product_cat":[9810,9776],"product_tag":[],"class_list":{"0":"post-319467","1":"product","2":"type-product","3":"status-publish","4":"has-post-thumbnail","6":"product_brand-pokemon","7":"product_brand-the-pokemon-company","8":"product_cat-boxes-and-collections-pokemon","9":"product_cat-pokemon-en","11":"first","12":"outofstock","13":"taxable","14":"shipping-taxable","15":"purchasable","16":"product-type-variable"},"acf":[],"yoast_head":"<!-- This site is optimized with the Yoast SEO plugin v27.4 - https:\/\/yoast.com\/product\/yoast-seo-wordpress\/ -->\n<title>Buy Pok\u00e9mon - Hisui Zoroark VSTAR - Premium Kollektion<\/title>\n<meta name=\"description\" content=\"Shop Pok\u00e9mon - Hisui Zoroark VSTAR - Premium Kollektion online at great prices now! Your #1 TCG &amp; Pok\u00e9mon card shop in Switzerland \u2713 Free shipping from CHF 29\" \/>\n<meta name=\"robots\" content=\"index, follow, max-snippet:-1, max-image-preview:large, max-video-preview:-1\" \/>\n<link rel=\"canonical\" href=\"https:\/\/theuncommonshop.ch\/en\/product\/pokemon-hisui-zoroark-vstar-premium-kollektion-3\/\" \/>\n<meta property=\"og:locale\" content=\"en_US\" \/>\n<meta property=\"og:type\" content=\"article\" \/>\n<meta property=\"og:title\" content=\"Buy Pok\u00e9mon - Hisui Zoroark VSTAR - Premium Kollektion\" \/>\n<meta property=\"og:description\" content=\"Shop Pok\u00e9mon - Hisui Zoroark VSTAR - Premium Kollektion online at great prices now! Your #1 TCG &amp; Pok\u00e9mon card shop in Switzerland \u2713 Free shipping from CHF 29\" \/>\n<meta property=\"og:url\" content=\"https:\/\/theuncommonshop.ch\/en\/product\/pokemon-hisui-zoroark-vstar-premium-kollektion-3\/\" \/>\n<meta property=\"og:site_name\" content=\"Largest trading card shop in Switzerland\" \/>\n<meta property=\"article:modified_time\" content=\"2026-03-29T09:25:18+00:00\" \/>\n<meta property=\"og:image\" content=\"https:\/\/theuncommonshop.ch\/wp-content\/uploads\/2025\/05\/4721479964.jpg\" \/>\n\t<meta property=\"og:image:width\" content=\"701\" \/>\n\t<meta property=\"og:image:height\" content=\"600\" \/>\n\t<meta property=\"og:image:type\" content=\"image\/jpeg\" \/>\n<meta name=\"twitter:card\" content=\"summary_large_image\" \/>\n<meta name=\"twitter:label1\" content=\"Availability\" \/>\n\t<meta name=\"twitter:data1\" content=\"Out of stock\" \/>\n<script type=\"application\/ld+json\" class=\"yoast-schema-graph\">{\"@context\":\"https:\\\/\\\/schema.org\",\"@graph\":[{\"@type\":\"WebPage\",\"@id\":\"https:\\\/\\\/theuncommonshop.ch\\\/en\\\/product\\\/pokemon-hisui-zoroark-vstar-premium-kollektion-3\\\/\",\"url\":\"https:\\\/\\\/theuncommonshop.ch\\\/en\\\/product\\\/pokemon-hisui-zoroark-vstar-premium-kollektion-3\\\/\",\"name\":\"Buy Pok\u00e9mon - Hisui Zoroark VSTAR - Premium Kollektion\",\"isPartOf\":{\"@id\":\"https:\\\/\\\/theuncommonshop.ch\\\/#website\"},\"primaryImageOfPage\":{\"@id\":\"https:\\\/\\\/theuncommonshop.ch\\\/en\\\/product\\\/pokemon-hisui-zoroark-vstar-premium-kollektion-3\\\/#primaryimage\"},\"image\":{\"@id\":\"https:\\\/\\\/theuncommonshop.ch\\\/en\\\/product\\\/pokemon-hisui-zoroark-vstar-premium-kollektion-3\\\/#primaryimage\"},\"thumbnailUrl\":\"https:\\\/\\\/theuncommonshop.ch\\\/wp-content\\\/uploads\\\/2025\\\/05\\\/4721479964.jpg\",\"datePublished\":\"2025-06-12T11:42:35+00:00\",\"dateModified\":\"2026-03-29T09:25:18+00:00\",\"description\":\"Shop Pok\u00e9mon - Hisui Zoroark VSTAR - Premium Kollektion online at great prices now! Your #1 TCG & Pok\u00e9mon card shop in Switzerland \u2713 Free shipping from CHF 29\",\"breadcrumb\":{\"@id\":\"https:\\\/\\\/theuncommonshop.ch\\\/en\\\/product\\\/pokemon-hisui-zoroark-vstar-premium-kollektion-3\\\/#breadcrumb\"},\"inLanguage\":\"en-US\",\"potentialAction\":[{\"@type\":\"ReadAction\",\"target\":[\"https:\\\/\\\/theuncommonshop.ch\\\/en\\\/product\\\/pokemon-hisui-zoroark-vstar-premium-kollektion-3\\\/\"]}]},{\"@type\":\"ImageObject\",\"inLanguage\":\"en-US\",\"@id\":\"https:\\\/\\\/theuncommonshop.ch\\\/en\\\/product\\\/pokemon-hisui-zoroark-vstar-premium-kollektion-3\\\/#primaryimage\",\"url\":\"https:\\\/\\\/theuncommonshop.ch\\\/wp-content\\\/uploads\\\/2025\\\/05\\\/4721479964.jpg\",\"contentUrl\":\"https:\\\/\\\/theuncommonshop.ch\\\/wp-content\\\/uploads\\\/2025\\\/05\\\/4721479964.jpg\",\"width\":701,\"height\":600},{\"@type\":\"BreadcrumbList\",\"@id\":\"https:\\\/\\\/theuncommonshop.ch\\\/en\\\/product\\\/pokemon-hisui-zoroark-vstar-premium-kollektion-3\\\/#breadcrumb\",\"itemListElement\":[{\"@type\":\"ListItem\",\"position\":1,\"name\":\"Home\",\"item\":\"https:\\\/\\\/theuncommonshop.ch\\\/en\\\/home\\\/\"},{\"@type\":\"ListItem\",\"position\":2,\"name\":\"Store\",\"item\":\"https:\\\/\\\/theuncommonshop.ch\\\/en\\\/store\\\/\"},{\"@type\":\"ListItem\",\"position\":3,\"name\":\"Pok\u00e9mon\",\"item\":\"https:\\\/\\\/theuncommonshop.ch\\\/en\\\/product-category\\\/pokemon-en\\\/\"},{\"@type\":\"ListItem\",\"position\":4,\"name\":\"Boxes & Collections\",\"item\":\"https:\\\/\\\/theuncommonshop.ch\\\/en\\\/product-category\\\/pokemon-en\\\/boxes-and-collections-pokemon\\\/\"},{\"@type\":\"ListItem\",\"position\":5,\"name\":\"Pok\u00e9mon &#8211; Hisui Zoroark VSTAR &#8211; Premium Kollektion\"}]},{\"@type\":\"WebSite\",\"@id\":\"https:\\\/\\\/theuncommonshop.ch\\\/#website\",\"url\":\"https:\\\/\\\/theuncommonshop.ch\\\/\",\"name\":\"Largest trading card shop in Switzerland\",\"description\":\"Magic, Pok\u00e9mon and Yu-gi-oh - The Uncommon Shop\",\"potentialAction\":[{\"@type\":\"SearchAction\",\"target\":{\"@type\":\"EntryPoint\",\"urlTemplate\":\"https:\\\/\\\/theuncommonshop.ch\\\/?s={search_term_string}\"},\"query-input\":{\"@type\":\"PropertyValueSpecification\",\"valueRequired\":true,\"valueName\":\"search_term_string\"}}],\"inLanguage\":\"en-US\"}]}<\/script>\n<meta property=\"og:availability\" content=\"out of stock\" \/>\n<meta property=\"product:availability\" content=\"out of stock\" \/>\n<meta property=\"product:retailer_item_id\" content=\"PO.XXXI.F.HisZoroaVst.DE\" \/>\n<meta property=\"product:condition\" content=\"new\" \/>\n<!-- \/ Yoast SEO plugin. -->","yoast_head_json":{"title":"Buy Pok\u00e9mon - Hisui Zoroark VSTAR - Premium Kollektion","description":"Shop Pok\u00e9mon - Hisui Zoroark VSTAR - Premium Kollektion online at great prices now! Your #1 TCG & Pok\u00e9mon card shop in Switzerland \u2713 Free shipping from CHF 29","robots":{"index":"index","follow":"follow","max-snippet":"max-snippet:-1","max-image-preview":"max-image-preview:large","max-video-preview":"max-video-preview:-1"},"canonical":"https:\/\/theuncommonshop.ch\/en\/product\/pokemon-hisui-zoroark-vstar-premium-kollektion-3\/","og_locale":"en_US","og_type":"article","og_title":"Buy Pok\u00e9mon - Hisui Zoroark VSTAR - Premium Kollektion","og_description":"Shop Pok\u00e9mon - Hisui Zoroark VSTAR - Premium Kollektion online at great prices now! Your #1 TCG & Pok\u00e9mon card shop in Switzerland \u2713 Free shipping from CHF 29","og_url":"https:\/\/theuncommonshop.ch\/en\/product\/pokemon-hisui-zoroark-vstar-premium-kollektion-3\/","og_site_name":"Largest trading card shop in Switzerland","article_modified_time":"2026-03-29T09:25:18+00:00","og_image":[{"width":701,"height":600,"url":"https:\/\/theuncommonshop.ch\/wp-content\/uploads\/2025\/05\/4721479964.jpg","type":"image\/jpeg"}],"twitter_card":"summary_large_image","twitter_misc":{"Availability":"Out of stock"},"schema":{"@context":"https:\/\/schema.org","@graph":[{"@type":"WebPage","@id":"https:\/\/theuncommonshop.ch\/en\/product\/pokemon-hisui-zoroark-vstar-premium-kollektion-3\/","url":"https:\/\/theuncommonshop.ch\/en\/product\/pokemon-hisui-zoroark-vstar-premium-kollektion-3\/","name":"Buy Pok\u00e9mon - Hisui Zoroark VSTAR - Premium Kollektion","isPartOf":{"@id":"https:\/\/theuncommonshop.ch\/#website"},"primaryImageOfPage":{"@id":"https:\/\/theuncommonshop.ch\/en\/product\/pokemon-hisui-zoroark-vstar-premium-kollektion-3\/#primaryimage"},"image":{"@id":"https:\/\/theuncommonshop.ch\/en\/product\/pokemon-hisui-zoroark-vstar-premium-kollektion-3\/#primaryimage"},"thumbnailUrl":"https:\/\/theuncommonshop.ch\/wp-content\/uploads\/2025\/05\/4721479964.jpg","datePublished":"2025-06-12T11:42:35+00:00","dateModified":"2026-03-29T09:25:18+00:00","description":"Shop Pok\u00e9mon - Hisui Zoroark VSTAR - Premium Kollektion online at great prices now! Your #1 TCG & Pok\u00e9mon card shop in Switzerland \u2713 Free shipping from CHF 29","breadcrumb":{"@id":"https:\/\/theuncommonshop.ch\/en\/product\/pokemon-hisui-zoroark-vstar-premium-kollektion-3\/#breadcrumb"},"inLanguage":"en-US","potentialAction":[{"@type":"ReadAction","target":["https:\/\/theuncommonshop.ch\/en\/product\/pokemon-hisui-zoroark-vstar-premium-kollektion-3\/"]}]},{"@type":"ImageObject","inLanguage":"en-US","@id":"https:\/\/theuncommonshop.ch\/en\/product\/pokemon-hisui-zoroark-vstar-premium-kollektion-3\/#primaryimage","url":"https:\/\/theuncommonshop.ch\/wp-content\/uploads\/2025\/05\/4721479964.jpg","contentUrl":"https:\/\/theuncommonshop.ch\/wp-content\/uploads\/2025\/05\/4721479964.jpg","width":701,"height":600},{"@type":"BreadcrumbList","@id":"https:\/\/theuncommonshop.ch\/en\/product\/pokemon-hisui-zoroark-vstar-premium-kollektion-3\/#breadcrumb","itemListElement":[{"@type":"ListItem","position":1,"name":"Home","item":"https:\/\/theuncommonshop.ch\/en\/home\/"},{"@type":"ListItem","position":2,"name":"Store","item":"https:\/\/theuncommonshop.ch\/en\/store\/"},{"@type":"ListItem","position":3,"name":"Pok\u00e9mon","item":"https:\/\/theuncommonshop.ch\/en\/product-category\/pokemon-en\/"},{"@type":"ListItem","position":4,"name":"Boxes & Collections","item":"https:\/\/theuncommonshop.ch\/en\/product-category\/pokemon-en\/boxes-and-collections-pokemon\/"},{"@type":"ListItem","position":5,"name":"Pok\u00e9mon &#8211; Hisui Zoroark VSTAR &#8211; Premium Kollektion"}]},{"@type":"WebSite","@id":"https:\/\/theuncommonshop.ch\/#website","url":"https:\/\/theuncommonshop.ch\/","name":"Largest trading card shop in Switzerland","description":"Magic, Pok\u00e9mon and Yu-gi-oh - The Uncommon Shop","potentialAction":[{"@type":"SearchAction","target":{"@type":"EntryPoint","urlTemplate":"https:\/\/theuncommonshop.ch\/?s={search_term_string}"},"query-input":{"@type":"PropertyValueSpecification","valueRequired":true,"valueName":"search_term_string"}}],"inLanguage":"en-US"}]},"og_availability":"out of stock","product_availability":"out of stock","product_retailer_item_id":"PO.XXXI.F.HisZoroaVst.DE","product_condition":"new"},"_links":{"self":[{"href":"https:\/\/theuncommonshop.ch\/en\/wp-json\/wp\/v2\/product\/319467","targetHints":{"allow":["GET"]}}],"collection":[{"href":"https:\/\/theuncommonshop.ch\/en\/wp-json\/wp\/v2\/product"}],"about":[{"href":"https:\/\/theuncommonshop.ch\/en\/wp-json\/wp\/v2\/types\/product"}],"replies":[{"embeddable":true,"href":"https:\/\/theuncommonshop.ch\/en\/wp-json\/wp\/v2\/comments?post=319467"}],"version-history":[{"count":1,"href":"https:\/\/theuncommonshop.ch\/en\/wp-json\/wp\/v2\/product\/319467\/revisions"}],"predecessor-version":[{"id":319471,"href":"https:\/\/theuncommonshop.ch\/en\/wp-json\/wp\/v2\/product\/319467\/revisions\/319471"}],"wp:featuredmedia":[{"embeddable":true,"href":"https:\/\/theuncommonshop.ch\/en\/wp-json\/wp\/v2\/media\/21973"}],"wp:attachment":[{"href":"https:\/\/theuncommonshop.ch\/en\/wp-json\/wp\/v2\/media?parent=319467"}],"wp:term":[{"taxonomy":"product_brand","embeddable":true,"href":"https:\/\/theuncommonshop.ch\/en\/wp-json\/wp\/v2\/product_brand?post=319467"},{"taxonomy":"product_cat","embeddable":true,"href":"https:\/\/theuncommonshop.ch\/en\/wp-json\/wp\/v2\/product_cat?post=319467"},{"taxonomy":"product_tag","embeddable":true,"href":"https:\/\/theuncommonshop.ch\/en\/wp-json\/wp\/v2\/product_tag?post=319467"}],"curies":[{"name":"wp","href":"https:\/\/api.w.org\/{rel}","templated":true}]}}