{"id":319003,"date":"2025-06-12T14:01:45","date_gmt":"2025-06-12T14:01:45","guid":{"rendered":"http:\/\/theuncommonshop.ch\/produkt\/319003\/"},"modified":"2026-03-29T12:12:33","modified_gmt":"2026-03-29T10:12:33","slug":"pokemon-klara-premium-tournament-collection-3__trashed","status":"publish","type":"product","link":"https:\/\/theuncommonshop.ch\/en\/product\/pokemon-klara-premium-tournament-collection-3__trashed\/","title":{"rendered":"Pok\u00e9mon &#8211; Klara &#8211; Premium Tournament Collection"},"content":{"rendered":"<div>Klara will stop at nothing to further her pop music career, even becoming the leader of a gym to gain popularity! When you add Klara to your deck, you&#8217;ll find that her tenacity comes in handy as she tirelessly retrieves cards from your discard pile! Need even more Klara? You can equip your deck with decorative protective sleeves featuring this trainer and a matching deck box. And that&#8217;s not all: Tournament-ready dice and other important game accessories are also included, as well as a stack of Pok\u00e9mon TCG Booster Packs to give you even more options!    <\/div>\n<p>The Premium Turnierkollektionen <em>Klara<\/em> of the Pok\u00e9mon trading card game include:<\/p>\n<ul>\n<li>1 holographic full-screen supporter card with Klara<\/li>\n<li>3 additional holographic supporter cards with Klara<\/li>\n<li>65 card sleeves with Klara<\/li>\n<li>1 sturdy deck box with clara<\/li>\n<li>1 large coin with clara<\/li>\n<li>2 tokens for special conditions<\/li>\n<li>6 damage marker dice permitted in competitions<\/li>\n<li>7 booster packs of the Pok\u00e9mon trading card game<\/li>\n<li>1 code card for online redemption<\/li>\n<\/ul>\n","protected":false},"excerpt":{"rendered":"<p>Klara will stop at nothing to further her pop music career, even becoming the leader of a gym to gain<\/p>\n","protected":false},"featured_media":301168,"comment_status":"open","ping_status":"closed","template":"","meta":{"_acf_changed":false},"product_brand":[5115,5073],"product_cat":[9826,9810,9776],"product_tag":[],"class_list":{"0":"post-319003","1":"product","2":"type-product","3":"status-publish","4":"has-post-thumbnail","6":"product_brand-pokemon","7":"product_brand-the-pokemon-company","8":"product_cat-beginner-en","9":"product_cat-boxes-and-collections-pokemon","10":"product_cat-pokemon-en","12":"first","13":"instock","14":"taxable","15":"shipping-taxable","16":"purchasable","17":"product-type-variable"},"acf":[],"yoast_head":"<!-- This site is optimized with the Yoast SEO plugin v27.4 - https:\/\/yoast.com\/product\/yoast-seo-wordpress\/ -->\n<title>Buy Pok\u00e9mon - Klara - Premium Tournament Collection<\/title>\n<meta name=\"description\" content=\"Shop Pok\u00e9mon - Klara - Premium Tournament Collection online at great prices now! Your #1 TCG &amp; Pok\u00e9mon card shop in Switzerland \u2713 Free shipping from CHF 29\" \/>\n<meta name=\"robots\" content=\"index, follow, max-snippet:-1, max-image-preview:large, max-video-preview:-1\" \/>\n<link rel=\"canonical\" href=\"https:\/\/theuncommonshop.ch\/en\/product\/pokemon-klara-premium-tournament-collection-3__trashed\/\" \/>\n<meta property=\"og:locale\" content=\"en_US\" \/>\n<meta property=\"og:type\" content=\"article\" \/>\n<meta property=\"og:title\" content=\"Buy Pok\u00e9mon - Klara - Premium Tournament Collection\" \/>\n<meta property=\"og:description\" content=\"Shop Pok\u00e9mon - Klara - Premium Tournament Collection online at great prices now! Your #1 TCG &amp; Pok\u00e9mon card shop in Switzerland \u2713 Free shipping from CHF 29\" \/>\n<meta property=\"og:url\" content=\"https:\/\/theuncommonshop.ch\/en\/product\/pokemon-klara-premium-tournament-collection-3__trashed\/\" \/>\n<meta property=\"og:site_name\" content=\"Largest trading card shop in Switzerland\" \/>\n<meta property=\"article:modified_time\" content=\"2026-03-29T10:12:33+00:00\" \/>\n<meta property=\"og:image\" content=\"https:\/\/theuncommonshop.ch\/wp-content\/uploads\/2025\/06\/KLA.jpg\" \/>\n\t<meta property=\"og:image:width\" content=\"546\" \/>\n\t<meta property=\"og:image:height\" content=\"1000\" \/>\n\t<meta property=\"og:image:type\" content=\"image\/jpeg\" \/>\n<meta name=\"twitter:card\" content=\"summary_large_image\" \/>\n<meta name=\"twitter:label1\" content=\"Availability\" \/>\n\t<meta name=\"twitter:data1\" content=\"In stock\" \/>\n<script type=\"application\/ld+json\" class=\"yoast-schema-graph\">{\"@context\":\"https:\\\/\\\/schema.org\",\"@graph\":[{\"@type\":\"WebPage\",\"@id\":\"https:\\\/\\\/theuncommonshop.ch\\\/en\\\/product\\\/pokemon-klara-premium-tournament-collection-3__trashed\\\/\",\"url\":\"https:\\\/\\\/theuncommonshop.ch\\\/en\\\/product\\\/pokemon-klara-premium-tournament-collection-3__trashed\\\/\",\"name\":\"Buy Pok\u00e9mon - Klara - Premium Tournament Collection\",\"isPartOf\":{\"@id\":\"https:\\\/\\\/theuncommonshop.ch\\\/#website\"},\"primaryImageOfPage\":{\"@id\":\"https:\\\/\\\/theuncommonshop.ch\\\/en\\\/product\\\/pokemon-klara-premium-tournament-collection-3__trashed\\\/#primaryimage\"},\"image\":{\"@id\":\"https:\\\/\\\/theuncommonshop.ch\\\/en\\\/product\\\/pokemon-klara-premium-tournament-collection-3__trashed\\\/#primaryimage\"},\"thumbnailUrl\":\"https:\\\/\\\/theuncommonshop.ch\\\/wp-content\\\/uploads\\\/2025\\\/06\\\/KLA.jpg\",\"datePublished\":\"2025-06-12T14:01:45+00:00\",\"dateModified\":\"2026-03-29T10:12:33+00:00\",\"description\":\"Shop Pok\u00e9mon - Klara - Premium Tournament Collection online at great prices now! Your #1 TCG & Pok\u00e9mon card shop in Switzerland \u2713 Free shipping from CHF 29\",\"breadcrumb\":{\"@id\":\"https:\\\/\\\/theuncommonshop.ch\\\/en\\\/product\\\/pokemon-klara-premium-tournament-collection-3__trashed\\\/#breadcrumb\"},\"inLanguage\":\"en-US\",\"potentialAction\":[{\"@type\":\"ReadAction\",\"target\":[\"https:\\\/\\\/theuncommonshop.ch\\\/en\\\/product\\\/pokemon-klara-premium-tournament-collection-3__trashed\\\/\"]}]},{\"@type\":\"ImageObject\",\"inLanguage\":\"en-US\",\"@id\":\"https:\\\/\\\/theuncommonshop.ch\\\/en\\\/product\\\/pokemon-klara-premium-tournament-collection-3__trashed\\\/#primaryimage\",\"url\":\"https:\\\/\\\/theuncommonshop.ch\\\/wp-content\\\/uploads\\\/2025\\\/06\\\/KLA.jpg\",\"contentUrl\":\"https:\\\/\\\/theuncommonshop.ch\\\/wp-content\\\/uploads\\\/2025\\\/06\\\/KLA.jpg\",\"width\":546,\"height\":1000},{\"@type\":\"BreadcrumbList\",\"@id\":\"https:\\\/\\\/theuncommonshop.ch\\\/en\\\/product\\\/pokemon-klara-premium-tournament-collection-3__trashed\\\/#breadcrumb\",\"itemListElement\":[{\"@type\":\"ListItem\",\"position\":1,\"name\":\"Home\",\"item\":\"https:\\\/\\\/theuncommonshop.ch\\\/en\\\/home\\\/\"},{\"@type\":\"ListItem\",\"position\":2,\"name\":\"Store\",\"item\":\"https:\\\/\\\/theuncommonshop.ch\\\/en\\\/store\\\/\"},{\"@type\":\"ListItem\",\"position\":3,\"name\":\"Pok\u00e9mon\",\"item\":\"https:\\\/\\\/theuncommonshop.ch\\\/produktkategorie\\\/pokemon\\\/\"},{\"@type\":\"ListItem\",\"position\":4,\"name\":\"Boxen &amp; Kollektionen\",\"item\":\"https:\\\/\\\/theuncommonshop.ch\\\/produktkategorie\\\/pokemon\\\/boxen-kollektionen-pokemon\\\/\"},{\"@type\":\"ListItem\",\"position\":5,\"name\":\"Pok\u00e9mon &#8211; Klara &#8211; Premium Tournament Collection\"}]},{\"@type\":\"WebSite\",\"@id\":\"https:\\\/\\\/theuncommonshop.ch\\\/#website\",\"url\":\"https:\\\/\\\/theuncommonshop.ch\\\/\",\"name\":\"Largest trading card shop in Switzerland\",\"description\":\"Magic, Pok\u00e9mon and Yu-gi-oh - The Uncommon Shop\",\"potentialAction\":[{\"@type\":\"SearchAction\",\"target\":{\"@type\":\"EntryPoint\",\"urlTemplate\":\"https:\\\/\\\/theuncommonshop.ch\\\/?s={search_term_string}\"},\"query-input\":{\"@type\":\"PropertyValueSpecification\",\"valueRequired\":true,\"valueName\":\"search_term_string\"}}],\"inLanguage\":\"en-US\"}]}<\/script>\n<meta property=\"og:availability\" content=\"instock\" \/>\n<meta property=\"product:availability\" content=\"instock\" \/>\n<meta property=\"product:condition\" content=\"new\" \/>\n<!-- \/ Yoast SEO plugin. -->","yoast_head_json":{"title":"Buy Pok\u00e9mon - Klara - Premium Tournament Collection","description":"Shop Pok\u00e9mon - Klara - Premium Tournament Collection online at great prices now! Your #1 TCG & Pok\u00e9mon card shop in Switzerland \u2713 Free shipping from CHF 29","robots":{"index":"index","follow":"follow","max-snippet":"max-snippet:-1","max-image-preview":"max-image-preview:large","max-video-preview":"max-video-preview:-1"},"canonical":"https:\/\/theuncommonshop.ch\/en\/product\/pokemon-klara-premium-tournament-collection-3__trashed\/","og_locale":"en_US","og_type":"article","og_title":"Buy Pok\u00e9mon - Klara - Premium Tournament Collection","og_description":"Shop Pok\u00e9mon - Klara - Premium Tournament Collection online at great prices now! Your #1 TCG & Pok\u00e9mon card shop in Switzerland \u2713 Free shipping from CHF 29","og_url":"https:\/\/theuncommonshop.ch\/en\/product\/pokemon-klara-premium-tournament-collection-3__trashed\/","og_site_name":"Largest trading card shop in Switzerland","article_modified_time":"2026-03-29T10:12:33+00:00","og_image":[{"width":546,"height":1000,"url":"https:\/\/theuncommonshop.ch\/wp-content\/uploads\/2025\/06\/KLA.jpg","type":"image\/jpeg"}],"twitter_card":"summary_large_image","twitter_misc":{"Availability":"In stock"},"schema":{"@context":"https:\/\/schema.org","@graph":[{"@type":"WebPage","@id":"https:\/\/theuncommonshop.ch\/en\/product\/pokemon-klara-premium-tournament-collection-3__trashed\/","url":"https:\/\/theuncommonshop.ch\/en\/product\/pokemon-klara-premium-tournament-collection-3__trashed\/","name":"Buy Pok\u00e9mon - Klara - Premium Tournament Collection","isPartOf":{"@id":"https:\/\/theuncommonshop.ch\/#website"},"primaryImageOfPage":{"@id":"https:\/\/theuncommonshop.ch\/en\/product\/pokemon-klara-premium-tournament-collection-3__trashed\/#primaryimage"},"image":{"@id":"https:\/\/theuncommonshop.ch\/en\/product\/pokemon-klara-premium-tournament-collection-3__trashed\/#primaryimage"},"thumbnailUrl":"https:\/\/theuncommonshop.ch\/wp-content\/uploads\/2025\/06\/KLA.jpg","datePublished":"2025-06-12T14:01:45+00:00","dateModified":"2026-03-29T10:12:33+00:00","description":"Shop Pok\u00e9mon - Klara - Premium Tournament Collection online at great prices now! Your #1 TCG & Pok\u00e9mon card shop in Switzerland \u2713 Free shipping from CHF 29","breadcrumb":{"@id":"https:\/\/theuncommonshop.ch\/en\/product\/pokemon-klara-premium-tournament-collection-3__trashed\/#breadcrumb"},"inLanguage":"en-US","potentialAction":[{"@type":"ReadAction","target":["https:\/\/theuncommonshop.ch\/en\/product\/pokemon-klara-premium-tournament-collection-3__trashed\/"]}]},{"@type":"ImageObject","inLanguage":"en-US","@id":"https:\/\/theuncommonshop.ch\/en\/product\/pokemon-klara-premium-tournament-collection-3__trashed\/#primaryimage","url":"https:\/\/theuncommonshop.ch\/wp-content\/uploads\/2025\/06\/KLA.jpg","contentUrl":"https:\/\/theuncommonshop.ch\/wp-content\/uploads\/2025\/06\/KLA.jpg","width":546,"height":1000},{"@type":"BreadcrumbList","@id":"https:\/\/theuncommonshop.ch\/en\/product\/pokemon-klara-premium-tournament-collection-3__trashed\/#breadcrumb","itemListElement":[{"@type":"ListItem","position":1,"name":"Home","item":"https:\/\/theuncommonshop.ch\/en\/home\/"},{"@type":"ListItem","position":2,"name":"Store","item":"https:\/\/theuncommonshop.ch\/en\/store\/"},{"@type":"ListItem","position":3,"name":"Pok\u00e9mon","item":"https:\/\/theuncommonshop.ch\/produktkategorie\/pokemon\/"},{"@type":"ListItem","position":4,"name":"Boxen &amp; Kollektionen","item":"https:\/\/theuncommonshop.ch\/produktkategorie\/pokemon\/boxen-kollektionen-pokemon\/"},{"@type":"ListItem","position":5,"name":"Pok\u00e9mon &#8211; Klara &#8211; Premium Tournament Collection"}]},{"@type":"WebSite","@id":"https:\/\/theuncommonshop.ch\/#website","url":"https:\/\/theuncommonshop.ch\/","name":"Largest trading card shop in Switzerland","description":"Magic, Pok\u00e9mon and Yu-gi-oh - The Uncommon Shop","potentialAction":[{"@type":"SearchAction","target":{"@type":"EntryPoint","urlTemplate":"https:\/\/theuncommonshop.ch\/?s={search_term_string}"},"query-input":{"@type":"PropertyValueSpecification","valueRequired":true,"valueName":"search_term_string"}}],"inLanguage":"en-US"}]},"og_availability":"instock","product_availability":"instock","product_condition":"new"},"_links":{"self":[{"href":"https:\/\/theuncommonshop.ch\/en\/wp-json\/wp\/v2\/product\/319003","targetHints":{"allow":["GET"]}}],"collection":[{"href":"https:\/\/theuncommonshop.ch\/en\/wp-json\/wp\/v2\/product"}],"about":[{"href":"https:\/\/theuncommonshop.ch\/en\/wp-json\/wp\/v2\/types\/product"}],"replies":[{"embeddable":true,"href":"https:\/\/theuncommonshop.ch\/en\/wp-json\/wp\/v2\/comments?post=319003"}],"version-history":[{"count":1,"href":"https:\/\/theuncommonshop.ch\/en\/wp-json\/wp\/v2\/product\/319003\/revisions"}],"predecessor-version":[{"id":319010,"href":"https:\/\/theuncommonshop.ch\/en\/wp-json\/wp\/v2\/product\/319003\/revisions\/319010"}],"wp:featuredmedia":[{"embeddable":true,"href":"https:\/\/theuncommonshop.ch\/en\/wp-json\/wp\/v2\/media\/301168"}],"wp:attachment":[{"href":"https:\/\/theuncommonshop.ch\/en\/wp-json\/wp\/v2\/media?parent=319003"}],"wp:term":[{"taxonomy":"product_brand","embeddable":true,"href":"https:\/\/theuncommonshop.ch\/en\/wp-json\/wp\/v2\/product_brand?post=319003"},{"taxonomy":"product_cat","embeddable":true,"href":"https:\/\/theuncommonshop.ch\/en\/wp-json\/wp\/v2\/product_cat?post=319003"},{"taxonomy":"product_tag","embeddable":true,"href":"https:\/\/theuncommonshop.ch\/en\/wp-json\/wp\/v2\/product_tag?post=319003"}],"curies":[{"name":"wp","href":"https:\/\/api.w.org\/{rel}","templated":true}]}}