{"id":318220,"date":"2025-07-15T17:51:30","date_gmt":"2025-07-15T17:51:30","guid":{"rendered":"http:\/\/theuncommonshop.ch\/produkt\/318220\/"},"modified":"2026-03-29T17:16:40","modified_gmt":"2026-03-29T15:16:40","slug":"pokemon-scarlet-violet-obsidian-flames-sv03-booster-display-3","status":"publish","type":"product","link":"https:\/\/theuncommonshop.ch\/en\/product\/pokemon-scarlet-violet-obsidian-flames-sv03-booster-display-3\/","title":{"rendered":"Pok\u00e9mon &#8211; Scarlet &amp; Violet &#8211; Obsidian Flames (SV03) &#8211; Booster Display"},"content":{"rendered":"<p>Raging flames, forged in the darkness!<\/p>\n<div>Red-hot embers light up the pitch-black night, and sparks flare into an inferno as Glurak ex bursts forth with newfound powers of darkness! The glittering Tera Valley phenomenon gives some Pok\u00e9mon ex like Despotar, Kubuin, and Honweisel different types than usual, while Dragoran ex and Sharaffle ex show that they can handle their own inner strengths. Knattatox ex, Melmetal ex, and other Pok\u00e9mon promise to change the course of battle in the Scarlet &amp; Purple Obsidianflammen expansion!  <\/div>\n<div><\/div>\n<div>Obsidian flames will be included:<\/div>\n<div><\/div>\n<div>Over 190 cards<\/div>\n<div>15 Pok\u00e9mon ex and 6 Tera Pok\u00e9mon ex<\/div>\n<div>12 illustrated rare Pok\u00e9mon<\/div>\n<div>6 special illustrated rare Pok\u00e9mon and Supporter cards<\/div>\n<div>12 extremely rare etched Pok\u00e9mon ex and supporter cards in full graphics<\/div>\n<div>3 extremely rare golden etched cards<\/div>\n<div>Type-modified Tera Pok\u00e9mon ex with a crystalline appearance, including a Dark-type Charizard ex<\/div>\n<div><\/div>\n<div>More than 15 trainer cards<\/div>\n","protected":false},"excerpt":{"rendered":"<p>Raging flames, forged in the darkness! Red-hot embers light up the pitch-black night, and sparks flare into an inferno as<\/p>\n","protected":false},"featured_media":20800,"comment_status":"open","ping_status":"closed","template":"","meta":{"_acf_changed":false},"product_brand":[5115,5073],"product_cat":[9804,10052,10084],"product_tag":[],"class_list":{"0":"post-318220","1":"product","2":"type-product","3":"status-publish","4":"has-post-thumbnail","6":"product_brand-pokemon","7":"product_brand-the-pokemon-company","8":"product_cat-booster-displays-pokemon-en","9":"product_cat-booster-displays-international-en","10":"product_cat-sv03-obsidian-flames-en","12":"first","13":"instock","14":"taxable","15":"shipping-taxable","16":"purchasable","17":"product-type-variable"},"acf":[],"yoast_head":"<!-- This site is optimized with the Yoast SEO plugin v27.4 - https:\/\/yoast.com\/product\/yoast-seo-wordpress\/ -->\n<title>Buy Pok\u00e9mon - Scarlet &amp; Violet - Obsidian Flames (SV03) - Booster Display<\/title>\n<meta name=\"description\" content=\"Shop Pok\u00e9mon - Scarlet &amp; Violet - Obsidian Flames (SV03) - Booster Display online at great prices now! Your #1 TCG &amp; Pok\u00e9mon card shop in Switzerland \u2713 Free shipping from CHF 29\" \/>\n<meta name=\"robots\" content=\"index, follow, max-snippet:-1, max-image-preview:large, max-video-preview:-1\" \/>\n<link rel=\"canonical\" href=\"https:\/\/theuncommonshop.ch\/en\/product\/pokemon-scarlet-violet-obsidian-flames-sv03-booster-display-3\/\" \/>\n<meta property=\"og:locale\" content=\"en_US\" \/>\n<meta property=\"og:type\" content=\"article\" \/>\n<meta property=\"og:title\" content=\"Buy Pok\u00e9mon - Scarlet &amp; Violet - Obsidian Flames (SV03) - Booster Display\" \/>\n<meta property=\"og:description\" content=\"Shop Pok\u00e9mon - Scarlet &amp; Violet - Obsidian Flames (SV03) - Booster Display online at great prices now! Your #1 TCG &amp; Pok\u00e9mon card shop in Switzerland \u2713 Free shipping from CHF 29\" \/>\n<meta property=\"og:url\" content=\"https:\/\/theuncommonshop.ch\/en\/product\/pokemon-scarlet-violet-obsidian-flames-sv03-booster-display-3\/\" \/>\n<meta property=\"og:site_name\" content=\"Largest trading card shop in Switzerland\" \/>\n<meta property=\"article:modified_time\" content=\"2026-03-29T15:16:40+00:00\" \/>\n<meta property=\"og:image\" content=\"https:\/\/theuncommonshop.ch\/wp-content\/uploads\/2025\/05\/3637603053.jpg\" \/>\n\t<meta property=\"og:image:width\" content=\"541\" \/>\n\t<meta property=\"og:image:height\" content=\"682\" \/>\n\t<meta property=\"og:image:type\" content=\"image\/jpeg\" \/>\n<meta name=\"twitter:card\" content=\"summary_large_image\" \/>\n<meta name=\"twitter:label1\" content=\"Availability\" \/>\n\t<meta name=\"twitter:data1\" content=\"In stock\" \/>\n<script type=\"application\/ld+json\" class=\"yoast-schema-graph\">{\"@context\":\"https:\\\/\\\/schema.org\",\"@graph\":[{\"@type\":\"WebPage\",\"@id\":\"https:\\\/\\\/theuncommonshop.ch\\\/en\\\/product\\\/pokemon-scarlet-violet-obsidian-flames-sv03-booster-display-3\\\/\",\"url\":\"https:\\\/\\\/theuncommonshop.ch\\\/en\\\/product\\\/pokemon-scarlet-violet-obsidian-flames-sv03-booster-display-3\\\/\",\"name\":\"Buy Pok\u00e9mon - Scarlet &amp; Violet - Obsidian Flames (SV03) - Booster Display\",\"isPartOf\":{\"@id\":\"https:\\\/\\\/theuncommonshop.ch\\\/#website\"},\"primaryImageOfPage\":{\"@id\":\"https:\\\/\\\/theuncommonshop.ch\\\/en\\\/product\\\/pokemon-scarlet-violet-obsidian-flames-sv03-booster-display-3\\\/#primaryimage\"},\"image\":{\"@id\":\"https:\\\/\\\/theuncommonshop.ch\\\/en\\\/product\\\/pokemon-scarlet-violet-obsidian-flames-sv03-booster-display-3\\\/#primaryimage\"},\"thumbnailUrl\":\"https:\\\/\\\/theuncommonshop.ch\\\/wp-content\\\/uploads\\\/2025\\\/05\\\/3637603053.jpg\",\"datePublished\":\"2025-07-15T17:51:30+00:00\",\"dateModified\":\"2026-03-29T15:16:40+00:00\",\"description\":\"Shop Pok\u00e9mon - Scarlet &amp; Violet - Obsidian Flames (SV03) - Booster Display online at great prices now! Your #1 TCG & Pok\u00e9mon card shop in Switzerland \u2713 Free shipping from CHF 29\",\"breadcrumb\":{\"@id\":\"https:\\\/\\\/theuncommonshop.ch\\\/en\\\/product\\\/pokemon-scarlet-violet-obsidian-flames-sv03-booster-display-3\\\/#breadcrumb\"},\"inLanguage\":\"en-US\",\"potentialAction\":[{\"@type\":\"ReadAction\",\"target\":[\"https:\\\/\\\/theuncommonshop.ch\\\/en\\\/product\\\/pokemon-scarlet-violet-obsidian-flames-sv03-booster-display-3\\\/\"]}]},{\"@type\":\"ImageObject\",\"inLanguage\":\"en-US\",\"@id\":\"https:\\\/\\\/theuncommonshop.ch\\\/en\\\/product\\\/pokemon-scarlet-violet-obsidian-flames-sv03-booster-display-3\\\/#primaryimage\",\"url\":\"https:\\\/\\\/theuncommonshop.ch\\\/wp-content\\\/uploads\\\/2025\\\/05\\\/3637603053.jpg\",\"contentUrl\":\"https:\\\/\\\/theuncommonshop.ch\\\/wp-content\\\/uploads\\\/2025\\\/05\\\/3637603053.jpg\",\"width\":541,\"height\":682},{\"@type\":\"BreadcrumbList\",\"@id\":\"https:\\\/\\\/theuncommonshop.ch\\\/en\\\/product\\\/pokemon-scarlet-violet-obsidian-flames-sv03-booster-display-3\\\/#breadcrumb\",\"itemListElement\":[{\"@type\":\"ListItem\",\"position\":1,\"name\":\"Home\",\"item\":\"https:\\\/\\\/theuncommonshop.ch\\\/en\\\/home\\\/\"},{\"@type\":\"ListItem\",\"position\":2,\"name\":\"Store\",\"item\":\"https:\\\/\\\/theuncommonshop.ch\\\/en\\\/store\\\/\"},{\"@type\":\"ListItem\",\"position\":3,\"name\":\"Pok\u00e9mon\",\"item\":\"https:\\\/\\\/theuncommonshop.ch\\\/en\\\/product-category\\\/pokemon-en\\\/\"},{\"@type\":\"ListItem\",\"position\":4,\"name\":\"Products by Sets\",\"item\":\"https:\\\/\\\/theuncommonshop.ch\\\/en\\\/product-category\\\/pokemon-en\\\/products-by-sets\\\/\"},{\"@type\":\"ListItem\",\"position\":5,\"name\":\"Scarlet & Violet\",\"item\":\"https:\\\/\\\/theuncommonshop.ch\\\/en\\\/product-category\\\/pokemon-en\\\/products-by-sets\\\/scarlet-and-violet\\\/\"},{\"@type\":\"ListItem\",\"position\":6,\"name\":\"SV03 Obsidian Flames\",\"item\":\"https:\\\/\\\/theuncommonshop.ch\\\/en\\\/product-category\\\/pokemon-en\\\/products-by-sets\\\/scarlet-and-violet\\\/sv03-obsidian-flames-en\\\/\"},{\"@type\":\"ListItem\",\"position\":7,\"name\":\"Pok\u00e9mon &#8211; Scarlet &amp; Violet &#8211; Obsidian Flames (SV03) &#8211; Booster Display\"}]},{\"@type\":\"WebSite\",\"@id\":\"https:\\\/\\\/theuncommonshop.ch\\\/#website\",\"url\":\"https:\\\/\\\/theuncommonshop.ch\\\/\",\"name\":\"Largest trading card shop in Switzerland\",\"description\":\"Magic, Pok\u00e9mon and Yu-gi-oh - The Uncommon Shop\",\"potentialAction\":[{\"@type\":\"SearchAction\",\"target\":{\"@type\":\"EntryPoint\",\"urlTemplate\":\"https:\\\/\\\/theuncommonshop.ch\\\/?s={search_term_string}\"},\"query-input\":{\"@type\":\"PropertyValueSpecification\",\"valueRequired\":true,\"valueName\":\"search_term_string\"}}],\"inLanguage\":\"en-US\"}]}<\/script>\n<meta property=\"og:availability\" content=\"instock\" \/>\n<meta property=\"product:availability\" content=\"instock\" \/>\n<meta property=\"product:condition\" content=\"new\" \/>\n<!-- \/ Yoast SEO plugin. -->","yoast_head_json":{"title":"Buy Pok\u00e9mon - Scarlet &amp; Violet - Obsidian Flames (SV03) - Booster Display","description":"Shop Pok\u00e9mon - Scarlet &amp; Violet - Obsidian Flames (SV03) - Booster Display online at great prices now! Your #1 TCG & Pok\u00e9mon card shop in Switzerland \u2713 Free shipping from CHF 29","robots":{"index":"index","follow":"follow","max-snippet":"max-snippet:-1","max-image-preview":"max-image-preview:large","max-video-preview":"max-video-preview:-1"},"canonical":"https:\/\/theuncommonshop.ch\/en\/product\/pokemon-scarlet-violet-obsidian-flames-sv03-booster-display-3\/","og_locale":"en_US","og_type":"article","og_title":"Buy Pok\u00e9mon - Scarlet &amp; Violet - Obsidian Flames (SV03) - Booster Display","og_description":"Shop Pok\u00e9mon - Scarlet &amp; Violet - Obsidian Flames (SV03) - Booster Display online at great prices now! Your #1 TCG & Pok\u00e9mon card shop in Switzerland \u2713 Free shipping from CHF 29","og_url":"https:\/\/theuncommonshop.ch\/en\/product\/pokemon-scarlet-violet-obsidian-flames-sv03-booster-display-3\/","og_site_name":"Largest trading card shop in Switzerland","article_modified_time":"2026-03-29T15:16:40+00:00","og_image":[{"width":541,"height":682,"url":"https:\/\/theuncommonshop.ch\/wp-content\/uploads\/2025\/05\/3637603053.jpg","type":"image\/jpeg"}],"twitter_card":"summary_large_image","twitter_misc":{"Availability":"In stock"},"schema":{"@context":"https:\/\/schema.org","@graph":[{"@type":"WebPage","@id":"https:\/\/theuncommonshop.ch\/en\/product\/pokemon-scarlet-violet-obsidian-flames-sv03-booster-display-3\/","url":"https:\/\/theuncommonshop.ch\/en\/product\/pokemon-scarlet-violet-obsidian-flames-sv03-booster-display-3\/","name":"Buy Pok\u00e9mon - Scarlet &amp; Violet - Obsidian Flames (SV03) - Booster Display","isPartOf":{"@id":"https:\/\/theuncommonshop.ch\/#website"},"primaryImageOfPage":{"@id":"https:\/\/theuncommonshop.ch\/en\/product\/pokemon-scarlet-violet-obsidian-flames-sv03-booster-display-3\/#primaryimage"},"image":{"@id":"https:\/\/theuncommonshop.ch\/en\/product\/pokemon-scarlet-violet-obsidian-flames-sv03-booster-display-3\/#primaryimage"},"thumbnailUrl":"https:\/\/theuncommonshop.ch\/wp-content\/uploads\/2025\/05\/3637603053.jpg","datePublished":"2025-07-15T17:51:30+00:00","dateModified":"2026-03-29T15:16:40+00:00","description":"Shop Pok\u00e9mon - Scarlet &amp; Violet - Obsidian Flames (SV03) - Booster Display online at great prices now! Your #1 TCG & Pok\u00e9mon card shop in Switzerland \u2713 Free shipping from CHF 29","breadcrumb":{"@id":"https:\/\/theuncommonshop.ch\/en\/product\/pokemon-scarlet-violet-obsidian-flames-sv03-booster-display-3\/#breadcrumb"},"inLanguage":"en-US","potentialAction":[{"@type":"ReadAction","target":["https:\/\/theuncommonshop.ch\/en\/product\/pokemon-scarlet-violet-obsidian-flames-sv03-booster-display-3\/"]}]},{"@type":"ImageObject","inLanguage":"en-US","@id":"https:\/\/theuncommonshop.ch\/en\/product\/pokemon-scarlet-violet-obsidian-flames-sv03-booster-display-3\/#primaryimage","url":"https:\/\/theuncommonshop.ch\/wp-content\/uploads\/2025\/05\/3637603053.jpg","contentUrl":"https:\/\/theuncommonshop.ch\/wp-content\/uploads\/2025\/05\/3637603053.jpg","width":541,"height":682},{"@type":"BreadcrumbList","@id":"https:\/\/theuncommonshop.ch\/en\/product\/pokemon-scarlet-violet-obsidian-flames-sv03-booster-display-3\/#breadcrumb","itemListElement":[{"@type":"ListItem","position":1,"name":"Home","item":"https:\/\/theuncommonshop.ch\/en\/home\/"},{"@type":"ListItem","position":2,"name":"Store","item":"https:\/\/theuncommonshop.ch\/en\/store\/"},{"@type":"ListItem","position":3,"name":"Pok\u00e9mon","item":"https:\/\/theuncommonshop.ch\/en\/product-category\/pokemon-en\/"},{"@type":"ListItem","position":4,"name":"Products by Sets","item":"https:\/\/theuncommonshop.ch\/en\/product-category\/pokemon-en\/products-by-sets\/"},{"@type":"ListItem","position":5,"name":"Scarlet & Violet","item":"https:\/\/theuncommonshop.ch\/en\/product-category\/pokemon-en\/products-by-sets\/scarlet-and-violet\/"},{"@type":"ListItem","position":6,"name":"SV03 Obsidian Flames","item":"https:\/\/theuncommonshop.ch\/en\/product-category\/pokemon-en\/products-by-sets\/scarlet-and-violet\/sv03-obsidian-flames-en\/"},{"@type":"ListItem","position":7,"name":"Pok\u00e9mon &#8211; Scarlet &amp; Violet &#8211; Obsidian Flames (SV03) &#8211; Booster Display"}]},{"@type":"WebSite","@id":"https:\/\/theuncommonshop.ch\/#website","url":"https:\/\/theuncommonshop.ch\/","name":"Largest trading card shop in Switzerland","description":"Magic, Pok\u00e9mon and Yu-gi-oh - The Uncommon Shop","potentialAction":[{"@type":"SearchAction","target":{"@type":"EntryPoint","urlTemplate":"https:\/\/theuncommonshop.ch\/?s={search_term_string}"},"query-input":{"@type":"PropertyValueSpecification","valueRequired":true,"valueName":"search_term_string"}}],"inLanguage":"en-US"}]},"og_availability":"instock","product_availability":"instock","product_condition":"new"},"_links":{"self":[{"href":"https:\/\/theuncommonshop.ch\/en\/wp-json\/wp\/v2\/product\/318220","targetHints":{"allow":["GET"]}}],"collection":[{"href":"https:\/\/theuncommonshop.ch\/en\/wp-json\/wp\/v2\/product"}],"about":[{"href":"https:\/\/theuncommonshop.ch\/en\/wp-json\/wp\/v2\/types\/product"}],"replies":[{"embeddable":true,"href":"https:\/\/theuncommonshop.ch\/en\/wp-json\/wp\/v2\/comments?post=318220"}],"version-history":[{"count":2,"href":"https:\/\/theuncommonshop.ch\/en\/wp-json\/wp\/v2\/product\/318220\/revisions"}],"predecessor-version":[{"id":353117,"href":"https:\/\/theuncommonshop.ch\/en\/wp-json\/wp\/v2\/product\/318220\/revisions\/353117"}],"wp:featuredmedia":[{"embeddable":true,"href":"https:\/\/theuncommonshop.ch\/en\/wp-json\/wp\/v2\/media\/20800"}],"wp:attachment":[{"href":"https:\/\/theuncommonshop.ch\/en\/wp-json\/wp\/v2\/media?parent=318220"}],"wp:term":[{"taxonomy":"product_brand","embeddable":true,"href":"https:\/\/theuncommonshop.ch\/en\/wp-json\/wp\/v2\/product_brand?post=318220"},{"taxonomy":"product_cat","embeddable":true,"href":"https:\/\/theuncommonshop.ch\/en\/wp-json\/wp\/v2\/product_cat?post=318220"},{"taxonomy":"product_tag","embeddable":true,"href":"https:\/\/theuncommonshop.ch\/en\/wp-json\/wp\/v2\/product_tag?post=318220"}],"curies":[{"name":"wp","href":"https:\/\/api.w.org\/{rel}","templated":true}]}}