{"id":317734,"date":"2025-06-12T15:50:01","date_gmt":"2025-06-12T15:50:01","guid":{"rendered":"http:\/\/theuncommonshop.ch\/produkt\/317734\/"},"modified":"2026-03-30T16:57:03","modified_gmt":"2026-03-30T14:57:03","slug":"magic-aetherdrift-3","status":"publish","type":"product","link":"https:\/\/theuncommonshop.ch\/en\/product\/magic-aetherdrift-3\/","title":{"rendered":"Magic &#8211; \u00c4therdrift"},"content":{"rendered":"<p>Release date: February 7, 2025<\/p>\n<div>Start your engines for a fast-paced death race through the multiverse! Race through three chaotic levels, dodging dangerous obstacles and rival racers. Equip unique vehicles and mounts by figuring out which racing team best suits your style, then reach top speed to win the gold medal.  <\/div>\n<div><\/div>\n<div>Pre-release is the first opportunity for your community to get their hands on the new version of Magic: The Gathering and explore what it has to offer, and pre-release packs are the perfect product to fuel the first events of this new series. Encourage players to pre-register quickly and join the race for bravery and glory across the multiverse! <\/div>\n<div><\/div>\n<div>Contents:<\/div>\n<ul>\n<li>6 Aetherdrift game boosters; each game booster contains 14 Magic cards.<\/li>\n<li>1 aluminum foil with the year stamp Rare or Mythic Rare<\/li>\n<li>1 game box<\/li>\n<li>1 spindown cube<\/li>\n<li>Each Play Booster can contain these cards: DFT 1-375; SPG 84-93. Contains 1 to 4 cards of rarity Rare or higher (2: 26%; 3: 2%; 4: &lt;1%) and 3 to 5 cards Uncommon, 6 to 9 cards Common, and 1 card Land. 1 card of any rarity is a Traditional card. A Mythic card Borderless Graffiti Giants is included in &lt;1% of Boosters. A Traditional land replaces a land in 20% of Boosters.   <\/li>\n<\/ul>\n","protected":false},"excerpt":{"rendered":"<p>Release date: February 7, 2025 Start your engines for a fast-paced death race through the multiverse! Race through three chaotic<\/p>\n","protected":false},"featured_media":119740,"comment_status":"open","ping_status":"closed","template":"","meta":{"_acf_changed":false},"product_brand":[5159,5071],"product_cat":[10174,9966,9972,10160,9988],"product_tag":[],"class_list":{"0":"post-317734","1":"product","2":"type-product","3":"status-publish","4":"has-post-thumbnail","6":"product_brand-magic-the-gathering","7":"product_brand-wizards-of-the-coast","8":"product_cat-aetherdrift","9":"product_cat-magic-the-gathering-en","10":"product_cat-others","11":"product_cat-pre-release-kits","12":"product_cat-super-sale-mtg-en","14":"first","15":"instock","16":"sale","17":"taxable","18":"shipping-taxable","19":"purchasable","20":"product-type-variable"},"acf":[],"yoast_head":"<!-- This site is optimized with the Yoast SEO plugin v27.4 - https:\/\/yoast.com\/product\/yoast-seo-wordpress\/ -->\n<title>Buy Magic - \u00c4therdrift<\/title>\n<meta name=\"description\" content=\"Shop Magic - \u00c4therdrift online at great prices now! Your #1 TCG &amp; Pok\u00e9mon card shop in Switzerland \u2713 Free shipping from CHF 29\" \/>\n<meta name=\"robots\" content=\"index, follow, max-snippet:-1, max-image-preview:large, max-video-preview:-1\" \/>\n<link rel=\"canonical\" href=\"https:\/\/theuncommonshop.ch\/en\/product\/magic-aetherdrift-3\/\" \/>\n<meta property=\"og:locale\" content=\"en_US\" \/>\n<meta property=\"og:type\" content=\"article\" \/>\n<meta property=\"og:title\" content=\"Buy Magic - \u00c4therdrift\" \/>\n<meta property=\"og:description\" content=\"Shop Magic - \u00c4therdrift online at great prices now! Your #1 TCG &amp; Pok\u00e9mon card shop in Switzerland \u2713 Free shipping from CHF 29\" \/>\n<meta property=\"og:url\" content=\"https:\/\/theuncommonshop.ch\/en\/product\/magic-aetherdrift-3\/\" \/>\n<meta property=\"og:site_name\" content=\"Largest trading card shop in Switzerland\" \/>\n<meta property=\"article:modified_time\" content=\"2026-03-30T14:57:03+00:00\" \/>\n<meta property=\"og:image\" content=\"https:\/\/theuncommonshop.ch\/wp-content\/uploads\/2025\/06\/4679012621.jpg\" \/>\n\t<meta property=\"og:image:width\" content=\"900\" \/>\n\t<meta property=\"og:image:height\" content=\"886\" \/>\n\t<meta property=\"og:image:type\" content=\"image\/jpeg\" \/>\n<meta name=\"twitter:card\" content=\"summary_large_image\" \/>\n<meta name=\"twitter:label1\" content=\"Availability\" \/>\n\t<meta name=\"twitter:data1\" content=\"In stock\" \/>\n<script type=\"application\/ld+json\" class=\"yoast-schema-graph\">{\"@context\":\"https:\\\/\\\/schema.org\",\"@graph\":[{\"@type\":\"WebPage\",\"@id\":\"https:\\\/\\\/theuncommonshop.ch\\\/en\\\/product\\\/magic-aetherdrift-3\\\/\",\"url\":\"https:\\\/\\\/theuncommonshop.ch\\\/en\\\/product\\\/magic-aetherdrift-3\\\/\",\"name\":\"Buy Magic - \u00c4therdrift\",\"isPartOf\":{\"@id\":\"https:\\\/\\\/theuncommonshop.ch\\\/#website\"},\"primaryImageOfPage\":{\"@id\":\"https:\\\/\\\/theuncommonshop.ch\\\/en\\\/product\\\/magic-aetherdrift-3\\\/#primaryimage\"},\"image\":{\"@id\":\"https:\\\/\\\/theuncommonshop.ch\\\/en\\\/product\\\/magic-aetherdrift-3\\\/#primaryimage\"},\"thumbnailUrl\":\"https:\\\/\\\/theuncommonshop.ch\\\/wp-content\\\/uploads\\\/2025\\\/06\\\/4679012621.jpg\",\"datePublished\":\"2025-06-12T15:50:01+00:00\",\"dateModified\":\"2026-03-30T14:57:03+00:00\",\"description\":\"Shop Magic - \u00c4therdrift online at great prices now! Your #1 TCG & Pok\u00e9mon card shop in Switzerland \u2713 Free shipping from CHF 29\",\"breadcrumb\":{\"@id\":\"https:\\\/\\\/theuncommonshop.ch\\\/en\\\/product\\\/magic-aetherdrift-3\\\/#breadcrumb\"},\"inLanguage\":\"en-US\",\"potentialAction\":[{\"@type\":\"ReadAction\",\"target\":[\"https:\\\/\\\/theuncommonshop.ch\\\/en\\\/product\\\/magic-aetherdrift-3\\\/\"]}]},{\"@type\":\"ImageObject\",\"inLanguage\":\"en-US\",\"@id\":\"https:\\\/\\\/theuncommonshop.ch\\\/en\\\/product\\\/magic-aetherdrift-3\\\/#primaryimage\",\"url\":\"https:\\\/\\\/theuncommonshop.ch\\\/wp-content\\\/uploads\\\/2025\\\/06\\\/4679012621.jpg\",\"contentUrl\":\"https:\\\/\\\/theuncommonshop.ch\\\/wp-content\\\/uploads\\\/2025\\\/06\\\/4679012621.jpg\",\"width\":900,\"height\":886},{\"@type\":\"BreadcrumbList\",\"@id\":\"https:\\\/\\\/theuncommonshop.ch\\\/en\\\/product\\\/magic-aetherdrift-3\\\/#breadcrumb\",\"itemListElement\":[{\"@type\":\"ListItem\",\"position\":1,\"name\":\"Home\",\"item\":\"https:\\\/\\\/theuncommonshop.ch\\\/en\\\/home\\\/\"},{\"@type\":\"ListItem\",\"position\":2,\"name\":\"Store\",\"item\":\"https:\\\/\\\/theuncommonshop.ch\\\/en\\\/store\\\/\"},{\"@type\":\"ListItem\",\"position\":3,\"name\":\"Magic the Gathering\",\"item\":\"https:\\\/\\\/theuncommonshop.ch\\\/produktkategorie\\\/magic-the-gathering\\\/\"},{\"@type\":\"ListItem\",\"position\":4,\"name\":\"Andere\",\"item\":\"https:\\\/\\\/theuncommonshop.ch\\\/produktkategorie\\\/magic-the-gathering\\\/andere\\\/\"},{\"@type\":\"ListItem\",\"position\":5,\"name\":\"Pre-Release Kits\",\"item\":\"https:\\\/\\\/theuncommonshop.ch\\\/produktkategorie\\\/magic-the-gathering\\\/andere\\\/mtg-prerelease-kits\\\/\"},{\"@type\":\"ListItem\",\"position\":6,\"name\":\"Magic &#8211; \u00c4therdrift\"}]},{\"@type\":\"WebSite\",\"@id\":\"https:\\\/\\\/theuncommonshop.ch\\\/#website\",\"url\":\"https:\\\/\\\/theuncommonshop.ch\\\/\",\"name\":\"Largest trading card shop in Switzerland\",\"description\":\"Magic, Pok\u00e9mon and Yu-gi-oh - The Uncommon Shop\",\"potentialAction\":[{\"@type\":\"SearchAction\",\"target\":{\"@type\":\"EntryPoint\",\"urlTemplate\":\"https:\\\/\\\/theuncommonshop.ch\\\/?s={search_term_string}\"},\"query-input\":{\"@type\":\"PropertyValueSpecification\",\"valueRequired\":true,\"valueName\":\"search_term_string\"}}],\"inLanguage\":\"en-US\"}]}<\/script>\n<meta property=\"og:availability\" content=\"instock\" \/>\n<meta property=\"product:availability\" content=\"instock\" \/>\n<meta property=\"product:retailer_item_id\" content=\"MTG.XIV.C.Aetherdriftprereleasekit.DE\" \/>\n<meta property=\"product:condition\" content=\"new\" \/>\n<!-- \/ Yoast SEO plugin. -->","yoast_head_json":{"title":"Buy Magic - \u00c4therdrift","description":"Shop Magic - \u00c4therdrift online at great prices now! Your #1 TCG & Pok\u00e9mon card shop in Switzerland \u2713 Free shipping from CHF 29","robots":{"index":"index","follow":"follow","max-snippet":"max-snippet:-1","max-image-preview":"max-image-preview:large","max-video-preview":"max-video-preview:-1"},"canonical":"https:\/\/theuncommonshop.ch\/en\/product\/magic-aetherdrift-3\/","og_locale":"en_US","og_type":"article","og_title":"Buy Magic - \u00c4therdrift","og_description":"Shop Magic - \u00c4therdrift online at great prices now! Your #1 TCG & Pok\u00e9mon card shop in Switzerland \u2713 Free shipping from CHF 29","og_url":"https:\/\/theuncommonshop.ch\/en\/product\/magic-aetherdrift-3\/","og_site_name":"Largest trading card shop in Switzerland","article_modified_time":"2026-03-30T14:57:03+00:00","og_image":[{"width":900,"height":886,"url":"https:\/\/theuncommonshop.ch\/wp-content\/uploads\/2025\/06\/4679012621.jpg","type":"image\/jpeg"}],"twitter_card":"summary_large_image","twitter_misc":{"Availability":"In stock"},"schema":{"@context":"https:\/\/schema.org","@graph":[{"@type":"WebPage","@id":"https:\/\/theuncommonshop.ch\/en\/product\/magic-aetherdrift-3\/","url":"https:\/\/theuncommonshop.ch\/en\/product\/magic-aetherdrift-3\/","name":"Buy Magic - \u00c4therdrift","isPartOf":{"@id":"https:\/\/theuncommonshop.ch\/#website"},"primaryImageOfPage":{"@id":"https:\/\/theuncommonshop.ch\/en\/product\/magic-aetherdrift-3\/#primaryimage"},"image":{"@id":"https:\/\/theuncommonshop.ch\/en\/product\/magic-aetherdrift-3\/#primaryimage"},"thumbnailUrl":"https:\/\/theuncommonshop.ch\/wp-content\/uploads\/2025\/06\/4679012621.jpg","datePublished":"2025-06-12T15:50:01+00:00","dateModified":"2026-03-30T14:57:03+00:00","description":"Shop Magic - \u00c4therdrift online at great prices now! Your #1 TCG & Pok\u00e9mon card shop in Switzerland \u2713 Free shipping from CHF 29","breadcrumb":{"@id":"https:\/\/theuncommonshop.ch\/en\/product\/magic-aetherdrift-3\/#breadcrumb"},"inLanguage":"en-US","potentialAction":[{"@type":"ReadAction","target":["https:\/\/theuncommonshop.ch\/en\/product\/magic-aetherdrift-3\/"]}]},{"@type":"ImageObject","inLanguage":"en-US","@id":"https:\/\/theuncommonshop.ch\/en\/product\/magic-aetherdrift-3\/#primaryimage","url":"https:\/\/theuncommonshop.ch\/wp-content\/uploads\/2025\/06\/4679012621.jpg","contentUrl":"https:\/\/theuncommonshop.ch\/wp-content\/uploads\/2025\/06\/4679012621.jpg","width":900,"height":886},{"@type":"BreadcrumbList","@id":"https:\/\/theuncommonshop.ch\/en\/product\/magic-aetherdrift-3\/#breadcrumb","itemListElement":[{"@type":"ListItem","position":1,"name":"Home","item":"https:\/\/theuncommonshop.ch\/en\/home\/"},{"@type":"ListItem","position":2,"name":"Store","item":"https:\/\/theuncommonshop.ch\/en\/store\/"},{"@type":"ListItem","position":3,"name":"Magic the Gathering","item":"https:\/\/theuncommonshop.ch\/produktkategorie\/magic-the-gathering\/"},{"@type":"ListItem","position":4,"name":"Andere","item":"https:\/\/theuncommonshop.ch\/produktkategorie\/magic-the-gathering\/andere\/"},{"@type":"ListItem","position":5,"name":"Pre-Release Kits","item":"https:\/\/theuncommonshop.ch\/produktkategorie\/magic-the-gathering\/andere\/mtg-prerelease-kits\/"},{"@type":"ListItem","position":6,"name":"Magic &#8211; \u00c4therdrift"}]},{"@type":"WebSite","@id":"https:\/\/theuncommonshop.ch\/#website","url":"https:\/\/theuncommonshop.ch\/","name":"Largest trading card shop in Switzerland","description":"Magic, Pok\u00e9mon and Yu-gi-oh - The Uncommon Shop","potentialAction":[{"@type":"SearchAction","target":{"@type":"EntryPoint","urlTemplate":"https:\/\/theuncommonshop.ch\/?s={search_term_string}"},"query-input":{"@type":"PropertyValueSpecification","valueRequired":true,"valueName":"search_term_string"}}],"inLanguage":"en-US"}]},"og_availability":"instock","product_availability":"instock","product_retailer_item_id":"MTG.XIV.C.Aetherdriftprereleasekit.DE","product_condition":"new"},"_links":{"self":[{"href":"https:\/\/theuncommonshop.ch\/en\/wp-json\/wp\/v2\/product\/317734","targetHints":{"allow":["GET"]}}],"collection":[{"href":"https:\/\/theuncommonshop.ch\/en\/wp-json\/wp\/v2\/product"}],"about":[{"href":"https:\/\/theuncommonshop.ch\/en\/wp-json\/wp\/v2\/types\/product"}],"replies":[{"embeddable":true,"href":"https:\/\/theuncommonshop.ch\/en\/wp-json\/wp\/v2\/comments?post=317734"}],"version-history":[{"count":1,"href":"https:\/\/theuncommonshop.ch\/en\/wp-json\/wp\/v2\/product\/317734\/revisions"}],"predecessor-version":[{"id":317738,"href":"https:\/\/theuncommonshop.ch\/en\/wp-json\/wp\/v2\/product\/317734\/revisions\/317738"}],"wp:featuredmedia":[{"embeddable":true,"href":"https:\/\/theuncommonshop.ch\/en\/wp-json\/wp\/v2\/media\/119740"}],"wp:attachment":[{"href":"https:\/\/theuncommonshop.ch\/en\/wp-json\/wp\/v2\/media?parent=317734"}],"wp:term":[{"taxonomy":"product_brand","embeddable":true,"href":"https:\/\/theuncommonshop.ch\/en\/wp-json\/wp\/v2\/product_brand?post=317734"},{"taxonomy":"product_cat","embeddable":true,"href":"https:\/\/theuncommonshop.ch\/en\/wp-json\/wp\/v2\/product_cat?post=317734"},{"taxonomy":"product_tag","embeddable":true,"href":"https:\/\/theuncommonshop.ch\/en\/wp-json\/wp\/v2\/product_tag?post=317734"}],"curies":[{"name":"wp","href":"https:\/\/api.w.org\/{rel}","templated":true}]}}