{"id":315857,"date":"2025-06-20T17:35:50","date_gmt":"2025-06-20T17:35:50","guid":{"rendered":"http:\/\/theuncommonshop.ch\/produkt\/315857\/"},"modified":"2026-04-01T03:52:55","modified_gmt":"2026-04-01T01:52:55","slug":"pokemon-scarlet-violet-black-bolt-sv10-5-elite-trainer-box-3","status":"publish","type":"product","link":"https:\/\/theuncommonshop.ch\/en\/product\/pokemon-scarlet-violet-black-bolt-sv10-5-elite-trainer-box-3\/","title":{"rendered":"Pok\u00e9mon &#8211; Scarlet &amp; Violet &#8211; Black Bolt (SV10.5) &#8211; Elite Trainer Box"},"content":{"rendered":"<p>Unite with the Pok\u00e9mon of Unova and rise to the top as a Trainer in a land of unity and legends! Evolve your first partner Snivy all the way to Serperior ex and discover the inspiring power of ideals with the region&#8217;s Legendary and Mythical Pok\u00e9mon, including Zekrom ex and Meloetta ex. As you fill your Pok\u00e9dex, keep an eye out for special illustrations of each Pok\u00e9mon and parallel cards with Pok\u00e9ball patterns in the Pok\u00e9mon TCG: Black Bolt expansion  <\/p>\n<div>The Pok\u00e9mon TCG: Scarlet &amp; Violet &#8211; Black Bolt Elite Trainer Box contains:<\/div>\n<ul>\n<li>9 Pok\u00e9mon TCG: Scarlet &amp; Violet-Black Bolt Booster Packs<\/li>\n<li>1 Foil promo card with Thundurus<\/li>\n<li>65 card sleeves<\/li>\n<li>45 Pok\u00e9mon TCG energy cards<\/li>\n<li>A player&#8217;s guide for the Scarlet &amp; Violet Black Bolt expansion<\/li>\n<li>6 damage counter dice<\/li>\n<li>1 coin toss dice for competitions<\/li>\n<li>2 plastic status markers<\/li>\n<li>A box that holds everything, with 4 dividers for organization<\/li>\n<li>A code card for Pok\u00e9mon Trading Cards Game Live<\/li>\n<\/ul>\n<div><\/div>\n","protected":false},"excerpt":{"rendered":"<p>Unite with the Pok\u00e9mon of Unova and rise to the top as a Trainer in a land of unity and<\/p>\n","protected":false},"featured_media":33121,"comment_status":"open","ping_status":"closed","template":"","meta":{"_acf_changed":false},"product_brand":[5115,5073],"product_cat":[9808,10108],"product_tag":[],"class_list":{"0":"post-315857","1":"product","2":"type-product","3":"status-publish","4":"has-post-thumbnail","6":"product_brand-pokemon","7":"product_brand-the-pokemon-company","8":"product_cat-elite-trainer-boxes","9":"product_cat-sv105-black-bolt-and-white-flare","11":"first","12":"instock","13":"taxable","14":"shipping-taxable","15":"purchasable","16":"product-type-variable"},"acf":[],"yoast_head":"<!-- This site is optimized with the Yoast SEO plugin v27.4 - https:\/\/yoast.com\/product\/yoast-seo-wordpress\/ -->\n<title>Buy Pok\u00e9mon - Scarlet &amp; Violet - Black Bolt (SV10.5) - Elite Trainer Box<\/title>\n<meta name=\"description\" content=\"Shop Pok\u00e9mon - Scarlet &amp; Violet - Black Bolt (SV10.5) - Elite Trainer Box online at great prices now! Your #1 TCG &amp; Pok\u00e9mon card shop in Switzerland \u2713 Free shipping from CHF 29\" \/>\n<meta name=\"robots\" content=\"index, follow, max-snippet:-1, max-image-preview:large, max-video-preview:-1\" \/>\n<link rel=\"canonical\" href=\"https:\/\/theuncommonshop.ch\/en\/product\/pokemon-scarlet-violet-black-bolt-sv10-5-elite-trainer-box-3\/\" \/>\n<meta property=\"og:locale\" content=\"en_US\" \/>\n<meta property=\"og:type\" content=\"article\" \/>\n<meta property=\"og:title\" content=\"Buy Pok\u00e9mon - Scarlet &amp; Violet - Black Bolt (SV10.5) - Elite Trainer Box\" \/>\n<meta property=\"og:description\" content=\"Shop Pok\u00e9mon - Scarlet &amp; Violet - Black Bolt (SV10.5) - Elite Trainer Box online at great prices now! Your #1 TCG &amp; Pok\u00e9mon card shop in Switzerland \u2713 Free shipping from CHF 29\" \/>\n<meta property=\"og:url\" content=\"https:\/\/theuncommonshop.ch\/en\/product\/pokemon-scarlet-violet-black-bolt-sv10-5-elite-trainer-box-3\/\" \/>\n<meta property=\"og:site_name\" content=\"Largest trading card shop in Switzerland\" \/>\n<meta property=\"article:modified_time\" content=\"2026-04-01T01:52:55+00:00\" \/>\n<meta property=\"og:image\" content=\"https:\/\/theuncommonshop.ch\/wp-content\/uploads\/2025\/05\/4926093707.webp\" \/>\n\t<meta property=\"og:image:width\" content=\"1920\" \/>\n\t<meta property=\"og:image:height\" content=\"1830\" \/>\n\t<meta property=\"og:image:type\" content=\"image\/webp\" \/>\n<meta name=\"twitter:card\" content=\"summary_large_image\" \/>\n<meta name=\"twitter:label1\" content=\"Availability\" \/>\n\t<meta name=\"twitter:data1\" content=\"In stock\" \/>\n<script type=\"application\/ld+json\" class=\"yoast-schema-graph\">{\"@context\":\"https:\\\/\\\/schema.org\",\"@graph\":[{\"@type\":\"WebPage\",\"@id\":\"https:\\\/\\\/theuncommonshop.ch\\\/en\\\/product\\\/pokemon-scarlet-violet-black-bolt-sv10-5-elite-trainer-box-3\\\/\",\"url\":\"https:\\\/\\\/theuncommonshop.ch\\\/en\\\/product\\\/pokemon-scarlet-violet-black-bolt-sv10-5-elite-trainer-box-3\\\/\",\"name\":\"Buy Pok\u00e9mon - Scarlet &amp; Violet - Black Bolt (SV10.5) - Elite Trainer Box\",\"isPartOf\":{\"@id\":\"https:\\\/\\\/theuncommonshop.ch\\\/#website\"},\"primaryImageOfPage\":{\"@id\":\"https:\\\/\\\/theuncommonshop.ch\\\/en\\\/product\\\/pokemon-scarlet-violet-black-bolt-sv10-5-elite-trainer-box-3\\\/#primaryimage\"},\"image\":{\"@id\":\"https:\\\/\\\/theuncommonshop.ch\\\/en\\\/product\\\/pokemon-scarlet-violet-black-bolt-sv10-5-elite-trainer-box-3\\\/#primaryimage\"},\"thumbnailUrl\":\"https:\\\/\\\/theuncommonshop.ch\\\/wp-content\\\/uploads\\\/2025\\\/05\\\/4926093707.webp\",\"datePublished\":\"2025-06-20T17:35:50+00:00\",\"dateModified\":\"2026-04-01T01:52:55+00:00\",\"description\":\"Shop Pok\u00e9mon - Scarlet &amp; Violet - Black Bolt (SV10.5) - Elite Trainer Box online at great prices now! Your #1 TCG & Pok\u00e9mon card shop in Switzerland \u2713 Free shipping from CHF 29\",\"breadcrumb\":{\"@id\":\"https:\\\/\\\/theuncommonshop.ch\\\/en\\\/product\\\/pokemon-scarlet-violet-black-bolt-sv10-5-elite-trainer-box-3\\\/#breadcrumb\"},\"inLanguage\":\"en-US\",\"potentialAction\":[{\"@type\":\"ReadAction\",\"target\":[\"https:\\\/\\\/theuncommonshop.ch\\\/en\\\/product\\\/pokemon-scarlet-violet-black-bolt-sv10-5-elite-trainer-box-3\\\/\"]}]},{\"@type\":\"ImageObject\",\"inLanguage\":\"en-US\",\"@id\":\"https:\\\/\\\/theuncommonshop.ch\\\/en\\\/product\\\/pokemon-scarlet-violet-black-bolt-sv10-5-elite-trainer-box-3\\\/#primaryimage\",\"url\":\"https:\\\/\\\/theuncommonshop.ch\\\/wp-content\\\/uploads\\\/2025\\\/05\\\/4926093707.webp\",\"contentUrl\":\"https:\\\/\\\/theuncommonshop.ch\\\/wp-content\\\/uploads\\\/2025\\\/05\\\/4926093707.webp\",\"width\":1920,\"height\":1830},{\"@type\":\"BreadcrumbList\",\"@id\":\"https:\\\/\\\/theuncommonshop.ch\\\/en\\\/product\\\/pokemon-scarlet-violet-black-bolt-sv10-5-elite-trainer-box-3\\\/#breadcrumb\",\"itemListElement\":[{\"@type\":\"ListItem\",\"position\":1,\"name\":\"Home\",\"item\":\"https:\\\/\\\/theuncommonshop.ch\\\/en\\\/home\\\/\"},{\"@type\":\"ListItem\",\"position\":2,\"name\":\"Store\",\"item\":\"https:\\\/\\\/theuncommonshop.ch\\\/en\\\/store\\\/\"},{\"@type\":\"ListItem\",\"position\":3,\"name\":\"Pok\u00e9mon\",\"item\":\"https:\\\/\\\/theuncommonshop.ch\\\/produktkategorie\\\/pokemon\\\/\"},{\"@type\":\"ListItem\",\"position\":4,\"name\":\"Produkte nach Sets\",\"item\":\"https:\\\/\\\/theuncommonshop.ch\\\/produktkategorie\\\/pokemon\\\/produkte-nach-sets\\\/\"},{\"@type\":\"ListItem\",\"position\":5,\"name\":\"Karmesin & Purpur\",\"item\":\"https:\\\/\\\/theuncommonshop.ch\\\/produktkategorie\\\/pokemon\\\/produkte-nach-sets\\\/karmesin-und-purpur-aera\\\/\"},{\"@type\":\"ListItem\",\"position\":6,\"name\":\"SV10.5 Schwarze Blitze & Weisse Flammen\",\"item\":\"https:\\\/\\\/theuncommonshop.ch\\\/produktkategorie\\\/pokemon\\\/produkte-nach-sets\\\/karmesin-und-purpur-aera\\\/sv10-5-blackbolt-whiteflare\\\/\"},{\"@type\":\"ListItem\",\"position\":7,\"name\":\"Pok\u00e9mon &#8211; Scarlet &amp; Violet &#8211; Black Bolt (SV10.5) &#8211; Elite Trainer Box\"}]},{\"@type\":\"WebSite\",\"@id\":\"https:\\\/\\\/theuncommonshop.ch\\\/#website\",\"url\":\"https:\\\/\\\/theuncommonshop.ch\\\/\",\"name\":\"Largest trading card shop in Switzerland\",\"description\":\"Magic, Pok\u00e9mon and Yu-gi-oh - The Uncommon Shop\",\"potentialAction\":[{\"@type\":\"SearchAction\",\"target\":{\"@type\":\"EntryPoint\",\"urlTemplate\":\"https:\\\/\\\/theuncommonshop.ch\\\/?s={search_term_string}\"},\"query-input\":{\"@type\":\"PropertyValueSpecification\",\"valueRequired\":true,\"valueName\":\"search_term_string\"}}],\"inLanguage\":\"en-US\"}]}<\/script>\n<meta property=\"og:availability\" content=\"instock\" \/>\n<meta property=\"product:availability\" content=\"instock\" \/>\n<meta property=\"product:retailer_item_id\" content=\"65955\" \/>\n<meta property=\"product:condition\" content=\"new\" \/>\n<!-- \/ Yoast SEO plugin. -->","yoast_head_json":{"title":"Buy Pok\u00e9mon - Scarlet &amp; Violet - Black Bolt (SV10.5) - Elite Trainer Box","description":"Shop Pok\u00e9mon - Scarlet &amp; Violet - Black Bolt (SV10.5) - Elite Trainer Box online at great prices now! Your #1 TCG & Pok\u00e9mon card shop in Switzerland \u2713 Free shipping from CHF 29","robots":{"index":"index","follow":"follow","max-snippet":"max-snippet:-1","max-image-preview":"max-image-preview:large","max-video-preview":"max-video-preview:-1"},"canonical":"https:\/\/theuncommonshop.ch\/en\/product\/pokemon-scarlet-violet-black-bolt-sv10-5-elite-trainer-box-3\/","og_locale":"en_US","og_type":"article","og_title":"Buy Pok\u00e9mon - Scarlet &amp; Violet - Black Bolt (SV10.5) - Elite Trainer Box","og_description":"Shop Pok\u00e9mon - Scarlet &amp; Violet - Black Bolt (SV10.5) - Elite Trainer Box online at great prices now! Your #1 TCG & Pok\u00e9mon card shop in Switzerland \u2713 Free shipping from CHF 29","og_url":"https:\/\/theuncommonshop.ch\/en\/product\/pokemon-scarlet-violet-black-bolt-sv10-5-elite-trainer-box-3\/","og_site_name":"Largest trading card shop in Switzerland","article_modified_time":"2026-04-01T01:52:55+00:00","og_image":[{"width":1920,"height":1830,"url":"https:\/\/theuncommonshop.ch\/wp-content\/uploads\/2025\/05\/4926093707.webp","type":"image\/webp"}],"twitter_card":"summary_large_image","twitter_misc":{"Availability":"In stock"},"schema":{"@context":"https:\/\/schema.org","@graph":[{"@type":"WebPage","@id":"https:\/\/theuncommonshop.ch\/en\/product\/pokemon-scarlet-violet-black-bolt-sv10-5-elite-trainer-box-3\/","url":"https:\/\/theuncommonshop.ch\/en\/product\/pokemon-scarlet-violet-black-bolt-sv10-5-elite-trainer-box-3\/","name":"Buy Pok\u00e9mon - Scarlet &amp; Violet - Black Bolt (SV10.5) - Elite Trainer Box","isPartOf":{"@id":"https:\/\/theuncommonshop.ch\/#website"},"primaryImageOfPage":{"@id":"https:\/\/theuncommonshop.ch\/en\/product\/pokemon-scarlet-violet-black-bolt-sv10-5-elite-trainer-box-3\/#primaryimage"},"image":{"@id":"https:\/\/theuncommonshop.ch\/en\/product\/pokemon-scarlet-violet-black-bolt-sv10-5-elite-trainer-box-3\/#primaryimage"},"thumbnailUrl":"https:\/\/theuncommonshop.ch\/wp-content\/uploads\/2025\/05\/4926093707.webp","datePublished":"2025-06-20T17:35:50+00:00","dateModified":"2026-04-01T01:52:55+00:00","description":"Shop Pok\u00e9mon - Scarlet &amp; Violet - Black Bolt (SV10.5) - Elite Trainer Box online at great prices now! Your #1 TCG & Pok\u00e9mon card shop in Switzerland \u2713 Free shipping from CHF 29","breadcrumb":{"@id":"https:\/\/theuncommonshop.ch\/en\/product\/pokemon-scarlet-violet-black-bolt-sv10-5-elite-trainer-box-3\/#breadcrumb"},"inLanguage":"en-US","potentialAction":[{"@type":"ReadAction","target":["https:\/\/theuncommonshop.ch\/en\/product\/pokemon-scarlet-violet-black-bolt-sv10-5-elite-trainer-box-3\/"]}]},{"@type":"ImageObject","inLanguage":"en-US","@id":"https:\/\/theuncommonshop.ch\/en\/product\/pokemon-scarlet-violet-black-bolt-sv10-5-elite-trainer-box-3\/#primaryimage","url":"https:\/\/theuncommonshop.ch\/wp-content\/uploads\/2025\/05\/4926093707.webp","contentUrl":"https:\/\/theuncommonshop.ch\/wp-content\/uploads\/2025\/05\/4926093707.webp","width":1920,"height":1830},{"@type":"BreadcrumbList","@id":"https:\/\/theuncommonshop.ch\/en\/product\/pokemon-scarlet-violet-black-bolt-sv10-5-elite-trainer-box-3\/#breadcrumb","itemListElement":[{"@type":"ListItem","position":1,"name":"Home","item":"https:\/\/theuncommonshop.ch\/en\/home\/"},{"@type":"ListItem","position":2,"name":"Store","item":"https:\/\/theuncommonshop.ch\/en\/store\/"},{"@type":"ListItem","position":3,"name":"Pok\u00e9mon","item":"https:\/\/theuncommonshop.ch\/produktkategorie\/pokemon\/"},{"@type":"ListItem","position":4,"name":"Produkte nach Sets","item":"https:\/\/theuncommonshop.ch\/produktkategorie\/pokemon\/produkte-nach-sets\/"},{"@type":"ListItem","position":5,"name":"Karmesin & Purpur","item":"https:\/\/theuncommonshop.ch\/produktkategorie\/pokemon\/produkte-nach-sets\/karmesin-und-purpur-aera\/"},{"@type":"ListItem","position":6,"name":"SV10.5 Schwarze Blitze & Weisse Flammen","item":"https:\/\/theuncommonshop.ch\/produktkategorie\/pokemon\/produkte-nach-sets\/karmesin-und-purpur-aera\/sv10-5-blackbolt-whiteflare\/"},{"@type":"ListItem","position":7,"name":"Pok\u00e9mon &#8211; Scarlet &amp; Violet &#8211; Black Bolt (SV10.5) &#8211; Elite Trainer Box"}]},{"@type":"WebSite","@id":"https:\/\/theuncommonshop.ch\/#website","url":"https:\/\/theuncommonshop.ch\/","name":"Largest trading card shop in Switzerland","description":"Magic, Pok\u00e9mon and Yu-gi-oh - The Uncommon Shop","potentialAction":[{"@type":"SearchAction","target":{"@type":"EntryPoint","urlTemplate":"https:\/\/theuncommonshop.ch\/?s={search_term_string}"},"query-input":{"@type":"PropertyValueSpecification","valueRequired":true,"valueName":"search_term_string"}}],"inLanguage":"en-US"}]},"og_availability":"instock","product_availability":"instock","product_retailer_item_id":"65955","product_condition":"new"},"_links":{"self":[{"href":"https:\/\/theuncommonshop.ch\/en\/wp-json\/wp\/v2\/product\/315857","targetHints":{"allow":["GET"]}}],"collection":[{"href":"https:\/\/theuncommonshop.ch\/en\/wp-json\/wp\/v2\/product"}],"about":[{"href":"https:\/\/theuncommonshop.ch\/en\/wp-json\/wp\/v2\/types\/product"}],"replies":[{"embeddable":true,"href":"https:\/\/theuncommonshop.ch\/en\/wp-json\/wp\/v2\/comments?post=315857"}],"version-history":[{"count":2,"href":"https:\/\/theuncommonshop.ch\/en\/wp-json\/wp\/v2\/product\/315857\/revisions"}],"predecessor-version":[{"id":353543,"href":"https:\/\/theuncommonshop.ch\/en\/wp-json\/wp\/v2\/product\/315857\/revisions\/353543"}],"wp:featuredmedia":[{"embeddable":true,"href":"https:\/\/theuncommonshop.ch\/en\/wp-json\/wp\/v2\/media\/33121"}],"wp:attachment":[{"href":"https:\/\/theuncommonshop.ch\/en\/wp-json\/wp\/v2\/media?parent=315857"}],"wp:term":[{"taxonomy":"product_brand","embeddable":true,"href":"https:\/\/theuncommonshop.ch\/en\/wp-json\/wp\/v2\/product_brand?post=315857"},{"taxonomy":"product_cat","embeddable":true,"href":"https:\/\/theuncommonshop.ch\/en\/wp-json\/wp\/v2\/product_cat?post=315857"},{"taxonomy":"product_tag","embeddable":true,"href":"https:\/\/theuncommonshop.ch\/en\/wp-json\/wp\/v2\/product_tag?post=315857"}],"curies":[{"name":"wp","href":"https:\/\/api.w.org\/{rel}","templated":true}]}}