{"id":315818,"date":"2025-06-17T11:29:41","date_gmt":"2025-06-17T11:29:41","guid":{"rendered":"http:\/\/theuncommonshop.ch\/produkt\/315818\/"},"modified":"2026-03-31T19:22:44","modified_gmt":"2026-03-31T17:22:44","slug":"weiss-schwarz-goddess-of-victory-nikke-booster-display-12-packs-en-3","status":"publish","type":"product","link":"https:\/\/theuncommonshop.ch\/en\/product\/weiss-schwarz-goddess-of-victory-nikke-booster-display-12-packs-en-3\/","title":{"rendered":"Wei\u00df Schwarz &#8211; Goddess Of Victory: Nikke Booster Display (12 Packs)"},"content":{"rendered":"<p><strong>GODDESS OF VICTORY: NIKKE enters the stage of Weiss Schwarz!<\/strong><\/p>\n<p><span class=\"relative -mx-px my-[-0.2rem] rounded px-px py-[0.2rem] transition-colors duration-100 ease-in-out\" style=\"background-color: initial;\">Your favorite Nikkes with their vibrant personalities are now available as cards!<\/span> <span class=\"relative -mx-px my-[-0.2rem] rounded px-px py-[0.2rem] transition-colors duration-100 ease-in-out\" style=\"background-color: initial;\">The illustrations also come from the beautiful in-game graphics!<\/span><\/p>\n<p><strong>Special cards:<\/strong><\/p>\n<ul>\n<li> <span class=\"relative -mx-px my-[-0.2rem] rounded px-px py-[0.2rem] transition-colors duration-100 ease-in-out\">Contains SP cards of your beloved Nikkes!<\/span><\/li>\n<li> <span class=\"relative -mx-px my-[-0.2rem] rounded px-px py-[0.2rem] transition-colors duration-100 ease-in-out\">There are also specially drawn illustrations by the artists!<\/span><\/li>\n<\/ul>\n<p><span class=\"relative -mx-px my-[-0.2rem] rounded px-px py-[0.2rem] transition-colors duration-100 ease-in-out\" style=\"background-color: initial;\"><\/span><strong>NEO-STANDARD DECK STRUCTURE<\/strong><\/p>\n<p><span class=\"relative -mx-px my-[-0.2rem] rounded px-px py-[0.2rem] transition-colors duration-100 ease-in-out\">The cards in this Booster Pack can be used together with cards whose card numbers start with &#8220;NIK\/&#8221;!<\/span><\/p>\n<p><strong>Product specifications:<\/strong><\/p>\n<p><span class=\"relative -mx-px my-[-0.2rem] rounded px-px py-[0.2rem] transition-colors duration-100 ease-in-out\"> <\/span><\/p>\n<ul>\n<li> <span class=\"relative -mx-px my-[-0.2rem] rounded px-px py-[0.2rem] transition-colors duration-100 ease-in-out\">A total of 115 card types + 173 parallel cards<\/span><\/li>\n<li> <span class=\"relative -mx-px my-[-0.2rem] rounded px-px py-[0.2rem] transition-colors duration-100 ease-in-out\">8 cards per pack<\/span><\/li>\n<li> <span class=\"relative -mx-px my-[-0.2rem] rounded px-px py-[0.2rem] transition-colors duration-100 ease-in-out\">12 packs per display<\/span><\/li>\n<li> <span class=\"relative -mx-px my-[-0.2rem] rounded px-px py-[0.2rem] transition-colors duration-100 ease-in-out\">24 displays per carton<\/span><\/li>\n<\/ul>\n","protected":false},"excerpt":{"rendered":"<p>GODDESS OF VICTORY: NIKKE enters the stage of Weiss Schwarz! Your favorite Nikkes with their vibrant personalities are now available<\/p>\n","protected":false},"featured_media":137853,"comment_status":"open","ping_status":"closed","template":"","meta":{"_acf_changed":false},"product_brand":[5103],"product_cat":[10020,9792],"product_tag":[],"class_list":{"0":"post-315818","1":"product","2":"type-product","3":"status-publish","4":"has-post-thumbnail","6":"product_brand-bushiroad","7":"product_cat-booster-displays-weiss-schwarz","8":"product_cat-weissschwarz","10":"first","11":"outofstock","12":"taxable","13":"shipping-taxable","14":"purchasable","15":"product-type-variable"},"acf":[],"yoast_head":"<!-- This site is optimized with the Yoast SEO plugin v27.4 - https:\/\/yoast.com\/product\/yoast-seo-wordpress\/ -->\n<title>Buy Wei\u00df Schwarz - Goddess Of Victory: Nikke Booster Display (12 Packs)<\/title>\n<meta name=\"description\" content=\"Shop Wei\u00df Schwarz - Goddess Of Victory: Nikke Booster Display (12 Packs) online at great prices now! Your #1 TCG &amp; Pok\u00e9mon card shop in Switzerland \u2713 Free shipping from CHF 29\" \/>\n<meta name=\"robots\" content=\"index, follow, max-snippet:-1, max-image-preview:large, max-video-preview:-1\" \/>\n<link rel=\"canonical\" href=\"https:\/\/theuncommonshop.ch\/en\/product\/weiss-schwarz-goddess-of-victory-nikke-booster-display-12-packs-en-3\/\" \/>\n<meta property=\"og:locale\" content=\"en_US\" \/>\n<meta property=\"og:type\" content=\"article\" \/>\n<meta property=\"og:title\" content=\"Buy Wei\u00df Schwarz - Goddess Of Victory: Nikke Booster Display (12 Packs)\" \/>\n<meta property=\"og:description\" content=\"Shop Wei\u00df Schwarz - Goddess Of Victory: Nikke Booster Display (12 Packs) online at great prices now! Your #1 TCG &amp; Pok\u00e9mon card shop in Switzerland \u2713 Free shipping from CHF 29\" \/>\n<meta property=\"og:url\" content=\"https:\/\/theuncommonshop.ch\/en\/product\/weiss-schwarz-goddess-of-victory-nikke-booster-display-12-packs-en-3\/\" \/>\n<meta property=\"og:site_name\" content=\"Largest trading card shop in Switzerland\" \/>\n<meta property=\"article:modified_time\" content=\"2026-03-31T17:22:44+00:00\" \/>\n<meta property=\"og:image\" content=\"https:\/\/theuncommonshop.ch\/wp-content\/uploads\/2025\/06\/4937918913.jpg\" \/>\n\t<meta property=\"og:image:width\" content=\"626\" \/>\n\t<meta property=\"og:image:height\" content=\"888\" \/>\n\t<meta property=\"og:image:type\" content=\"image\/jpeg\" \/>\n<meta name=\"twitter:card\" content=\"summary_large_image\" \/>\n<meta name=\"twitter:label1\" content=\"Availability\" \/>\n\t<meta name=\"twitter:data1\" content=\"Out of stock\" \/>\n<script type=\"application\/ld+json\" class=\"yoast-schema-graph\">{\"@context\":\"https:\\\/\\\/schema.org\",\"@graph\":[{\"@type\":\"WebPage\",\"@id\":\"https:\\\/\\\/theuncommonshop.ch\\\/en\\\/product\\\/weiss-schwarz-goddess-of-victory-nikke-booster-display-12-packs-en-3\\\/\",\"url\":\"https:\\\/\\\/theuncommonshop.ch\\\/en\\\/product\\\/weiss-schwarz-goddess-of-victory-nikke-booster-display-12-packs-en-3\\\/\",\"name\":\"Buy Wei\u00df Schwarz - Goddess Of Victory: Nikke Booster Display (12 Packs)\",\"isPartOf\":{\"@id\":\"https:\\\/\\\/theuncommonshop.ch\\\/#website\"},\"primaryImageOfPage\":{\"@id\":\"https:\\\/\\\/theuncommonshop.ch\\\/en\\\/product\\\/weiss-schwarz-goddess-of-victory-nikke-booster-display-12-packs-en-3\\\/#primaryimage\"},\"image\":{\"@id\":\"https:\\\/\\\/theuncommonshop.ch\\\/en\\\/product\\\/weiss-schwarz-goddess-of-victory-nikke-booster-display-12-packs-en-3\\\/#primaryimage\"},\"thumbnailUrl\":\"https:\\\/\\\/theuncommonshop.ch\\\/wp-content\\\/uploads\\\/2025\\\/06\\\/4937918913.jpg\",\"datePublished\":\"2025-06-17T11:29:41+00:00\",\"dateModified\":\"2026-03-31T17:22:44+00:00\",\"description\":\"Shop Wei\u00df Schwarz - Goddess Of Victory: Nikke Booster Display (12 Packs) online at great prices now! Your #1 TCG & Pok\u00e9mon card shop in Switzerland \u2713 Free shipping from CHF 29\",\"breadcrumb\":{\"@id\":\"https:\\\/\\\/theuncommonshop.ch\\\/en\\\/product\\\/weiss-schwarz-goddess-of-victory-nikke-booster-display-12-packs-en-3\\\/#breadcrumb\"},\"inLanguage\":\"en-US\",\"potentialAction\":[{\"@type\":\"ReadAction\",\"target\":[\"https:\\\/\\\/theuncommonshop.ch\\\/en\\\/product\\\/weiss-schwarz-goddess-of-victory-nikke-booster-display-12-packs-en-3\\\/\"]}]},{\"@type\":\"ImageObject\",\"inLanguage\":\"en-US\",\"@id\":\"https:\\\/\\\/theuncommonshop.ch\\\/en\\\/product\\\/weiss-schwarz-goddess-of-victory-nikke-booster-display-12-packs-en-3\\\/#primaryimage\",\"url\":\"https:\\\/\\\/theuncommonshop.ch\\\/wp-content\\\/uploads\\\/2025\\\/06\\\/4937918913.jpg\",\"contentUrl\":\"https:\\\/\\\/theuncommonshop.ch\\\/wp-content\\\/uploads\\\/2025\\\/06\\\/4937918913.jpg\",\"width\":626,\"height\":888},{\"@type\":\"BreadcrumbList\",\"@id\":\"https:\\\/\\\/theuncommonshop.ch\\\/en\\\/product\\\/weiss-schwarz-goddess-of-victory-nikke-booster-display-12-packs-en-3\\\/#breadcrumb\",\"itemListElement\":[{\"@type\":\"ListItem\",\"position\":1,\"name\":\"Home\",\"item\":\"https:\\\/\\\/theuncommonshop.ch\\\/en\\\/home\\\/\"},{\"@type\":\"ListItem\",\"position\":2,\"name\":\"Store\",\"item\":\"https:\\\/\\\/theuncommonshop.ch\\\/en\\\/store\\\/\"},{\"@type\":\"ListItem\",\"position\":3,\"name\":\"Weitere Sammelkarten\",\"item\":\"https:\\\/\\\/theuncommonshop.ch\\\/produktkategorie\\\/weitere-sammelkarten\\\/\"},{\"@type\":\"ListItem\",\"position\":4,\"name\":\"Weiss\\\/Schwarz\",\"item\":\"https:\\\/\\\/theuncommonshop.ch\\\/produktkategorie\\\/weitere-sammelkarten\\\/weiss-schwarz\\\/\"},{\"@type\":\"ListItem\",\"position\":5,\"name\":\"Booster Displays\",\"item\":\"https:\\\/\\\/theuncommonshop.ch\\\/produktkategorie\\\/weitere-sammelkarten\\\/weiss-schwarz\\\/weissschwarz-booster-displays\\\/\"},{\"@type\":\"ListItem\",\"position\":6,\"name\":\"Wei\u00df Schwarz &#8211; Goddess Of Victory: Nikke Booster Display (12 Packs)\"}]},{\"@type\":\"WebSite\",\"@id\":\"https:\\\/\\\/theuncommonshop.ch\\\/#website\",\"url\":\"https:\\\/\\\/theuncommonshop.ch\\\/\",\"name\":\"Largest trading card shop in Switzerland\",\"description\":\"Magic, Pok\u00e9mon and Yu-gi-oh - The Uncommon Shop\",\"potentialAction\":[{\"@type\":\"SearchAction\",\"target\":{\"@type\":\"EntryPoint\",\"urlTemplate\":\"https:\\\/\\\/theuncommonshop.ch\\\/?s={search_term_string}\"},\"query-input\":{\"@type\":\"PropertyValueSpecification\",\"valueRequired\":true,\"valueName\":\"search_term_string\"}}],\"inLanguage\":\"en-US\"}]}<\/script>\n<meta property=\"og:availability\" content=\"out of stock\" \/>\n<meta property=\"product:availability\" content=\"out of stock\" \/>\n<meta property=\"product:retailer_item_id\" content=\"WS.I.C.GOVNDis.EN\" \/>\n<meta property=\"product:condition\" content=\"new\" \/>\n<!-- \/ Yoast SEO plugin. -->","yoast_head_json":{"title":"Buy Wei\u00df Schwarz - Goddess Of Victory: Nikke Booster Display (12 Packs)","description":"Shop Wei\u00df Schwarz - Goddess Of Victory: Nikke Booster Display (12 Packs) online at great prices now! Your #1 TCG & Pok\u00e9mon card shop in Switzerland \u2713 Free shipping from CHF 29","robots":{"index":"index","follow":"follow","max-snippet":"max-snippet:-1","max-image-preview":"max-image-preview:large","max-video-preview":"max-video-preview:-1"},"canonical":"https:\/\/theuncommonshop.ch\/en\/product\/weiss-schwarz-goddess-of-victory-nikke-booster-display-12-packs-en-3\/","og_locale":"en_US","og_type":"article","og_title":"Buy Wei\u00df Schwarz - Goddess Of Victory: Nikke Booster Display (12 Packs)","og_description":"Shop Wei\u00df Schwarz - Goddess Of Victory: Nikke Booster Display (12 Packs) online at great prices now! Your #1 TCG & Pok\u00e9mon card shop in Switzerland \u2713 Free shipping from CHF 29","og_url":"https:\/\/theuncommonshop.ch\/en\/product\/weiss-schwarz-goddess-of-victory-nikke-booster-display-12-packs-en-3\/","og_site_name":"Largest trading card shop in Switzerland","article_modified_time":"2026-03-31T17:22:44+00:00","og_image":[{"width":626,"height":888,"url":"https:\/\/theuncommonshop.ch\/wp-content\/uploads\/2025\/06\/4937918913.jpg","type":"image\/jpeg"}],"twitter_card":"summary_large_image","twitter_misc":{"Availability":"Out of stock"},"schema":{"@context":"https:\/\/schema.org","@graph":[{"@type":"WebPage","@id":"https:\/\/theuncommonshop.ch\/en\/product\/weiss-schwarz-goddess-of-victory-nikke-booster-display-12-packs-en-3\/","url":"https:\/\/theuncommonshop.ch\/en\/product\/weiss-schwarz-goddess-of-victory-nikke-booster-display-12-packs-en-3\/","name":"Buy Wei\u00df Schwarz - Goddess Of Victory: Nikke Booster Display (12 Packs)","isPartOf":{"@id":"https:\/\/theuncommonshop.ch\/#website"},"primaryImageOfPage":{"@id":"https:\/\/theuncommonshop.ch\/en\/product\/weiss-schwarz-goddess-of-victory-nikke-booster-display-12-packs-en-3\/#primaryimage"},"image":{"@id":"https:\/\/theuncommonshop.ch\/en\/product\/weiss-schwarz-goddess-of-victory-nikke-booster-display-12-packs-en-3\/#primaryimage"},"thumbnailUrl":"https:\/\/theuncommonshop.ch\/wp-content\/uploads\/2025\/06\/4937918913.jpg","datePublished":"2025-06-17T11:29:41+00:00","dateModified":"2026-03-31T17:22:44+00:00","description":"Shop Wei\u00df Schwarz - Goddess Of Victory: Nikke Booster Display (12 Packs) online at great prices now! Your #1 TCG & Pok\u00e9mon card shop in Switzerland \u2713 Free shipping from CHF 29","breadcrumb":{"@id":"https:\/\/theuncommonshop.ch\/en\/product\/weiss-schwarz-goddess-of-victory-nikke-booster-display-12-packs-en-3\/#breadcrumb"},"inLanguage":"en-US","potentialAction":[{"@type":"ReadAction","target":["https:\/\/theuncommonshop.ch\/en\/product\/weiss-schwarz-goddess-of-victory-nikke-booster-display-12-packs-en-3\/"]}]},{"@type":"ImageObject","inLanguage":"en-US","@id":"https:\/\/theuncommonshop.ch\/en\/product\/weiss-schwarz-goddess-of-victory-nikke-booster-display-12-packs-en-3\/#primaryimage","url":"https:\/\/theuncommonshop.ch\/wp-content\/uploads\/2025\/06\/4937918913.jpg","contentUrl":"https:\/\/theuncommonshop.ch\/wp-content\/uploads\/2025\/06\/4937918913.jpg","width":626,"height":888},{"@type":"BreadcrumbList","@id":"https:\/\/theuncommonshop.ch\/en\/product\/weiss-schwarz-goddess-of-victory-nikke-booster-display-12-packs-en-3\/#breadcrumb","itemListElement":[{"@type":"ListItem","position":1,"name":"Home","item":"https:\/\/theuncommonshop.ch\/en\/home\/"},{"@type":"ListItem","position":2,"name":"Store","item":"https:\/\/theuncommonshop.ch\/en\/store\/"},{"@type":"ListItem","position":3,"name":"Weitere Sammelkarten","item":"https:\/\/theuncommonshop.ch\/produktkategorie\/weitere-sammelkarten\/"},{"@type":"ListItem","position":4,"name":"Weiss\/Schwarz","item":"https:\/\/theuncommonshop.ch\/produktkategorie\/weitere-sammelkarten\/weiss-schwarz\/"},{"@type":"ListItem","position":5,"name":"Booster Displays","item":"https:\/\/theuncommonshop.ch\/produktkategorie\/weitere-sammelkarten\/weiss-schwarz\/weissschwarz-booster-displays\/"},{"@type":"ListItem","position":6,"name":"Wei\u00df Schwarz &#8211; Goddess Of Victory: Nikke Booster Display (12 Packs)"}]},{"@type":"WebSite","@id":"https:\/\/theuncommonshop.ch\/#website","url":"https:\/\/theuncommonshop.ch\/","name":"Largest trading card shop in Switzerland","description":"Magic, Pok\u00e9mon and Yu-gi-oh - The Uncommon Shop","potentialAction":[{"@type":"SearchAction","target":{"@type":"EntryPoint","urlTemplate":"https:\/\/theuncommonshop.ch\/?s={search_term_string}"},"query-input":{"@type":"PropertyValueSpecification","valueRequired":true,"valueName":"search_term_string"}}],"inLanguage":"en-US"}]},"og_availability":"out of stock","product_availability":"out of stock","product_retailer_item_id":"WS.I.C.GOVNDis.EN","product_condition":"new"},"_links":{"self":[{"href":"https:\/\/theuncommonshop.ch\/en\/wp-json\/wp\/v2\/product\/315818","targetHints":{"allow":["GET"]}}],"collection":[{"href":"https:\/\/theuncommonshop.ch\/en\/wp-json\/wp\/v2\/product"}],"about":[{"href":"https:\/\/theuncommonshop.ch\/en\/wp-json\/wp\/v2\/types\/product"}],"replies":[{"embeddable":true,"href":"https:\/\/theuncommonshop.ch\/en\/wp-json\/wp\/v2\/comments?post=315818"}],"version-history":[{"count":3,"href":"https:\/\/theuncommonshop.ch\/en\/wp-json\/wp\/v2\/product\/315818\/revisions"}],"predecessor-version":[{"id":365358,"href":"https:\/\/theuncommonshop.ch\/en\/wp-json\/wp\/v2\/product\/315818\/revisions\/365358"}],"wp:featuredmedia":[{"embeddable":true,"href":"https:\/\/theuncommonshop.ch\/en\/wp-json\/wp\/v2\/media\/137853"}],"wp:attachment":[{"href":"https:\/\/theuncommonshop.ch\/en\/wp-json\/wp\/v2\/media?parent=315818"}],"wp:term":[{"taxonomy":"product_brand","embeddable":true,"href":"https:\/\/theuncommonshop.ch\/en\/wp-json\/wp\/v2\/product_brand?post=315818"},{"taxonomy":"product_cat","embeddable":true,"href":"https:\/\/theuncommonshop.ch\/en\/wp-json\/wp\/v2\/product_cat?post=315818"},{"taxonomy":"product_tag","embeddable":true,"href":"https:\/\/theuncommonshop.ch\/en\/wp-json\/wp\/v2\/product_tag?post=315818"}],"curies":[{"name":"wp","href":"https:\/\/api.w.org\/{rel}","templated":true}]}}