{"id":315800,"date":"2025-06-17T11:27:15","date_gmt":"2025-06-17T11:27:15","guid":{"rendered":"http:\/\/theuncommonshop.ch\/produkt\/315800\/"},"modified":"2026-03-30T18:51:32","modified_gmt":"2026-03-30T16:51:32","slug":"pokemon-mystery-booster-bag-vintage-edition-en-3","status":"publish","type":"product","link":"https:\/\/theuncommonshop.ch\/en\/product\/pokemon-mystery-booster-bag-vintage-edition-en-3\/","title":{"rendered":"Pok\u00e9mon &#8211; Mystery &#8211; Booster Bag Vintage Edition &#8211; EN"},"content":{"rendered":"<p><span style=\"color: rgb(255, 255, 255);\">&#8211;<\/span><\/p>\n<p><strong>Pok\u00e9mon Mystery Booster Bag &#8211; Vintage Edition<\/strong><\/p>\n<p><strong><\/strong><strong><br \/><\/strong> <strong>3 random English booster packs &#8211; incredible chances!<\/strong><\/p>\n<p>Ready for thrills, collector&#8217;s joy and the ultimate Pok\u00e9mon moment? Then our <strong>Mystery Booster Bag &#8211; Vintage Edition<\/strong> is exactly what you need! <\/p>\n<p>In this exclusively designed bag you can expect <strong>3 random English Pok\u00e9mon booster packs<\/strong> &#8211; from current sets to <strong>rare vintage legends<\/strong> such as <em>Legend Maker<\/em>, <em>EX Holon Phantoms<\/em>, <em>Base Set<\/em>, <em>Team Rocket<\/em>, <em>Fossil<\/em>, <em>Unseen Forces<\/em> and many more.<\/p>\n<p>???? <strong>What you can expect:<\/strong><\/p>\n<ul>\n<li>  3 original Pok\u00e9mon booster packs per box<\/li>\n<li>  With a little luck: Vintage Booster worth <strong>over CHF 1,000+<\/strong><\/li>\n<li>  Every box is a new surprise &#8211; no two boxes are the same<\/li>\n<li>  Limited edition &#8211; only while stocks last!<\/li>\n<\/ul>\n<p><strong>Important:<\/strong> The booster packs included are random. There is no guarantee of specific sets &#8211; but each box is a journey through the history of Pok\u00e9mon. <\/p>\n<p><strong>Get yours now and experience your own Booster adventure!<\/strong><br \/> <strong>Only at The Uncommon Shop.<\/strong><\/p>\n","protected":false},"excerpt":{"rendered":"<p>&#8211; Pok\u00e9mon Mystery Booster Bag &#8211; Vintage Edition 3 random English booster packs &#8211; incredible chances! Ready for thrills, collector&#8217;s<\/p>\n","protected":false},"featured_media":137778,"comment_status":"open","ping_status":"closed","template":"","meta":{"_acf_changed":false},"product_brand":[5115,5157],"product_cat":[9814,9776],"product_tag":[],"class_list":{"0":"post-315800","1":"product","2":"type-product","3":"status-publish","4":"has-post-thumbnail","6":"product_brand-pokemon","7":"product_brand-uncommon-shop","8":"product_cat-mystery-boxes","9":"product_cat-pokemon-en","11":"first","12":"outofstock","13":"taxable","14":"shipping-taxable","15":"purchasable","16":"product-type-variable"},"acf":[],"yoast_head":"<!-- This site is optimized with the Yoast SEO plugin v27.4 - https:\/\/yoast.com\/product\/yoast-seo-wordpress\/ -->\n<title>Buy Pok\u00e9mon - Mystery - Booster Bag Vintage Edition - EN<\/title>\n<meta name=\"description\" content=\"Shop Pok\u00e9mon - Mystery - Booster Bag Vintage Edition - EN online at great prices now! Your #1 TCG &amp; Pok\u00e9mon card shop in Switzerland \u2713 Free shipping from CHF 29\" \/>\n<meta name=\"robots\" content=\"index, follow, max-snippet:-1, max-image-preview:large, max-video-preview:-1\" \/>\n<link rel=\"canonical\" href=\"https:\/\/theuncommonshop.ch\/en\/product\/pokemon-mystery-booster-bag-vintage-edition-en-3\/\" \/>\n<meta property=\"og:locale\" content=\"en_US\" \/>\n<meta property=\"og:type\" content=\"article\" \/>\n<meta property=\"og:title\" content=\"Buy Pok\u00e9mon - Mystery - Booster Bag Vintage Edition - EN\" \/>\n<meta property=\"og:description\" content=\"Shop Pok\u00e9mon - Mystery - Booster Bag Vintage Edition - EN online at great prices now! Your #1 TCG &amp; Pok\u00e9mon card shop in Switzerland \u2713 Free shipping from CHF 29\" \/>\n<meta property=\"og:url\" content=\"https:\/\/theuncommonshop.ch\/en\/product\/pokemon-mystery-booster-bag-vintage-edition-en-3\/\" \/>\n<meta property=\"og:site_name\" content=\"Largest trading card shop in Switzerland\" \/>\n<meta property=\"article:modified_time\" content=\"2026-03-30T16:51:32+00:00\" \/>\n<meta property=\"og:image\" content=\"https:\/\/theuncommonshop.ch\/wp-content\/uploads\/2025\/06\/4933876010.jpg\" \/>\n\t<meta property=\"og:image:width\" content=\"886\" \/>\n\t<meta property=\"og:image:height\" content=\"1240\" \/>\n\t<meta property=\"og:image:type\" content=\"image\/jpeg\" \/>\n<meta name=\"twitter:card\" content=\"summary_large_image\" \/>\n<meta name=\"twitter:label1\" content=\"Availability\" \/>\n\t<meta name=\"twitter:data1\" content=\"Out of stock\" \/>\n<script type=\"application\/ld+json\" class=\"yoast-schema-graph\">{\"@context\":\"https:\\\/\\\/schema.org\",\"@graph\":[{\"@type\":\"WebPage\",\"@id\":\"https:\\\/\\\/theuncommonshop.ch\\\/en\\\/product\\\/pokemon-mystery-booster-bag-vintage-edition-en-3\\\/\",\"url\":\"https:\\\/\\\/theuncommonshop.ch\\\/en\\\/product\\\/pokemon-mystery-booster-bag-vintage-edition-en-3\\\/\",\"name\":\"Buy Pok\u00e9mon - Mystery - Booster Bag Vintage Edition - EN\",\"isPartOf\":{\"@id\":\"https:\\\/\\\/theuncommonshop.ch\\\/#website\"},\"primaryImageOfPage\":{\"@id\":\"https:\\\/\\\/theuncommonshop.ch\\\/en\\\/product\\\/pokemon-mystery-booster-bag-vintage-edition-en-3\\\/#primaryimage\"},\"image\":{\"@id\":\"https:\\\/\\\/theuncommonshop.ch\\\/en\\\/product\\\/pokemon-mystery-booster-bag-vintage-edition-en-3\\\/#primaryimage\"},\"thumbnailUrl\":\"https:\\\/\\\/theuncommonshop.ch\\\/wp-content\\\/uploads\\\/2025\\\/06\\\/4933876010.jpg\",\"datePublished\":\"2025-06-17T11:27:15+00:00\",\"dateModified\":\"2026-03-30T16:51:32+00:00\",\"description\":\"Shop Pok\u00e9mon - Mystery - Booster Bag Vintage Edition - EN online at great prices now! Your #1 TCG & Pok\u00e9mon card shop in Switzerland \u2713 Free shipping from CHF 29\",\"breadcrumb\":{\"@id\":\"https:\\\/\\\/theuncommonshop.ch\\\/en\\\/product\\\/pokemon-mystery-booster-bag-vintage-edition-en-3\\\/#breadcrumb\"},\"inLanguage\":\"en-US\",\"potentialAction\":[{\"@type\":\"ReadAction\",\"target\":[\"https:\\\/\\\/theuncommonshop.ch\\\/en\\\/product\\\/pokemon-mystery-booster-bag-vintage-edition-en-3\\\/\"]}]},{\"@type\":\"ImageObject\",\"inLanguage\":\"en-US\",\"@id\":\"https:\\\/\\\/theuncommonshop.ch\\\/en\\\/product\\\/pokemon-mystery-booster-bag-vintage-edition-en-3\\\/#primaryimage\",\"url\":\"https:\\\/\\\/theuncommonshop.ch\\\/wp-content\\\/uploads\\\/2025\\\/06\\\/4933876010.jpg\",\"contentUrl\":\"https:\\\/\\\/theuncommonshop.ch\\\/wp-content\\\/uploads\\\/2025\\\/06\\\/4933876010.jpg\",\"width\":886,\"height\":1240},{\"@type\":\"BreadcrumbList\",\"@id\":\"https:\\\/\\\/theuncommonshop.ch\\\/en\\\/product\\\/pokemon-mystery-booster-bag-vintage-edition-en-3\\\/#breadcrumb\",\"itemListElement\":[{\"@type\":\"ListItem\",\"position\":1,\"name\":\"Home\",\"item\":\"https:\\\/\\\/theuncommonshop.ch\\\/en\\\/home\\\/\"},{\"@type\":\"ListItem\",\"position\":2,\"name\":\"Store\",\"item\":\"https:\\\/\\\/theuncommonshop.ch\\\/en\\\/store\\\/\"},{\"@type\":\"ListItem\",\"position\":3,\"name\":\"Pok\u00e9mon\",\"item\":\"https:\\\/\\\/theuncommonshop.ch\\\/produktkategorie\\\/pokemon\\\/\"},{\"@type\":\"ListItem\",\"position\":4,\"name\":\"Mystery Boxen\",\"item\":\"https:\\\/\\\/theuncommonshop.ch\\\/produktkategorie\\\/pokemon\\\/mystery-boxen\\\/\"},{\"@type\":\"ListItem\",\"position\":5,\"name\":\"Pok\u00e9mon &#8211; Mystery &#8211; Booster Bag Vintage Edition &#8211; EN\"}]},{\"@type\":\"WebSite\",\"@id\":\"https:\\\/\\\/theuncommonshop.ch\\\/#website\",\"url\":\"https:\\\/\\\/theuncommonshop.ch\\\/\",\"name\":\"Largest trading card shop in Switzerland\",\"description\":\"Magic, Pok\u00e9mon and Yu-gi-oh - The Uncommon Shop\",\"potentialAction\":[{\"@type\":\"SearchAction\",\"target\":{\"@type\":\"EntryPoint\",\"urlTemplate\":\"https:\\\/\\\/theuncommonshop.ch\\\/?s={search_term_string}\"},\"query-input\":{\"@type\":\"PropertyValueSpecification\",\"valueRequired\":true,\"valueName\":\"search_term_string\"}}],\"inLanguage\":\"en-US\"}]}<\/script>\n<meta property=\"og:availability\" content=\"out of stock\" \/>\n<meta property=\"product:availability\" content=\"out of stock\" \/>\n<meta property=\"product:retailer_item_id\" content=\"PO.III.A.Pok\u00e9monMysteryBoosterBundleFABA.EN\" \/>\n<meta property=\"product:condition\" content=\"new\" \/>\n<!-- \/ Yoast SEO plugin. -->","yoast_head_json":{"title":"Buy Pok\u00e9mon - Mystery - Booster Bag Vintage Edition - EN","description":"Shop Pok\u00e9mon - Mystery - Booster Bag Vintage Edition - EN online at great prices now! Your #1 TCG & Pok\u00e9mon card shop in Switzerland \u2713 Free shipping from CHF 29","robots":{"index":"index","follow":"follow","max-snippet":"max-snippet:-1","max-image-preview":"max-image-preview:large","max-video-preview":"max-video-preview:-1"},"canonical":"https:\/\/theuncommonshop.ch\/en\/product\/pokemon-mystery-booster-bag-vintage-edition-en-3\/","og_locale":"en_US","og_type":"article","og_title":"Buy Pok\u00e9mon - Mystery - Booster Bag Vintage Edition - EN","og_description":"Shop Pok\u00e9mon - Mystery - Booster Bag Vintage Edition - EN online at great prices now! Your #1 TCG & Pok\u00e9mon card shop in Switzerland \u2713 Free shipping from CHF 29","og_url":"https:\/\/theuncommonshop.ch\/en\/product\/pokemon-mystery-booster-bag-vintage-edition-en-3\/","og_site_name":"Largest trading card shop in Switzerland","article_modified_time":"2026-03-30T16:51:32+00:00","og_image":[{"width":886,"height":1240,"url":"https:\/\/theuncommonshop.ch\/wp-content\/uploads\/2025\/06\/4933876010.jpg","type":"image\/jpeg"}],"twitter_card":"summary_large_image","twitter_misc":{"Availability":"Out of stock"},"schema":{"@context":"https:\/\/schema.org","@graph":[{"@type":"WebPage","@id":"https:\/\/theuncommonshop.ch\/en\/product\/pokemon-mystery-booster-bag-vintage-edition-en-3\/","url":"https:\/\/theuncommonshop.ch\/en\/product\/pokemon-mystery-booster-bag-vintage-edition-en-3\/","name":"Buy Pok\u00e9mon - Mystery - Booster Bag Vintage Edition - EN","isPartOf":{"@id":"https:\/\/theuncommonshop.ch\/#website"},"primaryImageOfPage":{"@id":"https:\/\/theuncommonshop.ch\/en\/product\/pokemon-mystery-booster-bag-vintage-edition-en-3\/#primaryimage"},"image":{"@id":"https:\/\/theuncommonshop.ch\/en\/product\/pokemon-mystery-booster-bag-vintage-edition-en-3\/#primaryimage"},"thumbnailUrl":"https:\/\/theuncommonshop.ch\/wp-content\/uploads\/2025\/06\/4933876010.jpg","datePublished":"2025-06-17T11:27:15+00:00","dateModified":"2026-03-30T16:51:32+00:00","description":"Shop Pok\u00e9mon - Mystery - Booster Bag Vintage Edition - EN online at great prices now! Your #1 TCG & Pok\u00e9mon card shop in Switzerland \u2713 Free shipping from CHF 29","breadcrumb":{"@id":"https:\/\/theuncommonshop.ch\/en\/product\/pokemon-mystery-booster-bag-vintage-edition-en-3\/#breadcrumb"},"inLanguage":"en-US","potentialAction":[{"@type":"ReadAction","target":["https:\/\/theuncommonshop.ch\/en\/product\/pokemon-mystery-booster-bag-vintage-edition-en-3\/"]}]},{"@type":"ImageObject","inLanguage":"en-US","@id":"https:\/\/theuncommonshop.ch\/en\/product\/pokemon-mystery-booster-bag-vintage-edition-en-3\/#primaryimage","url":"https:\/\/theuncommonshop.ch\/wp-content\/uploads\/2025\/06\/4933876010.jpg","contentUrl":"https:\/\/theuncommonshop.ch\/wp-content\/uploads\/2025\/06\/4933876010.jpg","width":886,"height":1240},{"@type":"BreadcrumbList","@id":"https:\/\/theuncommonshop.ch\/en\/product\/pokemon-mystery-booster-bag-vintage-edition-en-3\/#breadcrumb","itemListElement":[{"@type":"ListItem","position":1,"name":"Home","item":"https:\/\/theuncommonshop.ch\/en\/home\/"},{"@type":"ListItem","position":2,"name":"Store","item":"https:\/\/theuncommonshop.ch\/en\/store\/"},{"@type":"ListItem","position":3,"name":"Pok\u00e9mon","item":"https:\/\/theuncommonshop.ch\/produktkategorie\/pokemon\/"},{"@type":"ListItem","position":4,"name":"Mystery Boxen","item":"https:\/\/theuncommonshop.ch\/produktkategorie\/pokemon\/mystery-boxen\/"},{"@type":"ListItem","position":5,"name":"Pok\u00e9mon &#8211; Mystery &#8211; Booster Bag Vintage Edition &#8211; EN"}]},{"@type":"WebSite","@id":"https:\/\/theuncommonshop.ch\/#website","url":"https:\/\/theuncommonshop.ch\/","name":"Largest trading card shop in Switzerland","description":"Magic, Pok\u00e9mon and Yu-gi-oh - The Uncommon Shop","potentialAction":[{"@type":"SearchAction","target":{"@type":"EntryPoint","urlTemplate":"https:\/\/theuncommonshop.ch\/?s={search_term_string}"},"query-input":{"@type":"PropertyValueSpecification","valueRequired":true,"valueName":"search_term_string"}}],"inLanguage":"en-US"}]},"og_availability":"out of stock","product_availability":"out of stock","product_retailer_item_id":"PO.III.A.Pok\u00e9monMysteryBoosterBundleFABA.EN","product_condition":"new"},"_links":{"self":[{"href":"https:\/\/theuncommonshop.ch\/en\/wp-json\/wp\/v2\/product\/315800","targetHints":{"allow":["GET"]}}],"collection":[{"href":"https:\/\/theuncommonshop.ch\/en\/wp-json\/wp\/v2\/product"}],"about":[{"href":"https:\/\/theuncommonshop.ch\/en\/wp-json\/wp\/v2\/types\/product"}],"replies":[{"embeddable":true,"href":"https:\/\/theuncommonshop.ch\/en\/wp-json\/wp\/v2\/comments?post=315800"}],"version-history":[{"count":1,"href":"https:\/\/theuncommonshop.ch\/en\/wp-json\/wp\/v2\/product\/315800\/revisions"}],"predecessor-version":[{"id":315803,"href":"https:\/\/theuncommonshop.ch\/en\/wp-json\/wp\/v2\/product\/315800\/revisions\/315803"}],"wp:featuredmedia":[{"embeddable":true,"href":"https:\/\/theuncommonshop.ch\/en\/wp-json\/wp\/v2\/media\/137778"}],"wp:attachment":[{"href":"https:\/\/theuncommonshop.ch\/en\/wp-json\/wp\/v2\/media?parent=315800"}],"wp:term":[{"taxonomy":"product_brand","embeddable":true,"href":"https:\/\/theuncommonshop.ch\/en\/wp-json\/wp\/v2\/product_brand?post=315800"},{"taxonomy":"product_cat","embeddable":true,"href":"https:\/\/theuncommonshop.ch\/en\/wp-json\/wp\/v2\/product_cat?post=315800"},{"taxonomy":"product_tag","embeddable":true,"href":"https:\/\/theuncommonshop.ch\/en\/wp-json\/wp\/v2\/product_tag?post=315800"}],"curies":[{"name":"wp","href":"https:\/\/api.w.org\/{rel}","templated":true}]}}