{"id":315213,"date":"2025-12-30T19:59:49","date_gmt":"2025-12-30T19:59:49","guid":{"rendered":"http:\/\/theuncommonshop.ch\/produkt\/315213\/"},"modified":"2026-03-08T22:52:12","modified_gmt":"2026-03-08T21:52:12","slug":"pokemon-plueschfigur-squishmallow-wampitz-50-cm-3","status":"publish","type":"product","link":"https:\/\/theuncommonshop.ch\/en\/product\/pokemon-plueschfigur-squishmallow-wampitz-50-cm-3\/","title":{"rendered":"Pokemon &#8211; Pl\u00fcschfigur &#8211; Squishmallow Wampitz &#8211; 50 cm"},"content":{"rendered":"<p>Squishmallows bring people around the world together with their gentle and colorful personalities while providing cuddly moments that can be shared with everyone. Squishmallows make great cuddle buddies, collectibles, couch buddies, pillows, sleeping pets, travel companions or friends in times of need. Each of the countless Squishmallows has its own individual personality to make them even more precious to their new human friend. They are made from a super soft texture with high quality polyester fibers &#8211; you&#8217;ve never held anything so soft in your hands!   <\/p>\n<div><\/div>\n","protected":false},"excerpt":{"rendered":"<p>Squishmallows bring people around the world together with their gentle and colorful personalities while providing cuddly moments that can be<\/p>\n","protected":false},"featured_media":256271,"comment_status":"open","ping_status":"closed","template":"","meta":{"_acf_changed":false},"product_brand":[5107,5115,5073],"product_cat":[9902,10150,9824,9776,9900],"product_tag":[],"class_list":{"0":"post-315213","1":"product","2":"type-product","3":"status-publish","4":"has-post-thumbnail","6":"product_brand-jazwares","7":"product_brand-pokemon","8":"product_brand-the-pokemon-company","9":"product_cat-plush-toys","10":"product_cat-plush-toys-pokemon","11":"product_cat-plush-toys-and-figurines","12":"product_cat-pokemon-en","13":"product_cat-toys","15":"first","16":"instock","17":"taxable","18":"shipping-taxable","19":"purchasable","20":"product-type-simple"},"acf":[],"yoast_head":"<!-- This site is optimized with the Yoast SEO plugin v27.4 - https:\/\/yoast.com\/product\/yoast-seo-wordpress\/ -->\n<title>Buy Pokemon - Pl\u00fcschfigur - Squishmallow Wampitz - 50 cm<\/title>\n<meta name=\"description\" content=\"Shop Pokemon - Pl\u00fcschfigur - Squishmallow Wampitz - 50 cm online at great prices now! Your #1 TCG &amp; Pok\u00e9mon card shop in Switzerland \u2713 Free shipping from CHF 29\" \/>\n<meta name=\"robots\" content=\"index, follow, max-snippet:-1, max-image-preview:large, max-video-preview:-1\" \/>\n<link rel=\"canonical\" href=\"https:\/\/theuncommonshop.ch\/en\/product\/pokemon-plueschfigur-squishmallow-wampitz-50-cm-3\/\" \/>\n<meta property=\"og:locale\" content=\"en_US\" \/>\n<meta property=\"og:type\" content=\"article\" \/>\n<meta property=\"og:title\" content=\"Buy Pokemon - Pl\u00fcschfigur - Squishmallow Wampitz - 50 cm\" \/>\n<meta property=\"og:description\" content=\"Shop Pokemon - Pl\u00fcschfigur - Squishmallow Wampitz - 50 cm online at great prices now! Your #1 TCG &amp; Pok\u00e9mon card shop in Switzerland \u2713 Free shipping from CHF 29\" \/>\n<meta property=\"og:url\" content=\"https:\/\/theuncommonshop.ch\/en\/product\/pokemon-plueschfigur-squishmallow-wampitz-50-cm-3\/\" \/>\n<meta property=\"og:site_name\" content=\"The Uncommon Shop\" \/>\n<meta property=\"article:modified_time\" content=\"2026-03-08T21:52:12+00:00\" \/>\n<meta property=\"og:image\" content=\"https:\/\/theuncommonshop.ch\/wp-content\/uploads\/2025\/12\/5000624725.jpg\" \/>\n\t<meta property=\"og:image:width\" content=\"1000\" \/>\n\t<meta property=\"og:image:height\" content=\"1000\" \/>\n\t<meta property=\"og:image:type\" content=\"image\/jpeg\" \/>\n<meta name=\"twitter:card\" content=\"summary_large_image\" \/>\n<meta name=\"twitter:label1\" content=\"Price\" \/>\n\t<meta name=\"twitter:data1\" content=\"&#067;&#072;&#070;&nbsp;79.90\" \/>\n\t<meta name=\"twitter:label2\" content=\"Availability\" \/>\n\t<meta name=\"twitter:data2\" content=\"In stock\" \/>\n<script type=\"application\/ld+json\" class=\"yoast-schema-graph\">{\"@context\":\"https:\\\/\\\/schema.org\",\"@graph\":[{\"@type\":\"WebPage\",\"@id\":\"https:\\\/\\\/theuncommonshop.ch\\\/en\\\/product\\\/pokemon-plueschfigur-squishmallow-wampitz-50-cm-3\\\/\",\"url\":\"https:\\\/\\\/theuncommonshop.ch\\\/en\\\/product\\\/pokemon-plueschfigur-squishmallow-wampitz-50-cm-3\\\/\",\"name\":\"Buy Pokemon - Pl\u00fcschfigur - Squishmallow Wampitz - 50 cm\",\"isPartOf\":{\"@id\":\"https:\\\/\\\/theuncommonshop.ch\\\/en\\\/#website\"},\"primaryImageOfPage\":{\"@id\":\"https:\\\/\\\/theuncommonshop.ch\\\/en\\\/product\\\/pokemon-plueschfigur-squishmallow-wampitz-50-cm-3\\\/#primaryimage\"},\"image\":{\"@id\":\"https:\\\/\\\/theuncommonshop.ch\\\/en\\\/product\\\/pokemon-plueschfigur-squishmallow-wampitz-50-cm-3\\\/#primaryimage\"},\"thumbnailUrl\":\"https:\\\/\\\/theuncommonshop.ch\\\/wp-content\\\/uploads\\\/2025\\\/12\\\/5000624725.jpg\",\"datePublished\":\"2025-12-30T19:59:49+00:00\",\"dateModified\":\"2026-03-08T21:52:12+00:00\",\"description\":\"Shop Pokemon - Pl\u00fcschfigur - Squishmallow Wampitz - 50 cm online at great prices now! Your #1 TCG & Pok\u00e9mon card shop in Switzerland \u2713 Free shipping from CHF 29\",\"breadcrumb\":{\"@id\":\"https:\\\/\\\/theuncommonshop.ch\\\/en\\\/product\\\/pokemon-plueschfigur-squishmallow-wampitz-50-cm-3\\\/#breadcrumb\"},\"inLanguage\":\"en-US\",\"potentialAction\":[{\"@type\":\"ReadAction\",\"target\":[\"https:\\\/\\\/theuncommonshop.ch\\\/en\\\/product\\\/pokemon-plueschfigur-squishmallow-wampitz-50-cm-3\\\/\"]}]},{\"@type\":\"ImageObject\",\"inLanguage\":\"en-US\",\"@id\":\"https:\\\/\\\/theuncommonshop.ch\\\/en\\\/product\\\/pokemon-plueschfigur-squishmallow-wampitz-50-cm-3\\\/#primaryimage\",\"url\":\"https:\\\/\\\/theuncommonshop.ch\\\/wp-content\\\/uploads\\\/2025\\\/12\\\/5000624725.jpg\",\"contentUrl\":\"https:\\\/\\\/theuncommonshop.ch\\\/wp-content\\\/uploads\\\/2025\\\/12\\\/5000624725.jpg\",\"width\":1000,\"height\":1000},{\"@type\":\"BreadcrumbList\",\"@id\":\"https:\\\/\\\/theuncommonshop.ch\\\/en\\\/product\\\/pokemon-plueschfigur-squishmallow-wampitz-50-cm-3\\\/#breadcrumb\",\"itemListElement\":[{\"@type\":\"ListItem\",\"position\":1,\"name\":\"Home\",\"item\":\"https:\\\/\\\/theuncommonshop.ch\\\/en\\\/home\\\/\"},{\"@type\":\"ListItem\",\"position\":2,\"name\":\"Store\",\"item\":\"https:\\\/\\\/theuncommonshop.ch\\\/en\\\/store\\\/\"},{\"@type\":\"ListItem\",\"position\":3,\"name\":\"Pok\u00e9mon\",\"item\":\"https:\\\/\\\/theuncommonshop.ch\\\/en\\\/product-category\\\/pokemon-en\\\/\"},{\"@type\":\"ListItem\",\"position\":4,\"name\":\"Plush toys and figurines\",\"item\":\"https:\\\/\\\/theuncommonshop.ch\\\/en\\\/product-category\\\/pokemon-en\\\/plush-toys-and-figurines\\\/\"},{\"@type\":\"ListItem\",\"position\":5,\"name\":\"Plush toys\",\"item\":\"https:\\\/\\\/theuncommonshop.ch\\\/en\\\/product-category\\\/pokemon-en\\\/plush-toys-and-figurines\\\/plush-toys-pokemon\\\/\"},{\"@type\":\"ListItem\",\"position\":6,\"name\":\"Pokemon &#8211; Pl\u00fcschfigur &#8211; Squishmallow Wampitz &#8211; 50 cm\"}]},{\"@type\":\"WebSite\",\"@id\":\"https:\\\/\\\/theuncommonshop.ch\\\/en\\\/#website\",\"url\":\"https:\\\/\\\/theuncommonshop.ch\\\/en\\\/\",\"name\":\"The Uncommon Shop\",\"description\":\"Magic, Pok\u00e9mon and Yu-gi-oh - The Uncommon Shop\",\"potentialAction\":[{\"@type\":\"SearchAction\",\"target\":{\"@type\":\"EntryPoint\",\"urlTemplate\":\"https:\\\/\\\/theuncommonshop.ch\\\/en\\\/?s={search_term_string}\"},\"query-input\":{\"@type\":\"PropertyValueSpecification\",\"valueRequired\":true,\"valueName\":\"search_term_string\"}}],\"inLanguage\":\"en-US\"}]}<\/script>\n<meta property=\"product:price:amount\" content=\"79.90\" \/>\n<meta property=\"product:price:currency\" content=\"CHF\" \/>\n<meta property=\"og:availability\" content=\"instock\" \/>\n<meta property=\"product:availability\" content=\"instock\" \/>\n<meta property=\"product:retailer_item_id\" content=\"ZU.IX.A.SquishmallowWampitz.50cm\" \/>\n<meta property=\"product:condition\" content=\"new\" \/>\n<!-- \/ Yoast SEO plugin. -->","yoast_head_json":{"title":"Buy Pokemon - Pl\u00fcschfigur - Squishmallow Wampitz - 50 cm","description":"Shop Pokemon - Pl\u00fcschfigur - Squishmallow Wampitz - 50 cm online at great prices now! Your #1 TCG & Pok\u00e9mon card shop in Switzerland \u2713 Free shipping from CHF 29","robots":{"index":"index","follow":"follow","max-snippet":"max-snippet:-1","max-image-preview":"max-image-preview:large","max-video-preview":"max-video-preview:-1"},"canonical":"https:\/\/theuncommonshop.ch\/en\/product\/pokemon-plueschfigur-squishmallow-wampitz-50-cm-3\/","og_locale":"en_US","og_type":"article","og_title":"Buy Pokemon - Pl\u00fcschfigur - Squishmallow Wampitz - 50 cm","og_description":"Shop Pokemon - Pl\u00fcschfigur - Squishmallow Wampitz - 50 cm online at great prices now! Your #1 TCG & Pok\u00e9mon card shop in Switzerland \u2713 Free shipping from CHF 29","og_url":"https:\/\/theuncommonshop.ch\/en\/product\/pokemon-plueschfigur-squishmallow-wampitz-50-cm-3\/","og_site_name":"The Uncommon Shop","article_modified_time":"2026-03-08T21:52:12+00:00","og_image":[{"width":1000,"height":1000,"url":"https:\/\/theuncommonshop.ch\/wp-content\/uploads\/2025\/12\/5000624725.jpg","type":"image\/jpeg"}],"twitter_card":"summary_large_image","twitter_misc":{"Price":"&#67;&#72;&#70;&nbsp;79.90","Availability":"In stock"},"schema":{"@context":"https:\/\/schema.org","@graph":[{"@type":"WebPage","@id":"https:\/\/theuncommonshop.ch\/en\/product\/pokemon-plueschfigur-squishmallow-wampitz-50-cm-3\/","url":"https:\/\/theuncommonshop.ch\/en\/product\/pokemon-plueschfigur-squishmallow-wampitz-50-cm-3\/","name":"Buy Pokemon - Pl\u00fcschfigur - Squishmallow Wampitz - 50 cm","isPartOf":{"@id":"https:\/\/theuncommonshop.ch\/en\/#website"},"primaryImageOfPage":{"@id":"https:\/\/theuncommonshop.ch\/en\/product\/pokemon-plueschfigur-squishmallow-wampitz-50-cm-3\/#primaryimage"},"image":{"@id":"https:\/\/theuncommonshop.ch\/en\/product\/pokemon-plueschfigur-squishmallow-wampitz-50-cm-3\/#primaryimage"},"thumbnailUrl":"https:\/\/theuncommonshop.ch\/wp-content\/uploads\/2025\/12\/5000624725.jpg","datePublished":"2025-12-30T19:59:49+00:00","dateModified":"2026-03-08T21:52:12+00:00","description":"Shop Pokemon - Pl\u00fcschfigur - Squishmallow Wampitz - 50 cm online at great prices now! Your #1 TCG & Pok\u00e9mon card shop in Switzerland \u2713 Free shipping from CHF 29","breadcrumb":{"@id":"https:\/\/theuncommonshop.ch\/en\/product\/pokemon-plueschfigur-squishmallow-wampitz-50-cm-3\/#breadcrumb"},"inLanguage":"en-US","potentialAction":[{"@type":"ReadAction","target":["https:\/\/theuncommonshop.ch\/en\/product\/pokemon-plueschfigur-squishmallow-wampitz-50-cm-3\/"]}]},{"@type":"ImageObject","inLanguage":"en-US","@id":"https:\/\/theuncommonshop.ch\/en\/product\/pokemon-plueschfigur-squishmallow-wampitz-50-cm-3\/#primaryimage","url":"https:\/\/theuncommonshop.ch\/wp-content\/uploads\/2025\/12\/5000624725.jpg","contentUrl":"https:\/\/theuncommonshop.ch\/wp-content\/uploads\/2025\/12\/5000624725.jpg","width":1000,"height":1000},{"@type":"BreadcrumbList","@id":"https:\/\/theuncommonshop.ch\/en\/product\/pokemon-plueschfigur-squishmallow-wampitz-50-cm-3\/#breadcrumb","itemListElement":[{"@type":"ListItem","position":1,"name":"Home","item":"https:\/\/theuncommonshop.ch\/en\/home\/"},{"@type":"ListItem","position":2,"name":"Store","item":"https:\/\/theuncommonshop.ch\/en\/store\/"},{"@type":"ListItem","position":3,"name":"Pok\u00e9mon","item":"https:\/\/theuncommonshop.ch\/en\/product-category\/pokemon-en\/"},{"@type":"ListItem","position":4,"name":"Plush toys and figurines","item":"https:\/\/theuncommonshop.ch\/en\/product-category\/pokemon-en\/plush-toys-and-figurines\/"},{"@type":"ListItem","position":5,"name":"Plush toys","item":"https:\/\/theuncommonshop.ch\/en\/product-category\/pokemon-en\/plush-toys-and-figurines\/plush-toys-pokemon\/"},{"@type":"ListItem","position":6,"name":"Pokemon &#8211; Pl\u00fcschfigur &#8211; Squishmallow Wampitz &#8211; 50 cm"}]},{"@type":"WebSite","@id":"https:\/\/theuncommonshop.ch\/en\/#website","url":"https:\/\/theuncommonshop.ch\/en\/","name":"The Uncommon Shop","description":"Magic, Pok\u00e9mon and Yu-gi-oh - The Uncommon Shop","potentialAction":[{"@type":"SearchAction","target":{"@type":"EntryPoint","urlTemplate":"https:\/\/theuncommonshop.ch\/en\/?s={search_term_string}"},"query-input":{"@type":"PropertyValueSpecification","valueRequired":true,"valueName":"search_term_string"}}],"inLanguage":"en-US"}]},"product_price_amount":"79.90","product_price_currency":"CHF","og_availability":"instock","product_availability":"instock","product_retailer_item_id":"ZU.IX.A.SquishmallowWampitz.50cm","product_condition":"new"},"_links":{"self":[{"href":"https:\/\/theuncommonshop.ch\/en\/wp-json\/wp\/v2\/product\/315213","targetHints":{"allow":["GET"]}}],"collection":[{"href":"https:\/\/theuncommonshop.ch\/en\/wp-json\/wp\/v2\/product"}],"about":[{"href":"https:\/\/theuncommonshop.ch\/en\/wp-json\/wp\/v2\/types\/product"}],"replies":[{"embeddable":true,"href":"https:\/\/theuncommonshop.ch\/en\/wp-json\/wp\/v2\/comments?post=315213"}],"version-history":[{"count":0,"href":"https:\/\/theuncommonshop.ch\/en\/wp-json\/wp\/v2\/product\/315213\/revisions"}],"wp:featuredmedia":[{"embeddable":true,"href":"https:\/\/theuncommonshop.ch\/en\/wp-json\/wp\/v2\/media\/256271"}],"wp:attachment":[{"href":"https:\/\/theuncommonshop.ch\/en\/wp-json\/wp\/v2\/media?parent=315213"}],"wp:term":[{"taxonomy":"product_brand","embeddable":true,"href":"https:\/\/theuncommonshop.ch\/en\/wp-json\/wp\/v2\/product_brand?post=315213"},{"taxonomy":"product_cat","embeddable":true,"href":"https:\/\/theuncommonshop.ch\/en\/wp-json\/wp\/v2\/product_cat?post=315213"},{"taxonomy":"product_tag","embeddable":true,"href":"https:\/\/theuncommonshop.ch\/en\/wp-json\/wp\/v2\/product_tag?post=315213"}],"curies":[{"name":"wp","href":"https:\/\/api.w.org\/{rel}","templated":true}]}}