{"id":314876,"date":"2025-07-15T19:17:16","date_gmt":"2025-07-15T19:17:16","guid":{"rendered":"http:\/\/theuncommonshop.ch\/produkt\/314876\/"},"modified":"2026-03-08T22:50:56","modified_gmt":"2026-03-08T21:50:56","slug":"pokemon-dragon-majesty-pin-kollektion-latias-en-leicht-eingedruckt-3","status":"publish","type":"product","link":"https:\/\/theuncommonshop.ch\/en\/product\/pokemon-dragon-majesty-pin-kollektion-latias-en-leicht-eingedruckt-3\/","title":{"rendered":"Pok\u00e9mon &#8211; Dragon Majesty: Pin Kollektion &#8211; Latias\u200b &#8211; EN (Leicht eingedruckt)"},"content":{"rendered":"<p>Let the Pok\u00e9mon Majesty of Dragons pin collections take you to the top with supersonic speed and bold moves! This set is the first to include Booster Packs from the special expansion Majesty of Dragons, and they&#8217;ll help you build your collection with the extreme speed and power of the Dragon-type Eon Pok\u00e9mon Latias. Look out for a special pin and foil promo card featuring the Legendary Pok\u00e9mon in this collection. It&#8217;s the perfect plan for any great Pok\u00e9mon Trainer to fly straight to the top!     <\/p>\n<div>Contents of the box:<\/div>\n<ul>\n<li>  1 Latias promo card<\/li>\n<li>1 Latias pin<\/li>\n<li>3 Pok\u00e9mon TCG: Majesty of Dragons Booster Packs<\/li>\n<\/ul>\n","protected":false},"excerpt":{"rendered":"<p>Let the Pok\u00e9mon Majesty of Dragons pin collections take you to the top with supersonic speed and bold moves! This<\/p>\n","protected":false},"featured_media":80013,"comment_status":"open","ping_status":"closed","template":"","meta":{"_acf_changed":false},"product_brand":[5115,5073],"product_cat":[9810,9776],"product_tag":[],"class_list":{"0":"post-314876","1":"product","2":"type-product","3":"status-publish","4":"has-post-thumbnail","6":"product_brand-pokemon","7":"product_brand-the-pokemon-company","8":"product_cat-boxes-and-collections-pokemon","9":"product_cat-pokemon-en","11":"first","12":"outofstock","13":"taxable","14":"shipping-taxable","15":"purchasable","16":"product-type-variable"},"acf":[],"yoast_head":"<!-- This site is optimized with the Yoast SEO plugin v27.4 - https:\/\/yoast.com\/product\/yoast-seo-wordpress\/ -->\n<title>Buy Pok\u00e9mon - Dragon Majesty: Pin Kollektion - Latias\u200b - EN (Leicht eingedruckt)<\/title>\n<meta name=\"description\" content=\"Shop Pok\u00e9mon - Dragon Majesty: Pin Kollektion - Latias\u200b - EN (Leicht eingedruckt) online at great prices now! Your #1 TCG &amp; Pok\u00e9mon card shop in Switzerland \u2713 Free shipping from CHF 29\" \/>\n<meta name=\"robots\" content=\"index, follow, max-snippet:-1, max-image-preview:large, max-video-preview:-1\" \/>\n<link rel=\"canonical\" href=\"https:\/\/theuncommonshop.ch\/en\/product\/pokemon-dragon-majesty-pin-kollektion-latias-en-leicht-eingedruckt-3\/\" \/>\n<meta property=\"og:locale\" content=\"en_US\" \/>\n<meta property=\"og:type\" content=\"article\" \/>\n<meta property=\"og:title\" content=\"Buy Pok\u00e9mon - Dragon Majesty: Pin Kollektion - Latias\u200b - EN (Leicht eingedruckt)\" \/>\n<meta property=\"og:description\" content=\"Shop Pok\u00e9mon - Dragon Majesty: Pin Kollektion - Latias\u200b - EN (Leicht eingedruckt) online at great prices now! Your #1 TCG &amp; Pok\u00e9mon card shop in Switzerland \u2713 Free shipping from CHF 29\" \/>\n<meta property=\"og:url\" content=\"https:\/\/theuncommonshop.ch\/en\/product\/pokemon-dragon-majesty-pin-kollektion-latias-en-leicht-eingedruckt-3\/\" \/>\n<meta property=\"og:site_name\" content=\"The Uncommon Shop\" \/>\n<meta property=\"article:modified_time\" content=\"2026-03-08T21:50:56+00:00\" \/>\n<meta property=\"og:image\" content=\"https:\/\/theuncommonshop.ch\/wp-content\/uploads\/2025\/06\/3239174181.jpg\" \/>\n\t<meta property=\"og:image:width\" content=\"665\" \/>\n\t<meta property=\"og:image:height\" content=\"665\" \/>\n\t<meta property=\"og:image:type\" content=\"image\/jpeg\" \/>\n<meta name=\"twitter:card\" content=\"summary_large_image\" \/>\n<meta name=\"twitter:label1\" content=\"Availability\" \/>\n\t<meta name=\"twitter:data1\" content=\"Out of stock\" \/>\n<script type=\"application\/ld+json\" class=\"yoast-schema-graph\">{\"@context\":\"https:\\\/\\\/schema.org\",\"@graph\":[{\"@type\":\"WebPage\",\"@id\":\"https:\\\/\\\/theuncommonshop.ch\\\/en\\\/product\\\/pokemon-dragon-majesty-pin-kollektion-latias-en-leicht-eingedruckt-3\\\/\",\"url\":\"https:\\\/\\\/theuncommonshop.ch\\\/en\\\/product\\\/pokemon-dragon-majesty-pin-kollektion-latias-en-leicht-eingedruckt-3\\\/\",\"name\":\"Buy Pok\u00e9mon - Dragon Majesty: Pin Kollektion - Latias\u200b - EN (Leicht eingedruckt)\",\"isPartOf\":{\"@id\":\"https:\\\/\\\/theuncommonshop.ch\\\/en\\\/#website\"},\"primaryImageOfPage\":{\"@id\":\"https:\\\/\\\/theuncommonshop.ch\\\/en\\\/product\\\/pokemon-dragon-majesty-pin-kollektion-latias-en-leicht-eingedruckt-3\\\/#primaryimage\"},\"image\":{\"@id\":\"https:\\\/\\\/theuncommonshop.ch\\\/en\\\/product\\\/pokemon-dragon-majesty-pin-kollektion-latias-en-leicht-eingedruckt-3\\\/#primaryimage\"},\"thumbnailUrl\":\"https:\\\/\\\/theuncommonshop.ch\\\/wp-content\\\/uploads\\\/2025\\\/06\\\/3239174181.jpg\",\"datePublished\":\"2025-07-15T19:17:16+00:00\",\"dateModified\":\"2026-03-08T21:50:56+00:00\",\"description\":\"Shop Pok\u00e9mon - Dragon Majesty: Pin Kollektion - Latias\u200b - EN (Leicht eingedruckt) online at great prices now! Your #1 TCG & Pok\u00e9mon card shop in Switzerland \u2713 Free shipping from CHF 29\",\"breadcrumb\":{\"@id\":\"https:\\\/\\\/theuncommonshop.ch\\\/en\\\/product\\\/pokemon-dragon-majesty-pin-kollektion-latias-en-leicht-eingedruckt-3\\\/#breadcrumb\"},\"inLanguage\":\"en-US\",\"potentialAction\":[{\"@type\":\"ReadAction\",\"target\":[\"https:\\\/\\\/theuncommonshop.ch\\\/en\\\/product\\\/pokemon-dragon-majesty-pin-kollektion-latias-en-leicht-eingedruckt-3\\\/\"]}]},{\"@type\":\"ImageObject\",\"inLanguage\":\"en-US\",\"@id\":\"https:\\\/\\\/theuncommonshop.ch\\\/en\\\/product\\\/pokemon-dragon-majesty-pin-kollektion-latias-en-leicht-eingedruckt-3\\\/#primaryimage\",\"url\":\"https:\\\/\\\/theuncommonshop.ch\\\/wp-content\\\/uploads\\\/2025\\\/06\\\/3239174181.jpg\",\"contentUrl\":\"https:\\\/\\\/theuncommonshop.ch\\\/wp-content\\\/uploads\\\/2025\\\/06\\\/3239174181.jpg\",\"width\":665,\"height\":665},{\"@type\":\"BreadcrumbList\",\"@id\":\"https:\\\/\\\/theuncommonshop.ch\\\/en\\\/product\\\/pokemon-dragon-majesty-pin-kollektion-latias-en-leicht-eingedruckt-3\\\/#breadcrumb\",\"itemListElement\":[{\"@type\":\"ListItem\",\"position\":1,\"name\":\"Home\",\"item\":\"https:\\\/\\\/theuncommonshop.ch\\\/en\\\/home\\\/\"},{\"@type\":\"ListItem\",\"position\":2,\"name\":\"Store\",\"item\":\"https:\\\/\\\/theuncommonshop.ch\\\/en\\\/store\\\/\"},{\"@type\":\"ListItem\",\"position\":3,\"name\":\"Pok\u00e9mon\",\"item\":\"https:\\\/\\\/theuncommonshop.ch\\\/en\\\/product-category\\\/pokemon-en\\\/\"},{\"@type\":\"ListItem\",\"position\":4,\"name\":\"Boxes & Collections\",\"item\":\"https:\\\/\\\/theuncommonshop.ch\\\/en\\\/product-category\\\/pokemon-en\\\/boxes-and-collections-pokemon\\\/\"},{\"@type\":\"ListItem\",\"position\":5,\"name\":\"Pok\u00e9mon &#8211; Dragon Majesty: Pin Kollektion &#8211; Latias\u200b &#8211; EN (Leicht eingedruckt)\"}]},{\"@type\":\"WebSite\",\"@id\":\"https:\\\/\\\/theuncommonshop.ch\\\/en\\\/#website\",\"url\":\"https:\\\/\\\/theuncommonshop.ch\\\/en\\\/\",\"name\":\"The Uncommon Shop\",\"description\":\"Magic, Pok\u00e9mon and Yu-gi-oh - The Uncommon Shop\",\"potentialAction\":[{\"@type\":\"SearchAction\",\"target\":{\"@type\":\"EntryPoint\",\"urlTemplate\":\"https:\\\/\\\/theuncommonshop.ch\\\/en\\\/?s={search_term_string}\"},\"query-input\":{\"@type\":\"PropertyValueSpecification\",\"valueRequired\":true,\"valueName\":\"search_term_string\"}}],\"inLanguage\":\"en-US\"}]}<\/script>\n<meta property=\"og:availability\" content=\"out of stock\" \/>\n<meta property=\"product:availability\" content=\"out of stock\" \/>\n<meta property=\"product:retailer_item_id\" content=\"Po.Shop.Regal.Latias.EN\" \/>\n<meta property=\"product:condition\" content=\"new\" \/>\n<!-- \/ Yoast SEO plugin. -->","yoast_head_json":{"title":"Buy Pok\u00e9mon - Dragon Majesty: Pin Kollektion - Latias\u200b - EN (Leicht eingedruckt)","description":"Shop Pok\u00e9mon - Dragon Majesty: Pin Kollektion - Latias\u200b - EN (Leicht eingedruckt) online at great prices now! Your #1 TCG & Pok\u00e9mon card shop in Switzerland \u2713 Free shipping from CHF 29","robots":{"index":"index","follow":"follow","max-snippet":"max-snippet:-1","max-image-preview":"max-image-preview:large","max-video-preview":"max-video-preview:-1"},"canonical":"https:\/\/theuncommonshop.ch\/en\/product\/pokemon-dragon-majesty-pin-kollektion-latias-en-leicht-eingedruckt-3\/","og_locale":"en_US","og_type":"article","og_title":"Buy Pok\u00e9mon - Dragon Majesty: Pin Kollektion - Latias\u200b - EN (Leicht eingedruckt)","og_description":"Shop Pok\u00e9mon - Dragon Majesty: Pin Kollektion - Latias\u200b - EN (Leicht eingedruckt) online at great prices now! Your #1 TCG & Pok\u00e9mon card shop in Switzerland \u2713 Free shipping from CHF 29","og_url":"https:\/\/theuncommonshop.ch\/en\/product\/pokemon-dragon-majesty-pin-kollektion-latias-en-leicht-eingedruckt-3\/","og_site_name":"The Uncommon Shop","article_modified_time":"2026-03-08T21:50:56+00:00","og_image":[{"width":665,"height":665,"url":"https:\/\/theuncommonshop.ch\/wp-content\/uploads\/2025\/06\/3239174181.jpg","type":"image\/jpeg"}],"twitter_card":"summary_large_image","twitter_misc":{"Availability":"Out of stock"},"schema":{"@context":"https:\/\/schema.org","@graph":[{"@type":"WebPage","@id":"https:\/\/theuncommonshop.ch\/en\/product\/pokemon-dragon-majesty-pin-kollektion-latias-en-leicht-eingedruckt-3\/","url":"https:\/\/theuncommonshop.ch\/en\/product\/pokemon-dragon-majesty-pin-kollektion-latias-en-leicht-eingedruckt-3\/","name":"Buy Pok\u00e9mon - Dragon Majesty: Pin Kollektion - Latias\u200b - EN (Leicht eingedruckt)","isPartOf":{"@id":"https:\/\/theuncommonshop.ch\/en\/#website"},"primaryImageOfPage":{"@id":"https:\/\/theuncommonshop.ch\/en\/product\/pokemon-dragon-majesty-pin-kollektion-latias-en-leicht-eingedruckt-3\/#primaryimage"},"image":{"@id":"https:\/\/theuncommonshop.ch\/en\/product\/pokemon-dragon-majesty-pin-kollektion-latias-en-leicht-eingedruckt-3\/#primaryimage"},"thumbnailUrl":"https:\/\/theuncommonshop.ch\/wp-content\/uploads\/2025\/06\/3239174181.jpg","datePublished":"2025-07-15T19:17:16+00:00","dateModified":"2026-03-08T21:50:56+00:00","description":"Shop Pok\u00e9mon - Dragon Majesty: Pin Kollektion - Latias\u200b - EN (Leicht eingedruckt) online at great prices now! Your #1 TCG & Pok\u00e9mon card shop in Switzerland \u2713 Free shipping from CHF 29","breadcrumb":{"@id":"https:\/\/theuncommonshop.ch\/en\/product\/pokemon-dragon-majesty-pin-kollektion-latias-en-leicht-eingedruckt-3\/#breadcrumb"},"inLanguage":"en-US","potentialAction":[{"@type":"ReadAction","target":["https:\/\/theuncommonshop.ch\/en\/product\/pokemon-dragon-majesty-pin-kollektion-latias-en-leicht-eingedruckt-3\/"]}]},{"@type":"ImageObject","inLanguage":"en-US","@id":"https:\/\/theuncommonshop.ch\/en\/product\/pokemon-dragon-majesty-pin-kollektion-latias-en-leicht-eingedruckt-3\/#primaryimage","url":"https:\/\/theuncommonshop.ch\/wp-content\/uploads\/2025\/06\/3239174181.jpg","contentUrl":"https:\/\/theuncommonshop.ch\/wp-content\/uploads\/2025\/06\/3239174181.jpg","width":665,"height":665},{"@type":"BreadcrumbList","@id":"https:\/\/theuncommonshop.ch\/en\/product\/pokemon-dragon-majesty-pin-kollektion-latias-en-leicht-eingedruckt-3\/#breadcrumb","itemListElement":[{"@type":"ListItem","position":1,"name":"Home","item":"https:\/\/theuncommonshop.ch\/en\/home\/"},{"@type":"ListItem","position":2,"name":"Store","item":"https:\/\/theuncommonshop.ch\/en\/store\/"},{"@type":"ListItem","position":3,"name":"Pok\u00e9mon","item":"https:\/\/theuncommonshop.ch\/en\/product-category\/pokemon-en\/"},{"@type":"ListItem","position":4,"name":"Boxes & Collections","item":"https:\/\/theuncommonshop.ch\/en\/product-category\/pokemon-en\/boxes-and-collections-pokemon\/"},{"@type":"ListItem","position":5,"name":"Pok\u00e9mon &#8211; Dragon Majesty: Pin Kollektion &#8211; Latias\u200b &#8211; EN (Leicht eingedruckt)"}]},{"@type":"WebSite","@id":"https:\/\/theuncommonshop.ch\/en\/#website","url":"https:\/\/theuncommonshop.ch\/en\/","name":"The Uncommon Shop","description":"Magic, Pok\u00e9mon and Yu-gi-oh - The Uncommon Shop","potentialAction":[{"@type":"SearchAction","target":{"@type":"EntryPoint","urlTemplate":"https:\/\/theuncommonshop.ch\/en\/?s={search_term_string}"},"query-input":{"@type":"PropertyValueSpecification","valueRequired":true,"valueName":"search_term_string"}}],"inLanguage":"en-US"}]},"og_availability":"out of stock","product_availability":"out of stock","product_retailer_item_id":"Po.Shop.Regal.Latias.EN","product_condition":"new"},"_links":{"self":[{"href":"https:\/\/theuncommonshop.ch\/en\/wp-json\/wp\/v2\/product\/314876","targetHints":{"allow":["GET"]}}],"collection":[{"href":"https:\/\/theuncommonshop.ch\/en\/wp-json\/wp\/v2\/product"}],"about":[{"href":"https:\/\/theuncommonshop.ch\/en\/wp-json\/wp\/v2\/types\/product"}],"replies":[{"embeddable":true,"href":"https:\/\/theuncommonshop.ch\/en\/wp-json\/wp\/v2\/comments?post=314876"}],"version-history":[{"count":0,"href":"https:\/\/theuncommonshop.ch\/en\/wp-json\/wp\/v2\/product\/314876\/revisions"}],"wp:featuredmedia":[{"embeddable":true,"href":"https:\/\/theuncommonshop.ch\/en\/wp-json\/wp\/v2\/media\/80013"}],"wp:attachment":[{"href":"https:\/\/theuncommonshop.ch\/en\/wp-json\/wp\/v2\/media?parent=314876"}],"wp:term":[{"taxonomy":"product_brand","embeddable":true,"href":"https:\/\/theuncommonshop.ch\/en\/wp-json\/wp\/v2\/product_brand?post=314876"},{"taxonomy":"product_cat","embeddable":true,"href":"https:\/\/theuncommonshop.ch\/en\/wp-json\/wp\/v2\/product_cat?post=314876"},{"taxonomy":"product_tag","embeddable":true,"href":"https:\/\/theuncommonshop.ch\/en\/wp-json\/wp\/v2\/product_tag?post=314876"}],"curies":[{"name":"wp","href":"https:\/\/api.w.org\/{rel}","templated":true}]}}