{"id":314778,"date":"2025-07-15T19:11:33","date_gmt":"2025-07-15T19:11:33","guid":{"rendered":"http:\/\/theuncommonshop.ch\/produkt\/314778\/"},"modified":"2026-03-28T13:56:57","modified_gmt":"2026-03-28T12:56:57","slug":"pokemon-heartgold-soulsilver-hgss03-undaunted-booster-display-3","status":"publish","type":"product","link":"https:\/\/theuncommonshop.ch\/en\/product\/pokemon-heartgold-soulsilver-hgss03-undaunted-booster-display-3\/","title":{"rendered":"Pok\u00e9mon &#8211; HeartGold &amp; SoulSilver (HGSS03) &#8211; Undaunted &#8211; Booster Display"},"content":{"rendered":"<p><strong>Pok\u00e9mon &#8211; HeartGold &amp; SoulSilver &#8211; Unerschrocken (HGSS03) &#8211; Booster Display<\/strong><\/p>\n<p><i><em>The greatest coaches are those who show no fear in competition. Just like you! In the Pok\u00e9mon TCG expansion HS Unerschrocken, you&#8217;ll encounter battle-ready Pok\u00e9mon just waiting to be summoned by a fearless Trainer like you! The powerful Rayquaza and Deoxys pair up to become Pok\u00e9mon LEGEND cards not to be underestimated. Six Pok\u00e9mon, including Raichu, Nachtara, and Laschoking, will become Pok\u00e9mon Prime cards. Stadium cards, such as Alph Ruins, and Trainer cards, such as Legendary Box, change every player&#8217;s strategy. Are you ready to go into battle Unerschrocken?      <\/em><\/i><\/p>\n","protected":false},"excerpt":{"rendered":"<p>Pok\u00e9mon &#8211; HeartGold &amp; SoulSilver &#8211; Unerschrocken (HGSS03) &#8211; Booster Display The greatest coaches are those who show no fear<\/p>\n","protected":false},"featured_media":19384,"comment_status":"open","ping_status":"closed","template":"","meta":{"_acf_changed":false},"product_brand":[5115,5073],"product_cat":[9804,10052],"product_tag":[],"class_list":{"0":"post-314778","1":"product","2":"type-product","3":"status-publish","4":"has-post-thumbnail","6":"product_brand-pokemon","7":"product_brand-the-pokemon-company","8":"product_cat-booster-displays-pokemon-en","9":"product_cat-booster-displays-international-en","11":"first","12":"instock","13":"taxable","14":"shipping-taxable","15":"purchasable","16":"product-type-simple"},"acf":[],"yoast_head":"<!-- This site is optimized with the Yoast SEO plugin v27.4 - https:\/\/yoast.com\/product\/yoast-seo-wordpress\/ -->\n<title>Buy Pok\u00e9mon - HeartGold &amp; SoulSilver (HGSS03) - Undaunted - Booster Display<\/title>\n<meta name=\"description\" content=\"Shop Pok\u00e9mon - HeartGold &amp; SoulSilver (HGSS03) - Undaunted - Booster Display online at great prices now! Your #1 TCG &amp; Pok\u00e9mon card shop in Switzerland \u2713 Free shipping from CHF 29\" \/>\n<meta name=\"robots\" content=\"index, follow, max-snippet:-1, max-image-preview:large, max-video-preview:-1\" \/>\n<link rel=\"canonical\" href=\"https:\/\/theuncommonshop.ch\/en\/product\/pokemon-heartgold-soulsilver-hgss03-undaunted-booster-display-3\/\" \/>\n<meta property=\"og:locale\" content=\"en_US\" \/>\n<meta property=\"og:type\" content=\"article\" \/>\n<meta property=\"og:title\" content=\"Buy Pok\u00e9mon - HeartGold &amp; SoulSilver (HGSS03) - Undaunted - Booster Display\" \/>\n<meta property=\"og:description\" content=\"Shop Pok\u00e9mon - HeartGold &amp; SoulSilver (HGSS03) - Undaunted - Booster Display online at great prices now! Your #1 TCG &amp; Pok\u00e9mon card shop in Switzerland \u2713 Free shipping from CHF 29\" \/>\n<meta property=\"og:url\" content=\"https:\/\/theuncommonshop.ch\/en\/product\/pokemon-heartgold-soulsilver-hgss03-undaunted-booster-display-3\/\" \/>\n<meta property=\"og:site_name\" content=\"The Uncommon Shop\" \/>\n<meta property=\"article:modified_time\" content=\"2026-03-28T12:56:57+00:00\" \/>\n<meta property=\"og:image\" content=\"https:\/\/theuncommonshop.ch\/wp-content\/uploads\/2025\/05\/2614359998.jpg\" \/>\n\t<meta property=\"og:image:width\" content=\"455\" \/>\n\t<meta property=\"og:image:height\" content=\"599\" \/>\n\t<meta property=\"og:image:type\" content=\"image\/jpeg\" \/>\n<meta name=\"twitter:card\" content=\"summary_large_image\" \/>\n<meta name=\"twitter:label1\" content=\"Price\" \/>\n\t<meta name=\"twitter:data1\" content=\"&#067;&#072;&#070;&nbsp;4.999.95\" \/>\n\t<meta name=\"twitter:label2\" content=\"Availability\" \/>\n\t<meta name=\"twitter:data2\" content=\"In stock\" \/>\n<script type=\"application\/ld+json\" class=\"yoast-schema-graph\">{\"@context\":\"https:\\\/\\\/schema.org\",\"@graph\":[{\"@type\":\"WebPage\",\"@id\":\"https:\\\/\\\/theuncommonshop.ch\\\/en\\\/product\\\/pokemon-heartgold-soulsilver-hgss03-undaunted-booster-display-3\\\/\",\"url\":\"https:\\\/\\\/theuncommonshop.ch\\\/en\\\/product\\\/pokemon-heartgold-soulsilver-hgss03-undaunted-booster-display-3\\\/\",\"name\":\"Buy Pok\u00e9mon - HeartGold &amp; SoulSilver (HGSS03) - Undaunted - Booster Display\",\"isPartOf\":{\"@id\":\"https:\\\/\\\/theuncommonshop.ch\\\/en\\\/#website\"},\"primaryImageOfPage\":{\"@id\":\"https:\\\/\\\/theuncommonshop.ch\\\/en\\\/product\\\/pokemon-heartgold-soulsilver-hgss03-undaunted-booster-display-3\\\/#primaryimage\"},\"image\":{\"@id\":\"https:\\\/\\\/theuncommonshop.ch\\\/en\\\/product\\\/pokemon-heartgold-soulsilver-hgss03-undaunted-booster-display-3\\\/#primaryimage\"},\"thumbnailUrl\":\"https:\\\/\\\/theuncommonshop.ch\\\/wp-content\\\/uploads\\\/2025\\\/05\\\/2614359998.jpg\",\"datePublished\":\"2025-07-15T19:11:33+00:00\",\"dateModified\":\"2026-03-28T12:56:57+00:00\",\"description\":\"Shop Pok\u00e9mon - HeartGold &amp; SoulSilver (HGSS03) - Undaunted - Booster Display online at great prices now! Your #1 TCG & Pok\u00e9mon card shop in Switzerland \u2713 Free shipping from CHF 29\",\"breadcrumb\":{\"@id\":\"https:\\\/\\\/theuncommonshop.ch\\\/en\\\/product\\\/pokemon-heartgold-soulsilver-hgss03-undaunted-booster-display-3\\\/#breadcrumb\"},\"inLanguage\":\"en-US\",\"potentialAction\":[{\"@type\":\"ReadAction\",\"target\":[\"https:\\\/\\\/theuncommonshop.ch\\\/en\\\/product\\\/pokemon-heartgold-soulsilver-hgss03-undaunted-booster-display-3\\\/\"]}]},{\"@type\":\"ImageObject\",\"inLanguage\":\"en-US\",\"@id\":\"https:\\\/\\\/theuncommonshop.ch\\\/en\\\/product\\\/pokemon-heartgold-soulsilver-hgss03-undaunted-booster-display-3\\\/#primaryimage\",\"url\":\"https:\\\/\\\/theuncommonshop.ch\\\/wp-content\\\/uploads\\\/2025\\\/05\\\/2614359998.jpg\",\"contentUrl\":\"https:\\\/\\\/theuncommonshop.ch\\\/wp-content\\\/uploads\\\/2025\\\/05\\\/2614359998.jpg\",\"width\":455,\"height\":599},{\"@type\":\"BreadcrumbList\",\"@id\":\"https:\\\/\\\/theuncommonshop.ch\\\/en\\\/product\\\/pokemon-heartgold-soulsilver-hgss03-undaunted-booster-display-3\\\/#breadcrumb\",\"itemListElement\":[{\"@type\":\"ListItem\",\"position\":1,\"name\":\"Home\",\"item\":\"https:\\\/\\\/theuncommonshop.ch\\\/en\\\/home\\\/\"},{\"@type\":\"ListItem\",\"position\":2,\"name\":\"Store\",\"item\":\"https:\\\/\\\/theuncommonshop.ch\\\/en\\\/store\\\/\"},{\"@type\":\"ListItem\",\"position\":3,\"name\":\"Pok\u00e9mon\",\"item\":\"https:\\\/\\\/theuncommonshop.ch\\\/en\\\/product-category\\\/pokemon-en\\\/\"},{\"@type\":\"ListItem\",\"position\":4,\"name\":\"Booster Displays\",\"item\":\"https:\\\/\\\/theuncommonshop.ch\\\/en\\\/product-category\\\/pokemon-en\\\/booster-displays-pokemon-en\\\/\"},{\"@type\":\"ListItem\",\"position\":5,\"name\":\"Booster Displays\",\"item\":\"https:\\\/\\\/theuncommonshop.ch\\\/en\\\/product-category\\\/pokemon-en\\\/booster-displays-pokemon-en\\\/booster-displays-international-en\\\/\"},{\"@type\":\"ListItem\",\"position\":6,\"name\":\"Pok\u00e9mon &#8211; HeartGold &amp; SoulSilver (HGSS03) &#8211; Undaunted &#8211; Booster Display\"}]},{\"@type\":\"WebSite\",\"@id\":\"https:\\\/\\\/theuncommonshop.ch\\\/en\\\/#website\",\"url\":\"https:\\\/\\\/theuncommonshop.ch\\\/en\\\/\",\"name\":\"The Uncommon Shop\",\"description\":\"Magic, Pok\u00e9mon and Yu-gi-oh - The Uncommon Shop\",\"potentialAction\":[{\"@type\":\"SearchAction\",\"target\":{\"@type\":\"EntryPoint\",\"urlTemplate\":\"https:\\\/\\\/theuncommonshop.ch\\\/en\\\/?s={search_term_string}\"},\"query-input\":{\"@type\":\"PropertyValueSpecification\",\"valueRequired\":true,\"valueName\":\"search_term_string\"}}],\"inLanguage\":\"en-US\"}]}<\/script>\n<meta property=\"product:price:amount\" content=\"4999.95\" \/>\n<meta property=\"product:price:currency\" content=\"CHF\" \/>\n<meta property=\"og:availability\" content=\"instock\" \/>\n<meta property=\"product:availability\" content=\"instock\" \/>\n<meta property=\"product:retailer_item_id\" content=\"PO.VIII.E.HsUnerschrBstDispl.DE\" \/>\n<meta property=\"product:condition\" content=\"new\" \/>\n<!-- \/ Yoast SEO plugin. -->","yoast_head_json":{"title":"Buy Pok\u00e9mon - HeartGold &amp; SoulSilver (HGSS03) - Undaunted - Booster Display","description":"Shop Pok\u00e9mon - HeartGold &amp; SoulSilver (HGSS03) - Undaunted - Booster Display online at great prices now! Your #1 TCG & Pok\u00e9mon card shop in Switzerland \u2713 Free shipping from CHF 29","robots":{"index":"index","follow":"follow","max-snippet":"max-snippet:-1","max-image-preview":"max-image-preview:large","max-video-preview":"max-video-preview:-1"},"canonical":"https:\/\/theuncommonshop.ch\/en\/product\/pokemon-heartgold-soulsilver-hgss03-undaunted-booster-display-3\/","og_locale":"en_US","og_type":"article","og_title":"Buy Pok\u00e9mon - HeartGold &amp; SoulSilver (HGSS03) - Undaunted - Booster Display","og_description":"Shop Pok\u00e9mon - HeartGold &amp; SoulSilver (HGSS03) - Undaunted - Booster Display online at great prices now! Your #1 TCG & Pok\u00e9mon card shop in Switzerland \u2713 Free shipping from CHF 29","og_url":"https:\/\/theuncommonshop.ch\/en\/product\/pokemon-heartgold-soulsilver-hgss03-undaunted-booster-display-3\/","og_site_name":"The Uncommon Shop","article_modified_time":"2026-03-28T12:56:57+00:00","og_image":[{"width":455,"height":599,"url":"https:\/\/theuncommonshop.ch\/wp-content\/uploads\/2025\/05\/2614359998.jpg","type":"image\/jpeg"}],"twitter_card":"summary_large_image","twitter_misc":{"Price":"&#67;&#72;&#70;&nbsp;4.999.95","Availability":"In stock"},"schema":{"@context":"https:\/\/schema.org","@graph":[{"@type":"WebPage","@id":"https:\/\/theuncommonshop.ch\/en\/product\/pokemon-heartgold-soulsilver-hgss03-undaunted-booster-display-3\/","url":"https:\/\/theuncommonshop.ch\/en\/product\/pokemon-heartgold-soulsilver-hgss03-undaunted-booster-display-3\/","name":"Buy Pok\u00e9mon - HeartGold &amp; SoulSilver (HGSS03) - Undaunted - Booster Display","isPartOf":{"@id":"https:\/\/theuncommonshop.ch\/en\/#website"},"primaryImageOfPage":{"@id":"https:\/\/theuncommonshop.ch\/en\/product\/pokemon-heartgold-soulsilver-hgss03-undaunted-booster-display-3\/#primaryimage"},"image":{"@id":"https:\/\/theuncommonshop.ch\/en\/product\/pokemon-heartgold-soulsilver-hgss03-undaunted-booster-display-3\/#primaryimage"},"thumbnailUrl":"https:\/\/theuncommonshop.ch\/wp-content\/uploads\/2025\/05\/2614359998.jpg","datePublished":"2025-07-15T19:11:33+00:00","dateModified":"2026-03-28T12:56:57+00:00","description":"Shop Pok\u00e9mon - HeartGold &amp; SoulSilver (HGSS03) - Undaunted - Booster Display online at great prices now! Your #1 TCG & Pok\u00e9mon card shop in Switzerland \u2713 Free shipping from CHF 29","breadcrumb":{"@id":"https:\/\/theuncommonshop.ch\/en\/product\/pokemon-heartgold-soulsilver-hgss03-undaunted-booster-display-3\/#breadcrumb"},"inLanguage":"en-US","potentialAction":[{"@type":"ReadAction","target":["https:\/\/theuncommonshop.ch\/en\/product\/pokemon-heartgold-soulsilver-hgss03-undaunted-booster-display-3\/"]}]},{"@type":"ImageObject","inLanguage":"en-US","@id":"https:\/\/theuncommonshop.ch\/en\/product\/pokemon-heartgold-soulsilver-hgss03-undaunted-booster-display-3\/#primaryimage","url":"https:\/\/theuncommonshop.ch\/wp-content\/uploads\/2025\/05\/2614359998.jpg","contentUrl":"https:\/\/theuncommonshop.ch\/wp-content\/uploads\/2025\/05\/2614359998.jpg","width":455,"height":599},{"@type":"BreadcrumbList","@id":"https:\/\/theuncommonshop.ch\/en\/product\/pokemon-heartgold-soulsilver-hgss03-undaunted-booster-display-3\/#breadcrumb","itemListElement":[{"@type":"ListItem","position":1,"name":"Home","item":"https:\/\/theuncommonshop.ch\/en\/home\/"},{"@type":"ListItem","position":2,"name":"Store","item":"https:\/\/theuncommonshop.ch\/en\/store\/"},{"@type":"ListItem","position":3,"name":"Pok\u00e9mon","item":"https:\/\/theuncommonshop.ch\/en\/product-category\/pokemon-en\/"},{"@type":"ListItem","position":4,"name":"Booster Displays","item":"https:\/\/theuncommonshop.ch\/en\/product-category\/pokemon-en\/booster-displays-pokemon-en\/"},{"@type":"ListItem","position":5,"name":"Booster Displays","item":"https:\/\/theuncommonshop.ch\/en\/product-category\/pokemon-en\/booster-displays-pokemon-en\/booster-displays-international-en\/"},{"@type":"ListItem","position":6,"name":"Pok\u00e9mon &#8211; HeartGold &amp; SoulSilver (HGSS03) &#8211; Undaunted &#8211; Booster Display"}]},{"@type":"WebSite","@id":"https:\/\/theuncommonshop.ch\/en\/#website","url":"https:\/\/theuncommonshop.ch\/en\/","name":"The Uncommon Shop","description":"Magic, Pok\u00e9mon and Yu-gi-oh - The Uncommon Shop","potentialAction":[{"@type":"SearchAction","target":{"@type":"EntryPoint","urlTemplate":"https:\/\/theuncommonshop.ch\/en\/?s={search_term_string}"},"query-input":{"@type":"PropertyValueSpecification","valueRequired":true,"valueName":"search_term_string"}}],"inLanguage":"en-US"}]},"product_price_amount":"4999.95","product_price_currency":"CHF","og_availability":"instock","product_availability":"instock","product_retailer_item_id":"PO.VIII.E.HsUnerschrBstDispl.DE","product_condition":"new"},"_links":{"self":[{"href":"https:\/\/theuncommonshop.ch\/en\/wp-json\/wp\/v2\/product\/314778","targetHints":{"allow":["GET"]}}],"collection":[{"href":"https:\/\/theuncommonshop.ch\/en\/wp-json\/wp\/v2\/product"}],"about":[{"href":"https:\/\/theuncommonshop.ch\/en\/wp-json\/wp\/v2\/types\/product"}],"replies":[{"embeddable":true,"href":"https:\/\/theuncommonshop.ch\/en\/wp-json\/wp\/v2\/comments?post=314778"}],"version-history":[{"count":0,"href":"https:\/\/theuncommonshop.ch\/en\/wp-json\/wp\/v2\/product\/314778\/revisions"}],"wp:featuredmedia":[{"embeddable":true,"href":"https:\/\/theuncommonshop.ch\/en\/wp-json\/wp\/v2\/media\/19384"}],"wp:attachment":[{"href":"https:\/\/theuncommonshop.ch\/en\/wp-json\/wp\/v2\/media?parent=314778"}],"wp:term":[{"taxonomy":"product_brand","embeddable":true,"href":"https:\/\/theuncommonshop.ch\/en\/wp-json\/wp\/v2\/product_brand?post=314778"},{"taxonomy":"product_cat","embeddable":true,"href":"https:\/\/theuncommonshop.ch\/en\/wp-json\/wp\/v2\/product_cat?post=314778"},{"taxonomy":"product_tag","embeddable":true,"href":"https:\/\/theuncommonshop.ch\/en\/wp-json\/wp\/v2\/product_tag?post=314778"}],"curies":[{"name":"wp","href":"https:\/\/api.w.org\/{rel}","templated":true}]}}