{"id":313719,"date":"2025-12-31T01:54:00","date_gmt":"2025-12-31T00:54:00","guid":{"rendered":"http:\/\/theuncommonshop.ch\/produkt\/313719\/"},"modified":"2026-04-02T19:27:57","modified_gmt":"2026-04-02T17:27:57","slug":"pokemon-scarlet-violet-gem-pack-vol-3-cbb3c-booster-display-3","status":"publish","type":"product","link":"https:\/\/theuncommonshop.ch\/en\/product\/pokemon-scarlet-violet-gem-pack-vol-3-cbb3c-booster-display-3\/","title":{"rendered":"Pok\u00e9mon &#8211; Scarlet &amp; Violet &#8211; Gem Pack Vol. 3 (CBB3C) &#8211; Booster Display"},"content":{"rendered":"<p><strong>Pok\u00e9mon &#8211; Gem Pack Vol.3 &#8211; Booster Display<\/strong><\/p>\n<p>The <strong>Gem Pack Vol. 3<\/strong> Booster Box is the third release in the &#8220;Gem Pack&#8221; series. While Vol.1 focused on Pok\u00e9mon Horizons and Vol.2 was all about the Eeveelutions, the theme of Vol.3 is nocturnal Pok\u00e9mon like Gengar and Meowth. It contains nine cards with special illustrations of Gengar, Cubone, Meowth, Chandelure and Ceruledge.     <\/p>\n<p>18 packs per box<\/p>\n<p>4 cards per pack<\/p>\n","protected":false},"excerpt":{"rendered":"<p>Pok\u00e9mon &#8211; Gem Pack Vol.3 &#8211; Booster Display The Gem Pack Vol. 3 Booster Box is the third release in<\/p>\n","protected":false},"featured_media":265317,"comment_status":"open","ping_status":"closed","template":"","meta":{"_acf_changed":false},"product_brand":[5073],"product_cat":[10330,9828],"product_tag":[],"class_list":{"0":"post-313719","1":"product","2":"type-product","3":"status-publish","4":"has-post-thumbnail","6":"product_brand-the-pokemon-company","7":"product_cat-booster-displays-chinese-and-korean","8":"product_cat-super-sale-pokemon-en","10":"first","11":"instock","12":"sale","13":"taxable","14":"shipping-taxable","15":"purchasable","16":"product-type-variable"},"acf":[],"yoast_head":"<!-- This site is optimized with the Yoast SEO plugin v27.4 - https:\/\/yoast.com\/product\/yoast-seo-wordpress\/ -->\n<title>Buy Pok\u00e9mon - Scarlet &amp; Violet - Gem Pack Vol. 3 (CBB3C) - Booster Display<\/title>\n<meta name=\"description\" content=\"Shop Pok\u00e9mon - Scarlet &amp; Violet - Gem Pack Vol. 3 (CBB3C) - Booster Display online at great prices now! Your #1 TCG &amp; Pok\u00e9mon card shop in Switzerland \u2713 Free shipping from CHF 29\" \/>\n<meta name=\"robots\" content=\"index, follow, max-snippet:-1, max-image-preview:large, max-video-preview:-1\" \/>\n<link rel=\"canonical\" href=\"https:\/\/theuncommonshop.ch\/en\/product\/pokemon-scarlet-violet-gem-pack-vol-3-cbb3c-booster-display-3\/\" \/>\n<meta property=\"og:locale\" content=\"en_US\" \/>\n<meta property=\"og:type\" content=\"article\" \/>\n<meta property=\"og:title\" content=\"Buy Pok\u00e9mon - Scarlet &amp; Violet - Gem Pack Vol. 3 (CBB3C) - Booster Display\" \/>\n<meta property=\"og:description\" content=\"Shop Pok\u00e9mon - Scarlet &amp; Violet - Gem Pack Vol. 3 (CBB3C) - Booster Display online at great prices now! Your #1 TCG &amp; Pok\u00e9mon card shop in Switzerland \u2713 Free shipping from CHF 29\" \/>\n<meta property=\"og:url\" content=\"https:\/\/theuncommonshop.ch\/en\/product\/pokemon-scarlet-violet-gem-pack-vol-3-cbb3c-booster-display-3\/\" \/>\n<meta property=\"og:site_name\" content=\"The Uncommon Shop\" \/>\n<meta property=\"article:modified_time\" content=\"2026-04-02T17:27:57+00:00\" \/>\n<meta property=\"og:image\" content=\"https:\/\/theuncommonshop.ch\/wp-content\/uploads\/2025\/12\/5246302458.webp\" \/>\n\t<meta property=\"og:image:width\" content=\"360\" \/>\n\t<meta property=\"og:image:height\" content=\"360\" \/>\n\t<meta property=\"og:image:type\" content=\"image\/webp\" \/>\n<meta name=\"twitter:card\" content=\"summary_large_image\" \/>\n<meta name=\"twitter:label1\" content=\"Availability\" \/>\n\t<meta name=\"twitter:data1\" content=\"In stock\" \/>\n<script type=\"application\/ld+json\" class=\"yoast-schema-graph\">{\"@context\":\"https:\\\/\\\/schema.org\",\"@graph\":[{\"@type\":\"WebPage\",\"@id\":\"https:\\\/\\\/theuncommonshop.ch\\\/en\\\/product\\\/pokemon-scarlet-violet-gem-pack-vol-3-cbb3c-booster-display-3\\\/\",\"url\":\"https:\\\/\\\/theuncommonshop.ch\\\/en\\\/product\\\/pokemon-scarlet-violet-gem-pack-vol-3-cbb3c-booster-display-3\\\/\",\"name\":\"Buy Pok\u00e9mon - Scarlet &amp; Violet - Gem Pack Vol. 3 (CBB3C) - Booster Display\",\"isPartOf\":{\"@id\":\"https:\\\/\\\/theuncommonshop.ch\\\/en\\\/#website\"},\"primaryImageOfPage\":{\"@id\":\"https:\\\/\\\/theuncommonshop.ch\\\/en\\\/product\\\/pokemon-scarlet-violet-gem-pack-vol-3-cbb3c-booster-display-3\\\/#primaryimage\"},\"image\":{\"@id\":\"https:\\\/\\\/theuncommonshop.ch\\\/en\\\/product\\\/pokemon-scarlet-violet-gem-pack-vol-3-cbb3c-booster-display-3\\\/#primaryimage\"},\"thumbnailUrl\":\"https:\\\/\\\/theuncommonshop.ch\\\/wp-content\\\/uploads\\\/2025\\\/12\\\/5246302458.webp\",\"datePublished\":\"2025-12-31T00:54:00+00:00\",\"dateModified\":\"2026-04-02T17:27:57+00:00\",\"description\":\"Shop Pok\u00e9mon - Scarlet &amp; Violet - Gem Pack Vol. 3 (CBB3C) - Booster Display online at great prices now! Your #1 TCG & Pok\u00e9mon card shop in Switzerland \u2713 Free shipping from CHF 29\",\"breadcrumb\":{\"@id\":\"https:\\\/\\\/theuncommonshop.ch\\\/en\\\/product\\\/pokemon-scarlet-violet-gem-pack-vol-3-cbb3c-booster-display-3\\\/#breadcrumb\"},\"inLanguage\":\"en-US\",\"potentialAction\":[{\"@type\":\"ReadAction\",\"target\":[\"https:\\\/\\\/theuncommonshop.ch\\\/en\\\/product\\\/pokemon-scarlet-violet-gem-pack-vol-3-cbb3c-booster-display-3\\\/\"]}]},{\"@type\":\"ImageObject\",\"inLanguage\":\"en-US\",\"@id\":\"https:\\\/\\\/theuncommonshop.ch\\\/en\\\/product\\\/pokemon-scarlet-violet-gem-pack-vol-3-cbb3c-booster-display-3\\\/#primaryimage\",\"url\":\"https:\\\/\\\/theuncommonshop.ch\\\/wp-content\\\/uploads\\\/2025\\\/12\\\/5246302458.webp\",\"contentUrl\":\"https:\\\/\\\/theuncommonshop.ch\\\/wp-content\\\/uploads\\\/2025\\\/12\\\/5246302458.webp\",\"width\":360,\"height\":360},{\"@type\":\"BreadcrumbList\",\"@id\":\"https:\\\/\\\/theuncommonshop.ch\\\/en\\\/product\\\/pokemon-scarlet-violet-gem-pack-vol-3-cbb3c-booster-display-3\\\/#breadcrumb\",\"itemListElement\":[{\"@type\":\"ListItem\",\"position\":1,\"name\":\"Home\",\"item\":\"https:\\\/\\\/theuncommonshop.ch\\\/en\\\/home\\\/\"},{\"@type\":\"ListItem\",\"position\":2,\"name\":\"Store\",\"item\":\"https:\\\/\\\/theuncommonshop.ch\\\/en\\\/store\\\/\"},{\"@type\":\"ListItem\",\"position\":3,\"name\":\"Pok\u00e9mon\",\"item\":\"https:\\\/\\\/theuncommonshop.ch\\\/en\\\/product-category\\\/pokemon-en\\\/\"},{\"@type\":\"ListItem\",\"position\":4,\"name\":\"Booster Displays\",\"item\":\"https:\\\/\\\/theuncommonshop.ch\\\/en\\\/product-category\\\/pokemon-en\\\/booster-displays-pokemon-en\\\/\"},{\"@type\":\"ListItem\",\"position\":5,\"name\":\"Booster Displays (Chinese & Korean)\",\"item\":\"https:\\\/\\\/theuncommonshop.ch\\\/en\\\/product-category\\\/pokemon-en\\\/booster-displays-pokemon-en\\\/booster-displays-chinese-and-korean\\\/\"},{\"@type\":\"ListItem\",\"position\":6,\"name\":\"Pok\u00e9mon &#8211; Scarlet &amp; Violet &#8211; Gem Pack Vol. 3 (CBB3C) &#8211; Booster Display\"}]},{\"@type\":\"WebSite\",\"@id\":\"https:\\\/\\\/theuncommonshop.ch\\\/en\\\/#website\",\"url\":\"https:\\\/\\\/theuncommonshop.ch\\\/en\\\/\",\"name\":\"The Uncommon Shop\",\"description\":\"Magic, Pok\u00e9mon and Yu-gi-oh - The Uncommon Shop\",\"potentialAction\":[{\"@type\":\"SearchAction\",\"target\":{\"@type\":\"EntryPoint\",\"urlTemplate\":\"https:\\\/\\\/theuncommonshop.ch\\\/en\\\/?s={search_term_string}\"},\"query-input\":{\"@type\":\"PropertyValueSpecification\",\"valueRequired\":true,\"valueName\":\"search_term_string\"}}],\"inLanguage\":\"en-US\"}]}<\/script>\n<meta property=\"og:availability\" content=\"instock\" \/>\n<meta property=\"product:availability\" content=\"instock\" \/>\n<meta property=\"product:retailer_item_id\" content=\"PO.XXXV.C.GemPack3Disp.CHN\" \/>\n<meta property=\"product:condition\" content=\"new\" \/>\n<!-- \/ Yoast SEO plugin. -->","yoast_head_json":{"title":"Buy Pok\u00e9mon - Scarlet &amp; Violet - Gem Pack Vol. 3 (CBB3C) - Booster Display","description":"Shop Pok\u00e9mon - Scarlet &amp; Violet - Gem Pack Vol. 3 (CBB3C) - Booster Display online at great prices now! Your #1 TCG & Pok\u00e9mon card shop in Switzerland \u2713 Free shipping from CHF 29","robots":{"index":"index","follow":"follow","max-snippet":"max-snippet:-1","max-image-preview":"max-image-preview:large","max-video-preview":"max-video-preview:-1"},"canonical":"https:\/\/theuncommonshop.ch\/en\/product\/pokemon-scarlet-violet-gem-pack-vol-3-cbb3c-booster-display-3\/","og_locale":"en_US","og_type":"article","og_title":"Buy Pok\u00e9mon - Scarlet &amp; Violet - Gem Pack Vol. 3 (CBB3C) - Booster Display","og_description":"Shop Pok\u00e9mon - Scarlet &amp; Violet - Gem Pack Vol. 3 (CBB3C) - Booster Display online at great prices now! Your #1 TCG & Pok\u00e9mon card shop in Switzerland \u2713 Free shipping from CHF 29","og_url":"https:\/\/theuncommonshop.ch\/en\/product\/pokemon-scarlet-violet-gem-pack-vol-3-cbb3c-booster-display-3\/","og_site_name":"The Uncommon Shop","article_modified_time":"2026-04-02T17:27:57+00:00","og_image":[{"width":360,"height":360,"url":"https:\/\/theuncommonshop.ch\/wp-content\/uploads\/2025\/12\/5246302458.webp","type":"image\/webp"}],"twitter_card":"summary_large_image","twitter_misc":{"Availability":"In stock"},"schema":{"@context":"https:\/\/schema.org","@graph":[{"@type":"WebPage","@id":"https:\/\/theuncommonshop.ch\/en\/product\/pokemon-scarlet-violet-gem-pack-vol-3-cbb3c-booster-display-3\/","url":"https:\/\/theuncommonshop.ch\/en\/product\/pokemon-scarlet-violet-gem-pack-vol-3-cbb3c-booster-display-3\/","name":"Buy Pok\u00e9mon - Scarlet &amp; Violet - Gem Pack Vol. 3 (CBB3C) - Booster Display","isPartOf":{"@id":"https:\/\/theuncommonshop.ch\/en\/#website"},"primaryImageOfPage":{"@id":"https:\/\/theuncommonshop.ch\/en\/product\/pokemon-scarlet-violet-gem-pack-vol-3-cbb3c-booster-display-3\/#primaryimage"},"image":{"@id":"https:\/\/theuncommonshop.ch\/en\/product\/pokemon-scarlet-violet-gem-pack-vol-3-cbb3c-booster-display-3\/#primaryimage"},"thumbnailUrl":"https:\/\/theuncommonshop.ch\/wp-content\/uploads\/2025\/12\/5246302458.webp","datePublished":"2025-12-31T00:54:00+00:00","dateModified":"2026-04-02T17:27:57+00:00","description":"Shop Pok\u00e9mon - Scarlet &amp; Violet - Gem Pack Vol. 3 (CBB3C) - Booster Display online at great prices now! Your #1 TCG & Pok\u00e9mon card shop in Switzerland \u2713 Free shipping from CHF 29","breadcrumb":{"@id":"https:\/\/theuncommonshop.ch\/en\/product\/pokemon-scarlet-violet-gem-pack-vol-3-cbb3c-booster-display-3\/#breadcrumb"},"inLanguage":"en-US","potentialAction":[{"@type":"ReadAction","target":["https:\/\/theuncommonshop.ch\/en\/product\/pokemon-scarlet-violet-gem-pack-vol-3-cbb3c-booster-display-3\/"]}]},{"@type":"ImageObject","inLanguage":"en-US","@id":"https:\/\/theuncommonshop.ch\/en\/product\/pokemon-scarlet-violet-gem-pack-vol-3-cbb3c-booster-display-3\/#primaryimage","url":"https:\/\/theuncommonshop.ch\/wp-content\/uploads\/2025\/12\/5246302458.webp","contentUrl":"https:\/\/theuncommonshop.ch\/wp-content\/uploads\/2025\/12\/5246302458.webp","width":360,"height":360},{"@type":"BreadcrumbList","@id":"https:\/\/theuncommonshop.ch\/en\/product\/pokemon-scarlet-violet-gem-pack-vol-3-cbb3c-booster-display-3\/#breadcrumb","itemListElement":[{"@type":"ListItem","position":1,"name":"Home","item":"https:\/\/theuncommonshop.ch\/en\/home\/"},{"@type":"ListItem","position":2,"name":"Store","item":"https:\/\/theuncommonshop.ch\/en\/store\/"},{"@type":"ListItem","position":3,"name":"Pok\u00e9mon","item":"https:\/\/theuncommonshop.ch\/en\/product-category\/pokemon-en\/"},{"@type":"ListItem","position":4,"name":"Booster Displays","item":"https:\/\/theuncommonshop.ch\/en\/product-category\/pokemon-en\/booster-displays-pokemon-en\/"},{"@type":"ListItem","position":5,"name":"Booster Displays (Chinese & Korean)","item":"https:\/\/theuncommonshop.ch\/en\/product-category\/pokemon-en\/booster-displays-pokemon-en\/booster-displays-chinese-and-korean\/"},{"@type":"ListItem","position":6,"name":"Pok\u00e9mon &#8211; Scarlet &amp; Violet &#8211; Gem Pack Vol. 3 (CBB3C) &#8211; Booster Display"}]},{"@type":"WebSite","@id":"https:\/\/theuncommonshop.ch\/en\/#website","url":"https:\/\/theuncommonshop.ch\/en\/","name":"The Uncommon Shop","description":"Magic, Pok\u00e9mon and Yu-gi-oh - The Uncommon Shop","potentialAction":[{"@type":"SearchAction","target":{"@type":"EntryPoint","urlTemplate":"https:\/\/theuncommonshop.ch\/en\/?s={search_term_string}"},"query-input":{"@type":"PropertyValueSpecification","valueRequired":true,"valueName":"search_term_string"}}],"inLanguage":"en-US"}]},"og_availability":"instock","product_availability":"instock","product_retailer_item_id":"PO.XXXV.C.GemPack3Disp.CHN","product_condition":"new"},"_links":{"self":[{"href":"https:\/\/theuncommonshop.ch\/en\/wp-json\/wp\/v2\/product\/313719","targetHints":{"allow":["GET"]}}],"collection":[{"href":"https:\/\/theuncommonshop.ch\/en\/wp-json\/wp\/v2\/product"}],"about":[{"href":"https:\/\/theuncommonshop.ch\/en\/wp-json\/wp\/v2\/types\/product"}],"replies":[{"embeddable":true,"href":"https:\/\/theuncommonshop.ch\/en\/wp-json\/wp\/v2\/comments?post=313719"}],"version-history":[{"count":0,"href":"https:\/\/theuncommonshop.ch\/en\/wp-json\/wp\/v2\/product\/313719\/revisions"}],"wp:featuredmedia":[{"embeddable":true,"href":"https:\/\/theuncommonshop.ch\/en\/wp-json\/wp\/v2\/media\/265317"}],"wp:attachment":[{"href":"https:\/\/theuncommonshop.ch\/en\/wp-json\/wp\/v2\/media?parent=313719"}],"wp:term":[{"taxonomy":"product_brand","embeddable":true,"href":"https:\/\/theuncommonshop.ch\/en\/wp-json\/wp\/v2\/product_brand?post=313719"},{"taxonomy":"product_cat","embeddable":true,"href":"https:\/\/theuncommonshop.ch\/en\/wp-json\/wp\/v2\/product_cat?post=313719"},{"taxonomy":"product_tag","embeddable":true,"href":"https:\/\/theuncommonshop.ch\/en\/wp-json\/wp\/v2\/product_tag?post=313719"}],"curies":[{"name":"wp","href":"https:\/\/api.w.org\/{rel}","templated":true}]}}