{"id":313297,"date":"2025-12-31T00:50:48","date_gmt":"2025-12-31T00:50:48","guid":{"rendered":"http:\/\/theuncommonshop.ch\/produkt\/313297\/"},"modified":"2026-03-31T18:37:36","modified_gmt":"2026-03-31T16:37:36","slug":"topps-paris-saint-germain-champions-deurope-2025-fr-3","status":"publish","type":"product","link":"https:\/\/theuncommonshop.ch\/en\/product\/topps-paris-saint-germain-champions-deurope-2025-fr-3\/","title":{"rendered":"Topps &#8211; Paris Saint-Germain: Champions d&#8217;Europe 2025"},"content":{"rendered":"<p>25 cards per box<\/p>\n<p>One autograph card per box<\/p>\n<p>Two numbered parallels per box<\/p>\n<p>Match-worn Relics in Lucky Boxes<\/p>\n<p>Paris Saint-Germain: Champions d&#8217;Europe 2025<\/p>\n<p>Introducing PSG: Champions d&#8217;Europe &#8211; an exclusive collection of special edition trading cards celebrating the French club&#8217;s victory in the UEFA Champions League 2024-25. This special set pays tribute to PSG&#8217;s incredible European season, which culminated in the club winning the UEFA Champions League for the first time in its history. <\/p>\n<p>The winning set contains all the players in PSG&#8217;s UEFA Champions League squad and the big boss himself: Luis Enrique. This edition also features the season&#8217;s special moments and victories with &#8220;Le Chemin Vers La Victoire&#8221; cards and includes footage of the coach parade in &#8220;La C\u00e9l\u00e9brations&#8221; and the post-match celebrations in &#8220;Une Nuit \u00c1 Munich&#8221;. Look out for the subset &#8220;Le Magnifique&#8221;, which highlights the star players, and &#8220;Prochaine G\u00e9n\u00e9rations&#8221;, which highlights the squad&#8217;s best young players. <\/p>\n<p>Look out for autographs from star Paris Saint-Germain players such as Ousmane Demb\u00e9l\u00e9, Jo\u00e3o Neves, D\u00e9sir\u00e9 Dou\u00e9, Nuno Mendes and many more. There is also a double set with the best partnerships on the pitch and a fantastic &#8220;Ici C&#8217;est Paris&#8221; set with Demb\u00e9l\u00e9, Kvaratskhelia and Dou\u00e9. To make this set even more special, we&#8217;ve added relics from the kits of 14 of the team&#8217;s players, including Bradley Barcola, Vitinha, Senny Mayulu and Achraf Hakimi &#8211; all of whom can be found in the lucky boxes.  <\/p>\n","protected":false},"excerpt":{"rendered":"<p>25 cards per box One autograph card per box Two numbered parallels per box Match-worn Relics in Lucky Boxes Paris<\/p>\n","protected":false},"featured_media":265194,"comment_status":"open","ping_status":"closed","template":"","meta":{"_acf_changed":false},"product_brand":[5131],"product_cat":[9796,10326,10322],"product_tag":[],"class_list":{"0":"post-313297","1":"product","2":"type-product","3":"status-publish","4":"has-post-thumbnail","6":"product_brand-topps","7":"product_cat-topps-cards","8":"product_cat-topps-soccer","9":"product_cat-topps-sports-cards","11":"first","12":"outofstock","13":"taxable","14":"shipping-taxable","15":"purchasable","16":"product-type-variable"},"acf":[],"yoast_head":"<!-- This site is optimized with the Yoast SEO plugin v27.4 - https:\/\/yoast.com\/product\/yoast-seo-wordpress\/ -->\n<title>Buy Topps - Paris Saint-Germain: Champions d&#039;Europe 2025<\/title>\n<meta name=\"description\" content=\"Shop Topps - Paris Saint-Germain: Champions d&#039;Europe 2025 online at great prices now! Your #1 TCG &amp; Pok\u00e9mon card shop in Switzerland \u2713 Free shipping from CHF 29\" \/>\n<meta name=\"robots\" content=\"index, follow, max-snippet:-1, max-image-preview:large, max-video-preview:-1\" \/>\n<link rel=\"canonical\" href=\"https:\/\/theuncommonshop.ch\/en\/product\/topps-paris-saint-germain-champions-deurope-2025-fr-3\/\" \/>\n<meta property=\"og:locale\" content=\"en_US\" \/>\n<meta property=\"og:type\" content=\"article\" \/>\n<meta property=\"og:title\" content=\"Buy Topps - Paris Saint-Germain: Champions d&#039;Europe 2025\" \/>\n<meta property=\"og:description\" content=\"Shop Topps - Paris Saint-Germain: Champions d&#039;Europe 2025 online at great prices now! Your #1 TCG &amp; Pok\u00e9mon card shop in Switzerland \u2713 Free shipping from CHF 29\" \/>\n<meta property=\"og:url\" content=\"https:\/\/theuncommonshop.ch\/en\/product\/topps-paris-saint-germain-champions-deurope-2025-fr-3\/\" \/>\n<meta property=\"og:site_name\" content=\"Largest trading card shop in Switzerland\" \/>\n<meta property=\"article:modified_time\" content=\"2026-03-31T16:37:36+00:00\" \/>\n<meta property=\"og:image\" content=\"https:\/\/theuncommonshop.ch\/wp-content\/uploads\/2025\/12\/5174373533.webp\" \/>\n\t<meta property=\"og:image:width\" content=\"750\" \/>\n\t<meta property=\"og:image:height\" content=\"750\" \/>\n\t<meta property=\"og:image:type\" content=\"image\/webp\" \/>\n<meta name=\"twitter:card\" content=\"summary_large_image\" \/>\n<meta name=\"twitter:label1\" content=\"Availability\" \/>\n\t<meta name=\"twitter:data1\" content=\"Out of stock\" \/>\n<script type=\"application\/ld+json\" class=\"yoast-schema-graph\">{\"@context\":\"https:\\\/\\\/schema.org\",\"@graph\":[{\"@type\":\"WebPage\",\"@id\":\"https:\\\/\\\/theuncommonshop.ch\\\/en\\\/product\\\/topps-paris-saint-germain-champions-deurope-2025-fr-3\\\/\",\"url\":\"https:\\\/\\\/theuncommonshop.ch\\\/en\\\/product\\\/topps-paris-saint-germain-champions-deurope-2025-fr-3\\\/\",\"name\":\"Buy Topps - Paris Saint-Germain: Champions d'Europe 2025\",\"isPartOf\":{\"@id\":\"https:\\\/\\\/theuncommonshop.ch\\\/#website\"},\"primaryImageOfPage\":{\"@id\":\"https:\\\/\\\/theuncommonshop.ch\\\/en\\\/product\\\/topps-paris-saint-germain-champions-deurope-2025-fr-3\\\/#primaryimage\"},\"image\":{\"@id\":\"https:\\\/\\\/theuncommonshop.ch\\\/en\\\/product\\\/topps-paris-saint-germain-champions-deurope-2025-fr-3\\\/#primaryimage\"},\"thumbnailUrl\":\"https:\\\/\\\/theuncommonshop.ch\\\/wp-content\\\/uploads\\\/2025\\\/12\\\/5174373533.webp\",\"datePublished\":\"2025-12-31T00:50:48+00:00\",\"dateModified\":\"2026-03-31T16:37:36+00:00\",\"description\":\"Shop Topps - Paris Saint-Germain: Champions d'Europe 2025 online at great prices now! Your #1 TCG & Pok\u00e9mon card shop in Switzerland \u2713 Free shipping from CHF 29\",\"breadcrumb\":{\"@id\":\"https:\\\/\\\/theuncommonshop.ch\\\/en\\\/product\\\/topps-paris-saint-germain-champions-deurope-2025-fr-3\\\/#breadcrumb\"},\"inLanguage\":\"en-US\",\"potentialAction\":[{\"@type\":\"ReadAction\",\"target\":[\"https:\\\/\\\/theuncommonshop.ch\\\/en\\\/product\\\/topps-paris-saint-germain-champions-deurope-2025-fr-3\\\/\"]}]},{\"@type\":\"ImageObject\",\"inLanguage\":\"en-US\",\"@id\":\"https:\\\/\\\/theuncommonshop.ch\\\/en\\\/product\\\/topps-paris-saint-germain-champions-deurope-2025-fr-3\\\/#primaryimage\",\"url\":\"https:\\\/\\\/theuncommonshop.ch\\\/wp-content\\\/uploads\\\/2025\\\/12\\\/5174373533.webp\",\"contentUrl\":\"https:\\\/\\\/theuncommonshop.ch\\\/wp-content\\\/uploads\\\/2025\\\/12\\\/5174373533.webp\",\"width\":750,\"height\":750},{\"@type\":\"BreadcrumbList\",\"@id\":\"https:\\\/\\\/theuncommonshop.ch\\\/en\\\/product\\\/topps-paris-saint-germain-champions-deurope-2025-fr-3\\\/#breadcrumb\",\"itemListElement\":[{\"@type\":\"ListItem\",\"position\":1,\"name\":\"Home\",\"item\":\"https:\\\/\\\/theuncommonshop.ch\\\/en\\\/home\\\/\"},{\"@type\":\"ListItem\",\"position\":2,\"name\":\"Store\",\"item\":\"https:\\\/\\\/theuncommonshop.ch\\\/en\\\/store\\\/\"},{\"@type\":\"ListItem\",\"position\":3,\"name\":\"Weitere Sammelkarten\",\"item\":\"https:\\\/\\\/theuncommonshop.ch\\\/produktkategorie\\\/weitere-sammelkarten\\\/\"},{\"@type\":\"ListItem\",\"position\":4,\"name\":\"Topps Karten\",\"item\":\"https:\\\/\\\/theuncommonshop.ch\\\/produktkategorie\\\/weitere-sammelkarten\\\/topps-karten\\\/\"},{\"@type\":\"ListItem\",\"position\":5,\"name\":\"Topps Sportkarten\",\"item\":\"https:\\\/\\\/theuncommonshop.ch\\\/produktkategorie\\\/weitere-sammelkarten\\\/topps-karten\\\/topps-sportkarten\\\/\"},{\"@type\":\"ListItem\",\"position\":6,\"name\":\"Topps Fussball\",\"item\":\"https:\\\/\\\/theuncommonshop.ch\\\/produktkategorie\\\/weitere-sammelkarten\\\/topps-karten\\\/topps-sportkarten\\\/topps-fussball\\\/\"},{\"@type\":\"ListItem\",\"position\":7,\"name\":\"Topps &#8211; Paris Saint-Germain: Champions d&#8217;Europe 2025\"}]},{\"@type\":\"WebSite\",\"@id\":\"https:\\\/\\\/theuncommonshop.ch\\\/#website\",\"url\":\"https:\\\/\\\/theuncommonshop.ch\\\/\",\"name\":\"Largest trading card shop in Switzerland\",\"description\":\"Magic, Pok\u00e9mon and Yu-gi-oh - The Uncommon Shop\",\"potentialAction\":[{\"@type\":\"SearchAction\",\"target\":{\"@type\":\"EntryPoint\",\"urlTemplate\":\"https:\\\/\\\/theuncommonshop.ch\\\/?s={search_term_string}\"},\"query-input\":{\"@type\":\"PropertyValueSpecification\",\"valueRequired\":true,\"valueName\":\"search_term_string\"}}],\"inLanguage\":\"en-US\"}]}<\/script>\n<meta property=\"og:availability\" content=\"out of stock\" \/>\n<meta property=\"product:availability\" content=\"out of stock\" \/>\n<meta property=\"product:retailer_item_id\" content=\"AL.SHOP.ToppsPSGchampions2025.FR\" \/>\n<meta property=\"product:condition\" content=\"new\" \/>\n<!-- \/ Yoast SEO plugin. -->","yoast_head_json":{"title":"Buy Topps - Paris Saint-Germain: Champions d'Europe 2025","description":"Shop Topps - Paris Saint-Germain: Champions d'Europe 2025 online at great prices now! Your #1 TCG & Pok\u00e9mon card shop in Switzerland \u2713 Free shipping from CHF 29","robots":{"index":"index","follow":"follow","max-snippet":"max-snippet:-1","max-image-preview":"max-image-preview:large","max-video-preview":"max-video-preview:-1"},"canonical":"https:\/\/theuncommonshop.ch\/en\/product\/topps-paris-saint-germain-champions-deurope-2025-fr-3\/","og_locale":"en_US","og_type":"article","og_title":"Buy Topps - Paris Saint-Germain: Champions d'Europe 2025","og_description":"Shop Topps - Paris Saint-Germain: Champions d'Europe 2025 online at great prices now! Your #1 TCG & Pok\u00e9mon card shop in Switzerland \u2713 Free shipping from CHF 29","og_url":"https:\/\/theuncommonshop.ch\/en\/product\/topps-paris-saint-germain-champions-deurope-2025-fr-3\/","og_site_name":"Largest trading card shop in Switzerland","article_modified_time":"2026-03-31T16:37:36+00:00","og_image":[{"width":750,"height":750,"url":"https:\/\/theuncommonshop.ch\/wp-content\/uploads\/2025\/12\/5174373533.webp","type":"image\/webp"}],"twitter_card":"summary_large_image","twitter_misc":{"Availability":"Out of stock"},"schema":{"@context":"https:\/\/schema.org","@graph":[{"@type":"WebPage","@id":"https:\/\/theuncommonshop.ch\/en\/product\/topps-paris-saint-germain-champions-deurope-2025-fr-3\/","url":"https:\/\/theuncommonshop.ch\/en\/product\/topps-paris-saint-germain-champions-deurope-2025-fr-3\/","name":"Buy Topps - Paris Saint-Germain: Champions d'Europe 2025","isPartOf":{"@id":"https:\/\/theuncommonshop.ch\/#website"},"primaryImageOfPage":{"@id":"https:\/\/theuncommonshop.ch\/en\/product\/topps-paris-saint-germain-champions-deurope-2025-fr-3\/#primaryimage"},"image":{"@id":"https:\/\/theuncommonshop.ch\/en\/product\/topps-paris-saint-germain-champions-deurope-2025-fr-3\/#primaryimage"},"thumbnailUrl":"https:\/\/theuncommonshop.ch\/wp-content\/uploads\/2025\/12\/5174373533.webp","datePublished":"2025-12-31T00:50:48+00:00","dateModified":"2026-03-31T16:37:36+00:00","description":"Shop Topps - Paris Saint-Germain: Champions d'Europe 2025 online at great prices now! Your #1 TCG & Pok\u00e9mon card shop in Switzerland \u2713 Free shipping from CHF 29","breadcrumb":{"@id":"https:\/\/theuncommonshop.ch\/en\/product\/topps-paris-saint-germain-champions-deurope-2025-fr-3\/#breadcrumb"},"inLanguage":"en-US","potentialAction":[{"@type":"ReadAction","target":["https:\/\/theuncommonshop.ch\/en\/product\/topps-paris-saint-germain-champions-deurope-2025-fr-3\/"]}]},{"@type":"ImageObject","inLanguage":"en-US","@id":"https:\/\/theuncommonshop.ch\/en\/product\/topps-paris-saint-germain-champions-deurope-2025-fr-3\/#primaryimage","url":"https:\/\/theuncommonshop.ch\/wp-content\/uploads\/2025\/12\/5174373533.webp","contentUrl":"https:\/\/theuncommonshop.ch\/wp-content\/uploads\/2025\/12\/5174373533.webp","width":750,"height":750},{"@type":"BreadcrumbList","@id":"https:\/\/theuncommonshop.ch\/en\/product\/topps-paris-saint-germain-champions-deurope-2025-fr-3\/#breadcrumb","itemListElement":[{"@type":"ListItem","position":1,"name":"Home","item":"https:\/\/theuncommonshop.ch\/en\/home\/"},{"@type":"ListItem","position":2,"name":"Store","item":"https:\/\/theuncommonshop.ch\/en\/store\/"},{"@type":"ListItem","position":3,"name":"Weitere Sammelkarten","item":"https:\/\/theuncommonshop.ch\/produktkategorie\/weitere-sammelkarten\/"},{"@type":"ListItem","position":4,"name":"Topps Karten","item":"https:\/\/theuncommonshop.ch\/produktkategorie\/weitere-sammelkarten\/topps-karten\/"},{"@type":"ListItem","position":5,"name":"Topps Sportkarten","item":"https:\/\/theuncommonshop.ch\/produktkategorie\/weitere-sammelkarten\/topps-karten\/topps-sportkarten\/"},{"@type":"ListItem","position":6,"name":"Topps Fussball","item":"https:\/\/theuncommonshop.ch\/produktkategorie\/weitere-sammelkarten\/topps-karten\/topps-sportkarten\/topps-fussball\/"},{"@type":"ListItem","position":7,"name":"Topps &#8211; Paris Saint-Germain: Champions d&#8217;Europe 2025"}]},{"@type":"WebSite","@id":"https:\/\/theuncommonshop.ch\/#website","url":"https:\/\/theuncommonshop.ch\/","name":"Largest trading card shop in Switzerland","description":"Magic, Pok\u00e9mon and Yu-gi-oh - The Uncommon Shop","potentialAction":[{"@type":"SearchAction","target":{"@type":"EntryPoint","urlTemplate":"https:\/\/theuncommonshop.ch\/?s={search_term_string}"},"query-input":{"@type":"PropertyValueSpecification","valueRequired":true,"valueName":"search_term_string"}}],"inLanguage":"en-US"}]},"og_availability":"out of stock","product_availability":"out of stock","product_retailer_item_id":"AL.SHOP.ToppsPSGchampions2025.FR","product_condition":"new"},"_links":{"self":[{"href":"https:\/\/theuncommonshop.ch\/en\/wp-json\/wp\/v2\/product\/313297","targetHints":{"allow":["GET"]}}],"collection":[{"href":"https:\/\/theuncommonshop.ch\/en\/wp-json\/wp\/v2\/product"}],"about":[{"href":"https:\/\/theuncommonshop.ch\/en\/wp-json\/wp\/v2\/types\/product"}],"replies":[{"embeddable":true,"href":"https:\/\/theuncommonshop.ch\/en\/wp-json\/wp\/v2\/comments?post=313297"}],"version-history":[{"count":2,"href":"https:\/\/theuncommonshop.ch\/en\/wp-json\/wp\/v2\/product\/313297\/revisions"}],"predecessor-version":[{"id":365065,"href":"https:\/\/theuncommonshop.ch\/en\/wp-json\/wp\/v2\/product\/313297\/revisions\/365065"}],"wp:featuredmedia":[{"embeddable":true,"href":"https:\/\/theuncommonshop.ch\/en\/wp-json\/wp\/v2\/media\/265194"}],"wp:attachment":[{"href":"https:\/\/theuncommonshop.ch\/en\/wp-json\/wp\/v2\/media?parent=313297"}],"wp:term":[{"taxonomy":"product_brand","embeddable":true,"href":"https:\/\/theuncommonshop.ch\/en\/wp-json\/wp\/v2\/product_brand?post=313297"},{"taxonomy":"product_cat","embeddable":true,"href":"https:\/\/theuncommonshop.ch\/en\/wp-json\/wp\/v2\/product_cat?post=313297"},{"taxonomy":"product_tag","embeddable":true,"href":"https:\/\/theuncommonshop.ch\/en\/wp-json\/wp\/v2\/product_tag?post=313297"}],"curies":[{"name":"wp","href":"https:\/\/api.w.org\/{rel}","templated":true}]}}