{"id":312645,"date":"2025-12-31T02:01:52","date_gmt":"2025-12-31T02:01:52","guid":{"rendered":"http:\/\/theuncommonshop.ch\/produkt\/312645\/"},"modified":"2026-03-30T16:15:14","modified_gmt":"2026-03-30T14:15:14","slug":"pokemon-plueschfigur-turtok-6","status":"publish","type":"product","link":"https:\/\/theuncommonshop.ch\/en\/product\/pokemon-plueschfigur-turtok-6\/","title":{"rendered":"Pok\u00e9mon &#8211; Plush figure &#8211; Turtok"},"content":{"rendered":"<p>The softest, cuddliest and cutest plush Pok\u00e9mon you can imagine! These plush Pok\u00e9mon are perfect for cuddling and hanging out with their realistic details and soft stuffing.  Get ready to recreate your favorite scenes from the Pok\u00e9mon movies and series with your friends.<\/p>\n<div>Grab them all!<\/div>\n","protected":false},"excerpt":{"rendered":"<p>The softest, cuddliest and cutest plush Pok\u00e9mon you can imagine! These plush Pok\u00e9mon are perfect for cuddling and hanging out<\/p>\n","protected":false},"featured_media":267499,"comment_status":"open","ping_status":"closed","template":"","meta":{"_acf_changed":false},"product_brand":[5115,5177,5073],"product_cat":[9902,10150,9824,9776,9900],"product_tag":[],"class_list":{"0":"post-312645","1":"product","2":"type-product","3":"status-publish","4":"has-post-thumbnail","6":"product_brand-pokemon","7":"product_brand-sanei-boeki","8":"product_brand-the-pokemon-company","9":"product_cat-plush-toys","10":"product_cat-plush-toys-pokemon","11":"product_cat-plush-toys-and-figurines","12":"product_cat-pokemon-en","13":"product_cat-toys","15":"first","16":"instock","17":"taxable","18":"shipping-taxable","19":"purchasable","20":"product-type-variable"},"acf":[],"yoast_head":"<!-- This site is optimized with the Yoast SEO plugin v27.4 - https:\/\/yoast.com\/product\/yoast-seo-wordpress\/ -->\n<title>Buy Pok\u00e9mon - Plush figure - Turtok<\/title>\n<meta name=\"description\" content=\"Shop Pok\u00e9mon - Plush figure - Turtok online at great prices now! Your #1 TCG &amp; Pok\u00e9mon card shop in Switzerland \u2713 Free shipping from CHF 29\" \/>\n<meta name=\"robots\" content=\"index, follow, max-snippet:-1, max-image-preview:large, max-video-preview:-1\" \/>\n<link rel=\"canonical\" href=\"https:\/\/theuncommonshop.ch\/en\/product\/pokemon-plueschfigur-turtok-6\/\" \/>\n<meta property=\"og:locale\" content=\"en_US\" \/>\n<meta property=\"og:type\" content=\"article\" \/>\n<meta property=\"og:title\" content=\"Buy Pok\u00e9mon - Plush figure - Turtok\" \/>\n<meta property=\"og:description\" content=\"Shop Pok\u00e9mon - Plush figure - Turtok online at great prices now! Your #1 TCG &amp; Pok\u00e9mon card shop in Switzerland \u2713 Free shipping from CHF 29\" \/>\n<meta property=\"og:url\" content=\"https:\/\/theuncommonshop.ch\/en\/product\/pokemon-plueschfigur-turtok-6\/\" \/>\n<meta property=\"og:site_name\" content=\"The Uncommon Shop\" \/>\n<meta property=\"article:modified_time\" content=\"2026-03-30T14:15:14+00:00\" \/>\n<meta property=\"og:image\" content=\"https:\/\/theuncommonshop.ch\/wp-content\/uploads\/2025\/12\/5247386637.jpg\" \/>\n\t<meta property=\"og:image:width\" content=\"1280\" \/>\n\t<meta property=\"og:image:height\" content=\"1076\" \/>\n\t<meta property=\"og:image:type\" content=\"image\/jpeg\" \/>\n<meta name=\"twitter:card\" content=\"summary_large_image\" \/>\n<meta name=\"twitter:label1\" content=\"Availability\" \/>\n\t<meta name=\"twitter:data1\" content=\"In stock\" \/>\n<script type=\"application\/ld+json\" class=\"yoast-schema-graph\">{\"@context\":\"https:\\\/\\\/schema.org\",\"@graph\":[{\"@type\":\"WebPage\",\"@id\":\"https:\\\/\\\/theuncommonshop.ch\\\/en\\\/product\\\/pokemon-plueschfigur-turtok-6\\\/\",\"url\":\"https:\\\/\\\/theuncommonshop.ch\\\/en\\\/product\\\/pokemon-plueschfigur-turtok-6\\\/\",\"name\":\"Buy Pok\u00e9mon - Plush figure - Turtok\",\"isPartOf\":{\"@id\":\"https:\\\/\\\/theuncommonshop.ch\\\/en\\\/#website\"},\"primaryImageOfPage\":{\"@id\":\"https:\\\/\\\/theuncommonshop.ch\\\/en\\\/product\\\/pokemon-plueschfigur-turtok-6\\\/#primaryimage\"},\"image\":{\"@id\":\"https:\\\/\\\/theuncommonshop.ch\\\/en\\\/product\\\/pokemon-plueschfigur-turtok-6\\\/#primaryimage\"},\"thumbnailUrl\":\"https:\\\/\\\/theuncommonshop.ch\\\/wp-content\\\/uploads\\\/2025\\\/12\\\/5247386637.jpg\",\"datePublished\":\"2025-12-31T02:01:52+00:00\",\"dateModified\":\"2026-03-30T14:15:14+00:00\",\"description\":\"Shop Pok\u00e9mon - Plush figure - Turtok online at great prices now! Your #1 TCG & Pok\u00e9mon card shop in Switzerland \u2713 Free shipping from CHF 29\",\"breadcrumb\":{\"@id\":\"https:\\\/\\\/theuncommonshop.ch\\\/en\\\/product\\\/pokemon-plueschfigur-turtok-6\\\/#breadcrumb\"},\"inLanguage\":\"en-US\",\"potentialAction\":[{\"@type\":\"ReadAction\",\"target\":[\"https:\\\/\\\/theuncommonshop.ch\\\/en\\\/product\\\/pokemon-plueschfigur-turtok-6\\\/\"]}]},{\"@type\":\"ImageObject\",\"inLanguage\":\"en-US\",\"@id\":\"https:\\\/\\\/theuncommonshop.ch\\\/en\\\/product\\\/pokemon-plueschfigur-turtok-6\\\/#primaryimage\",\"url\":\"https:\\\/\\\/theuncommonshop.ch\\\/wp-content\\\/uploads\\\/2025\\\/12\\\/5247386637.jpg\",\"contentUrl\":\"https:\\\/\\\/theuncommonshop.ch\\\/wp-content\\\/uploads\\\/2025\\\/12\\\/5247386637.jpg\",\"width\":1280,\"height\":1076},{\"@type\":\"BreadcrumbList\",\"@id\":\"https:\\\/\\\/theuncommonshop.ch\\\/en\\\/product\\\/pokemon-plueschfigur-turtok-6\\\/#breadcrumb\",\"itemListElement\":[{\"@type\":\"ListItem\",\"position\":1,\"name\":\"Home\",\"item\":\"https:\\\/\\\/theuncommonshop.ch\\\/en\\\/home\\\/\"},{\"@type\":\"ListItem\",\"position\":2,\"name\":\"Store\",\"item\":\"https:\\\/\\\/theuncommonshop.ch\\\/en\\\/store\\\/\"},{\"@type\":\"ListItem\",\"position\":3,\"name\":\"Pok\u00e9mon\",\"item\":\"https:\\\/\\\/theuncommonshop.ch\\\/en\\\/product-category\\\/pokemon-en\\\/\"},{\"@type\":\"ListItem\",\"position\":4,\"name\":\"Plush toys and figurines\",\"item\":\"https:\\\/\\\/theuncommonshop.ch\\\/en\\\/product-category\\\/pokemon-en\\\/plush-toys-and-figurines\\\/\"},{\"@type\":\"ListItem\",\"position\":5,\"name\":\"Plush toys\",\"item\":\"https:\\\/\\\/theuncommonshop.ch\\\/en\\\/product-category\\\/pokemon-en\\\/plush-toys-and-figurines\\\/plush-toys-pokemon\\\/\"},{\"@type\":\"ListItem\",\"position\":6,\"name\":\"Pok\u00e9mon &#8211; Plush figure &#8211; Turtok\"}]},{\"@type\":\"WebSite\",\"@id\":\"https:\\\/\\\/theuncommonshop.ch\\\/en\\\/#website\",\"url\":\"https:\\\/\\\/theuncommonshop.ch\\\/en\\\/\",\"name\":\"The Uncommon Shop\",\"description\":\"Magic, Pok\u00e9mon and Yu-gi-oh - The Uncommon Shop\",\"potentialAction\":[{\"@type\":\"SearchAction\",\"target\":{\"@type\":\"EntryPoint\",\"urlTemplate\":\"https:\\\/\\\/theuncommonshop.ch\\\/en\\\/?s={search_term_string}\"},\"query-input\":{\"@type\":\"PropertyValueSpecification\",\"valueRequired\":true,\"valueName\":\"search_term_string\"}}],\"inLanguage\":\"en-US\"}]}<\/script>\n<meta property=\"og:availability\" content=\"instock\" \/>\n<meta property=\"product:availability\" content=\"instock\" \/>\n<meta property=\"product:condition\" content=\"new\" \/>\n<!-- \/ Yoast SEO plugin. -->","yoast_head_json":{"title":"Buy Pok\u00e9mon - Plush figure - Turtok","description":"Shop Pok\u00e9mon - Plush figure - Turtok online at great prices now! Your #1 TCG & Pok\u00e9mon card shop in Switzerland \u2713 Free shipping from CHF 29","robots":{"index":"index","follow":"follow","max-snippet":"max-snippet:-1","max-image-preview":"max-image-preview:large","max-video-preview":"max-video-preview:-1"},"canonical":"https:\/\/theuncommonshop.ch\/en\/product\/pokemon-plueschfigur-turtok-6\/","og_locale":"en_US","og_type":"article","og_title":"Buy Pok\u00e9mon - Plush figure - Turtok","og_description":"Shop Pok\u00e9mon - Plush figure - Turtok online at great prices now! Your #1 TCG & Pok\u00e9mon card shop in Switzerland \u2713 Free shipping from CHF 29","og_url":"https:\/\/theuncommonshop.ch\/en\/product\/pokemon-plueschfigur-turtok-6\/","og_site_name":"The Uncommon Shop","article_modified_time":"2026-03-30T14:15:14+00:00","og_image":[{"width":1280,"height":1076,"url":"https:\/\/theuncommonshop.ch\/wp-content\/uploads\/2025\/12\/5247386637.jpg","type":"image\/jpeg"}],"twitter_card":"summary_large_image","twitter_misc":{"Availability":"In stock"},"schema":{"@context":"https:\/\/schema.org","@graph":[{"@type":"WebPage","@id":"https:\/\/theuncommonshop.ch\/en\/product\/pokemon-plueschfigur-turtok-6\/","url":"https:\/\/theuncommonshop.ch\/en\/product\/pokemon-plueschfigur-turtok-6\/","name":"Buy Pok\u00e9mon - Plush figure - Turtok","isPartOf":{"@id":"https:\/\/theuncommonshop.ch\/en\/#website"},"primaryImageOfPage":{"@id":"https:\/\/theuncommonshop.ch\/en\/product\/pokemon-plueschfigur-turtok-6\/#primaryimage"},"image":{"@id":"https:\/\/theuncommonshop.ch\/en\/product\/pokemon-plueschfigur-turtok-6\/#primaryimage"},"thumbnailUrl":"https:\/\/theuncommonshop.ch\/wp-content\/uploads\/2025\/12\/5247386637.jpg","datePublished":"2025-12-31T02:01:52+00:00","dateModified":"2026-03-30T14:15:14+00:00","description":"Shop Pok\u00e9mon - Plush figure - Turtok online at great prices now! Your #1 TCG & Pok\u00e9mon card shop in Switzerland \u2713 Free shipping from CHF 29","breadcrumb":{"@id":"https:\/\/theuncommonshop.ch\/en\/product\/pokemon-plueschfigur-turtok-6\/#breadcrumb"},"inLanguage":"en-US","potentialAction":[{"@type":"ReadAction","target":["https:\/\/theuncommonshop.ch\/en\/product\/pokemon-plueschfigur-turtok-6\/"]}]},{"@type":"ImageObject","inLanguage":"en-US","@id":"https:\/\/theuncommonshop.ch\/en\/product\/pokemon-plueschfigur-turtok-6\/#primaryimage","url":"https:\/\/theuncommonshop.ch\/wp-content\/uploads\/2025\/12\/5247386637.jpg","contentUrl":"https:\/\/theuncommonshop.ch\/wp-content\/uploads\/2025\/12\/5247386637.jpg","width":1280,"height":1076},{"@type":"BreadcrumbList","@id":"https:\/\/theuncommonshop.ch\/en\/product\/pokemon-plueschfigur-turtok-6\/#breadcrumb","itemListElement":[{"@type":"ListItem","position":1,"name":"Home","item":"https:\/\/theuncommonshop.ch\/en\/home\/"},{"@type":"ListItem","position":2,"name":"Store","item":"https:\/\/theuncommonshop.ch\/en\/store\/"},{"@type":"ListItem","position":3,"name":"Pok\u00e9mon","item":"https:\/\/theuncommonshop.ch\/en\/product-category\/pokemon-en\/"},{"@type":"ListItem","position":4,"name":"Plush toys and figurines","item":"https:\/\/theuncommonshop.ch\/en\/product-category\/pokemon-en\/plush-toys-and-figurines\/"},{"@type":"ListItem","position":5,"name":"Plush toys","item":"https:\/\/theuncommonshop.ch\/en\/product-category\/pokemon-en\/plush-toys-and-figurines\/plush-toys-pokemon\/"},{"@type":"ListItem","position":6,"name":"Pok\u00e9mon &#8211; Plush figure &#8211; Turtok"}]},{"@type":"WebSite","@id":"https:\/\/theuncommonshop.ch\/en\/#website","url":"https:\/\/theuncommonshop.ch\/en\/","name":"The Uncommon Shop","description":"Magic, Pok\u00e9mon and Yu-gi-oh - The Uncommon Shop","potentialAction":[{"@type":"SearchAction","target":{"@type":"EntryPoint","urlTemplate":"https:\/\/theuncommonshop.ch\/en\/?s={search_term_string}"},"query-input":{"@type":"PropertyValueSpecification","valueRequired":true,"valueName":"search_term_string"}}],"inLanguage":"en-US"}]},"og_availability":"instock","product_availability":"instock","product_condition":"new"},"_links":{"self":[{"href":"https:\/\/theuncommonshop.ch\/en\/wp-json\/wp\/v2\/product\/312645","targetHints":{"allow":["GET"]}}],"collection":[{"href":"https:\/\/theuncommonshop.ch\/en\/wp-json\/wp\/v2\/product"}],"about":[{"href":"https:\/\/theuncommonshop.ch\/en\/wp-json\/wp\/v2\/types\/product"}],"replies":[{"embeddable":true,"href":"https:\/\/theuncommonshop.ch\/en\/wp-json\/wp\/v2\/comments?post=312645"}],"version-history":[{"count":0,"href":"https:\/\/theuncommonshop.ch\/en\/wp-json\/wp\/v2\/product\/312645\/revisions"}],"wp:featuredmedia":[{"embeddable":true,"href":"https:\/\/theuncommonshop.ch\/en\/wp-json\/wp\/v2\/media\/267499"}],"wp:attachment":[{"href":"https:\/\/theuncommonshop.ch\/en\/wp-json\/wp\/v2\/media?parent=312645"}],"wp:term":[{"taxonomy":"product_brand","embeddable":true,"href":"https:\/\/theuncommonshop.ch\/en\/wp-json\/wp\/v2\/product_brand?post=312645"},{"taxonomy":"product_cat","embeddable":true,"href":"https:\/\/theuncommonshop.ch\/en\/wp-json\/wp\/v2\/product_cat?post=312645"},{"taxonomy":"product_tag","embeddable":true,"href":"https:\/\/theuncommonshop.ch\/en\/wp-json\/wp\/v2\/product_tag?post=312645"}],"curies":[{"name":"wp","href":"https:\/\/api.w.org\/{rel}","templated":true}]}}