{"id":312179,"date":"2025-12-31T11:21:49","date_gmt":"2025-12-31T11:21:49","guid":{"rendered":"http:\/\/theuncommonshop.ch\/produkt\/312179\/"},"modified":"2026-03-29T09:57:34","modified_gmt":"2026-03-29T07:57:34","slug":"pokemon-scarlet-violet-cynthias-garchomp-ex-premium-collection-2","status":"publish","type":"product","link":"https:\/\/theuncommonshop.ch\/en\/product\/pokemon-scarlet-violet-cynthias-garchomp-ex-premium-collection-2\/","title":{"rendered":"Pok\u00e9mon &#8211; Scarlet &amp; Violet &#8211; Cynthia&#8217;s Garchomp ex &#8211; Premium Collection"},"content":{"rendered":"<p>Cynthia &amp; Knakrack bring the strength of a champion!<\/p>\n<p>As the champion of the Sinnoh region, Cynthia is one of the strongest Pokemon Trainers in the world, and her Knakrack has been by her side since the beginning! Discover the power of their friendship in this collection with a Foil promo card featuring Cynthia&#8217;s Knakrack ex, which has attacks that deal great damage and help you draw cards. You&#8217;ll also get Foil cards of Cynthia&#8217;s Kaumalat and Cynthia&#8217;s Knarksel, a cool sticker and stand to display, and more Pokemon in Booster Packs.  <\/p>\n<p>The Pokemon TCG: Cynthia&#8217;s Knakrack ex Premium Collection contains:<\/p>\n<p>1 Full Art Foil promo card with Cynthia&#8217;s Knakrack ex<\/p>\n<p>2 foil cards with Cynthia&#8217;s Kaumalat and Cynthia&#8217;s Knarksel<\/p>\n<p>1 sheet with acrylic stills of Cynthia, Knakrack and more<\/p>\n<p>1 double-sided display with background images<\/p>\n<p>1 photo sticker with Cynthia and Knakrack<\/p>\n<p>6 Pokemon TCG Booster Packs<\/p>\n<p>A code card for Pokemon TCG Live<\/p>\n","protected":false},"excerpt":{"rendered":"<p>Cynthia &amp; Knakrack bring the strength of a champion! As the champion of the Sinnoh region, Cynthia is one of<\/p>\n","protected":false},"featured_media":274843,"comment_status":"open","ping_status":"closed","template":"","meta":{"_acf_changed":false},"product_brand":[5115,5073],"product_cat":[9810,9776],"product_tag":[],"class_list":{"0":"post-312179","1":"product","2":"type-product","3":"status-publish","4":"has-post-thumbnail","6":"product_brand-pokemon","7":"product_brand-the-pokemon-company","8":"product_cat-boxes-and-collections-pokemon","9":"product_cat-pokemon-en","11":"first","12":"instock","13":"taxable","14":"shipping-taxable","15":"purchasable","16":"product-type-variable"},"acf":[],"yoast_head":"<!-- This site is optimized with the Yoast SEO plugin v27.4 - https:\/\/yoast.com\/product\/yoast-seo-wordpress\/ -->\n<title>Buy Pok\u00e9mon - Scarlet &amp; Violet - Cynthia&#039;s Garchomp ex - Premium Collection<\/title>\n<meta name=\"description\" content=\"Shop Pok\u00e9mon - Scarlet &amp; Violet - Cynthia&#039;s Garchomp ex - Premium Collection online at great prices now! Your #1 TCG &amp; Pok\u00e9mon card shop in Switzerland \u2713 Free shipping from CHF 29\" \/>\n<meta name=\"robots\" content=\"index, follow, max-snippet:-1, max-image-preview:large, max-video-preview:-1\" \/>\n<link rel=\"canonical\" href=\"https:\/\/theuncommonshop.ch\/en\/product\/pokemon-scarlet-violet-cynthias-garchomp-ex-premium-collection-2\/\" \/>\n<meta property=\"og:locale\" content=\"en_US\" \/>\n<meta property=\"og:type\" content=\"article\" \/>\n<meta property=\"og:title\" content=\"Buy Pok\u00e9mon - Scarlet &amp; Violet - Cynthia&#039;s Garchomp ex - Premium Collection\" \/>\n<meta property=\"og:description\" content=\"Shop Pok\u00e9mon - Scarlet &amp; Violet - Cynthia&#039;s Garchomp ex - Premium Collection online at great prices now! Your #1 TCG &amp; Pok\u00e9mon card shop in Switzerland \u2713 Free shipping from CHF 29\" \/>\n<meta property=\"og:url\" content=\"https:\/\/theuncommonshop.ch\/en\/product\/pokemon-scarlet-violet-cynthias-garchomp-ex-premium-collection-2\/\" \/>\n<meta property=\"og:site_name\" content=\"Largest trading card shop in Switzerland\" \/>\n<meta property=\"article:modified_time\" content=\"2026-03-29T07:57:34+00:00\" \/>\n<meta property=\"og:image\" content=\"https:\/\/theuncommonshop.ch\/wp-content\/uploads\/2025\/12\/5004542683.webp\" \/>\n\t<meta property=\"og:image:width\" content=\"1919\" \/>\n\t<meta property=\"og:image:height\" content=\"1390\" \/>\n\t<meta property=\"og:image:type\" content=\"image\/webp\" \/>\n<meta name=\"twitter:card\" content=\"summary_large_image\" \/>\n<meta name=\"twitter:label1\" content=\"Availability\" \/>\n\t<meta name=\"twitter:data1\" content=\"In stock\" \/>\n<script type=\"application\/ld+json\" class=\"yoast-schema-graph\">{\"@context\":\"https:\\\/\\\/schema.org\",\"@graph\":[{\"@type\":\"WebPage\",\"@id\":\"https:\\\/\\\/theuncommonshop.ch\\\/en\\\/product\\\/pokemon-scarlet-violet-cynthias-garchomp-ex-premium-collection-2\\\/\",\"url\":\"https:\\\/\\\/theuncommonshop.ch\\\/en\\\/product\\\/pokemon-scarlet-violet-cynthias-garchomp-ex-premium-collection-2\\\/\",\"name\":\"Buy Pok\u00e9mon - Scarlet &amp; Violet - Cynthia's Garchomp ex - Premium Collection\",\"isPartOf\":{\"@id\":\"https:\\\/\\\/theuncommonshop.ch\\\/#website\"},\"primaryImageOfPage\":{\"@id\":\"https:\\\/\\\/theuncommonshop.ch\\\/en\\\/product\\\/pokemon-scarlet-violet-cynthias-garchomp-ex-premium-collection-2\\\/#primaryimage\"},\"image\":{\"@id\":\"https:\\\/\\\/theuncommonshop.ch\\\/en\\\/product\\\/pokemon-scarlet-violet-cynthias-garchomp-ex-premium-collection-2\\\/#primaryimage\"},\"thumbnailUrl\":\"https:\\\/\\\/theuncommonshop.ch\\\/wp-content\\\/uploads\\\/2025\\\/12\\\/5004542683.webp\",\"datePublished\":\"2025-12-31T11:21:49+00:00\",\"dateModified\":\"2026-03-29T07:57:34+00:00\",\"description\":\"Shop Pok\u00e9mon - Scarlet &amp; Violet - Cynthia's Garchomp ex - Premium Collection online at great prices now! Your #1 TCG & Pok\u00e9mon card shop in Switzerland \u2713 Free shipping from CHF 29\",\"breadcrumb\":{\"@id\":\"https:\\\/\\\/theuncommonshop.ch\\\/en\\\/product\\\/pokemon-scarlet-violet-cynthias-garchomp-ex-premium-collection-2\\\/#breadcrumb\"},\"inLanguage\":\"en-US\",\"potentialAction\":[{\"@type\":\"ReadAction\",\"target\":[\"https:\\\/\\\/theuncommonshop.ch\\\/en\\\/product\\\/pokemon-scarlet-violet-cynthias-garchomp-ex-premium-collection-2\\\/\"]}]},{\"@type\":\"ImageObject\",\"inLanguage\":\"en-US\",\"@id\":\"https:\\\/\\\/theuncommonshop.ch\\\/en\\\/product\\\/pokemon-scarlet-violet-cynthias-garchomp-ex-premium-collection-2\\\/#primaryimage\",\"url\":\"https:\\\/\\\/theuncommonshop.ch\\\/wp-content\\\/uploads\\\/2025\\\/12\\\/5004542683.webp\",\"contentUrl\":\"https:\\\/\\\/theuncommonshop.ch\\\/wp-content\\\/uploads\\\/2025\\\/12\\\/5004542683.webp\",\"width\":1919,\"height\":1390},{\"@type\":\"BreadcrumbList\",\"@id\":\"https:\\\/\\\/theuncommonshop.ch\\\/en\\\/product\\\/pokemon-scarlet-violet-cynthias-garchomp-ex-premium-collection-2\\\/#breadcrumb\",\"itemListElement\":[{\"@type\":\"ListItem\",\"position\":1,\"name\":\"Home\",\"item\":\"https:\\\/\\\/theuncommonshop.ch\\\/en\\\/home\\\/\"},{\"@type\":\"ListItem\",\"position\":2,\"name\":\"Store\",\"item\":\"https:\\\/\\\/theuncommonshop.ch\\\/en\\\/store\\\/\"},{\"@type\":\"ListItem\",\"position\":3,\"name\":\"Pok\u00e9mon\",\"item\":\"https:\\\/\\\/theuncommonshop.ch\\\/en\\\/product-category\\\/pokemon-en\\\/\"},{\"@type\":\"ListItem\",\"position\":4,\"name\":\"Boxes & Collections\",\"item\":\"https:\\\/\\\/theuncommonshop.ch\\\/en\\\/product-category\\\/pokemon-en\\\/boxes-and-collections-pokemon\\\/\"},{\"@type\":\"ListItem\",\"position\":5,\"name\":\"Pok\u00e9mon &#8211; Scarlet &amp; Violet &#8211; Cynthia&#8217;s Garchomp ex &#8211; Premium Collection\"}]},{\"@type\":\"WebSite\",\"@id\":\"https:\\\/\\\/theuncommonshop.ch\\\/#website\",\"url\":\"https:\\\/\\\/theuncommonshop.ch\\\/\",\"name\":\"Largest trading card shop in Switzerland\",\"description\":\"Magic, Pok\u00e9mon and Yu-gi-oh - The Uncommon Shop\",\"potentialAction\":[{\"@type\":\"SearchAction\",\"target\":{\"@type\":\"EntryPoint\",\"urlTemplate\":\"https:\\\/\\\/theuncommonshop.ch\\\/?s={search_term_string}\"},\"query-input\":{\"@type\":\"PropertyValueSpecification\",\"valueRequired\":true,\"valueName\":\"search_term_string\"}}],\"inLanguage\":\"en-US\"}]}<\/script>\n<meta property=\"og:availability\" content=\"instock\" \/>\n<meta property=\"product:availability\" content=\"instock\" \/>\n<meta property=\"product:condition\" content=\"new\" \/>\n<!-- \/ Yoast SEO plugin. -->","yoast_head_json":{"title":"Buy Pok\u00e9mon - Scarlet &amp; Violet - Cynthia's Garchomp ex - Premium Collection","description":"Shop Pok\u00e9mon - Scarlet &amp; Violet - Cynthia's Garchomp ex - Premium Collection online at great prices now! Your #1 TCG & Pok\u00e9mon card shop in Switzerland \u2713 Free shipping from CHF 29","robots":{"index":"index","follow":"follow","max-snippet":"max-snippet:-1","max-image-preview":"max-image-preview:large","max-video-preview":"max-video-preview:-1"},"canonical":"https:\/\/theuncommonshop.ch\/en\/product\/pokemon-scarlet-violet-cynthias-garchomp-ex-premium-collection-2\/","og_locale":"en_US","og_type":"article","og_title":"Buy Pok\u00e9mon - Scarlet &amp; Violet - Cynthia's Garchomp ex - Premium Collection","og_description":"Shop Pok\u00e9mon - Scarlet &amp; Violet - Cynthia's Garchomp ex - Premium Collection online at great prices now! Your #1 TCG & Pok\u00e9mon card shop in Switzerland \u2713 Free shipping from CHF 29","og_url":"https:\/\/theuncommonshop.ch\/en\/product\/pokemon-scarlet-violet-cynthias-garchomp-ex-premium-collection-2\/","og_site_name":"Largest trading card shop in Switzerland","article_modified_time":"2026-03-29T07:57:34+00:00","og_image":[{"width":1919,"height":1390,"url":"https:\/\/theuncommonshop.ch\/wp-content\/uploads\/2025\/12\/5004542683.webp","type":"image\/webp"}],"twitter_card":"summary_large_image","twitter_misc":{"Availability":"In stock"},"schema":{"@context":"https:\/\/schema.org","@graph":[{"@type":"WebPage","@id":"https:\/\/theuncommonshop.ch\/en\/product\/pokemon-scarlet-violet-cynthias-garchomp-ex-premium-collection-2\/","url":"https:\/\/theuncommonshop.ch\/en\/product\/pokemon-scarlet-violet-cynthias-garchomp-ex-premium-collection-2\/","name":"Buy Pok\u00e9mon - Scarlet &amp; Violet - Cynthia's Garchomp ex - Premium Collection","isPartOf":{"@id":"https:\/\/theuncommonshop.ch\/#website"},"primaryImageOfPage":{"@id":"https:\/\/theuncommonshop.ch\/en\/product\/pokemon-scarlet-violet-cynthias-garchomp-ex-premium-collection-2\/#primaryimage"},"image":{"@id":"https:\/\/theuncommonshop.ch\/en\/product\/pokemon-scarlet-violet-cynthias-garchomp-ex-premium-collection-2\/#primaryimage"},"thumbnailUrl":"https:\/\/theuncommonshop.ch\/wp-content\/uploads\/2025\/12\/5004542683.webp","datePublished":"2025-12-31T11:21:49+00:00","dateModified":"2026-03-29T07:57:34+00:00","description":"Shop Pok\u00e9mon - Scarlet &amp; Violet - Cynthia's Garchomp ex - Premium Collection online at great prices now! Your #1 TCG & Pok\u00e9mon card shop in Switzerland \u2713 Free shipping from CHF 29","breadcrumb":{"@id":"https:\/\/theuncommonshop.ch\/en\/product\/pokemon-scarlet-violet-cynthias-garchomp-ex-premium-collection-2\/#breadcrumb"},"inLanguage":"en-US","potentialAction":[{"@type":"ReadAction","target":["https:\/\/theuncommonshop.ch\/en\/product\/pokemon-scarlet-violet-cynthias-garchomp-ex-premium-collection-2\/"]}]},{"@type":"ImageObject","inLanguage":"en-US","@id":"https:\/\/theuncommonshop.ch\/en\/product\/pokemon-scarlet-violet-cynthias-garchomp-ex-premium-collection-2\/#primaryimage","url":"https:\/\/theuncommonshop.ch\/wp-content\/uploads\/2025\/12\/5004542683.webp","contentUrl":"https:\/\/theuncommonshop.ch\/wp-content\/uploads\/2025\/12\/5004542683.webp","width":1919,"height":1390},{"@type":"BreadcrumbList","@id":"https:\/\/theuncommonshop.ch\/en\/product\/pokemon-scarlet-violet-cynthias-garchomp-ex-premium-collection-2\/#breadcrumb","itemListElement":[{"@type":"ListItem","position":1,"name":"Home","item":"https:\/\/theuncommonshop.ch\/en\/home\/"},{"@type":"ListItem","position":2,"name":"Store","item":"https:\/\/theuncommonshop.ch\/en\/store\/"},{"@type":"ListItem","position":3,"name":"Pok\u00e9mon","item":"https:\/\/theuncommonshop.ch\/en\/product-category\/pokemon-en\/"},{"@type":"ListItem","position":4,"name":"Boxes & Collections","item":"https:\/\/theuncommonshop.ch\/en\/product-category\/pokemon-en\/boxes-and-collections-pokemon\/"},{"@type":"ListItem","position":5,"name":"Pok\u00e9mon &#8211; Scarlet &amp; Violet &#8211; Cynthia&#8217;s Garchomp ex &#8211; Premium Collection"}]},{"@type":"WebSite","@id":"https:\/\/theuncommonshop.ch\/#website","url":"https:\/\/theuncommonshop.ch\/","name":"Largest trading card shop in Switzerland","description":"Magic, Pok\u00e9mon and Yu-gi-oh - The Uncommon Shop","potentialAction":[{"@type":"SearchAction","target":{"@type":"EntryPoint","urlTemplate":"https:\/\/theuncommonshop.ch\/?s={search_term_string}"},"query-input":{"@type":"PropertyValueSpecification","valueRequired":true,"valueName":"search_term_string"}}],"inLanguage":"en-US"}]},"og_availability":"instock","product_availability":"instock","product_condition":"new"},"_links":{"self":[{"href":"https:\/\/theuncommonshop.ch\/en\/wp-json\/wp\/v2\/product\/312179","targetHints":{"allow":["GET"]}}],"collection":[{"href":"https:\/\/theuncommonshop.ch\/en\/wp-json\/wp\/v2\/product"}],"about":[{"href":"https:\/\/theuncommonshop.ch\/en\/wp-json\/wp\/v2\/types\/product"}],"replies":[{"embeddable":true,"href":"https:\/\/theuncommonshop.ch\/en\/wp-json\/wp\/v2\/comments?post=312179"}],"version-history":[{"count":2,"href":"https:\/\/theuncommonshop.ch\/en\/wp-json\/wp\/v2\/product\/312179\/revisions"}],"predecessor-version":[{"id":357907,"href":"https:\/\/theuncommonshop.ch\/en\/wp-json\/wp\/v2\/product\/312179\/revisions\/357907"}],"wp:featuredmedia":[{"embeddable":true,"href":"https:\/\/theuncommonshop.ch\/en\/wp-json\/wp\/v2\/media\/274843"}],"wp:attachment":[{"href":"https:\/\/theuncommonshop.ch\/en\/wp-json\/wp\/v2\/media?parent=312179"}],"wp:term":[{"taxonomy":"product_brand","embeddable":true,"href":"https:\/\/theuncommonshop.ch\/en\/wp-json\/wp\/v2\/product_brand?post=312179"},{"taxonomy":"product_cat","embeddable":true,"href":"https:\/\/theuncommonshop.ch\/en\/wp-json\/wp\/v2\/product_cat?post=312179"},{"taxonomy":"product_tag","embeddable":true,"href":"https:\/\/theuncommonshop.ch\/en\/wp-json\/wp\/v2\/product_tag?post=312179"}],"curies":[{"name":"wp","href":"https:\/\/api.w.org\/{rel}","templated":true}]}}