{"id":312077,"date":"2025-12-31T05:51:00","date_gmt":"2025-12-31T04:51:00","guid":{"rendered":"http:\/\/theuncommonshop.ch\/produkt\/312077\/"},"modified":"2026-04-24T05:44:03","modified_gmt":"2026-04-24T03:44:03","slug":"pokemon-mystery-vintage-flash-box-en-2","status":"publish","type":"product","link":"https:\/\/theuncommonshop.ch\/en\/product\/pokemon-mystery-vintage-flash-box-en-2\/","title":{"rendered":"Pok\u00e9mon &#8211; Mystery &#8211; Vintage Flash Box &#8211; EN"},"content":{"rendered":"<p><strong>Pok\u00e9mon Mystery Vintage Flash Box &#8211; Limited Edition  <\/strong><\/p>\n<p><strong><\/strong><\/p>\n<p>The <strong>Pok\u00e9mon Mystery Vintage Flash Box<\/strong> is the ultimate surprise box for all collectors, hunters and vintage lovers. Packed with excitement, retro vibes and real flash moments. <\/p>\n<p>Each box is guaranteed to contain <strong>2 original Pok\u00e9mon Boosters<\/strong> as well as the chance to get your hands on selected <strong>Vintage, Ultra and Premium hits<\/strong> that will make your collector&#8217;s heart beat faster. Behind every box can be an experience with Boosters or cards that are hard to find today. <\/p>\n<p><span>The 15 Vintage Boosters will be released on the release date. Until then we will build up some excitement and you can already pre-order this product. <\/span><\/p>\n<p><strong>Content guaranteed:<\/strong><\/p>\n<ul>\n<li>  2 Pok\u00e9mon Boosters worth CHF 6 &#8211; 8 each<\/li>\n<\/ul>\n<p><span><\/span><strong>Additional chance of mega hits:<\/strong><\/p>\n<p>\ud83d\udd25 <strong>15 big hits<\/strong> worth<strong>between CHF 400 and CHF 2,000<\/strong> (chance approx. 1:66)<\/p>\n<p><span><\/span>\ud83d\udd25 <strong>50 medium hits<\/strong> worth over CHF 50 (chance 1:20)<\/p>\n<p>  \ud83d\udd25 <strong>80 Flash Hits<\/strong> worth over CHF 30 (chance 1:12) <\/p>\n<p>Every box is an experience. Compact, elegant and brimming with excitement. <\/p>\n<p>  Whether you&#8217;re chasing vintage Boosters, looking for modern sets or just love the thrill of a hit or miss Booster Box, this edition delivers the <strong>perfect flash moment<\/strong>.<\/p>\n<h3><strong><span style=\"font-size: 16px\">Facts at a glance<\/span><\/strong><\/h3>\n<ul>\n<li>  Limited production: <strong>only 1000 boxes<\/strong><\/li>\n<li>  Fair odds of winning<\/li>\n<li>  Mega hits from CHF 400 &#8211; 2,000 possible<\/li>\n<li>  Hand-packed with attention to detail<\/li>\n<li>  Perfect as a gift or for your own collection<\/li>\n<\/ul>\n<p><\/p>\n<p><strong><\/strong><\/p>\n<p><strong><\/strong><\/p>\n","protected":false},"excerpt":{"rendered":"<p>Pok\u00e9mon Mystery Vintage Flash Box &#8211; Limited Edition The Pok\u00e9mon Mystery Vintage Flash Box is the ultimate surprise box for<\/p>\n","protected":false},"featured_media":272851,"comment_status":"open","ping_status":"closed","template":"","meta":{"_acf_changed":false},"product_brand":[5181],"product_cat":[9806,10056,9814,9776],"product_tag":[],"class_list":{"0":"post-312077","1":"product","2":"type-product","3":"status-publish","4":"has-post-thumbnail","6":"product_brand-the-uncommon-shop","7":"product_cat-booster-packs-pokemon","8":"product_cat-booster-packs-international-en","9":"product_cat-mystery-boxes","10":"product_cat-pokemon-en","12":"first","13":"outofstock","14":"taxable","15":"shipping-taxable","16":"purchasable","17":"product-type-variable"},"acf":[],"yoast_head":"<!-- This site is optimized with the Yoast SEO plugin v27.5 - https:\/\/yoast.com\/product\/yoast-seo-wordpress\/ -->\n<title>Buy Pok\u00e9mon - Mystery - Vintage Flash Box - EN<\/title>\n<meta name=\"description\" content=\"Shop Pok\u00e9mon - Mystery - Vintage Flash Box - EN online at great prices now! Your #1 TCG &amp; Pok\u00e9mon card shop in Switzerland \u2713 Free shipping from CHF 29\" \/>\n<meta name=\"robots\" content=\"index, follow, max-snippet:-1, max-image-preview:large, max-video-preview:-1\" \/>\n<link rel=\"canonical\" href=\"https:\/\/theuncommonshop.ch\/en\/product\/pokemon-mystery-vintage-flash-box-en-2\/\" \/>\n<meta property=\"og:locale\" content=\"en_US\" \/>\n<meta property=\"og:type\" content=\"article\" \/>\n<meta property=\"og:title\" content=\"Buy Pok\u00e9mon - Mystery - Vintage Flash Box - EN\" \/>\n<meta property=\"og:description\" content=\"Shop Pok\u00e9mon - Mystery - Vintage Flash Box - EN online at great prices now! Your #1 TCG &amp; Pok\u00e9mon card shop in Switzerland \u2713 Free shipping from CHF 29\" \/>\n<meta property=\"og:url\" content=\"https:\/\/theuncommonshop.ch\/en\/product\/pokemon-mystery-vintage-flash-box-en-2\/\" \/>\n<meta property=\"og:site_name\" content=\"The Uncommon Shop\" \/>\n<meta property=\"article:modified_time\" content=\"2026-04-24T03:44:03+00:00\" \/>\n<meta property=\"og:image\" content=\"https:\/\/theuncommonshop.ch\/wp-content\/uploads\/2025\/12\/5419019390.png\" \/>\n\t<meta property=\"og:image:width\" content=\"800\" \/>\n\t<meta property=\"og:image:height\" content=\"800\" \/>\n\t<meta property=\"og:image:type\" content=\"image\/png\" \/>\n<meta name=\"twitter:card\" content=\"summary_large_image\" \/>\n<meta name=\"twitter:label1\" content=\"Availability\" \/>\n\t<meta name=\"twitter:data1\" content=\"Out of stock\" \/>\n<script type=\"application\/ld+json\" class=\"yoast-schema-graph\">{\"@context\":\"https:\\\/\\\/schema.org\",\"@graph\":[{\"@type\":\"WebPage\",\"@id\":\"https:\\\/\\\/theuncommonshop.ch\\\/en\\\/product\\\/pokemon-mystery-vintage-flash-box-en-2\\\/\",\"url\":\"https:\\\/\\\/theuncommonshop.ch\\\/en\\\/product\\\/pokemon-mystery-vintage-flash-box-en-2\\\/\",\"name\":\"Buy Pok\u00e9mon - Mystery - Vintage Flash Box - EN\",\"isPartOf\":{\"@id\":\"https:\\\/\\\/theuncommonshop.ch\\\/en\\\/#website\"},\"primaryImageOfPage\":{\"@id\":\"https:\\\/\\\/theuncommonshop.ch\\\/en\\\/product\\\/pokemon-mystery-vintage-flash-box-en-2\\\/#primaryimage\"},\"image\":{\"@id\":\"https:\\\/\\\/theuncommonshop.ch\\\/en\\\/product\\\/pokemon-mystery-vintage-flash-box-en-2\\\/#primaryimage\"},\"thumbnailUrl\":\"https:\\\/\\\/theuncommonshop.ch\\\/wp-content\\\/uploads\\\/2025\\\/12\\\/5419019390.png\",\"datePublished\":\"2025-12-31T04:51:00+00:00\",\"dateModified\":\"2026-04-24T03:44:03+00:00\",\"description\":\"Shop Pok\u00e9mon - Mystery - Vintage Flash Box - EN online at great prices now! Your #1 TCG & Pok\u00e9mon card shop in Switzerland \u2713 Free shipping from CHF 29\",\"breadcrumb\":{\"@id\":\"https:\\\/\\\/theuncommonshop.ch\\\/en\\\/product\\\/pokemon-mystery-vintage-flash-box-en-2\\\/#breadcrumb\"},\"inLanguage\":\"en-US\",\"potentialAction\":[{\"@type\":\"ReadAction\",\"target\":[\"https:\\\/\\\/theuncommonshop.ch\\\/en\\\/product\\\/pokemon-mystery-vintage-flash-box-en-2\\\/\"]}]},{\"@type\":\"ImageObject\",\"inLanguage\":\"en-US\",\"@id\":\"https:\\\/\\\/theuncommonshop.ch\\\/en\\\/product\\\/pokemon-mystery-vintage-flash-box-en-2\\\/#primaryimage\",\"url\":\"https:\\\/\\\/theuncommonshop.ch\\\/wp-content\\\/uploads\\\/2025\\\/12\\\/5419019390.png\",\"contentUrl\":\"https:\\\/\\\/theuncommonshop.ch\\\/wp-content\\\/uploads\\\/2025\\\/12\\\/5419019390.png\",\"width\":1181,\"height\":1181},{\"@type\":\"BreadcrumbList\",\"@id\":\"https:\\\/\\\/theuncommonshop.ch\\\/en\\\/product\\\/pokemon-mystery-vintage-flash-box-en-2\\\/#breadcrumb\",\"itemListElement\":[{\"@type\":\"ListItem\",\"position\":1,\"name\":\"Home\",\"item\":\"https:\\\/\\\/theuncommonshop.ch\\\/en\\\/home\\\/\"},{\"@type\":\"ListItem\",\"position\":2,\"name\":\"Store\",\"item\":\"https:\\\/\\\/theuncommonshop.ch\\\/en\\\/store\\\/\"},{\"@type\":\"ListItem\",\"position\":3,\"name\":\"Pok\u00e9mon\",\"item\":\"https:\\\/\\\/theuncommonshop.ch\\\/en\\\/product-category\\\/pokemon-en\\\/\"},{\"@type\":\"ListItem\",\"position\":4,\"name\":\"Mystery Boxes\",\"item\":\"https:\\\/\\\/theuncommonshop.ch\\\/en\\\/product-category\\\/pokemon-en\\\/mystery-boxes\\\/\"},{\"@type\":\"ListItem\",\"position\":5,\"name\":\"Pok\u00e9mon &#8211; Mystery &#8211; Vintage Flash Box &#8211; EN\"}]},{\"@type\":\"WebSite\",\"@id\":\"https:\\\/\\\/theuncommonshop.ch\\\/en\\\/#website\",\"url\":\"https:\\\/\\\/theuncommonshop.ch\\\/en\\\/\",\"name\":\"The Uncommon Shop\",\"description\":\"Magic, Pok\u00e9mon and Yu-gi-oh - The Uncommon Shop\",\"potentialAction\":[{\"@type\":\"SearchAction\",\"target\":{\"@type\":\"EntryPoint\",\"urlTemplate\":\"https:\\\/\\\/theuncommonshop.ch\\\/en\\\/?s={search_term_string}\"},\"query-input\":{\"@type\":\"PropertyValueSpecification\",\"valueRequired\":true,\"valueName\":\"search_term_string\"}}],\"inLanguage\":\"en-US\"}]}<\/script>\n<meta property=\"og:availability\" content=\"out of stock\" \/>\n<meta property=\"product:availability\" content=\"out of stock\" \/>\n<meta property=\"product:retailer_item_id\" content=\"PRE.PokMystVintFlashBox.EN\" \/>\n<meta property=\"product:condition\" content=\"new\" \/>\n<!-- \/ Yoast SEO plugin. -->","yoast_head_json":{"title":"Buy Pok\u00e9mon - Mystery - Vintage Flash Box - EN","description":"Shop Pok\u00e9mon - Mystery - Vintage Flash Box - EN online at great prices now! Your #1 TCG & Pok\u00e9mon card shop in Switzerland \u2713 Free shipping from CHF 29","robots":{"index":"index","follow":"follow","max-snippet":"max-snippet:-1","max-image-preview":"max-image-preview:large","max-video-preview":"max-video-preview:-1"},"canonical":"https:\/\/theuncommonshop.ch\/en\/product\/pokemon-mystery-vintage-flash-box-en-2\/","og_locale":"en_US","og_type":"article","og_title":"Buy Pok\u00e9mon - Mystery - Vintage Flash Box - EN","og_description":"Shop Pok\u00e9mon - Mystery - Vintage Flash Box - EN online at great prices now! Your #1 TCG & Pok\u00e9mon card shop in Switzerland \u2713 Free shipping from CHF 29","og_url":"https:\/\/theuncommonshop.ch\/en\/product\/pokemon-mystery-vintage-flash-box-en-2\/","og_site_name":"The Uncommon Shop","article_modified_time":"2026-04-24T03:44:03+00:00","og_image":[{"url":"https:\/\/theuncommonshop.ch\/wp-content\/uploads\/2025\/12\/5419019390.png","width":800,"height":800,"type":"image\/png"}],"twitter_card":"summary_large_image","twitter_misc":{"Availability":"Out of stock"},"schema":{"@context":"https:\/\/schema.org","@graph":[{"@type":"WebPage","@id":"https:\/\/theuncommonshop.ch\/en\/product\/pokemon-mystery-vintage-flash-box-en-2\/","url":"https:\/\/theuncommonshop.ch\/en\/product\/pokemon-mystery-vintage-flash-box-en-2\/","name":"Buy Pok\u00e9mon - Mystery - Vintage Flash Box - EN","isPartOf":{"@id":"https:\/\/theuncommonshop.ch\/en\/#website"},"primaryImageOfPage":{"@id":"https:\/\/theuncommonshop.ch\/en\/product\/pokemon-mystery-vintage-flash-box-en-2\/#primaryimage"},"image":{"@id":"https:\/\/theuncommonshop.ch\/en\/product\/pokemon-mystery-vintage-flash-box-en-2\/#primaryimage"},"thumbnailUrl":"https:\/\/theuncommonshop.ch\/wp-content\/uploads\/2025\/12\/5419019390.png","datePublished":"2025-12-31T04:51:00+00:00","dateModified":"2026-04-24T03:44:03+00:00","description":"Shop Pok\u00e9mon - Mystery - Vintage Flash Box - EN online at great prices now! Your #1 TCG & Pok\u00e9mon card shop in Switzerland \u2713 Free shipping from CHF 29","breadcrumb":{"@id":"https:\/\/theuncommonshop.ch\/en\/product\/pokemon-mystery-vintage-flash-box-en-2\/#breadcrumb"},"inLanguage":"en-US","potentialAction":[{"@type":"ReadAction","target":["https:\/\/theuncommonshop.ch\/en\/product\/pokemon-mystery-vintage-flash-box-en-2\/"]}]},{"@type":"ImageObject","inLanguage":"en-US","@id":"https:\/\/theuncommonshop.ch\/en\/product\/pokemon-mystery-vintage-flash-box-en-2\/#primaryimage","url":"https:\/\/theuncommonshop.ch\/wp-content\/uploads\/2025\/12\/5419019390.png","contentUrl":"https:\/\/theuncommonshop.ch\/wp-content\/uploads\/2025\/12\/5419019390.png","width":1181,"height":1181},{"@type":"BreadcrumbList","@id":"https:\/\/theuncommonshop.ch\/en\/product\/pokemon-mystery-vintage-flash-box-en-2\/#breadcrumb","itemListElement":[{"@type":"ListItem","position":1,"name":"Home","item":"https:\/\/theuncommonshop.ch\/en\/home\/"},{"@type":"ListItem","position":2,"name":"Store","item":"https:\/\/theuncommonshop.ch\/en\/store\/"},{"@type":"ListItem","position":3,"name":"Pok\u00e9mon","item":"https:\/\/theuncommonshop.ch\/en\/product-category\/pokemon-en\/"},{"@type":"ListItem","position":4,"name":"Mystery Boxes","item":"https:\/\/theuncommonshop.ch\/en\/product-category\/pokemon-en\/mystery-boxes\/"},{"@type":"ListItem","position":5,"name":"Pok\u00e9mon &#8211; Mystery &#8211; Vintage Flash Box &#8211; EN"}]},{"@type":"WebSite","@id":"https:\/\/theuncommonshop.ch\/en\/#website","url":"https:\/\/theuncommonshop.ch\/en\/","name":"The Uncommon Shop","description":"Magic, Pok\u00e9mon and Yu-gi-oh - The Uncommon Shop","potentialAction":[{"@type":"SearchAction","target":{"@type":"EntryPoint","urlTemplate":"https:\/\/theuncommonshop.ch\/en\/?s={search_term_string}"},"query-input":{"@type":"PropertyValueSpecification","valueRequired":true,"valueName":"search_term_string"}}],"inLanguage":"en-US"}]},"og_availability":"out of stock","product_availability":"out of stock","product_retailer_item_id":"PRE.PokMystVintFlashBox.EN","product_condition":"new"},"_links":{"self":[{"href":"https:\/\/theuncommonshop.ch\/en\/wp-json\/wp\/v2\/product\/312077","targetHints":{"allow":["GET"]}}],"collection":[{"href":"https:\/\/theuncommonshop.ch\/en\/wp-json\/wp\/v2\/product"}],"about":[{"href":"https:\/\/theuncommonshop.ch\/en\/wp-json\/wp\/v2\/types\/product"}],"replies":[{"embeddable":true,"href":"https:\/\/theuncommonshop.ch\/en\/wp-json\/wp\/v2\/comments?post=312077"}],"version-history":[{"count":0,"href":"https:\/\/theuncommonshop.ch\/en\/wp-json\/wp\/v2\/product\/312077\/revisions"}],"wp:featuredmedia":[{"embeddable":true,"href":"https:\/\/theuncommonshop.ch\/en\/wp-json\/wp\/v2\/media\/272851"}],"wp:attachment":[{"href":"https:\/\/theuncommonshop.ch\/en\/wp-json\/wp\/v2\/media?parent=312077"}],"wp:term":[{"taxonomy":"product_brand","embeddable":true,"href":"https:\/\/theuncommonshop.ch\/en\/wp-json\/wp\/v2\/product_brand?post=312077"},{"taxonomy":"product_cat","embeddable":true,"href":"https:\/\/theuncommonshop.ch\/en\/wp-json\/wp\/v2\/product_cat?post=312077"},{"taxonomy":"product_tag","embeddable":true,"href":"https:\/\/theuncommonshop.ch\/en\/wp-json\/wp\/v2\/product_tag?post=312077"}],"curies":[{"name":"wp","href":"https:\/\/api.w.org\/{rel}","templated":true}]}}