{"id":312018,"date":"2025-12-31T05:29:03","date_gmt":"2025-12-31T05:29:03","guid":{"rendered":"http:\/\/theuncommonshop.ch\/produkt\/312018\/"},"modified":"2026-03-28T13:48:52","modified_gmt":"2026-03-28T12:48:52","slug":"pokemon-sword-shield-rebel-clash-swsh02-booster-display-18-pcs-3","status":"publish","type":"product","link":"https:\/\/theuncommonshop.ch\/en\/product\/pokemon-sword-shield-rebel-clash-swsh02-booster-display-18-pcs-3\/","title":{"rendered":"Pokemon &#8211; Sword &amp; Shield &#8211; Rebel Clash (SWSH02) &#8211; Booster Display (18 Pcs.)"},"content":{"rendered":"<p><strong>Pokemon &#8211; Sword &amp; Shield &#8211; Rebel Clash (SWSH02) &#8211; Booster Display (18 Pcs.)<\/strong><\/p>\n<p>Rockin&#8217; Galar Pok\u00e9mon take the stage! Rock out with new Pok\u00e9mon! Turn it up and let it rip &#8211; rebellion, chaos and punky notes permeate the Pok\u00e9mon Trading Card Game expansion Schwert &amp; Schild &#8211; Clash des Rebelles. Pok\u00e9mon-V such as Riffex-V, Zwollock-V, Bellektro-V, Sanaconda-V and also a handful of Pok\u00e9mon-VMAX &#8211; the latest evolutions of the first three partner Pok\u00e9mon as well as Patinaraja-VMAX and Katapuldra-VMAX &#8211; make an appearance. The Schwert &amp; Schild &#8211; Clash des Rebelles expansion is as much at home on the stage as it is in the streets!    <\/p>\n<ul>\n<li>18 booster packs<\/li>\n<li>Each Booster contains 10 Pokemon cards<\/li>\n<li>1 holomap<\/li>\n<\/ul>\n","protected":false},"excerpt":{"rendered":"<p>Pokemon &#8211; Sword &amp; Shield &#8211; Rebel Clash (SWSH02) &#8211; Booster Display (18 Pcs.) Rockin&#8217; Galar Pok\u00e9mon take the stage!<\/p>\n","protected":false},"featured_media":299867,"comment_status":"open","ping_status":"closed","template":"","meta":{"_acf_changed":false},"product_brand":[5115,5073],"product_cat":[9804,10052,9776],"product_tag":[],"class_list":{"0":"post-312018","1":"product","2":"type-product","3":"status-publish","4":"has-post-thumbnail","6":"product_brand-pokemon","7":"product_brand-the-pokemon-company","8":"product_cat-booster-displays-pokemon-en","9":"product_cat-booster-displays-international-en","10":"product_cat-pokemon-en","12":"first","13":"instock","14":"taxable","15":"shipping-taxable","16":"purchasable","17":"product-type-variable"},"acf":[],"yoast_head":"<!-- This site is optimized with the Yoast SEO plugin v27.4 - https:\/\/yoast.com\/product\/yoast-seo-wordpress\/ -->\n<title>Buy Pokemon - Sword &amp; Shield - Rebel Clash (SWSH02) - Booster Display (18 Pcs.)<\/title>\n<meta name=\"description\" content=\"Shop Pokemon - Sword &amp; Shield - Rebel Clash (SWSH02) - Booster Display (18 Pcs.) online at great prices now! Your #1 TCG &amp; Pok\u00e9mon card shop in Switzerland \u2713 Free shipping from CHF 29\" \/>\n<meta name=\"robots\" content=\"index, follow, max-snippet:-1, max-image-preview:large, max-video-preview:-1\" \/>\n<link rel=\"canonical\" href=\"https:\/\/theuncommonshop.ch\/en\/product\/pokemon-sword-shield-rebel-clash-swsh02-booster-display-18-pcs-3\/\" \/>\n<meta property=\"og:locale\" content=\"en_US\" \/>\n<meta property=\"og:type\" content=\"article\" \/>\n<meta property=\"og:title\" content=\"Buy Pokemon - Sword &amp; Shield - Rebel Clash (SWSH02) - Booster Display (18 Pcs.)\" \/>\n<meta property=\"og:description\" content=\"Shop Pokemon - Sword &amp; Shield - Rebel Clash (SWSH02) - Booster Display (18 Pcs.) online at great prices now! Your #1 TCG &amp; Pok\u00e9mon card shop in Switzerland \u2713 Free shipping from CHF 29\" \/>\n<meta property=\"og:url\" content=\"https:\/\/theuncommonshop.ch\/en\/product\/pokemon-sword-shield-rebel-clash-swsh02-booster-display-18-pcs-3\/\" \/>\n<meta property=\"og:site_name\" content=\"Largest trading card shop in Switzerland\" \/>\n<meta property=\"article:modified_time\" content=\"2026-03-28T12:48:52+00:00\" \/>\n<meta property=\"og:image\" content=\"https:\/\/theuncommonshop.ch\/wp-content\/uploads\/2025\/12\/REBEL.jpg\" \/>\n\t<meta property=\"og:image:width\" content=\"1106\" \/>\n\t<meta property=\"og:image:height\" content=\"1106\" \/>\n\t<meta property=\"og:image:type\" content=\"image\/jpeg\" \/>\n<meta name=\"twitter:card\" content=\"summary_large_image\" \/>\n<meta name=\"twitter:label1\" content=\"Availability\" \/>\n\t<meta name=\"twitter:data1\" content=\"In stock\" \/>\n<script type=\"application\/ld+json\" class=\"yoast-schema-graph\">{\"@context\":\"https:\\\/\\\/schema.org\",\"@graph\":[{\"@type\":\"WebPage\",\"@id\":\"https:\\\/\\\/theuncommonshop.ch\\\/en\\\/product\\\/pokemon-sword-shield-rebel-clash-swsh02-booster-display-18-pcs-3\\\/\",\"url\":\"https:\\\/\\\/theuncommonshop.ch\\\/en\\\/product\\\/pokemon-sword-shield-rebel-clash-swsh02-booster-display-18-pcs-3\\\/\",\"name\":\"Buy Pokemon - Sword &amp; Shield - Rebel Clash (SWSH02) - Booster Display (18 Pcs.)\",\"isPartOf\":{\"@id\":\"https:\\\/\\\/theuncommonshop.ch\\\/#website\"},\"primaryImageOfPage\":{\"@id\":\"https:\\\/\\\/theuncommonshop.ch\\\/en\\\/product\\\/pokemon-sword-shield-rebel-clash-swsh02-booster-display-18-pcs-3\\\/#primaryimage\"},\"image\":{\"@id\":\"https:\\\/\\\/theuncommonshop.ch\\\/en\\\/product\\\/pokemon-sword-shield-rebel-clash-swsh02-booster-display-18-pcs-3\\\/#primaryimage\"},\"thumbnailUrl\":\"https:\\\/\\\/theuncommonshop.ch\\\/wp-content\\\/uploads\\\/2025\\\/12\\\/REBEL.jpg\",\"datePublished\":\"2025-12-31T05:29:03+00:00\",\"dateModified\":\"2026-03-28T12:48:52+00:00\",\"description\":\"Shop Pokemon - Sword &amp; Shield - Rebel Clash (SWSH02) - Booster Display (18 Pcs.) online at great prices now! Your #1 TCG & Pok\u00e9mon card shop in Switzerland \u2713 Free shipping from CHF 29\",\"breadcrumb\":{\"@id\":\"https:\\\/\\\/theuncommonshop.ch\\\/en\\\/product\\\/pokemon-sword-shield-rebel-clash-swsh02-booster-display-18-pcs-3\\\/#breadcrumb\"},\"inLanguage\":\"en-US\",\"potentialAction\":[{\"@type\":\"ReadAction\",\"target\":[\"https:\\\/\\\/theuncommonshop.ch\\\/en\\\/product\\\/pokemon-sword-shield-rebel-clash-swsh02-booster-display-18-pcs-3\\\/\"]}]},{\"@type\":\"ImageObject\",\"inLanguage\":\"en-US\",\"@id\":\"https:\\\/\\\/theuncommonshop.ch\\\/en\\\/product\\\/pokemon-sword-shield-rebel-clash-swsh02-booster-display-18-pcs-3\\\/#primaryimage\",\"url\":\"https:\\\/\\\/theuncommonshop.ch\\\/wp-content\\\/uploads\\\/2025\\\/12\\\/REBEL.jpg\",\"contentUrl\":\"https:\\\/\\\/theuncommonshop.ch\\\/wp-content\\\/uploads\\\/2025\\\/12\\\/REBEL.jpg\",\"width\":1106,\"height\":1106},{\"@type\":\"BreadcrumbList\",\"@id\":\"https:\\\/\\\/theuncommonshop.ch\\\/en\\\/product\\\/pokemon-sword-shield-rebel-clash-swsh02-booster-display-18-pcs-3\\\/#breadcrumb\",\"itemListElement\":[{\"@type\":\"ListItem\",\"position\":1,\"name\":\"Home\",\"item\":\"https:\\\/\\\/theuncommonshop.ch\\\/en\\\/home\\\/\"},{\"@type\":\"ListItem\",\"position\":2,\"name\":\"Store\",\"item\":\"https:\\\/\\\/theuncommonshop.ch\\\/en\\\/store\\\/\"},{\"@type\":\"ListItem\",\"position\":3,\"name\":\"Pok\u00e9mon\",\"item\":\"https:\\\/\\\/theuncommonshop.ch\\\/en\\\/product-category\\\/pokemon-en\\\/\"},{\"@type\":\"ListItem\",\"position\":4,\"name\":\"Booster Displays\",\"item\":\"https:\\\/\\\/theuncommonshop.ch\\\/en\\\/product-category\\\/pokemon-en\\\/booster-displays-pokemon-en\\\/\"},{\"@type\":\"ListItem\",\"position\":5,\"name\":\"Booster Displays\",\"item\":\"https:\\\/\\\/theuncommonshop.ch\\\/en\\\/product-category\\\/pokemon-en\\\/booster-displays-pokemon-en\\\/booster-displays-international-en\\\/\"},{\"@type\":\"ListItem\",\"position\":6,\"name\":\"Pokemon &#8211; Sword &amp; Shield &#8211; Rebel Clash (SWSH02) &#8211; Booster Display (18 Pcs.)\"}]},{\"@type\":\"WebSite\",\"@id\":\"https:\\\/\\\/theuncommonshop.ch\\\/#website\",\"url\":\"https:\\\/\\\/theuncommonshop.ch\\\/\",\"name\":\"Largest trading card shop in Switzerland\",\"description\":\"Magic, Pok\u00e9mon and Yu-gi-oh - The Uncommon Shop\",\"potentialAction\":[{\"@type\":\"SearchAction\",\"target\":{\"@type\":\"EntryPoint\",\"urlTemplate\":\"https:\\\/\\\/theuncommonshop.ch\\\/?s={search_term_string}\"},\"query-input\":{\"@type\":\"PropertyValueSpecification\",\"valueRequired\":true,\"valueName\":\"search_term_string\"}}],\"inLanguage\":\"en-US\"}]}<\/script>\n<meta property=\"og:availability\" content=\"instock\" \/>\n<meta property=\"product:availability\" content=\"instock\" \/>\n<meta property=\"product:retailer_item_id\" content=\"PO.VIII.F.RebelClash18erDisplay.En\" \/>\n<meta property=\"product:condition\" content=\"new\" \/>\n<!-- \/ Yoast SEO plugin. -->","yoast_head_json":{"title":"Buy Pokemon - Sword &amp; Shield - Rebel Clash (SWSH02) - Booster Display (18 Pcs.)","description":"Shop Pokemon - Sword &amp; Shield - Rebel Clash (SWSH02) - Booster Display (18 Pcs.) online at great prices now! Your #1 TCG & Pok\u00e9mon card shop in Switzerland \u2713 Free shipping from CHF 29","robots":{"index":"index","follow":"follow","max-snippet":"max-snippet:-1","max-image-preview":"max-image-preview:large","max-video-preview":"max-video-preview:-1"},"canonical":"https:\/\/theuncommonshop.ch\/en\/product\/pokemon-sword-shield-rebel-clash-swsh02-booster-display-18-pcs-3\/","og_locale":"en_US","og_type":"article","og_title":"Buy Pokemon - Sword &amp; Shield - Rebel Clash (SWSH02) - Booster Display (18 Pcs.)","og_description":"Shop Pokemon - Sword &amp; Shield - Rebel Clash (SWSH02) - Booster Display (18 Pcs.) online at great prices now! Your #1 TCG & Pok\u00e9mon card shop in Switzerland \u2713 Free shipping from CHF 29","og_url":"https:\/\/theuncommonshop.ch\/en\/product\/pokemon-sword-shield-rebel-clash-swsh02-booster-display-18-pcs-3\/","og_site_name":"Largest trading card shop in Switzerland","article_modified_time":"2026-03-28T12:48:52+00:00","og_image":[{"width":1106,"height":1106,"url":"https:\/\/theuncommonshop.ch\/wp-content\/uploads\/2025\/12\/REBEL.jpg","type":"image\/jpeg"}],"twitter_card":"summary_large_image","twitter_misc":{"Availability":"In stock"},"schema":{"@context":"https:\/\/schema.org","@graph":[{"@type":"WebPage","@id":"https:\/\/theuncommonshop.ch\/en\/product\/pokemon-sword-shield-rebel-clash-swsh02-booster-display-18-pcs-3\/","url":"https:\/\/theuncommonshop.ch\/en\/product\/pokemon-sword-shield-rebel-clash-swsh02-booster-display-18-pcs-3\/","name":"Buy Pokemon - Sword &amp; Shield - Rebel Clash (SWSH02) - Booster Display (18 Pcs.)","isPartOf":{"@id":"https:\/\/theuncommonshop.ch\/#website"},"primaryImageOfPage":{"@id":"https:\/\/theuncommonshop.ch\/en\/product\/pokemon-sword-shield-rebel-clash-swsh02-booster-display-18-pcs-3\/#primaryimage"},"image":{"@id":"https:\/\/theuncommonshop.ch\/en\/product\/pokemon-sword-shield-rebel-clash-swsh02-booster-display-18-pcs-3\/#primaryimage"},"thumbnailUrl":"https:\/\/theuncommonshop.ch\/wp-content\/uploads\/2025\/12\/REBEL.jpg","datePublished":"2025-12-31T05:29:03+00:00","dateModified":"2026-03-28T12:48:52+00:00","description":"Shop Pokemon - Sword &amp; Shield - Rebel Clash (SWSH02) - Booster Display (18 Pcs.) online at great prices now! Your #1 TCG & Pok\u00e9mon card shop in Switzerland \u2713 Free shipping from CHF 29","breadcrumb":{"@id":"https:\/\/theuncommonshop.ch\/en\/product\/pokemon-sword-shield-rebel-clash-swsh02-booster-display-18-pcs-3\/#breadcrumb"},"inLanguage":"en-US","potentialAction":[{"@type":"ReadAction","target":["https:\/\/theuncommonshop.ch\/en\/product\/pokemon-sword-shield-rebel-clash-swsh02-booster-display-18-pcs-3\/"]}]},{"@type":"ImageObject","inLanguage":"en-US","@id":"https:\/\/theuncommonshop.ch\/en\/product\/pokemon-sword-shield-rebel-clash-swsh02-booster-display-18-pcs-3\/#primaryimage","url":"https:\/\/theuncommonshop.ch\/wp-content\/uploads\/2025\/12\/REBEL.jpg","contentUrl":"https:\/\/theuncommonshop.ch\/wp-content\/uploads\/2025\/12\/REBEL.jpg","width":1106,"height":1106},{"@type":"BreadcrumbList","@id":"https:\/\/theuncommonshop.ch\/en\/product\/pokemon-sword-shield-rebel-clash-swsh02-booster-display-18-pcs-3\/#breadcrumb","itemListElement":[{"@type":"ListItem","position":1,"name":"Home","item":"https:\/\/theuncommonshop.ch\/en\/home\/"},{"@type":"ListItem","position":2,"name":"Store","item":"https:\/\/theuncommonshop.ch\/en\/store\/"},{"@type":"ListItem","position":3,"name":"Pok\u00e9mon","item":"https:\/\/theuncommonshop.ch\/en\/product-category\/pokemon-en\/"},{"@type":"ListItem","position":4,"name":"Booster Displays","item":"https:\/\/theuncommonshop.ch\/en\/product-category\/pokemon-en\/booster-displays-pokemon-en\/"},{"@type":"ListItem","position":5,"name":"Booster Displays","item":"https:\/\/theuncommonshop.ch\/en\/product-category\/pokemon-en\/booster-displays-pokemon-en\/booster-displays-international-en\/"},{"@type":"ListItem","position":6,"name":"Pokemon &#8211; Sword &amp; Shield &#8211; Rebel Clash (SWSH02) &#8211; Booster Display (18 Pcs.)"}]},{"@type":"WebSite","@id":"https:\/\/theuncommonshop.ch\/#website","url":"https:\/\/theuncommonshop.ch\/","name":"Largest trading card shop in Switzerland","description":"Magic, Pok\u00e9mon and Yu-gi-oh - The Uncommon Shop","potentialAction":[{"@type":"SearchAction","target":{"@type":"EntryPoint","urlTemplate":"https:\/\/theuncommonshop.ch\/?s={search_term_string}"},"query-input":{"@type":"PropertyValueSpecification","valueRequired":true,"valueName":"search_term_string"}}],"inLanguage":"en-US"}]},"og_availability":"instock","product_availability":"instock","product_retailer_item_id":"PO.VIII.F.RebelClash18erDisplay.En","product_condition":"new"},"_links":{"self":[{"href":"https:\/\/theuncommonshop.ch\/en\/wp-json\/wp\/v2\/product\/312018","targetHints":{"allow":["GET"]}}],"collection":[{"href":"https:\/\/theuncommonshop.ch\/en\/wp-json\/wp\/v2\/product"}],"about":[{"href":"https:\/\/theuncommonshop.ch\/en\/wp-json\/wp\/v2\/types\/product"}],"replies":[{"embeddable":true,"href":"https:\/\/theuncommonshop.ch\/en\/wp-json\/wp\/v2\/comments?post=312018"}],"version-history":[{"count":2,"href":"https:\/\/theuncommonshop.ch\/en\/wp-json\/wp\/v2\/product\/312018\/revisions"}],"predecessor-version":[{"id":353201,"href":"https:\/\/theuncommonshop.ch\/en\/wp-json\/wp\/v2\/product\/312018\/revisions\/353201"}],"wp:featuredmedia":[{"embeddable":true,"href":"https:\/\/theuncommonshop.ch\/en\/wp-json\/wp\/v2\/media\/299867"}],"wp:attachment":[{"href":"https:\/\/theuncommonshop.ch\/en\/wp-json\/wp\/v2\/media?parent=312018"}],"wp:term":[{"taxonomy":"product_brand","embeddable":true,"href":"https:\/\/theuncommonshop.ch\/en\/wp-json\/wp\/v2\/product_brand?post=312018"},{"taxonomy":"product_cat","embeddable":true,"href":"https:\/\/theuncommonshop.ch\/en\/wp-json\/wp\/v2\/product_cat?post=312018"},{"taxonomy":"product_tag","embeddable":true,"href":"https:\/\/theuncommonshop.ch\/en\/wp-json\/wp\/v2\/product_tag?post=312018"}],"curies":[{"name":"wp","href":"https:\/\/api.w.org\/{rel}","templated":true}]}}