{"id":309895,"date":"2025-12-31T13:16:00","date_gmt":"2025-12-31T12:16:00","guid":{"rendered":"http:\/\/theuncommonshop.ch\/produkt\/309895\/"},"modified":"2026-04-14T11:01:08","modified_gmt":"2026-04-14T09:01:08","slug":"pokemon-mega-evolution-perfect-order-me03-elite-trainer-box-3","status":"publish","type":"product","link":"https:\/\/theuncommonshop.ch\/en\/product\/pokemon-mega-evolution-perfect-order-me03-elite-trainer-box-3\/","title":{"rendered":"Pok\u00e9mon &#8211; Mega Evolution &#8211; Perfect Order (ME03) &#8211; Elite Trainer Box"},"content":{"rendered":"<p>Bring balance to the game and witness the rise of Mega Zygarde ex in the Pok\u00e9mon Trading Card Game box &#8220;ME03 Perfect Order Elite Trainer Box&#8221;!<\/p>\n<p>This premium box will be released on March 27 and celebrates the third chapter of the MEGA development era with powerful new mechanics, MA rarity cards and an exclusive promo card only available in this ETB.<\/p>\n<p>Zygarde stands for unity, structure and transformation. Its complete forms inspired the &#8220;Perfect Order&#8221; expansion &#8211; a set centered around harmony and overwhelming power returning to the Pok\u00e9mon trading card game. <\/p>\n<p>Whether you&#8217;re collecting sealed products, upgrading your competitive deck or chasing hits from the MEGA era, this Elite Trainer Box offers the perfect introduction to the world of Perfect Order.<\/p>\n","protected":false},"excerpt":{"rendered":"<p>Bring balance to the game and witness the rise of Mega Zygarde ex in the Pok\u00e9mon Trading Card Game box<\/p>\n","protected":false},"featured_media":297133,"comment_status":"open","ping_status":"closed","template":"","meta":{"_acf_changed":false},"product_brand":[5073],"product_cat":[9808,10278],"product_tag":[],"class_list":{"0":"post-309895","1":"product","2":"type-product","3":"status-publish","4":"has-post-thumbnail","6":"product_brand-the-pokemon-company","7":"product_cat-elite-trainer-boxes","8":"product_cat-me03-perfect-order","10":"first","11":"instock","12":"sale","13":"taxable","14":"shipping-taxable","15":"purchasable","16":"product-type-variable"},"acf":[],"yoast_head":"<!-- This site is optimized with the Yoast SEO plugin v27.5 - https:\/\/yoast.com\/product\/yoast-seo-wordpress\/ -->\n<title>Buy Pok\u00e9mon - Mega Evolution - Perfect Order (ME03) - Elite Trainer Box<\/title>\n<meta name=\"description\" content=\"Shop Pok\u00e9mon - Mega Evolution - Perfect Order (ME03) - Elite Trainer Box online at great prices now! Your #1 TCG &amp; Pok\u00e9mon card shop in Switzerland \u2713 Free shipping from CHF 29\" \/>\n<meta name=\"robots\" content=\"index, follow, max-snippet:-1, max-image-preview:large, max-video-preview:-1\" \/>\n<link rel=\"canonical\" href=\"https:\/\/theuncommonshop.ch\/en\/product\/pokemon-mega-evolution-perfect-order-me03-elite-trainer-box-3\/\" \/>\n<meta property=\"og:locale\" content=\"en_US\" \/>\n<meta property=\"og:type\" content=\"article\" \/>\n<meta property=\"og:title\" content=\"Buy Pok\u00e9mon - Mega Evolution - Perfect Order (ME03) - Elite Trainer Box\" \/>\n<meta property=\"og:description\" content=\"Shop Pok\u00e9mon - Mega Evolution - Perfect Order (ME03) - Elite Trainer Box online at great prices now! Your #1 TCG &amp; Pok\u00e9mon card shop in Switzerland \u2713 Free shipping from CHF 29\" \/>\n<meta property=\"og:url\" content=\"https:\/\/theuncommonshop.ch\/en\/product\/pokemon-mega-evolution-perfect-order-me03-elite-trainer-box-3\/\" \/>\n<meta property=\"og:site_name\" content=\"The Uncommon Shop\" \/>\n<meta property=\"article:modified_time\" content=\"2026-04-14T09:01:08+00:00\" \/>\n<meta property=\"og:image\" content=\"https:\/\/theuncommonshop.ch\/wp-content\/uploads\/2025\/12\/2113637_L_1.webp\" \/>\n\t<meta property=\"og:image:width\" content=\"700\" \/>\n\t<meta property=\"og:image:height\" content=\"667\" \/>\n\t<meta property=\"og:image:type\" content=\"image\/webp\" \/>\n<meta name=\"twitter:card\" content=\"summary_large_image\" \/>\n<meta name=\"twitter:label1\" content=\"Availability\" \/>\n\t<meta name=\"twitter:data1\" content=\"In stock\" \/>\n<script type=\"application\/ld+json\" class=\"yoast-schema-graph\">{\"@context\":\"https:\\\/\\\/schema.org\",\"@graph\":[{\"@type\":\"WebPage\",\"@id\":\"https:\\\/\\\/theuncommonshop.ch\\\/en\\\/product\\\/pokemon-mega-evolution-perfect-order-me03-elite-trainer-box-3\\\/\",\"url\":\"https:\\\/\\\/theuncommonshop.ch\\\/en\\\/product\\\/pokemon-mega-evolution-perfect-order-me03-elite-trainer-box-3\\\/\",\"name\":\"Buy Pok\u00e9mon - Mega Evolution - Perfect Order (ME03) - Elite Trainer Box\",\"isPartOf\":{\"@id\":\"https:\\\/\\\/theuncommonshop.ch\\\/en\\\/#website\"},\"primaryImageOfPage\":{\"@id\":\"https:\\\/\\\/theuncommonshop.ch\\\/en\\\/product\\\/pokemon-mega-evolution-perfect-order-me03-elite-trainer-box-3\\\/#primaryimage\"},\"image\":{\"@id\":\"https:\\\/\\\/theuncommonshop.ch\\\/en\\\/product\\\/pokemon-mega-evolution-perfect-order-me03-elite-trainer-box-3\\\/#primaryimage\"},\"thumbnailUrl\":\"https:\\\/\\\/theuncommonshop.ch\\\/wp-content\\\/uploads\\\/2025\\\/12\\\/2113637_L_1.webp\",\"datePublished\":\"2025-12-31T12:16:00+00:00\",\"dateModified\":\"2026-04-14T09:01:08+00:00\",\"description\":\"Shop Pok\u00e9mon - Mega Evolution - Perfect Order (ME03) - Elite Trainer Box online at great prices now! Your #1 TCG & Pok\u00e9mon card shop in Switzerland \u2713 Free shipping from CHF 29\",\"breadcrumb\":{\"@id\":\"https:\\\/\\\/theuncommonshop.ch\\\/en\\\/product\\\/pokemon-mega-evolution-perfect-order-me03-elite-trainer-box-3\\\/#breadcrumb\"},\"inLanguage\":\"en-US\",\"potentialAction\":[{\"@type\":\"ReadAction\",\"target\":[\"https:\\\/\\\/theuncommonshop.ch\\\/en\\\/product\\\/pokemon-mega-evolution-perfect-order-me03-elite-trainer-box-3\\\/\"]}]},{\"@type\":\"ImageObject\",\"inLanguage\":\"en-US\",\"@id\":\"https:\\\/\\\/theuncommonshop.ch\\\/en\\\/product\\\/pokemon-mega-evolution-perfect-order-me03-elite-trainer-box-3\\\/#primaryimage\",\"url\":\"https:\\\/\\\/theuncommonshop.ch\\\/wp-content\\\/uploads\\\/2025\\\/12\\\/2113637_L_1.webp\",\"contentUrl\":\"https:\\\/\\\/theuncommonshop.ch\\\/wp-content\\\/uploads\\\/2025\\\/12\\\/2113637_L_1.webp\",\"width\":700,\"height\":667},{\"@type\":\"BreadcrumbList\",\"@id\":\"https:\\\/\\\/theuncommonshop.ch\\\/en\\\/product\\\/pokemon-mega-evolution-perfect-order-me03-elite-trainer-box-3\\\/#breadcrumb\",\"itemListElement\":[{\"@type\":\"ListItem\",\"position\":1,\"name\":\"Home\",\"item\":\"https:\\\/\\\/theuncommonshop.ch\\\/en\\\/home\\\/\"},{\"@type\":\"ListItem\",\"position\":2,\"name\":\"Store\",\"item\":\"https:\\\/\\\/theuncommonshop.ch\\\/en\\\/store\\\/\"},{\"@type\":\"ListItem\",\"position\":3,\"name\":\"Pok\u00e9mon\",\"item\":\"https:\\\/\\\/theuncommonshop.ch\\\/en\\\/product-category\\\/pokemon-en\\\/\"},{\"@type\":\"ListItem\",\"position\":4,\"name\":\"Products by Sets\",\"item\":\"https:\\\/\\\/theuncommonshop.ch\\\/en\\\/product-category\\\/pokemon-en\\\/products-by-sets\\\/\"},{\"@type\":\"ListItem\",\"position\":5,\"name\":\"Mega Evolution\",\"item\":\"https:\\\/\\\/theuncommonshop.ch\\\/en\\\/product-category\\\/pokemon-en\\\/products-by-sets\\\/mega-evolution\\\/\"},{\"@type\":\"ListItem\",\"position\":6,\"name\":\"ME03 Perfect Order\",\"item\":\"https:\\\/\\\/theuncommonshop.ch\\\/en\\\/product-category\\\/pokemon-en\\\/products-by-sets\\\/mega-evolution\\\/me03-perfect-order\\\/\"},{\"@type\":\"ListItem\",\"position\":7,\"name\":\"Pok\u00e9mon &#8211; Mega Evolution &#8211; Perfect Order (ME03) &#8211; Elite Trainer Box\"}]},{\"@type\":\"WebSite\",\"@id\":\"https:\\\/\\\/theuncommonshop.ch\\\/en\\\/#website\",\"url\":\"https:\\\/\\\/theuncommonshop.ch\\\/en\\\/\",\"name\":\"The Uncommon Shop\",\"description\":\"Magic, Pok\u00e9mon and Yu-gi-oh - The Uncommon Shop\",\"potentialAction\":[{\"@type\":\"SearchAction\",\"target\":{\"@type\":\"EntryPoint\",\"urlTemplate\":\"https:\\\/\\\/theuncommonshop.ch\\\/en\\\/?s={search_term_string}\"},\"query-input\":{\"@type\":\"PropertyValueSpecification\",\"valueRequired\":true,\"valueName\":\"search_term_string\"}}],\"inLanguage\":\"en-US\"}]}<\/script>\n<meta property=\"og:availability\" content=\"instock\" \/>\n<meta property=\"product:availability\" content=\"instock\" \/>\n<meta property=\"product:condition\" content=\"new\" \/>\n<!-- \/ Yoast SEO plugin. -->","yoast_head_json":{"title":"Buy Pok\u00e9mon - Mega Evolution - Perfect Order (ME03) - Elite Trainer Box","description":"Shop Pok\u00e9mon - Mega Evolution - Perfect Order (ME03) - Elite Trainer Box online at great prices now! Your #1 TCG & Pok\u00e9mon card shop in Switzerland \u2713 Free shipping from CHF 29","robots":{"index":"index","follow":"follow","max-snippet":"max-snippet:-1","max-image-preview":"max-image-preview:large","max-video-preview":"max-video-preview:-1"},"canonical":"https:\/\/theuncommonshop.ch\/en\/product\/pokemon-mega-evolution-perfect-order-me03-elite-trainer-box-3\/","og_locale":"en_US","og_type":"article","og_title":"Buy Pok\u00e9mon - Mega Evolution - Perfect Order (ME03) - Elite Trainer Box","og_description":"Shop Pok\u00e9mon - Mega Evolution - Perfect Order (ME03) - Elite Trainer Box online at great prices now! Your #1 TCG & Pok\u00e9mon card shop in Switzerland \u2713 Free shipping from CHF 29","og_url":"https:\/\/theuncommonshop.ch\/en\/product\/pokemon-mega-evolution-perfect-order-me03-elite-trainer-box-3\/","og_site_name":"The Uncommon Shop","article_modified_time":"2026-04-14T09:01:08+00:00","og_image":[{"width":700,"height":667,"url":"https:\/\/theuncommonshop.ch\/wp-content\/uploads\/2025\/12\/2113637_L_1.webp","type":"image\/webp"}],"twitter_card":"summary_large_image","twitter_misc":{"Availability":"In stock"},"schema":{"@context":"https:\/\/schema.org","@graph":[{"@type":"WebPage","@id":"https:\/\/theuncommonshop.ch\/en\/product\/pokemon-mega-evolution-perfect-order-me03-elite-trainer-box-3\/","url":"https:\/\/theuncommonshop.ch\/en\/product\/pokemon-mega-evolution-perfect-order-me03-elite-trainer-box-3\/","name":"Buy Pok\u00e9mon - Mega Evolution - Perfect Order (ME03) - Elite Trainer Box","isPartOf":{"@id":"https:\/\/theuncommonshop.ch\/en\/#website"},"primaryImageOfPage":{"@id":"https:\/\/theuncommonshop.ch\/en\/product\/pokemon-mega-evolution-perfect-order-me03-elite-trainer-box-3\/#primaryimage"},"image":{"@id":"https:\/\/theuncommonshop.ch\/en\/product\/pokemon-mega-evolution-perfect-order-me03-elite-trainer-box-3\/#primaryimage"},"thumbnailUrl":"https:\/\/theuncommonshop.ch\/wp-content\/uploads\/2025\/12\/2113637_L_1.webp","datePublished":"2025-12-31T12:16:00+00:00","dateModified":"2026-04-14T09:01:08+00:00","description":"Shop Pok\u00e9mon - Mega Evolution - Perfect Order (ME03) - Elite Trainer Box online at great prices now! Your #1 TCG & Pok\u00e9mon card shop in Switzerland \u2713 Free shipping from CHF 29","breadcrumb":{"@id":"https:\/\/theuncommonshop.ch\/en\/product\/pokemon-mega-evolution-perfect-order-me03-elite-trainer-box-3\/#breadcrumb"},"inLanguage":"en-US","potentialAction":[{"@type":"ReadAction","target":["https:\/\/theuncommonshop.ch\/en\/product\/pokemon-mega-evolution-perfect-order-me03-elite-trainer-box-3\/"]}]},{"@type":"ImageObject","inLanguage":"en-US","@id":"https:\/\/theuncommonshop.ch\/en\/product\/pokemon-mega-evolution-perfect-order-me03-elite-trainer-box-3\/#primaryimage","url":"https:\/\/theuncommonshop.ch\/wp-content\/uploads\/2025\/12\/2113637_L_1.webp","contentUrl":"https:\/\/theuncommonshop.ch\/wp-content\/uploads\/2025\/12\/2113637_L_1.webp","width":700,"height":667},{"@type":"BreadcrumbList","@id":"https:\/\/theuncommonshop.ch\/en\/product\/pokemon-mega-evolution-perfect-order-me03-elite-trainer-box-3\/#breadcrumb","itemListElement":[{"@type":"ListItem","position":1,"name":"Home","item":"https:\/\/theuncommonshop.ch\/en\/home\/"},{"@type":"ListItem","position":2,"name":"Store","item":"https:\/\/theuncommonshop.ch\/en\/store\/"},{"@type":"ListItem","position":3,"name":"Pok\u00e9mon","item":"https:\/\/theuncommonshop.ch\/en\/product-category\/pokemon-en\/"},{"@type":"ListItem","position":4,"name":"Products by Sets","item":"https:\/\/theuncommonshop.ch\/en\/product-category\/pokemon-en\/products-by-sets\/"},{"@type":"ListItem","position":5,"name":"Mega Evolution","item":"https:\/\/theuncommonshop.ch\/en\/product-category\/pokemon-en\/products-by-sets\/mega-evolution\/"},{"@type":"ListItem","position":6,"name":"ME03 Perfect Order","item":"https:\/\/theuncommonshop.ch\/en\/product-category\/pokemon-en\/products-by-sets\/mega-evolution\/me03-perfect-order\/"},{"@type":"ListItem","position":7,"name":"Pok\u00e9mon &#8211; Mega Evolution &#8211; Perfect Order (ME03) &#8211; Elite Trainer Box"}]},{"@type":"WebSite","@id":"https:\/\/theuncommonshop.ch\/en\/#website","url":"https:\/\/theuncommonshop.ch\/en\/","name":"The Uncommon Shop","description":"Magic, Pok\u00e9mon and Yu-gi-oh - The Uncommon Shop","potentialAction":[{"@type":"SearchAction","target":{"@type":"EntryPoint","urlTemplate":"https:\/\/theuncommonshop.ch\/en\/?s={search_term_string}"},"query-input":{"@type":"PropertyValueSpecification","valueRequired":true,"valueName":"search_term_string"}}],"inLanguage":"en-US"}]},"og_availability":"instock","product_availability":"instock","product_condition":"new"},"_links":{"self":[{"href":"https:\/\/theuncommonshop.ch\/en\/wp-json\/wp\/v2\/product\/309895","targetHints":{"allow":["GET"]}}],"collection":[{"href":"https:\/\/theuncommonshop.ch\/en\/wp-json\/wp\/v2\/product"}],"about":[{"href":"https:\/\/theuncommonshop.ch\/en\/wp-json\/wp\/v2\/types\/product"}],"replies":[{"embeddable":true,"href":"https:\/\/theuncommonshop.ch\/en\/wp-json\/wp\/v2\/comments?post=309895"}],"version-history":[{"count":0,"href":"https:\/\/theuncommonshop.ch\/en\/wp-json\/wp\/v2\/product\/309895\/revisions"}],"wp:featuredmedia":[{"embeddable":true,"href":"https:\/\/theuncommonshop.ch\/en\/wp-json\/wp\/v2\/media\/297133"}],"wp:attachment":[{"href":"https:\/\/theuncommonshop.ch\/en\/wp-json\/wp\/v2\/media?parent=309895"}],"wp:term":[{"taxonomy":"product_brand","embeddable":true,"href":"https:\/\/theuncommonshop.ch\/en\/wp-json\/wp\/v2\/product_brand?post=309895"},{"taxonomy":"product_cat","embeddable":true,"href":"https:\/\/theuncommonshop.ch\/en\/wp-json\/wp\/v2\/product_cat?post=309895"},{"taxonomy":"product_tag","embeddable":true,"href":"https:\/\/theuncommonshop.ch\/en\/wp-json\/wp\/v2\/product_tag?post=309895"}],"curies":[{"name":"wp","href":"https:\/\/api.w.org\/{rel}","templated":true}]}}