{"id":309706,"date":"2026-01-21T09:55:00","date_gmt":"2026-01-21T08:55:00","guid":{"rendered":"http:\/\/theuncommonshop.ch\/produkt\/309706\/"},"modified":"2026-03-26T13:21:05","modified_gmt":"2026-03-26T12:21:05","slug":"ultra-pro-9-pocket-pro-binder-pokeball-3","status":"publish","type":"product","link":"https:\/\/theuncommonshop.ch\/en\/product\/ultra-pro-9-pocket-pro-binder-pokeball-3\/","title":{"rendered":"Ultra Pro &#8211; 9-Pocket Pro Binder &#8211; Pok\u00e9ball"},"content":{"rendered":"<p><strong>Ultra Pro Pokemon Pro Binder Poke Ball (9-Pocket)<\/strong><\/p>\n<p>High-quality Pokemon scrapbook in an exclusive Poke Ball design for real Pokemon fans!<\/p>\n<p>The Ultra Pro Binders are trading albums for your trading cards that offer an exclusive look and other high-quality functions. They contain 20 pages, each with 18 slots for your cards (9 per page) and therefore hold 360 cards (more for multiple cards). The cards are inserted from the side, which prevents them from falling out during transportation. An elastic band ensures that the album is securely closed. Pro Binders are of a much higher quality than normal binders! You can find many more exclusive Pokemon accessories for your cards and collections in our online store. Ultra Pro Pokemon Pro-Binder Pikachu (large, 9-pocket) is just one of many products from our range of trading card accessories. We also offer a wide range of other items such as deck boxes, card sleeves and much more.       <\/p>\n<p>All this, of course, at the usual low prices and with fast shipping. So you can store your card collection perfectly and protect your decks and most valuable cards! <\/p>\n","protected":false},"excerpt":{"rendered":"<p>Ultra Pro Pokemon Pro Binder Poke Ball (9-Pocket) High-quality Pokemon scrapbook in an exclusive Poke Ball design for real Pokemon<\/p>\n","protected":false},"featured_media":48542,"comment_status":"open","ping_status":"closed","template":"","meta":{"_acf_changed":false},"product_brand":[5073,5099],"product_cat":[10030,9862,9776,9832,10316,9858],"product_tag":[],"class_list":{"0":"post-309706","1":"product","2":"type-product","3":"status-publish","4":"has-post-thumbnail","6":"product_brand-the-pokemon-company","7":"product_brand-ultra-pro","8":"product_cat-all-binders","9":"product_cat-binder-en","10":"product_cat-pokemon-en","11":"product_cat-pokemon-card-accessories","12":"product_cat-pokemon-binder-en","13":"product_cat-tcg-accessories","15":"first","16":"outofstock","17":"taxable","18":"shipping-taxable","19":"purchasable","20":"product-type-simple"},"acf":[],"yoast_head":"<!-- This site is optimized with the Yoast SEO plugin v27.5 - https:\/\/yoast.com\/product\/yoast-seo-wordpress\/ -->\n<title>Buy Ultra Pro - 9-Pocket Pro Binder - Pok\u00e9ball<\/title>\n<meta name=\"description\" content=\"Shop Ultra Pro - 9-Pocket Pro Binder - Pok\u00e9ball online at great prices now! Your #1 TCG &amp; Pok\u00e9mon card shop in Switzerland \u2713 Free shipping from CHF 29\" \/>\n<meta name=\"robots\" content=\"index, follow, max-snippet:-1, max-image-preview:large, max-video-preview:-1\" \/>\n<link rel=\"canonical\" href=\"https:\/\/theuncommonshop.ch\/en\/product\/ultra-pro-9-pocket-pro-binder-pokeball-3\/\" \/>\n<meta property=\"og:locale\" content=\"en_US\" \/>\n<meta property=\"og:type\" content=\"article\" \/>\n<meta property=\"og:title\" content=\"Buy Ultra Pro - 9-Pocket Pro Binder - Pok\u00e9ball\" \/>\n<meta property=\"og:description\" content=\"Shop Ultra Pro - 9-Pocket Pro Binder - Pok\u00e9ball online at great prices now! Your #1 TCG &amp; Pok\u00e9mon card shop in Switzerland \u2713 Free shipping from CHF 29\" \/>\n<meta property=\"og:url\" content=\"https:\/\/theuncommonshop.ch\/en\/product\/ultra-pro-9-pocket-pro-binder-pokeball-3\/\" \/>\n<meta property=\"og:site_name\" content=\"The Uncommon Shop\" \/>\n<meta property=\"article:modified_time\" content=\"2026-03-26T12:21:05+00:00\" \/>\n<meta property=\"og:image\" content=\"https:\/\/theuncommonshop.ch\/wp-content\/uploads\/2025\/06\/1696292796.jpg\" \/>\n\t<meta property=\"og:image:width\" content=\"458\" \/>\n\t<meta property=\"og:image:height\" content=\"458\" \/>\n\t<meta property=\"og:image:type\" content=\"image\/jpeg\" \/>\n<meta name=\"twitter:card\" content=\"summary_large_image\" \/>\n<meta name=\"twitter:label1\" content=\"Price\" \/>\n\t<meta name=\"twitter:data1\" content=\"&#067;&#072;&#070;&nbsp;27.95\" \/>\n\t<meta name=\"twitter:label2\" content=\"Availability\" \/>\n\t<meta name=\"twitter:data2\" content=\"Out of stock\" \/>\n<script type=\"application\/ld+json\" class=\"yoast-schema-graph\">{\"@context\":\"https:\\\/\\\/schema.org\",\"@graph\":[{\"@type\":\"WebPage\",\"@id\":\"https:\\\/\\\/theuncommonshop.ch\\\/en\\\/product\\\/ultra-pro-9-pocket-pro-binder-pokeball-3\\\/\",\"url\":\"https:\\\/\\\/theuncommonshop.ch\\\/en\\\/product\\\/ultra-pro-9-pocket-pro-binder-pokeball-3\\\/\",\"name\":\"Buy Ultra Pro - 9-Pocket Pro Binder - Pok\u00e9ball\",\"isPartOf\":{\"@id\":\"https:\\\/\\\/theuncommonshop.ch\\\/en\\\/#website\"},\"primaryImageOfPage\":{\"@id\":\"https:\\\/\\\/theuncommonshop.ch\\\/en\\\/product\\\/ultra-pro-9-pocket-pro-binder-pokeball-3\\\/#primaryimage\"},\"image\":{\"@id\":\"https:\\\/\\\/theuncommonshop.ch\\\/en\\\/product\\\/ultra-pro-9-pocket-pro-binder-pokeball-3\\\/#primaryimage\"},\"thumbnailUrl\":\"https:\\\/\\\/theuncommonshop.ch\\\/wp-content\\\/uploads\\\/2025\\\/06\\\/1696292796.jpg\",\"datePublished\":\"2026-01-21T08:55:00+00:00\",\"dateModified\":\"2026-03-26T12:21:05+00:00\",\"description\":\"Shop Ultra Pro - 9-Pocket Pro Binder - Pok\u00e9ball online at great prices now! Your #1 TCG & Pok\u00e9mon card shop in Switzerland \u2713 Free shipping from CHF 29\",\"breadcrumb\":{\"@id\":\"https:\\\/\\\/theuncommonshop.ch\\\/en\\\/product\\\/ultra-pro-9-pocket-pro-binder-pokeball-3\\\/#breadcrumb\"},\"inLanguage\":\"en-US\",\"potentialAction\":[{\"@type\":\"ReadAction\",\"target\":[\"https:\\\/\\\/theuncommonshop.ch\\\/en\\\/product\\\/ultra-pro-9-pocket-pro-binder-pokeball-3\\\/\"]}]},{\"@type\":\"ImageObject\",\"inLanguage\":\"en-US\",\"@id\":\"https:\\\/\\\/theuncommonshop.ch\\\/en\\\/product\\\/ultra-pro-9-pocket-pro-binder-pokeball-3\\\/#primaryimage\",\"url\":\"https:\\\/\\\/theuncommonshop.ch\\\/wp-content\\\/uploads\\\/2025\\\/06\\\/1696292796.jpg\",\"contentUrl\":\"https:\\\/\\\/theuncommonshop.ch\\\/wp-content\\\/uploads\\\/2025\\\/06\\\/1696292796.jpg\",\"width\":458,\"height\":458},{\"@type\":\"BreadcrumbList\",\"@id\":\"https:\\\/\\\/theuncommonshop.ch\\\/en\\\/product\\\/ultra-pro-9-pocket-pro-binder-pokeball-3\\\/#breadcrumb\",\"itemListElement\":[{\"@type\":\"ListItem\",\"position\":1,\"name\":\"Home\",\"item\":\"https:\\\/\\\/theuncommonshop.ch\\\/en\\\/home\\\/\"},{\"@type\":\"ListItem\",\"position\":2,\"name\":\"Store\",\"item\":\"https:\\\/\\\/theuncommonshop.ch\\\/en\\\/store\\\/\"},{\"@type\":\"ListItem\",\"position\":3,\"name\":\"TCG Accessories\",\"item\":\"https:\\\/\\\/theuncommonshop.ch\\\/en\\\/product-category\\\/tcg-accessories\\\/\"},{\"@type\":\"ListItem\",\"position\":4,\"name\":\"Binder\",\"item\":\"https:\\\/\\\/theuncommonshop.ch\\\/en\\\/product-category\\\/tcg-accessories\\\/binder-en\\\/\"},{\"@type\":\"ListItem\",\"position\":5,\"name\":\"All binders\",\"item\":\"https:\\\/\\\/theuncommonshop.ch\\\/en\\\/product-category\\\/tcg-accessories\\\/binder-en\\\/all-binders\\\/\"},{\"@type\":\"ListItem\",\"position\":6,\"name\":\"Ultra Pro &#8211; 9-Pocket Pro Binder &#8211; Pok\u00e9ball\"}]},{\"@type\":\"WebSite\",\"@id\":\"https:\\\/\\\/theuncommonshop.ch\\\/en\\\/#website\",\"url\":\"https:\\\/\\\/theuncommonshop.ch\\\/en\\\/\",\"name\":\"The Uncommon Shop\",\"description\":\"Magic, Pok\u00e9mon and Yu-gi-oh - The Uncommon Shop\",\"potentialAction\":[{\"@type\":\"SearchAction\",\"target\":{\"@type\":\"EntryPoint\",\"urlTemplate\":\"https:\\\/\\\/theuncommonshop.ch\\\/en\\\/?s={search_term_string}\"},\"query-input\":{\"@type\":\"PropertyValueSpecification\",\"valueRequired\":true,\"valueName\":\"search_term_string\"}}],\"inLanguage\":\"en-US\"}]}<\/script>\n<meta property=\"product:price:amount\" content=\"27.95\" \/>\n<meta property=\"product:price:currency\" content=\"CHF\" \/>\n<meta property=\"og:availability\" content=\"out of stock\" \/>\n<meta property=\"product:availability\" content=\"out of stock\" \/>\n<meta property=\"product:retailer_item_id\" content=\"ZU.VI.H.UP.NinePocketProBin.Pokeball\" \/>\n<meta property=\"product:condition\" content=\"new\" \/>\n<!-- \/ Yoast SEO plugin. -->","yoast_head_json":{"title":"Buy Ultra Pro - 9-Pocket Pro Binder - Pok\u00e9ball","description":"Shop Ultra Pro - 9-Pocket Pro Binder - Pok\u00e9ball online at great prices now! Your #1 TCG & Pok\u00e9mon card shop in Switzerland \u2713 Free shipping from CHF 29","robots":{"index":"index","follow":"follow","max-snippet":"max-snippet:-1","max-image-preview":"max-image-preview:large","max-video-preview":"max-video-preview:-1"},"canonical":"https:\/\/theuncommonshop.ch\/en\/product\/ultra-pro-9-pocket-pro-binder-pokeball-3\/","og_locale":"en_US","og_type":"article","og_title":"Buy Ultra Pro - 9-Pocket Pro Binder - Pok\u00e9ball","og_description":"Shop Ultra Pro - 9-Pocket Pro Binder - Pok\u00e9ball online at great prices now! Your #1 TCG & Pok\u00e9mon card shop in Switzerland \u2713 Free shipping from CHF 29","og_url":"https:\/\/theuncommonshop.ch\/en\/product\/ultra-pro-9-pocket-pro-binder-pokeball-3\/","og_site_name":"The Uncommon Shop","article_modified_time":"2026-03-26T12:21:05+00:00","og_image":[{"width":458,"height":458,"url":"https:\/\/theuncommonshop.ch\/wp-content\/uploads\/2025\/06\/1696292796.jpg","type":"image\/jpeg"}],"twitter_card":"summary_large_image","twitter_misc":{"Price":"&#67;&#72;&#70;&nbsp;27.95","Availability":"Out of stock"},"schema":{"@context":"https:\/\/schema.org","@graph":[{"@type":"WebPage","@id":"https:\/\/theuncommonshop.ch\/en\/product\/ultra-pro-9-pocket-pro-binder-pokeball-3\/","url":"https:\/\/theuncommonshop.ch\/en\/product\/ultra-pro-9-pocket-pro-binder-pokeball-3\/","name":"Buy Ultra Pro - 9-Pocket Pro Binder - Pok\u00e9ball","isPartOf":{"@id":"https:\/\/theuncommonshop.ch\/en\/#website"},"primaryImageOfPage":{"@id":"https:\/\/theuncommonshop.ch\/en\/product\/ultra-pro-9-pocket-pro-binder-pokeball-3\/#primaryimage"},"image":{"@id":"https:\/\/theuncommonshop.ch\/en\/product\/ultra-pro-9-pocket-pro-binder-pokeball-3\/#primaryimage"},"thumbnailUrl":"https:\/\/theuncommonshop.ch\/wp-content\/uploads\/2025\/06\/1696292796.jpg","datePublished":"2026-01-21T08:55:00+00:00","dateModified":"2026-03-26T12:21:05+00:00","description":"Shop Ultra Pro - 9-Pocket Pro Binder - Pok\u00e9ball online at great prices now! Your #1 TCG & Pok\u00e9mon card shop in Switzerland \u2713 Free shipping from CHF 29","breadcrumb":{"@id":"https:\/\/theuncommonshop.ch\/en\/product\/ultra-pro-9-pocket-pro-binder-pokeball-3\/#breadcrumb"},"inLanguage":"en-US","potentialAction":[{"@type":"ReadAction","target":["https:\/\/theuncommonshop.ch\/en\/product\/ultra-pro-9-pocket-pro-binder-pokeball-3\/"]}]},{"@type":"ImageObject","inLanguage":"en-US","@id":"https:\/\/theuncommonshop.ch\/en\/product\/ultra-pro-9-pocket-pro-binder-pokeball-3\/#primaryimage","url":"https:\/\/theuncommonshop.ch\/wp-content\/uploads\/2025\/06\/1696292796.jpg","contentUrl":"https:\/\/theuncommonshop.ch\/wp-content\/uploads\/2025\/06\/1696292796.jpg","width":458,"height":458},{"@type":"BreadcrumbList","@id":"https:\/\/theuncommonshop.ch\/en\/product\/ultra-pro-9-pocket-pro-binder-pokeball-3\/#breadcrumb","itemListElement":[{"@type":"ListItem","position":1,"name":"Home","item":"https:\/\/theuncommonshop.ch\/en\/home\/"},{"@type":"ListItem","position":2,"name":"Store","item":"https:\/\/theuncommonshop.ch\/en\/store\/"},{"@type":"ListItem","position":3,"name":"TCG Accessories","item":"https:\/\/theuncommonshop.ch\/en\/product-category\/tcg-accessories\/"},{"@type":"ListItem","position":4,"name":"Binder","item":"https:\/\/theuncommonshop.ch\/en\/product-category\/tcg-accessories\/binder-en\/"},{"@type":"ListItem","position":5,"name":"All binders","item":"https:\/\/theuncommonshop.ch\/en\/product-category\/tcg-accessories\/binder-en\/all-binders\/"},{"@type":"ListItem","position":6,"name":"Ultra Pro &#8211; 9-Pocket Pro Binder &#8211; Pok\u00e9ball"}]},{"@type":"WebSite","@id":"https:\/\/theuncommonshop.ch\/en\/#website","url":"https:\/\/theuncommonshop.ch\/en\/","name":"The Uncommon Shop","description":"Magic, Pok\u00e9mon and Yu-gi-oh - The Uncommon Shop","potentialAction":[{"@type":"SearchAction","target":{"@type":"EntryPoint","urlTemplate":"https:\/\/theuncommonshop.ch\/en\/?s={search_term_string}"},"query-input":{"@type":"PropertyValueSpecification","valueRequired":true,"valueName":"search_term_string"}}],"inLanguage":"en-US"}]},"product_price_amount":"27.95","product_price_currency":"CHF","og_availability":"out of stock","product_availability":"out of stock","product_retailer_item_id":"ZU.VI.H.UP.NinePocketProBin.Pokeball","product_condition":"new"},"_links":{"self":[{"href":"https:\/\/theuncommonshop.ch\/en\/wp-json\/wp\/v2\/product\/309706","targetHints":{"allow":["GET"]}}],"collection":[{"href":"https:\/\/theuncommonshop.ch\/en\/wp-json\/wp\/v2\/product"}],"about":[{"href":"https:\/\/theuncommonshop.ch\/en\/wp-json\/wp\/v2\/types\/product"}],"replies":[{"embeddable":true,"href":"https:\/\/theuncommonshop.ch\/en\/wp-json\/wp\/v2\/comments?post=309706"}],"version-history":[{"count":0,"href":"https:\/\/theuncommonshop.ch\/en\/wp-json\/wp\/v2\/product\/309706\/revisions"}],"wp:featuredmedia":[{"embeddable":true,"href":"https:\/\/theuncommonshop.ch\/en\/wp-json\/wp\/v2\/media\/48542"}],"wp:attachment":[{"href":"https:\/\/theuncommonshop.ch\/en\/wp-json\/wp\/v2\/media?parent=309706"}],"wp:term":[{"taxonomy":"product_brand","embeddable":true,"href":"https:\/\/theuncommonshop.ch\/en\/wp-json\/wp\/v2\/product_brand?post=309706"},{"taxonomy":"product_cat","embeddable":true,"href":"https:\/\/theuncommonshop.ch\/en\/wp-json\/wp\/v2\/product_cat?post=309706"},{"taxonomy":"product_tag","embeddable":true,"href":"https:\/\/theuncommonshop.ch\/en\/wp-json\/wp\/v2\/product_tag?post=309706"}],"curies":[{"name":"wp","href":"https:\/\/api.w.org\/{rel}","templated":true}]}}