{"id":309651,"date":"2025-12-31T12:36:00","date_gmt":"2025-12-31T11:36:00","guid":{"rendered":"http:\/\/theuncommonshop.ch\/produkt\/309651\/"},"modified":"2026-04-01T16:26:11","modified_gmt":"2026-04-01T14:26:11","slug":"pokemon-mega-evolution-phantasmal-flames-me02-booster-pack-2","status":"publish","type":"product","link":"https:\/\/theuncommonshop.ch\/en\/product\/pokemon-mega-evolution-phantasmal-flames-me02-booster-pack-2\/","title":{"rendered":"Pok\u00e9mon &#8211; Mega Evolution &#8211; Phantasmal Flames (ME02) &#8211; Booster Pack"},"content":{"rendered":"<p>Blue flames flicker across a dark battlefield as Mega Charizard X ex rises up and looks down on its opponents! With a chill that rivals the heat, the shadowy form of Mega Gengar ex slowly emerges, and both Pok\u00e9mon prepare to attack. Determined to put their skills to the test, Mega Heracross ex, Mega Lopunny ex and more Pok\u00e9mon line up to battle in the Pok\u00e9mon Trading Card Game: Mega Evolution &#8211; Fatale Flammen!  <\/p>\n","protected":false},"excerpt":{"rendered":"<p>Blue flames flicker across a dark battlefield as Mega Charizard X ex rises up and looks down on its opponents!<\/p>\n","protected":false},"featured_media":275320,"comment_status":"open","ping_status":"closed","template":"","meta":{"_acf_changed":false},"product_brand":[5073],"product_cat":[9806,10056,10146,9776],"product_tag":[],"class_list":{"0":"post-309651","1":"product","2":"type-product","3":"status-publish","4":"has-post-thumbnail","6":"product_brand-the-pokemon-company","7":"product_cat-booster-packs-pokemon","8":"product_cat-booster-packs-international-en","9":"product_cat-me02-phantasmal-flames-en","10":"product_cat-pokemon-en","12":"first","13":"instock","14":"taxable","15":"shipping-taxable","16":"purchasable","17":"product-type-variable"},"acf":[],"yoast_head":"<!-- This site is optimized with the Yoast SEO plugin v27.4 - https:\/\/yoast.com\/product\/yoast-seo-wordpress\/ -->\n<title>Buy Pok\u00e9mon - Mega Evolution - Phantasmal Flames (ME02) - Booster Pack<\/title>\n<meta name=\"description\" content=\"Shop Pok\u00e9mon - Mega Evolution - Phantasmal Flames (ME02) - Booster Pack online at great prices now! Your #1 TCG &amp; Pok\u00e9mon card shop in Switzerland \u2713 Free shipping from CHF 29\" \/>\n<meta name=\"robots\" content=\"index, follow, max-snippet:-1, max-image-preview:large, max-video-preview:-1\" \/>\n<link rel=\"canonical\" href=\"https:\/\/theuncommonshop.ch\/en\/product\/pokemon-mega-evolution-phantasmal-flames-me02-booster-pack-2\/\" \/>\n<meta property=\"og:locale\" content=\"en_US\" \/>\n<meta property=\"og:type\" content=\"article\" \/>\n<meta property=\"og:title\" content=\"Buy Pok\u00e9mon - Mega Evolution - Phantasmal Flames (ME02) - Booster Pack\" \/>\n<meta property=\"og:description\" content=\"Shop Pok\u00e9mon - Mega Evolution - Phantasmal Flames (ME02) - Booster Pack online at great prices now! Your #1 TCG &amp; Pok\u00e9mon card shop in Switzerland \u2713 Free shipping from CHF 29\" \/>\n<meta property=\"og:url\" content=\"https:\/\/theuncommonshop.ch\/en\/product\/pokemon-mega-evolution-phantasmal-flames-me02-booster-pack-2\/\" \/>\n<meta property=\"og:site_name\" content=\"Largest trading card shop in Switzerland\" \/>\n<meta property=\"article:modified_time\" content=\"2026-04-01T14:26:11+00:00\" \/>\n<meta property=\"og:image\" content=\"https:\/\/theuncommonshop.ch\/wp-content\/uploads\/2025\/12\/5150120852.jpg\" \/>\n\t<meta property=\"og:image:width\" content=\"780\" \/>\n\t<meta property=\"og:image:height\" content=\"1426\" \/>\n\t<meta property=\"og:image:type\" content=\"image\/jpeg\" \/>\n<meta name=\"twitter:card\" content=\"summary_large_image\" \/>\n<meta name=\"twitter:label1\" content=\"Availability\" \/>\n\t<meta name=\"twitter:data1\" content=\"In stock\" \/>\n<script type=\"application\/ld+json\" class=\"yoast-schema-graph\">{\"@context\":\"https:\\\/\\\/schema.org\",\"@graph\":[{\"@type\":\"WebPage\",\"@id\":\"https:\\\/\\\/theuncommonshop.ch\\\/en\\\/product\\\/pokemon-mega-evolution-phantasmal-flames-me02-booster-pack-2\\\/\",\"url\":\"https:\\\/\\\/theuncommonshop.ch\\\/en\\\/product\\\/pokemon-mega-evolution-phantasmal-flames-me02-booster-pack-2\\\/\",\"name\":\"Buy Pok\u00e9mon - Mega Evolution - Phantasmal Flames (ME02) - Booster Pack\",\"isPartOf\":{\"@id\":\"https:\\\/\\\/theuncommonshop.ch\\\/#website\"},\"primaryImageOfPage\":{\"@id\":\"https:\\\/\\\/theuncommonshop.ch\\\/en\\\/product\\\/pokemon-mega-evolution-phantasmal-flames-me02-booster-pack-2\\\/#primaryimage\"},\"image\":{\"@id\":\"https:\\\/\\\/theuncommonshop.ch\\\/en\\\/product\\\/pokemon-mega-evolution-phantasmal-flames-me02-booster-pack-2\\\/#primaryimage\"},\"thumbnailUrl\":\"https:\\\/\\\/theuncommonshop.ch\\\/wp-content\\\/uploads\\\/2025\\\/12\\\/5150120852.jpg\",\"datePublished\":\"2025-12-31T11:36:00+00:00\",\"dateModified\":\"2026-04-01T14:26:11+00:00\",\"description\":\"Shop Pok\u00e9mon - Mega Evolution - Phantasmal Flames (ME02) - Booster Pack online at great prices now! Your #1 TCG & Pok\u00e9mon card shop in Switzerland \u2713 Free shipping from CHF 29\",\"breadcrumb\":{\"@id\":\"https:\\\/\\\/theuncommonshop.ch\\\/en\\\/product\\\/pokemon-mega-evolution-phantasmal-flames-me02-booster-pack-2\\\/#breadcrumb\"},\"inLanguage\":\"en-US\",\"potentialAction\":[{\"@type\":\"ReadAction\",\"target\":[\"https:\\\/\\\/theuncommonshop.ch\\\/en\\\/product\\\/pokemon-mega-evolution-phantasmal-flames-me02-booster-pack-2\\\/\"]}]},{\"@type\":\"ImageObject\",\"inLanguage\":\"en-US\",\"@id\":\"https:\\\/\\\/theuncommonshop.ch\\\/en\\\/product\\\/pokemon-mega-evolution-phantasmal-flames-me02-booster-pack-2\\\/#primaryimage\",\"url\":\"https:\\\/\\\/theuncommonshop.ch\\\/wp-content\\\/uploads\\\/2025\\\/12\\\/5150120852.jpg\",\"contentUrl\":\"https:\\\/\\\/theuncommonshop.ch\\\/wp-content\\\/uploads\\\/2025\\\/12\\\/5150120852.jpg\",\"width\":780,\"height\":1426},{\"@type\":\"BreadcrumbList\",\"@id\":\"https:\\\/\\\/theuncommonshop.ch\\\/en\\\/product\\\/pokemon-mega-evolution-phantasmal-flames-me02-booster-pack-2\\\/#breadcrumb\",\"itemListElement\":[{\"@type\":\"ListItem\",\"position\":1,\"name\":\"Home\",\"item\":\"https:\\\/\\\/theuncommonshop.ch\\\/en\\\/home\\\/\"},{\"@type\":\"ListItem\",\"position\":2,\"name\":\"Store\",\"item\":\"https:\\\/\\\/theuncommonshop.ch\\\/en\\\/store\\\/\"},{\"@type\":\"ListItem\",\"position\":3,\"name\":\"Pok\u00e9mon\",\"item\":\"https:\\\/\\\/theuncommonshop.ch\\\/en\\\/product-category\\\/pokemon-en\\\/\"},{\"@type\":\"ListItem\",\"position\":4,\"name\":\"Products by Sets\",\"item\":\"https:\\\/\\\/theuncommonshop.ch\\\/en\\\/product-category\\\/pokemon-en\\\/products-by-sets\\\/\"},{\"@type\":\"ListItem\",\"position\":5,\"name\":\"Mega Evolution\",\"item\":\"https:\\\/\\\/theuncommonshop.ch\\\/en\\\/product-category\\\/pokemon-en\\\/products-by-sets\\\/mega-evolution\\\/\"},{\"@type\":\"ListItem\",\"position\":6,\"name\":\"ME02 Phantasmal Flames\",\"item\":\"https:\\\/\\\/theuncommonshop.ch\\\/en\\\/product-category\\\/pokemon-en\\\/products-by-sets\\\/mega-evolution\\\/me02-phantasmal-flames-en\\\/\"},{\"@type\":\"ListItem\",\"position\":7,\"name\":\"Pok\u00e9mon &#8211; Mega Evolution &#8211; Phantasmal Flames (ME02) &#8211; Booster Pack\"}]},{\"@type\":\"WebSite\",\"@id\":\"https:\\\/\\\/theuncommonshop.ch\\\/#website\",\"url\":\"https:\\\/\\\/theuncommonshop.ch\\\/\",\"name\":\"Largest trading card shop in Switzerland\",\"description\":\"Magic, Pok\u00e9mon and Yu-gi-oh - The Uncommon Shop\",\"potentialAction\":[{\"@type\":\"SearchAction\",\"target\":{\"@type\":\"EntryPoint\",\"urlTemplate\":\"https:\\\/\\\/theuncommonshop.ch\\\/?s={search_term_string}\"},\"query-input\":{\"@type\":\"PropertyValueSpecification\",\"valueRequired\":true,\"valueName\":\"search_term_string\"}}],\"inLanguage\":\"en-US\"}]}<\/script>\n<meta property=\"og:availability\" content=\"instock\" \/>\n<meta property=\"product:availability\" content=\"instock\" \/>\n<meta property=\"product:condition\" content=\"new\" \/>\n<!-- \/ Yoast SEO plugin. -->","yoast_head_json":{"title":"Buy Pok\u00e9mon - Mega Evolution - Phantasmal Flames (ME02) - Booster Pack","description":"Shop Pok\u00e9mon - Mega Evolution - Phantasmal Flames (ME02) - Booster Pack online at great prices now! Your #1 TCG & Pok\u00e9mon card shop in Switzerland \u2713 Free shipping from CHF 29","robots":{"index":"index","follow":"follow","max-snippet":"max-snippet:-1","max-image-preview":"max-image-preview:large","max-video-preview":"max-video-preview:-1"},"canonical":"https:\/\/theuncommonshop.ch\/en\/product\/pokemon-mega-evolution-phantasmal-flames-me02-booster-pack-2\/","og_locale":"en_US","og_type":"article","og_title":"Buy Pok\u00e9mon - Mega Evolution - Phantasmal Flames (ME02) - Booster Pack","og_description":"Shop Pok\u00e9mon - Mega Evolution - Phantasmal Flames (ME02) - Booster Pack online at great prices now! Your #1 TCG & Pok\u00e9mon card shop in Switzerland \u2713 Free shipping from CHF 29","og_url":"https:\/\/theuncommonshop.ch\/en\/product\/pokemon-mega-evolution-phantasmal-flames-me02-booster-pack-2\/","og_site_name":"Largest trading card shop in Switzerland","article_modified_time":"2026-04-01T14:26:11+00:00","og_image":[{"width":780,"height":1426,"url":"https:\/\/theuncommonshop.ch\/wp-content\/uploads\/2025\/12\/5150120852.jpg","type":"image\/jpeg"}],"twitter_card":"summary_large_image","twitter_misc":{"Availability":"In stock"},"schema":{"@context":"https:\/\/schema.org","@graph":[{"@type":"WebPage","@id":"https:\/\/theuncommonshop.ch\/en\/product\/pokemon-mega-evolution-phantasmal-flames-me02-booster-pack-2\/","url":"https:\/\/theuncommonshop.ch\/en\/product\/pokemon-mega-evolution-phantasmal-flames-me02-booster-pack-2\/","name":"Buy Pok\u00e9mon - Mega Evolution - Phantasmal Flames (ME02) - Booster Pack","isPartOf":{"@id":"https:\/\/theuncommonshop.ch\/#website"},"primaryImageOfPage":{"@id":"https:\/\/theuncommonshop.ch\/en\/product\/pokemon-mega-evolution-phantasmal-flames-me02-booster-pack-2\/#primaryimage"},"image":{"@id":"https:\/\/theuncommonshop.ch\/en\/product\/pokemon-mega-evolution-phantasmal-flames-me02-booster-pack-2\/#primaryimage"},"thumbnailUrl":"https:\/\/theuncommonshop.ch\/wp-content\/uploads\/2025\/12\/5150120852.jpg","datePublished":"2025-12-31T11:36:00+00:00","dateModified":"2026-04-01T14:26:11+00:00","description":"Shop Pok\u00e9mon - Mega Evolution - Phantasmal Flames (ME02) - Booster Pack online at great prices now! Your #1 TCG & Pok\u00e9mon card shop in Switzerland \u2713 Free shipping from CHF 29","breadcrumb":{"@id":"https:\/\/theuncommonshop.ch\/en\/product\/pokemon-mega-evolution-phantasmal-flames-me02-booster-pack-2\/#breadcrumb"},"inLanguage":"en-US","potentialAction":[{"@type":"ReadAction","target":["https:\/\/theuncommonshop.ch\/en\/product\/pokemon-mega-evolution-phantasmal-flames-me02-booster-pack-2\/"]}]},{"@type":"ImageObject","inLanguage":"en-US","@id":"https:\/\/theuncommonshop.ch\/en\/product\/pokemon-mega-evolution-phantasmal-flames-me02-booster-pack-2\/#primaryimage","url":"https:\/\/theuncommonshop.ch\/wp-content\/uploads\/2025\/12\/5150120852.jpg","contentUrl":"https:\/\/theuncommonshop.ch\/wp-content\/uploads\/2025\/12\/5150120852.jpg","width":780,"height":1426},{"@type":"BreadcrumbList","@id":"https:\/\/theuncommonshop.ch\/en\/product\/pokemon-mega-evolution-phantasmal-flames-me02-booster-pack-2\/#breadcrumb","itemListElement":[{"@type":"ListItem","position":1,"name":"Home","item":"https:\/\/theuncommonshop.ch\/en\/home\/"},{"@type":"ListItem","position":2,"name":"Store","item":"https:\/\/theuncommonshop.ch\/en\/store\/"},{"@type":"ListItem","position":3,"name":"Pok\u00e9mon","item":"https:\/\/theuncommonshop.ch\/en\/product-category\/pokemon-en\/"},{"@type":"ListItem","position":4,"name":"Products by Sets","item":"https:\/\/theuncommonshop.ch\/en\/product-category\/pokemon-en\/products-by-sets\/"},{"@type":"ListItem","position":5,"name":"Mega Evolution","item":"https:\/\/theuncommonshop.ch\/en\/product-category\/pokemon-en\/products-by-sets\/mega-evolution\/"},{"@type":"ListItem","position":6,"name":"ME02 Phantasmal Flames","item":"https:\/\/theuncommonshop.ch\/en\/product-category\/pokemon-en\/products-by-sets\/mega-evolution\/me02-phantasmal-flames-en\/"},{"@type":"ListItem","position":7,"name":"Pok\u00e9mon &#8211; Mega Evolution &#8211; Phantasmal Flames (ME02) &#8211; Booster Pack"}]},{"@type":"WebSite","@id":"https:\/\/theuncommonshop.ch\/#website","url":"https:\/\/theuncommonshop.ch\/","name":"Largest trading card shop in Switzerland","description":"Magic, Pok\u00e9mon and Yu-gi-oh - The Uncommon Shop","potentialAction":[{"@type":"SearchAction","target":{"@type":"EntryPoint","urlTemplate":"https:\/\/theuncommonshop.ch\/?s={search_term_string}"},"query-input":{"@type":"PropertyValueSpecification","valueRequired":true,"valueName":"search_term_string"}}],"inLanguage":"en-US"}]},"og_availability":"instock","product_availability":"instock","product_condition":"new"},"_links":{"self":[{"href":"https:\/\/theuncommonshop.ch\/en\/wp-json\/wp\/v2\/product\/309651","targetHints":{"allow":["GET"]}}],"collection":[{"href":"https:\/\/theuncommonshop.ch\/en\/wp-json\/wp\/v2\/product"}],"about":[{"href":"https:\/\/theuncommonshop.ch\/en\/wp-json\/wp\/v2\/types\/product"}],"replies":[{"embeddable":true,"href":"https:\/\/theuncommonshop.ch\/en\/wp-json\/wp\/v2\/comments?post=309651"}],"version-history":[{"count":1,"href":"https:\/\/theuncommonshop.ch\/en\/wp-json\/wp\/v2\/product\/309651\/revisions"}],"predecessor-version":[{"id":309656,"href":"https:\/\/theuncommonshop.ch\/en\/wp-json\/wp\/v2\/product\/309651\/revisions\/309656"}],"wp:featuredmedia":[{"embeddable":true,"href":"https:\/\/theuncommonshop.ch\/en\/wp-json\/wp\/v2\/media\/275320"}],"wp:attachment":[{"href":"https:\/\/theuncommonshop.ch\/en\/wp-json\/wp\/v2\/media?parent=309651"}],"wp:term":[{"taxonomy":"product_brand","embeddable":true,"href":"https:\/\/theuncommonshop.ch\/en\/wp-json\/wp\/v2\/product_brand?post=309651"},{"taxonomy":"product_cat","embeddable":true,"href":"https:\/\/theuncommonshop.ch\/en\/wp-json\/wp\/v2\/product_cat?post=309651"},{"taxonomy":"product_tag","embeddable":true,"href":"https:\/\/theuncommonshop.ch\/en\/wp-json\/wp\/v2\/product_tag?post=309651"}],"curies":[{"name":"wp","href":"https:\/\/api.w.org\/{rel}","templated":true}]}}