{"id":309192,"date":"2025-12-31T18:27:27","date_gmt":"2025-12-31T17:27:27","guid":{"rendered":"http:\/\/theuncommonshop.ch\/produkt\/309192\/"},"modified":"2026-03-30T15:38:46","modified_gmt":"2026-03-30T13:38:46","slug":"takara-tomy-pokemon-moncolle-5","status":"publish","type":"product","link":"https:\/\/theuncommonshop.ch\/en\/product\/takara-tomy-pokemon-moncolle-5\/","title":{"rendered":"Takara Tomy &#8211; Pok\u00e9mon &#8211; Moncolle"},"content":{"rendered":"<p>The figure is size MS (approx. 3-4 cm).<\/p>\n","protected":false},"excerpt":{"rendered":"<p>The figure is size MS (approx. 3-4 cm).<\/p>\n","protected":false},"featured_media":279924,"comment_status":"open","ping_status":"closed","template":"","meta":{"_acf_changed":false},"product_brand":[5183],"product_cat":[9912,9910,10152,9824,9776,9916],"product_tag":[],"class_list":{"0":"post-309192","1":"product","2":"type-product","3":"status-publish","4":"has-post-thumbnail","6":"product_brand-takara-tomy","7":"product_cat-anime-figures-en","8":"product_cat-collectibles-en","9":"product_cat-figures","10":"product_cat-plush-toys-and-figurines","11":"product_cat-pokemon-en","12":"product_cat-pokemon-figures-en","14":"first","15":"instock","16":"taxable","17":"shipping-taxable","18":"purchasable","19":"product-type-variable"},"acf":[],"yoast_head":"<!-- This site is optimized with the Yoast SEO plugin v27.4 - https:\/\/yoast.com\/product\/yoast-seo-wordpress\/ -->\n<title>Buy Takara Tomy - Pok\u00e9mon - Moncolle<\/title>\n<meta name=\"description\" content=\"Shop Takara Tomy - Pok\u00e9mon - Moncolle online at great prices now! Your #1 TCG &amp; Pok\u00e9mon card shop in Switzerland \u2713 Free shipping from CHF 29\" \/>\n<meta name=\"robots\" content=\"index, follow, max-snippet:-1, max-image-preview:large, max-video-preview:-1\" \/>\n<link rel=\"canonical\" href=\"https:\/\/theuncommonshop.ch\/en\/product\/takara-tomy-pokemon-moncolle-5\/\" \/>\n<meta property=\"og:locale\" content=\"en_US\" \/>\n<meta property=\"og:type\" content=\"article\" \/>\n<meta property=\"og:title\" content=\"Buy Takara Tomy - Pok\u00e9mon - Moncolle\" \/>\n<meta property=\"og:description\" content=\"Shop Takara Tomy - Pok\u00e9mon - Moncolle online at great prices now! Your #1 TCG &amp; Pok\u00e9mon card shop in Switzerland \u2713 Free shipping from CHF 29\" \/>\n<meta property=\"og:url\" content=\"https:\/\/theuncommonshop.ch\/en\/product\/takara-tomy-pokemon-moncolle-5\/\" \/>\n<meta property=\"og:site_name\" content=\"The Uncommon Shop\" \/>\n<meta property=\"article:modified_time\" content=\"2026-03-30T13:38:46+00:00\" \/>\n<meta property=\"og:image\" content=\"https:\/\/theuncommonshop.ch\/wp-content\/uploads\/2025\/12\/5307084880.jpg\" \/>\n\t<meta property=\"og:image:width\" content=\"1280\" \/>\n\t<meta property=\"og:image:height\" content=\"1280\" \/>\n\t<meta property=\"og:image:type\" content=\"image\/jpeg\" \/>\n<meta name=\"twitter:card\" content=\"summary_large_image\" \/>\n<meta name=\"twitter:label1\" content=\"Availability\" \/>\n\t<meta name=\"twitter:data1\" content=\"In stock\" \/>\n<script type=\"application\/ld+json\" class=\"yoast-schema-graph\">{\"@context\":\"https:\\\/\\\/schema.org\",\"@graph\":[{\"@type\":\"WebPage\",\"@id\":\"https:\\\/\\\/theuncommonshop.ch\\\/en\\\/product\\\/takara-tomy-pokemon-moncolle-5\\\/\",\"url\":\"https:\\\/\\\/theuncommonshop.ch\\\/en\\\/product\\\/takara-tomy-pokemon-moncolle-5\\\/\",\"name\":\"Buy Takara Tomy - Pok\u00e9mon - Moncolle\",\"isPartOf\":{\"@id\":\"https:\\\/\\\/theuncommonshop.ch\\\/en\\\/#website\"},\"primaryImageOfPage\":{\"@id\":\"https:\\\/\\\/theuncommonshop.ch\\\/en\\\/product\\\/takara-tomy-pokemon-moncolle-5\\\/#primaryimage\"},\"image\":{\"@id\":\"https:\\\/\\\/theuncommonshop.ch\\\/en\\\/product\\\/takara-tomy-pokemon-moncolle-5\\\/#primaryimage\"},\"thumbnailUrl\":\"https:\\\/\\\/theuncommonshop.ch\\\/wp-content\\\/uploads\\\/2025\\\/12\\\/5307084880.jpg\",\"datePublished\":\"2025-12-31T17:27:27+00:00\",\"dateModified\":\"2026-03-30T13:38:46+00:00\",\"description\":\"Shop Takara Tomy - Pok\u00e9mon - Moncolle online at great prices now! Your #1 TCG & Pok\u00e9mon card shop in Switzerland \u2713 Free shipping from CHF 29\",\"breadcrumb\":{\"@id\":\"https:\\\/\\\/theuncommonshop.ch\\\/en\\\/product\\\/takara-tomy-pokemon-moncolle-5\\\/#breadcrumb\"},\"inLanguage\":\"en-US\",\"potentialAction\":[{\"@type\":\"ReadAction\",\"target\":[\"https:\\\/\\\/theuncommonshop.ch\\\/en\\\/product\\\/takara-tomy-pokemon-moncolle-5\\\/\"]}]},{\"@type\":\"ImageObject\",\"inLanguage\":\"en-US\",\"@id\":\"https:\\\/\\\/theuncommonshop.ch\\\/en\\\/product\\\/takara-tomy-pokemon-moncolle-5\\\/#primaryimage\",\"url\":\"https:\\\/\\\/theuncommonshop.ch\\\/wp-content\\\/uploads\\\/2025\\\/12\\\/5307084880.jpg\",\"contentUrl\":\"https:\\\/\\\/theuncommonshop.ch\\\/wp-content\\\/uploads\\\/2025\\\/12\\\/5307084880.jpg\",\"width\":1280,\"height\":1280},{\"@type\":\"BreadcrumbList\",\"@id\":\"https:\\\/\\\/theuncommonshop.ch\\\/en\\\/product\\\/takara-tomy-pokemon-moncolle-5\\\/#breadcrumb\",\"itemListElement\":[{\"@type\":\"ListItem\",\"position\":1,\"name\":\"Home\",\"item\":\"https:\\\/\\\/theuncommonshop.ch\\\/en\\\/home\\\/\"},{\"@type\":\"ListItem\",\"position\":2,\"name\":\"Store\",\"item\":\"https:\\\/\\\/theuncommonshop.ch\\\/en\\\/store\\\/\"},{\"@type\":\"ListItem\",\"position\":3,\"name\":\"Pok\u00e9mon\",\"item\":\"https:\\\/\\\/theuncommonshop.ch\\\/en\\\/product-category\\\/pokemon-en\\\/\"},{\"@type\":\"ListItem\",\"position\":4,\"name\":\"Plush toys and figurines\",\"item\":\"https:\\\/\\\/theuncommonshop.ch\\\/en\\\/product-category\\\/pokemon-en\\\/plush-toys-and-figurines\\\/\"},{\"@type\":\"ListItem\",\"position\":5,\"name\":\"Figures\",\"item\":\"https:\\\/\\\/theuncommonshop.ch\\\/en\\\/product-category\\\/pokemon-en\\\/plush-toys-and-figurines\\\/figures\\\/\"},{\"@type\":\"ListItem\",\"position\":6,\"name\":\"Takara Tomy &#8211; Pok\u00e9mon &#8211; Moncolle\"}]},{\"@type\":\"WebSite\",\"@id\":\"https:\\\/\\\/theuncommonshop.ch\\\/en\\\/#website\",\"url\":\"https:\\\/\\\/theuncommonshop.ch\\\/en\\\/\",\"name\":\"The Uncommon Shop\",\"description\":\"Magic, Pok\u00e9mon and Yu-gi-oh - The Uncommon Shop\",\"potentialAction\":[{\"@type\":\"SearchAction\",\"target\":{\"@type\":\"EntryPoint\",\"urlTemplate\":\"https:\\\/\\\/theuncommonshop.ch\\\/en\\\/?s={search_term_string}\"},\"query-input\":{\"@type\":\"PropertyValueSpecification\",\"valueRequired\":true,\"valueName\":\"search_term_string\"}}],\"inLanguage\":\"en-US\"}]}<\/script>\n<meta property=\"og:availability\" content=\"instock\" \/>\n<meta property=\"product:availability\" content=\"instock\" \/>\n<meta property=\"product:condition\" content=\"new\" \/>\n<!-- \/ Yoast SEO plugin. -->","yoast_head_json":{"title":"Buy Takara Tomy - Pok\u00e9mon - Moncolle","description":"Shop Takara Tomy - Pok\u00e9mon - Moncolle online at great prices now! Your #1 TCG & Pok\u00e9mon card shop in Switzerland \u2713 Free shipping from CHF 29","robots":{"index":"index","follow":"follow","max-snippet":"max-snippet:-1","max-image-preview":"max-image-preview:large","max-video-preview":"max-video-preview:-1"},"canonical":"https:\/\/theuncommonshop.ch\/en\/product\/takara-tomy-pokemon-moncolle-5\/","og_locale":"en_US","og_type":"article","og_title":"Buy Takara Tomy - Pok\u00e9mon - Moncolle","og_description":"Shop Takara Tomy - Pok\u00e9mon - Moncolle online at great prices now! Your #1 TCG & Pok\u00e9mon card shop in Switzerland \u2713 Free shipping from CHF 29","og_url":"https:\/\/theuncommonshop.ch\/en\/product\/takara-tomy-pokemon-moncolle-5\/","og_site_name":"The Uncommon Shop","article_modified_time":"2026-03-30T13:38:46+00:00","og_image":[{"width":1280,"height":1280,"url":"https:\/\/theuncommonshop.ch\/wp-content\/uploads\/2025\/12\/5307084880.jpg","type":"image\/jpeg"}],"twitter_card":"summary_large_image","twitter_misc":{"Availability":"In stock"},"schema":{"@context":"https:\/\/schema.org","@graph":[{"@type":"WebPage","@id":"https:\/\/theuncommonshop.ch\/en\/product\/takara-tomy-pokemon-moncolle-5\/","url":"https:\/\/theuncommonshop.ch\/en\/product\/takara-tomy-pokemon-moncolle-5\/","name":"Buy Takara Tomy - Pok\u00e9mon - Moncolle","isPartOf":{"@id":"https:\/\/theuncommonshop.ch\/en\/#website"},"primaryImageOfPage":{"@id":"https:\/\/theuncommonshop.ch\/en\/product\/takara-tomy-pokemon-moncolle-5\/#primaryimage"},"image":{"@id":"https:\/\/theuncommonshop.ch\/en\/product\/takara-tomy-pokemon-moncolle-5\/#primaryimage"},"thumbnailUrl":"https:\/\/theuncommonshop.ch\/wp-content\/uploads\/2025\/12\/5307084880.jpg","datePublished":"2025-12-31T17:27:27+00:00","dateModified":"2026-03-30T13:38:46+00:00","description":"Shop Takara Tomy - Pok\u00e9mon - Moncolle online at great prices now! Your #1 TCG & Pok\u00e9mon card shop in Switzerland \u2713 Free shipping from CHF 29","breadcrumb":{"@id":"https:\/\/theuncommonshop.ch\/en\/product\/takara-tomy-pokemon-moncolle-5\/#breadcrumb"},"inLanguage":"en-US","potentialAction":[{"@type":"ReadAction","target":["https:\/\/theuncommonshop.ch\/en\/product\/takara-tomy-pokemon-moncolle-5\/"]}]},{"@type":"ImageObject","inLanguage":"en-US","@id":"https:\/\/theuncommonshop.ch\/en\/product\/takara-tomy-pokemon-moncolle-5\/#primaryimage","url":"https:\/\/theuncommonshop.ch\/wp-content\/uploads\/2025\/12\/5307084880.jpg","contentUrl":"https:\/\/theuncommonshop.ch\/wp-content\/uploads\/2025\/12\/5307084880.jpg","width":1280,"height":1280},{"@type":"BreadcrumbList","@id":"https:\/\/theuncommonshop.ch\/en\/product\/takara-tomy-pokemon-moncolle-5\/#breadcrumb","itemListElement":[{"@type":"ListItem","position":1,"name":"Home","item":"https:\/\/theuncommonshop.ch\/en\/home\/"},{"@type":"ListItem","position":2,"name":"Store","item":"https:\/\/theuncommonshop.ch\/en\/store\/"},{"@type":"ListItem","position":3,"name":"Pok\u00e9mon","item":"https:\/\/theuncommonshop.ch\/en\/product-category\/pokemon-en\/"},{"@type":"ListItem","position":4,"name":"Plush toys and figurines","item":"https:\/\/theuncommonshop.ch\/en\/product-category\/pokemon-en\/plush-toys-and-figurines\/"},{"@type":"ListItem","position":5,"name":"Figures","item":"https:\/\/theuncommonshop.ch\/en\/product-category\/pokemon-en\/plush-toys-and-figurines\/figures\/"},{"@type":"ListItem","position":6,"name":"Takara Tomy &#8211; Pok\u00e9mon &#8211; Moncolle"}]},{"@type":"WebSite","@id":"https:\/\/theuncommonshop.ch\/en\/#website","url":"https:\/\/theuncommonshop.ch\/en\/","name":"The Uncommon Shop","description":"Magic, Pok\u00e9mon and Yu-gi-oh - The Uncommon Shop","potentialAction":[{"@type":"SearchAction","target":{"@type":"EntryPoint","urlTemplate":"https:\/\/theuncommonshop.ch\/en\/?s={search_term_string}"},"query-input":{"@type":"PropertyValueSpecification","valueRequired":true,"valueName":"search_term_string"}}],"inLanguage":"en-US"}]},"og_availability":"instock","product_availability":"instock","product_condition":"new"},"_links":{"self":[{"href":"https:\/\/theuncommonshop.ch\/en\/wp-json\/wp\/v2\/product\/309192","targetHints":{"allow":["GET"]}}],"collection":[{"href":"https:\/\/theuncommonshop.ch\/en\/wp-json\/wp\/v2\/product"}],"about":[{"href":"https:\/\/theuncommonshop.ch\/en\/wp-json\/wp\/v2\/types\/product"}],"replies":[{"embeddable":true,"href":"https:\/\/theuncommonshop.ch\/en\/wp-json\/wp\/v2\/comments?post=309192"}],"version-history":[{"count":0,"href":"https:\/\/theuncommonshop.ch\/en\/wp-json\/wp\/v2\/product\/309192\/revisions"}],"wp:featuredmedia":[{"embeddable":true,"href":"https:\/\/theuncommonshop.ch\/en\/wp-json\/wp\/v2\/media\/279924"}],"wp:attachment":[{"href":"https:\/\/theuncommonshop.ch\/en\/wp-json\/wp\/v2\/media?parent=309192"}],"wp:term":[{"taxonomy":"product_brand","embeddable":true,"href":"https:\/\/theuncommonshop.ch\/en\/wp-json\/wp\/v2\/product_brand?post=309192"},{"taxonomy":"product_cat","embeddable":true,"href":"https:\/\/theuncommonshop.ch\/en\/wp-json\/wp\/v2\/product_cat?post=309192"},{"taxonomy":"product_tag","embeddable":true,"href":"https:\/\/theuncommonshop.ch\/en\/wp-json\/wp\/v2\/product_tag?post=309192"}],"curies":[{"name":"wp","href":"https:\/\/api.w.org\/{rel}","templated":true}]}}