{"id":309159,"date":"2025-12-31T18:15:57","date_gmt":"2025-12-31T18:15:57","guid":{"rendered":"http:\/\/theuncommonshop.ch\/produkt\/309159\/"},"modified":"2026-03-08T17:24:47","modified_gmt":"2026-03-08T16:24:47","slug":"pokemon-plueschfigur-glurak-4","status":"publish","type":"product","link":"https:\/\/theuncommonshop.ch\/en\/product\/pokemon-plueschfigur-glurak-4\/","title":{"rendered":"Pok\u00e9mon &#8211; Pl\u00fcschfigur &#8211; Glurak"},"content":{"rendered":"<p>The softest, cuddliest and cutest plush Pok\u00e9mon you can imagine! These plush Pok\u00e9mon are perfect for cuddling and hanging out with their realistic details and soft stuffing. Get ready to recreate your favorite scenes from the Pok\u00e9mon movies and series with your friends.  <\/p>\n<div>Grab them all!<\/div>\n","protected":false},"excerpt":{"rendered":"<p>The softest, cuddliest and cutest plush Pok\u00e9mon you can imagine! These plush Pok\u00e9mon are perfect for cuddling and hanging out<\/p>\n","protected":false},"featured_media":279784,"comment_status":"open","ping_status":"closed","template":"","meta":{"_acf_changed":false},"product_brand":[5183],"product_cat":[9902,10150,9824,9776,9900],"product_tag":[],"class_list":{"0":"post-309159","1":"product","2":"type-product","3":"status-publish","4":"has-post-thumbnail","6":"product_brand-takara-tomy","7":"product_cat-plush-toys","8":"product_cat-plush-toys-pokemon","9":"product_cat-plush-toys-and-figurines","10":"product_cat-pokemon-en","11":"product_cat-toys","13":"first","14":"outofstock","15":"taxable","16":"shipping-taxable","17":"purchasable","18":"product-type-variable"},"acf":[],"yoast_head":"<!-- This site is optimized with the Yoast SEO plugin v27.4 - https:\/\/yoast.com\/product\/yoast-seo-wordpress\/ -->\n<title>Buy Pok\u00e9mon - Pl\u00fcschfigur - Glurak<\/title>\n<meta name=\"description\" content=\"Shop Pok\u00e9mon - Pl\u00fcschfigur - Glurak online at great prices now! Your #1 TCG &amp; Pok\u00e9mon card shop in Switzerland \u2713 Free shipping from CHF 29\" \/>\n<meta name=\"robots\" content=\"index, follow, max-snippet:-1, max-image-preview:large, max-video-preview:-1\" \/>\n<link rel=\"canonical\" href=\"https:\/\/theuncommonshop.ch\/en\/product\/pokemon-plueschfigur-glurak-4\/\" \/>\n<meta property=\"og:locale\" content=\"en_US\" \/>\n<meta property=\"og:type\" content=\"article\" \/>\n<meta property=\"og:title\" content=\"Buy Pok\u00e9mon - Pl\u00fcschfigur - Glurak\" \/>\n<meta property=\"og:description\" content=\"Shop Pok\u00e9mon - Pl\u00fcschfigur - Glurak online at great prices now! Your #1 TCG &amp; Pok\u00e9mon card shop in Switzerland \u2713 Free shipping from CHF 29\" \/>\n<meta property=\"og:url\" content=\"https:\/\/theuncommonshop.ch\/en\/product\/pokemon-plueschfigur-glurak-4\/\" \/>\n<meta property=\"og:site_name\" content=\"Largest trading card shop in Switzerland\" \/>\n<meta property=\"article:modified_time\" content=\"2026-03-08T16:24:47+00:00\" \/>\n<meta property=\"og:image\" content=\"https:\/\/theuncommonshop.ch\/wp-content\/uploads\/2025\/12\/5247340485.jpg\" \/>\n\t<meta property=\"og:image:width\" content=\"800\" \/>\n\t<meta property=\"og:image:height\" content=\"800\" \/>\n\t<meta property=\"og:image:type\" content=\"image\/jpeg\" \/>\n<meta name=\"twitter:card\" content=\"summary_large_image\" \/>\n<meta name=\"twitter:label1\" content=\"Availability\" \/>\n\t<meta name=\"twitter:data1\" content=\"Out of stock\" \/>\n<script type=\"application\/ld+json\" class=\"yoast-schema-graph\">{\"@context\":\"https:\\\/\\\/schema.org\",\"@graph\":[{\"@type\":\"WebPage\",\"@id\":\"https:\\\/\\\/theuncommonshop.ch\\\/en\\\/product\\\/pokemon-plueschfigur-glurak-4\\\/\",\"url\":\"https:\\\/\\\/theuncommonshop.ch\\\/en\\\/product\\\/pokemon-plueschfigur-glurak-4\\\/\",\"name\":\"Buy Pok\u00e9mon - Pl\u00fcschfigur - Glurak\",\"isPartOf\":{\"@id\":\"https:\\\/\\\/theuncommonshop.ch\\\/#website\"},\"primaryImageOfPage\":{\"@id\":\"https:\\\/\\\/theuncommonshop.ch\\\/en\\\/product\\\/pokemon-plueschfigur-glurak-4\\\/#primaryimage\"},\"image\":{\"@id\":\"https:\\\/\\\/theuncommonshop.ch\\\/en\\\/product\\\/pokemon-plueschfigur-glurak-4\\\/#primaryimage\"},\"thumbnailUrl\":\"https:\\\/\\\/theuncommonshop.ch\\\/wp-content\\\/uploads\\\/2025\\\/12\\\/5247340485.jpg\",\"datePublished\":\"2025-12-31T18:15:57+00:00\",\"dateModified\":\"2026-03-08T16:24:47+00:00\",\"description\":\"Shop Pok\u00e9mon - Pl\u00fcschfigur - Glurak online at great prices now! Your #1 TCG & Pok\u00e9mon card shop in Switzerland \u2713 Free shipping from CHF 29\",\"breadcrumb\":{\"@id\":\"https:\\\/\\\/theuncommonshop.ch\\\/en\\\/product\\\/pokemon-plueschfigur-glurak-4\\\/#breadcrumb\"},\"inLanguage\":\"en-US\",\"potentialAction\":[{\"@type\":\"ReadAction\",\"target\":[\"https:\\\/\\\/theuncommonshop.ch\\\/en\\\/product\\\/pokemon-plueschfigur-glurak-4\\\/\"]}]},{\"@type\":\"ImageObject\",\"inLanguage\":\"en-US\",\"@id\":\"https:\\\/\\\/theuncommonshop.ch\\\/en\\\/product\\\/pokemon-plueschfigur-glurak-4\\\/#primaryimage\",\"url\":\"https:\\\/\\\/theuncommonshop.ch\\\/wp-content\\\/uploads\\\/2025\\\/12\\\/5247340485.jpg\",\"contentUrl\":\"https:\\\/\\\/theuncommonshop.ch\\\/wp-content\\\/uploads\\\/2025\\\/12\\\/5247340485.jpg\",\"width\":800,\"height\":800},{\"@type\":\"BreadcrumbList\",\"@id\":\"https:\\\/\\\/theuncommonshop.ch\\\/en\\\/product\\\/pokemon-plueschfigur-glurak-4\\\/#breadcrumb\",\"itemListElement\":[{\"@type\":\"ListItem\",\"position\":1,\"name\":\"Home\",\"item\":\"https:\\\/\\\/theuncommonshop.ch\\\/en\\\/home\\\/\"},{\"@type\":\"ListItem\",\"position\":2,\"name\":\"Store\",\"item\":\"https:\\\/\\\/theuncommonshop.ch\\\/en\\\/store\\\/\"},{\"@type\":\"ListItem\",\"position\":3,\"name\":\"Pok\u00e9mon\",\"item\":\"https:\\\/\\\/theuncommonshop.ch\\\/produktkategorie\\\/pokemon\\\/\"},{\"@type\":\"ListItem\",\"position\":4,\"name\":\"Pl\u00fcschtiere und Figuren\",\"item\":\"https:\\\/\\\/theuncommonshop.ch\\\/produktkategorie\\\/pokemon\\\/plueschtiere-und-figuren\\\/\"},{\"@type\":\"ListItem\",\"position\":5,\"name\":\"Pl\u00fcschtiere\",\"item\":\"https:\\\/\\\/theuncommonshop.ch\\\/produktkategorie\\\/pokemon\\\/plueschtiere-und-figuren\\\/pkm-plueschtiere\\\/\"},{\"@type\":\"ListItem\",\"position\":6,\"name\":\"Pok\u00e9mon &#8211; Pl\u00fcschfigur &#8211; Glurak\"}]},{\"@type\":\"WebSite\",\"@id\":\"https:\\\/\\\/theuncommonshop.ch\\\/#website\",\"url\":\"https:\\\/\\\/theuncommonshop.ch\\\/\",\"name\":\"Largest trading card shop in Switzerland\",\"description\":\"Magic, Pok\u00e9mon and Yu-gi-oh - The Uncommon Shop\",\"potentialAction\":[{\"@type\":\"SearchAction\",\"target\":{\"@type\":\"EntryPoint\",\"urlTemplate\":\"https:\\\/\\\/theuncommonshop.ch\\\/?s={search_term_string}\"},\"query-input\":{\"@type\":\"PropertyValueSpecification\",\"valueRequired\":true,\"valueName\":\"search_term_string\"}}],\"inLanguage\":\"en-US\"}]}<\/script>\n<meta property=\"og:availability\" content=\"out of stock\" \/>\n<meta property=\"product:availability\" content=\"out of stock\" \/>\n<meta property=\"product:condition\" content=\"new\" \/>\n<!-- \/ Yoast SEO plugin. -->","yoast_head_json":{"title":"Buy Pok\u00e9mon - Pl\u00fcschfigur - Glurak","description":"Shop Pok\u00e9mon - Pl\u00fcschfigur - Glurak online at great prices now! Your #1 TCG & Pok\u00e9mon card shop in Switzerland \u2713 Free shipping from CHF 29","robots":{"index":"index","follow":"follow","max-snippet":"max-snippet:-1","max-image-preview":"max-image-preview:large","max-video-preview":"max-video-preview:-1"},"canonical":"https:\/\/theuncommonshop.ch\/en\/product\/pokemon-plueschfigur-glurak-4\/","og_locale":"en_US","og_type":"article","og_title":"Buy Pok\u00e9mon - Pl\u00fcschfigur - Glurak","og_description":"Shop Pok\u00e9mon - Pl\u00fcschfigur - Glurak online at great prices now! Your #1 TCG & Pok\u00e9mon card shop in Switzerland \u2713 Free shipping from CHF 29","og_url":"https:\/\/theuncommonshop.ch\/en\/product\/pokemon-plueschfigur-glurak-4\/","og_site_name":"Largest trading card shop in Switzerland","article_modified_time":"2026-03-08T16:24:47+00:00","og_image":[{"width":800,"height":800,"url":"https:\/\/theuncommonshop.ch\/wp-content\/uploads\/2025\/12\/5247340485.jpg","type":"image\/jpeg"}],"twitter_card":"summary_large_image","twitter_misc":{"Availability":"Out of stock"},"schema":{"@context":"https:\/\/schema.org","@graph":[{"@type":"WebPage","@id":"https:\/\/theuncommonshop.ch\/en\/product\/pokemon-plueschfigur-glurak-4\/","url":"https:\/\/theuncommonshop.ch\/en\/product\/pokemon-plueschfigur-glurak-4\/","name":"Buy Pok\u00e9mon - Pl\u00fcschfigur - Glurak","isPartOf":{"@id":"https:\/\/theuncommonshop.ch\/#website"},"primaryImageOfPage":{"@id":"https:\/\/theuncommonshop.ch\/en\/product\/pokemon-plueschfigur-glurak-4\/#primaryimage"},"image":{"@id":"https:\/\/theuncommonshop.ch\/en\/product\/pokemon-plueschfigur-glurak-4\/#primaryimage"},"thumbnailUrl":"https:\/\/theuncommonshop.ch\/wp-content\/uploads\/2025\/12\/5247340485.jpg","datePublished":"2025-12-31T18:15:57+00:00","dateModified":"2026-03-08T16:24:47+00:00","description":"Shop Pok\u00e9mon - Pl\u00fcschfigur - Glurak online at great prices now! Your #1 TCG & Pok\u00e9mon card shop in Switzerland \u2713 Free shipping from CHF 29","breadcrumb":{"@id":"https:\/\/theuncommonshop.ch\/en\/product\/pokemon-plueschfigur-glurak-4\/#breadcrumb"},"inLanguage":"en-US","potentialAction":[{"@type":"ReadAction","target":["https:\/\/theuncommonshop.ch\/en\/product\/pokemon-plueschfigur-glurak-4\/"]}]},{"@type":"ImageObject","inLanguage":"en-US","@id":"https:\/\/theuncommonshop.ch\/en\/product\/pokemon-plueschfigur-glurak-4\/#primaryimage","url":"https:\/\/theuncommonshop.ch\/wp-content\/uploads\/2025\/12\/5247340485.jpg","contentUrl":"https:\/\/theuncommonshop.ch\/wp-content\/uploads\/2025\/12\/5247340485.jpg","width":800,"height":800},{"@type":"BreadcrumbList","@id":"https:\/\/theuncommonshop.ch\/en\/product\/pokemon-plueschfigur-glurak-4\/#breadcrumb","itemListElement":[{"@type":"ListItem","position":1,"name":"Home","item":"https:\/\/theuncommonshop.ch\/en\/home\/"},{"@type":"ListItem","position":2,"name":"Store","item":"https:\/\/theuncommonshop.ch\/en\/store\/"},{"@type":"ListItem","position":3,"name":"Pok\u00e9mon","item":"https:\/\/theuncommonshop.ch\/produktkategorie\/pokemon\/"},{"@type":"ListItem","position":4,"name":"Pl\u00fcschtiere und Figuren","item":"https:\/\/theuncommonshop.ch\/produktkategorie\/pokemon\/plueschtiere-und-figuren\/"},{"@type":"ListItem","position":5,"name":"Pl\u00fcschtiere","item":"https:\/\/theuncommonshop.ch\/produktkategorie\/pokemon\/plueschtiere-und-figuren\/pkm-plueschtiere\/"},{"@type":"ListItem","position":6,"name":"Pok\u00e9mon &#8211; Pl\u00fcschfigur &#8211; Glurak"}]},{"@type":"WebSite","@id":"https:\/\/theuncommonshop.ch\/#website","url":"https:\/\/theuncommonshop.ch\/","name":"Largest trading card shop in Switzerland","description":"Magic, Pok\u00e9mon and Yu-gi-oh - The Uncommon Shop","potentialAction":[{"@type":"SearchAction","target":{"@type":"EntryPoint","urlTemplate":"https:\/\/theuncommonshop.ch\/?s={search_term_string}"},"query-input":{"@type":"PropertyValueSpecification","valueRequired":true,"valueName":"search_term_string"}}],"inLanguage":"en-US"}]},"og_availability":"out of stock","product_availability":"out of stock","product_condition":"new"},"_links":{"self":[{"href":"https:\/\/theuncommonshop.ch\/en\/wp-json\/wp\/v2\/product\/309159","targetHints":{"allow":["GET"]}}],"collection":[{"href":"https:\/\/theuncommonshop.ch\/en\/wp-json\/wp\/v2\/product"}],"about":[{"href":"https:\/\/theuncommonshop.ch\/en\/wp-json\/wp\/v2\/types\/product"}],"replies":[{"embeddable":true,"href":"https:\/\/theuncommonshop.ch\/en\/wp-json\/wp\/v2\/comments?post=309159"}],"version-history":[{"count":1,"href":"https:\/\/theuncommonshop.ch\/en\/wp-json\/wp\/v2\/product\/309159\/revisions"}],"predecessor-version":[{"id":309168,"href":"https:\/\/theuncommonshop.ch\/en\/wp-json\/wp\/v2\/product\/309159\/revisions\/309168"}],"wp:featuredmedia":[{"embeddable":true,"href":"https:\/\/theuncommonshop.ch\/en\/wp-json\/wp\/v2\/media\/279784"}],"wp:attachment":[{"href":"https:\/\/theuncommonshop.ch\/en\/wp-json\/wp\/v2\/media?parent=309159"}],"wp:term":[{"taxonomy":"product_brand","embeddable":true,"href":"https:\/\/theuncommonshop.ch\/en\/wp-json\/wp\/v2\/product_brand?post=309159"},{"taxonomy":"product_cat","embeddable":true,"href":"https:\/\/theuncommonshop.ch\/en\/wp-json\/wp\/v2\/product_cat?post=309159"},{"taxonomy":"product_tag","embeddable":true,"href":"https:\/\/theuncommonshop.ch\/en\/wp-json\/wp\/v2\/product_tag?post=309159"}],"curies":[{"name":"wp","href":"https:\/\/api.w.org\/{rel}","templated":true}]}}