{"id":308415,"date":"2026-01-31T22:52:18","date_gmt":"2026-01-31T21:52:18","guid":{"rendered":"http:\/\/theuncommonshop.ch\/produkt\/308415\/"},"modified":"2026-03-08T16:48:19","modified_gmt":"2026-03-08T15:48:19","slug":"sembo-hippie-kaefer-mit-anhaenger-und-tankstelle-3","status":"publish","type":"product","link":"https:\/\/theuncommonshop.ch\/en\/product\/sembo-hippie-kaefer-mit-anhaenger-und-tankstelle-3\/","title":{"rendered":"Sembo &#8211; Hippie K\u00e4fer mit Anh\u00e4nger und Tankstelle"},"content":{"rendered":"<p>A hippie beetle with a trailer for the scooter &#8211; everything you need for the big trip. And if you run out of gas, the friendly dog at the filling station will be happy to help. The parts are pre-sorted into bags according to construction stages, the instructions are easy to understand and printed in high quality. SEMBO relies to a large extent on the excellent brick quality of GoBricks for its sets. In addition to many stickers, printed parts are also included, and a Pullback motor provides propulsion. Very good quality bricks. 100% compatible with the clamping bricks from the market leader. Easy-to-understand building instructions included.       <\/p>\n<p>1409 parts<\/p>\n","protected":false},"excerpt":{"rendered":"<p>A hippie beetle with a trailer for the scooter &#8211; everything you need for the big trip. And if you<\/p>\n","protected":false},"featured_media":308422,"comment_status":"open","ping_status":"closed","template":"","meta":{"_acf_changed":false},"product_brand":[5215],"product_cat":[9904,9900,10308],"product_tag":[],"class_list":{"0":"post-308415","1":"product","2":"type-product","3":"status-publish","4":"has-post-thumbnail","6":"product_brand-sembo","7":"product_cat-building-blocks","8":"product_cat-toys","9":"product_cat-various-manufacturers","11":"first","12":"outofstock","13":"taxable","14":"shipping-taxable","15":"purchasable","16":"product-type-simple"},"acf":[],"yoast_head":"<!-- This site is optimized with the Yoast SEO plugin v27.4 - https:\/\/yoast.com\/product\/yoast-seo-wordpress\/ -->\n<title>Buy Sembo - Hippie K\u00e4fer mit Anh\u00e4nger und Tankstelle<\/title>\n<meta name=\"description\" content=\"Shop Sembo - Hippie K\u00e4fer mit Anh\u00e4nger und Tankstelle online at great prices now! Your #1 TCG &amp; Pok\u00e9mon card shop in Switzerland \u2713 Free shipping from CHF 29\" \/>\n<meta name=\"robots\" content=\"index, follow, max-snippet:-1, max-image-preview:large, max-video-preview:-1\" \/>\n<link rel=\"canonical\" href=\"https:\/\/theuncommonshop.ch\/en\/product\/sembo-hippie-kaefer-mit-anhaenger-und-tankstelle-3\/\" \/>\n<meta property=\"og:locale\" content=\"en_US\" \/>\n<meta property=\"og:type\" content=\"article\" \/>\n<meta property=\"og:title\" content=\"Buy Sembo - Hippie K\u00e4fer mit Anh\u00e4nger und Tankstelle\" \/>\n<meta property=\"og:description\" content=\"Shop Sembo - Hippie K\u00e4fer mit Anh\u00e4nger und Tankstelle online at great prices now! Your #1 TCG &amp; Pok\u00e9mon card shop in Switzerland \u2713 Free shipping from CHF 29\" \/>\n<meta property=\"og:url\" content=\"https:\/\/theuncommonshop.ch\/en\/product\/sembo-hippie-kaefer-mit-anhaenger-und-tankstelle-3\/\" \/>\n<meta property=\"og:site_name\" content=\"The Uncommon Shop\" \/>\n<meta property=\"article:modified_time\" content=\"2026-03-08T15:48:19+00:00\" \/>\n<meta name=\"twitter:card\" content=\"summary_large_image\" \/>\n<meta name=\"twitter:label1\" content=\"Price\" \/>\n\t<meta name=\"twitter:data1\" content=\"&#067;&#072;&#070;&nbsp;84.95\" \/>\n\t<meta name=\"twitter:label2\" content=\"Availability\" \/>\n\t<meta name=\"twitter:data2\" content=\"Out of stock\" \/>\n<script type=\"application\/ld+json\" class=\"yoast-schema-graph\">{\"@context\":\"https:\\\/\\\/schema.org\",\"@graph\":[{\"@type\":\"WebPage\",\"@id\":\"https:\\\/\\\/theuncommonshop.ch\\\/en\\\/product\\\/sembo-hippie-kaefer-mit-anhaenger-und-tankstelle-3\\\/\",\"url\":\"https:\\\/\\\/theuncommonshop.ch\\\/en\\\/product\\\/sembo-hippie-kaefer-mit-anhaenger-und-tankstelle-3\\\/\",\"name\":\"Buy Sembo - Hippie K\u00e4fer mit Anh\u00e4nger und Tankstelle\",\"isPartOf\":{\"@id\":\"https:\\\/\\\/theuncommonshop.ch\\\/en\\\/#website\"},\"primaryImageOfPage\":{\"@id\":\"https:\\\/\\\/theuncommonshop.ch\\\/en\\\/product\\\/sembo-hippie-kaefer-mit-anhaenger-und-tankstelle-3\\\/#primaryimage\"},\"image\":{\"@id\":\"https:\\\/\\\/theuncommonshop.ch\\\/en\\\/product\\\/sembo-hippie-kaefer-mit-anhaenger-und-tankstelle-3\\\/#primaryimage\"},\"thumbnailUrl\":\"https:\\\/\\\/theuncommonshop.ch\\\/wp-content\\\/uploads\\\/2026\\\/01\\\/K1.avif\",\"datePublished\":\"2026-01-31T21:52:18+00:00\",\"dateModified\":\"2026-03-08T15:48:19+00:00\",\"description\":\"Shop Sembo - Hippie K\u00e4fer mit Anh\u00e4nger und Tankstelle online at great prices now! Your #1 TCG & Pok\u00e9mon card shop in Switzerland \u2713 Free shipping from CHF 29\",\"breadcrumb\":{\"@id\":\"https:\\\/\\\/theuncommonshop.ch\\\/en\\\/product\\\/sembo-hippie-kaefer-mit-anhaenger-und-tankstelle-3\\\/#breadcrumb\"},\"inLanguage\":\"en-US\",\"potentialAction\":[{\"@type\":\"ReadAction\",\"target\":[\"https:\\\/\\\/theuncommonshop.ch\\\/en\\\/product\\\/sembo-hippie-kaefer-mit-anhaenger-und-tankstelle-3\\\/\"]}]},{\"@type\":\"ImageObject\",\"inLanguage\":\"en-US\",\"@id\":\"https:\\\/\\\/theuncommonshop.ch\\\/en\\\/product\\\/sembo-hippie-kaefer-mit-anhaenger-und-tankstelle-3\\\/#primaryimage\",\"url\":\"https:\\\/\\\/theuncommonshop.ch\\\/wp-content\\\/uploads\\\/2026\\\/01\\\/K1.avif\",\"contentUrl\":\"https:\\\/\\\/theuncommonshop.ch\\\/wp-content\\\/uploads\\\/2026\\\/01\\\/K1.avif\",\"width\":712,\"height\":647},{\"@type\":\"BreadcrumbList\",\"@id\":\"https:\\\/\\\/theuncommonshop.ch\\\/en\\\/product\\\/sembo-hippie-kaefer-mit-anhaenger-und-tankstelle-3\\\/#breadcrumb\",\"itemListElement\":[{\"@type\":\"ListItem\",\"position\":1,\"name\":\"Home\",\"item\":\"https:\\\/\\\/theuncommonshop.ch\\\/en\\\/home\\\/\"},{\"@type\":\"ListItem\",\"position\":2,\"name\":\"Store\",\"item\":\"https:\\\/\\\/theuncommonshop.ch\\\/en\\\/store\\\/\"},{\"@type\":\"ListItem\",\"position\":3,\"name\":\"Toys\",\"item\":\"https:\\\/\\\/theuncommonshop.ch\\\/en\\\/product-category\\\/toys\\\/\"},{\"@type\":\"ListItem\",\"position\":4,\"name\":\"Building blocks\",\"item\":\"https:\\\/\\\/theuncommonshop.ch\\\/en\\\/product-category\\\/toys\\\/building-blocks\\\/\"},{\"@type\":\"ListItem\",\"position\":5,\"name\":\"Various manufacturers\",\"item\":\"https:\\\/\\\/theuncommonshop.ch\\\/en\\\/product-category\\\/toys\\\/building-blocks\\\/various-manufacturers\\\/\"},{\"@type\":\"ListItem\",\"position\":6,\"name\":\"Sembo &#8211; Hippie K\u00e4fer mit Anh\u00e4nger und Tankstelle\"}]},{\"@type\":\"WebSite\",\"@id\":\"https:\\\/\\\/theuncommonshop.ch\\\/en\\\/#website\",\"url\":\"https:\\\/\\\/theuncommonshop.ch\\\/en\\\/\",\"name\":\"The Uncommon Shop\",\"description\":\"Magic, Pok\u00e9mon and Yu-gi-oh - The Uncommon Shop\",\"potentialAction\":[{\"@type\":\"SearchAction\",\"target\":{\"@type\":\"EntryPoint\",\"urlTemplate\":\"https:\\\/\\\/theuncommonshop.ch\\\/en\\\/?s={search_term_string}\"},\"query-input\":{\"@type\":\"PropertyValueSpecification\",\"valueRequired\":true,\"valueName\":\"search_term_string\"}}],\"inLanguage\":\"en-US\"}]}<\/script>\n<meta property=\"product:price:amount\" content=\"84.95\" \/>\n<meta property=\"product:price:currency\" content=\"CHF\" \/>\n<meta property=\"og:availability\" content=\"out of stock\" \/>\n<meta property=\"product:availability\" content=\"out of stock\" \/>\n<meta property=\"product:retailer_item_id\" content=\"SHOP.SemboHippieK\u00e4ferTankstelle\" \/>\n<meta property=\"product:condition\" content=\"new\" \/>\n<!-- \/ Yoast SEO plugin. -->","yoast_head_json":{"title":"Buy Sembo - Hippie K\u00e4fer mit Anh\u00e4nger und Tankstelle","description":"Shop Sembo - Hippie K\u00e4fer mit Anh\u00e4nger und Tankstelle online at great prices now! Your #1 TCG & Pok\u00e9mon card shop in Switzerland \u2713 Free shipping from CHF 29","robots":{"index":"index","follow":"follow","max-snippet":"max-snippet:-1","max-image-preview":"max-image-preview:large","max-video-preview":"max-video-preview:-1"},"canonical":"https:\/\/theuncommonshop.ch\/en\/product\/sembo-hippie-kaefer-mit-anhaenger-und-tankstelle-3\/","og_locale":"en_US","og_type":"article","og_title":"Buy Sembo - Hippie K\u00e4fer mit Anh\u00e4nger und Tankstelle","og_description":"Shop Sembo - Hippie K\u00e4fer mit Anh\u00e4nger und Tankstelle online at great prices now! Your #1 TCG & Pok\u00e9mon card shop in Switzerland \u2713 Free shipping from CHF 29","og_url":"https:\/\/theuncommonshop.ch\/en\/product\/sembo-hippie-kaefer-mit-anhaenger-und-tankstelle-3\/","og_site_name":"The Uncommon Shop","article_modified_time":"2026-03-08T15:48:19+00:00","twitter_card":"summary_large_image","twitter_misc":{"Price":"&#67;&#72;&#70;&nbsp;84.95","Availability":"Out of stock"},"schema":{"@context":"https:\/\/schema.org","@graph":[{"@type":"WebPage","@id":"https:\/\/theuncommonshop.ch\/en\/product\/sembo-hippie-kaefer-mit-anhaenger-und-tankstelle-3\/","url":"https:\/\/theuncommonshop.ch\/en\/product\/sembo-hippie-kaefer-mit-anhaenger-und-tankstelle-3\/","name":"Buy Sembo - Hippie K\u00e4fer mit Anh\u00e4nger und Tankstelle","isPartOf":{"@id":"https:\/\/theuncommonshop.ch\/en\/#website"},"primaryImageOfPage":{"@id":"https:\/\/theuncommonshop.ch\/en\/product\/sembo-hippie-kaefer-mit-anhaenger-und-tankstelle-3\/#primaryimage"},"image":{"@id":"https:\/\/theuncommonshop.ch\/en\/product\/sembo-hippie-kaefer-mit-anhaenger-und-tankstelle-3\/#primaryimage"},"thumbnailUrl":"https:\/\/theuncommonshop.ch\/wp-content\/uploads\/2026\/01\/K1.avif","datePublished":"2026-01-31T21:52:18+00:00","dateModified":"2026-03-08T15:48:19+00:00","description":"Shop Sembo - Hippie K\u00e4fer mit Anh\u00e4nger und Tankstelle online at great prices now! Your #1 TCG & Pok\u00e9mon card shop in Switzerland \u2713 Free shipping from CHF 29","breadcrumb":{"@id":"https:\/\/theuncommonshop.ch\/en\/product\/sembo-hippie-kaefer-mit-anhaenger-und-tankstelle-3\/#breadcrumb"},"inLanguage":"en-US","potentialAction":[{"@type":"ReadAction","target":["https:\/\/theuncommonshop.ch\/en\/product\/sembo-hippie-kaefer-mit-anhaenger-und-tankstelle-3\/"]}]},{"@type":"ImageObject","inLanguage":"en-US","@id":"https:\/\/theuncommonshop.ch\/en\/product\/sembo-hippie-kaefer-mit-anhaenger-und-tankstelle-3\/#primaryimage","url":"https:\/\/theuncommonshop.ch\/wp-content\/uploads\/2026\/01\/K1.avif","contentUrl":"https:\/\/theuncommonshop.ch\/wp-content\/uploads\/2026\/01\/K1.avif","width":712,"height":647},{"@type":"BreadcrumbList","@id":"https:\/\/theuncommonshop.ch\/en\/product\/sembo-hippie-kaefer-mit-anhaenger-und-tankstelle-3\/#breadcrumb","itemListElement":[{"@type":"ListItem","position":1,"name":"Home","item":"https:\/\/theuncommonshop.ch\/en\/home\/"},{"@type":"ListItem","position":2,"name":"Store","item":"https:\/\/theuncommonshop.ch\/en\/store\/"},{"@type":"ListItem","position":3,"name":"Toys","item":"https:\/\/theuncommonshop.ch\/en\/product-category\/toys\/"},{"@type":"ListItem","position":4,"name":"Building blocks","item":"https:\/\/theuncommonshop.ch\/en\/product-category\/toys\/building-blocks\/"},{"@type":"ListItem","position":5,"name":"Various manufacturers","item":"https:\/\/theuncommonshop.ch\/en\/product-category\/toys\/building-blocks\/various-manufacturers\/"},{"@type":"ListItem","position":6,"name":"Sembo &#8211; Hippie K\u00e4fer mit Anh\u00e4nger und Tankstelle"}]},{"@type":"WebSite","@id":"https:\/\/theuncommonshop.ch\/en\/#website","url":"https:\/\/theuncommonshop.ch\/en\/","name":"The Uncommon Shop","description":"Magic, Pok\u00e9mon and Yu-gi-oh - The Uncommon Shop","potentialAction":[{"@type":"SearchAction","target":{"@type":"EntryPoint","urlTemplate":"https:\/\/theuncommonshop.ch\/en\/?s={search_term_string}"},"query-input":{"@type":"PropertyValueSpecification","valueRequired":true,"valueName":"search_term_string"}}],"inLanguage":"en-US"}]},"product_price_amount":"84.95","product_price_currency":"CHF","og_availability":"out of stock","product_availability":"out of stock","product_retailer_item_id":"SHOP.SemboHippieK\u00e4ferTankstelle","product_condition":"new"},"_links":{"self":[{"href":"https:\/\/theuncommonshop.ch\/en\/wp-json\/wp\/v2\/product\/308415","targetHints":{"allow":["GET"]}}],"collection":[{"href":"https:\/\/theuncommonshop.ch\/en\/wp-json\/wp\/v2\/product"}],"about":[{"href":"https:\/\/theuncommonshop.ch\/en\/wp-json\/wp\/v2\/types\/product"}],"replies":[{"embeddable":true,"href":"https:\/\/theuncommonshop.ch\/en\/wp-json\/wp\/v2\/comments?post=308415"}],"version-history":[{"count":0,"href":"https:\/\/theuncommonshop.ch\/en\/wp-json\/wp\/v2\/product\/308415\/revisions"}],"wp:featuredmedia":[{"embeddable":true,"href":"https:\/\/theuncommonshop.ch\/en\/wp-json\/wp\/v2\/media\/308422"}],"wp:attachment":[{"href":"https:\/\/theuncommonshop.ch\/en\/wp-json\/wp\/v2\/media?parent=308415"}],"wp:term":[{"taxonomy":"product_brand","embeddable":true,"href":"https:\/\/theuncommonshop.ch\/en\/wp-json\/wp\/v2\/product_brand?post=308415"},{"taxonomy":"product_cat","embeddable":true,"href":"https:\/\/theuncommonshop.ch\/en\/wp-json\/wp\/v2\/product_cat?post=308415"},{"taxonomy":"product_tag","embeddable":true,"href":"https:\/\/theuncommonshop.ch\/en\/wp-json\/wp\/v2\/product_tag?post=308415"}],"curies":[{"name":"wp","href":"https:\/\/api.w.org\/{rel}","templated":true}]}}