{"id":308002,"date":"2026-01-27T23:12:31","date_gmt":"2026-01-27T22:12:31","guid":{"rendered":"http:\/\/theuncommonshop.ch\/produkt\/308002\/"},"modified":"2026-03-28T15:30:02","modified_gmt":"2026-03-28T14:30:02","slug":"pokemon-scarlet-violet-prismatic-evolutions-sv8-5-costco-2-pack-bundle-2","status":"publish","type":"product","link":"https:\/\/theuncommonshop.ch\/en\/product\/pokemon-scarlet-violet-prismatic-evolutions-sv8-5-costco-2-pack-bundle-2\/","title":{"rendered":"Pok\u00e9mon &#8211; Scarlet &amp; Violet &#8211; Prismatic Evolutions (SV8.5) &#8211; Costco 2-Pack Bundle"},"content":{"rendered":"<p><strong>Pok\u00e9mon &#8211; Scarlet &amp; Violet &#8211; Prismatic Evolutions (SV8.5) &#8211; Costco 2-Pack Bundle<\/strong><\/p>\n<p>This unique Costco exclusive includes 1 Elite Trainer Box and 1 Booster Bundle!<\/p>\n<p>Eevee &amp; friends shine in bright colors! From fluffy and fiery to icy and fanciful, Eevee and its many evolutions hold a special place in the hearts of Pok\u00e9mon Trainers across the land! Discover their unique new powers as Stellar Tera Pok\u00e9mon ex and search for your very own treasure in a magnificent collection of Pok\u00e9mon ex from Paldea and beyond. Glittering gems and hidden patterns await you at the end of the rainbow in the Pok\u00e9mon TCG: Scarlet &amp; Violet &#8211; Prismatic Evolutions expansion!   <\/p>\n<p>The Booster Bundle contains: Six Booster Packs from the Pok\u00e9mon TCG: Scarlet &amp; Violet &#8211; Prismatic Evolutions expansion. Each Booster Pack contains 10 cards and 1 Base Energy.  The cards vary depending on the pack.<\/p>\n<p>Each Elite Trainer Box contains:<\/p>\n<ul>\n<li>9 Pok\u00e9mon Trading Card Game: Scarlet &amp; Violet &#8211; Prismatic Evolutions booster packs<\/li>\n<li>Each booster pack contains 10 cards and 1 basic energy. The cards vary depending on the pack.<\/li>\n<\/ul>\n<p>1 Full Art Foil promo card with Eevee<\/p>\n<ul>\n<li>65 card sleeves<\/li>\n<li>45 Pok\u00e9mon TCG energy cards<\/li>\n<li>A player&#8217;s guide for the &#8220;Scarlet &amp; Violet &#8211; Prismatic Evolutions&#8221; expansion 6 damage marker dice<\/li>\n<li>1 coin toss dice suitable for competitions<\/li>\n<li>2 plastic condition markers<\/li>\n<li>A box for storing all parts with 4 dividers for clear organization<\/li>\n<li>A code card for Pok\u00e9mon Trading Cards Game Live<\/li>\n<\/ul>\n","protected":false},"excerpt":{"rendered":"<p>Pok\u00e9mon &#8211; Scarlet &amp; Violet &#8211; Prismatic Evolutions (SV8.5) &#8211; Costco 2-Pack Bundle This unique Costco exclusive includes 1 Elite<\/p>\n","protected":false},"featured_media":308005,"comment_status":"open","ping_status":"closed","template":"","meta":{"_acf_changed":false},"product_brand":[5115,5073],"product_cat":[9810,9808,9822,9776,10102],"product_tag":[],"class_list":{"0":"post-308002","1":"product","2":"type-product","3":"status-publish","4":"has-post-thumbnail","6":"product_brand-pokemon","7":"product_brand-the-pokemon-company","8":"product_cat-boxes-and-collections-pokemon","9":"product_cat-elite-trainer-boxes","10":"product_cat-investments","11":"product_cat-pokemon-en","12":"product_cat-sv85-prismatic-evolutions","14":"first","15":"outofstock","16":"taxable","17":"shipping-taxable","18":"purchasable","19":"product-type-simple"},"acf":[],"yoast_head":"<!-- This site is optimized with the Yoast SEO plugin v27.4 - https:\/\/yoast.com\/product\/yoast-seo-wordpress\/ -->\n<title>Buy Pok\u00e9mon - Scarlet &amp; Violet - Prismatic Evolutions (SV8.5) - Costco 2-Pack Bundle<\/title>\n<meta name=\"description\" content=\"Shop Pok\u00e9mon - Scarlet &amp; Violet - Prismatic Evolutions (SV8.5) - Costco 2-Pack Bundle online at great prices now! Your #1 TCG &amp; Pok\u00e9mon card shop in Switzerland \u2713 Free shipping from CHF 29\" \/>\n<meta name=\"robots\" content=\"index, follow, max-snippet:-1, max-image-preview:large, max-video-preview:-1\" \/>\n<link rel=\"canonical\" href=\"https:\/\/theuncommonshop.ch\/en\/product\/pokemon-scarlet-violet-prismatic-evolutions-sv8-5-costco-2-pack-bundle-2\/\" \/>\n<meta property=\"og:locale\" content=\"en_US\" \/>\n<meta property=\"og:type\" content=\"article\" \/>\n<meta property=\"og:title\" content=\"Buy Pok\u00e9mon - Scarlet &amp; Violet - Prismatic Evolutions (SV8.5) - Costco 2-Pack Bundle\" \/>\n<meta property=\"og:description\" content=\"Shop Pok\u00e9mon - Scarlet &amp; Violet - Prismatic Evolutions (SV8.5) - Costco 2-Pack Bundle online at great prices now! Your #1 TCG &amp; Pok\u00e9mon card shop in Switzerland \u2713 Free shipping from CHF 29\" \/>\n<meta property=\"og:url\" content=\"https:\/\/theuncommonshop.ch\/en\/product\/pokemon-scarlet-violet-prismatic-evolutions-sv8-5-costco-2-pack-bundle-2\/\" \/>\n<meta property=\"og:site_name\" content=\"Largest trading card shop in Switzerland\" \/>\n<meta property=\"article:modified_time\" content=\"2026-03-28T14:30:02+00:00\" \/>\n<meta property=\"og:image\" content=\"https:\/\/theuncommonshop.ch\/wp-content\/uploads\/2026\/01\/COSTCO1.jpg\" \/>\n\t<meta property=\"og:image:width\" content=\"1000\" \/>\n\t<meta property=\"og:image:height\" content=\"648\" \/>\n\t<meta property=\"og:image:type\" content=\"image\/jpeg\" \/>\n<meta name=\"twitter:card\" content=\"summary_large_image\" \/>\n<meta name=\"twitter:label1\" content=\"Price\" \/>\n\t<meta name=\"twitter:data1\" content=\"&#067;&#072;&#070;&nbsp;249.95\" \/>\n\t<meta name=\"twitter:label2\" content=\"Availability\" \/>\n\t<meta name=\"twitter:data2\" content=\"Out of stock\" \/>\n<script type=\"application\/ld+json\" class=\"yoast-schema-graph\">{\"@context\":\"https:\\\/\\\/schema.org\",\"@graph\":[{\"@type\":\"WebPage\",\"@id\":\"https:\\\/\\\/theuncommonshop.ch\\\/en\\\/product\\\/pokemon-scarlet-violet-prismatic-evolutions-sv8-5-costco-2-pack-bundle-2\\\/\",\"url\":\"https:\\\/\\\/theuncommonshop.ch\\\/en\\\/product\\\/pokemon-scarlet-violet-prismatic-evolutions-sv8-5-costco-2-pack-bundle-2\\\/\",\"name\":\"Buy Pok\u00e9mon - Scarlet &amp; Violet - Prismatic Evolutions (SV8.5) - Costco 2-Pack Bundle\",\"isPartOf\":{\"@id\":\"https:\\\/\\\/theuncommonshop.ch\\\/#website\"},\"primaryImageOfPage\":{\"@id\":\"https:\\\/\\\/theuncommonshop.ch\\\/en\\\/product\\\/pokemon-scarlet-violet-prismatic-evolutions-sv8-5-costco-2-pack-bundle-2\\\/#primaryimage\"},\"image\":{\"@id\":\"https:\\\/\\\/theuncommonshop.ch\\\/en\\\/product\\\/pokemon-scarlet-violet-prismatic-evolutions-sv8-5-costco-2-pack-bundle-2\\\/#primaryimage\"},\"thumbnailUrl\":\"https:\\\/\\\/theuncommonshop.ch\\\/wp-content\\\/uploads\\\/2026\\\/01\\\/COSTCO1.jpg\",\"datePublished\":\"2026-01-27T22:12:31+00:00\",\"dateModified\":\"2026-03-28T14:30:02+00:00\",\"description\":\"Shop Pok\u00e9mon - Scarlet &amp; Violet - Prismatic Evolutions (SV8.5) - Costco 2-Pack Bundle online at great prices now! Your #1 TCG & Pok\u00e9mon card shop in Switzerland \u2713 Free shipping from CHF 29\",\"breadcrumb\":{\"@id\":\"https:\\\/\\\/theuncommonshop.ch\\\/en\\\/product\\\/pokemon-scarlet-violet-prismatic-evolutions-sv8-5-costco-2-pack-bundle-2\\\/#breadcrumb\"},\"inLanguage\":\"en-US\",\"potentialAction\":[{\"@type\":\"ReadAction\",\"target\":[\"https:\\\/\\\/theuncommonshop.ch\\\/en\\\/product\\\/pokemon-scarlet-violet-prismatic-evolutions-sv8-5-costco-2-pack-bundle-2\\\/\"]}]},{\"@type\":\"ImageObject\",\"inLanguage\":\"en-US\",\"@id\":\"https:\\\/\\\/theuncommonshop.ch\\\/en\\\/product\\\/pokemon-scarlet-violet-prismatic-evolutions-sv8-5-costco-2-pack-bundle-2\\\/#primaryimage\",\"url\":\"https:\\\/\\\/theuncommonshop.ch\\\/wp-content\\\/uploads\\\/2026\\\/01\\\/COSTCO1.jpg\",\"contentUrl\":\"https:\\\/\\\/theuncommonshop.ch\\\/wp-content\\\/uploads\\\/2026\\\/01\\\/COSTCO1.jpg\",\"width\":1000,\"height\":648},{\"@type\":\"BreadcrumbList\",\"@id\":\"https:\\\/\\\/theuncommonshop.ch\\\/en\\\/product\\\/pokemon-scarlet-violet-prismatic-evolutions-sv8-5-costco-2-pack-bundle-2\\\/#breadcrumb\",\"itemListElement\":[{\"@type\":\"ListItem\",\"position\":1,\"name\":\"Home\",\"item\":\"https:\\\/\\\/theuncommonshop.ch\\\/en\\\/home\\\/\"},{\"@type\":\"ListItem\",\"position\":2,\"name\":\"Store\",\"item\":\"https:\\\/\\\/theuncommonshop.ch\\\/en\\\/store\\\/\"},{\"@type\":\"ListItem\",\"position\":3,\"name\":\"Pok\u00e9mon\",\"item\":\"https:\\\/\\\/theuncommonshop.ch\\\/en\\\/product-category\\\/pokemon-en\\\/\"},{\"@type\":\"ListItem\",\"position\":4,\"name\":\"Products by Sets\",\"item\":\"https:\\\/\\\/theuncommonshop.ch\\\/en\\\/product-category\\\/pokemon-en\\\/products-by-sets\\\/\"},{\"@type\":\"ListItem\",\"position\":5,\"name\":\"Scarlet & Violet\",\"item\":\"https:\\\/\\\/theuncommonshop.ch\\\/en\\\/product-category\\\/pokemon-en\\\/products-by-sets\\\/scarlet-and-violet\\\/\"},{\"@type\":\"ListItem\",\"position\":6,\"name\":\"SV8.5 Prismatic Evolutions\",\"item\":\"https:\\\/\\\/theuncommonshop.ch\\\/en\\\/product-category\\\/pokemon-en\\\/products-by-sets\\\/scarlet-and-violet\\\/sv85-prismatic-evolutions\\\/\"},{\"@type\":\"ListItem\",\"position\":7,\"name\":\"Pok\u00e9mon &#8211; Scarlet &amp; Violet &#8211; Prismatic Evolutions (SV8.5) &#8211; Costco 2-Pack Bundle\"}]},{\"@type\":\"WebSite\",\"@id\":\"https:\\\/\\\/theuncommonshop.ch\\\/#website\",\"url\":\"https:\\\/\\\/theuncommonshop.ch\\\/\",\"name\":\"Largest trading card shop in Switzerland\",\"description\":\"Magic, Pok\u00e9mon and Yu-gi-oh - The Uncommon Shop\",\"potentialAction\":[{\"@type\":\"SearchAction\",\"target\":{\"@type\":\"EntryPoint\",\"urlTemplate\":\"https:\\\/\\\/theuncommonshop.ch\\\/?s={search_term_string}\"},\"query-input\":{\"@type\":\"PropertyValueSpecification\",\"valueRequired\":true,\"valueName\":\"search_term_string\"}}],\"inLanguage\":\"en-US\"}]}<\/script>\n<meta property=\"product:price:amount\" content=\"249.95\" \/>\n<meta property=\"product:price:currency\" content=\"CHF\" \/>\n<meta property=\"og:availability\" content=\"out of stock\" \/>\n<meta property=\"product:availability\" content=\"out of stock\" \/>\n<meta property=\"product:condition\" content=\"new\" \/>\n<!-- \/ Yoast SEO plugin. -->","yoast_head_json":{"title":"Buy Pok\u00e9mon - Scarlet &amp; Violet - Prismatic Evolutions (SV8.5) - Costco 2-Pack Bundle","description":"Shop Pok\u00e9mon - Scarlet &amp; Violet - Prismatic Evolutions (SV8.5) - Costco 2-Pack Bundle online at great prices now! Your #1 TCG & Pok\u00e9mon card shop in Switzerland \u2713 Free shipping from CHF 29","robots":{"index":"index","follow":"follow","max-snippet":"max-snippet:-1","max-image-preview":"max-image-preview:large","max-video-preview":"max-video-preview:-1"},"canonical":"https:\/\/theuncommonshop.ch\/en\/product\/pokemon-scarlet-violet-prismatic-evolutions-sv8-5-costco-2-pack-bundle-2\/","og_locale":"en_US","og_type":"article","og_title":"Buy Pok\u00e9mon - Scarlet &amp; Violet - Prismatic Evolutions (SV8.5) - Costco 2-Pack Bundle","og_description":"Shop Pok\u00e9mon - Scarlet &amp; Violet - Prismatic Evolutions (SV8.5) - Costco 2-Pack Bundle online at great prices now! Your #1 TCG & Pok\u00e9mon card shop in Switzerland \u2713 Free shipping from CHF 29","og_url":"https:\/\/theuncommonshop.ch\/en\/product\/pokemon-scarlet-violet-prismatic-evolutions-sv8-5-costco-2-pack-bundle-2\/","og_site_name":"Largest trading card shop in Switzerland","article_modified_time":"2026-03-28T14:30:02+00:00","og_image":[{"width":1000,"height":648,"url":"https:\/\/theuncommonshop.ch\/wp-content\/uploads\/2026\/01\/COSTCO1.jpg","type":"image\/jpeg"}],"twitter_card":"summary_large_image","twitter_misc":{"Price":"&#67;&#72;&#70;&nbsp;249.95","Availability":"Out of stock"},"schema":{"@context":"https:\/\/schema.org","@graph":[{"@type":"WebPage","@id":"https:\/\/theuncommonshop.ch\/en\/product\/pokemon-scarlet-violet-prismatic-evolutions-sv8-5-costco-2-pack-bundle-2\/","url":"https:\/\/theuncommonshop.ch\/en\/product\/pokemon-scarlet-violet-prismatic-evolutions-sv8-5-costco-2-pack-bundle-2\/","name":"Buy Pok\u00e9mon - Scarlet &amp; Violet - Prismatic Evolutions (SV8.5) - Costco 2-Pack Bundle","isPartOf":{"@id":"https:\/\/theuncommonshop.ch\/#website"},"primaryImageOfPage":{"@id":"https:\/\/theuncommonshop.ch\/en\/product\/pokemon-scarlet-violet-prismatic-evolutions-sv8-5-costco-2-pack-bundle-2\/#primaryimage"},"image":{"@id":"https:\/\/theuncommonshop.ch\/en\/product\/pokemon-scarlet-violet-prismatic-evolutions-sv8-5-costco-2-pack-bundle-2\/#primaryimage"},"thumbnailUrl":"https:\/\/theuncommonshop.ch\/wp-content\/uploads\/2026\/01\/COSTCO1.jpg","datePublished":"2026-01-27T22:12:31+00:00","dateModified":"2026-03-28T14:30:02+00:00","description":"Shop Pok\u00e9mon - Scarlet &amp; Violet - Prismatic Evolutions (SV8.5) - Costco 2-Pack Bundle online at great prices now! Your #1 TCG & Pok\u00e9mon card shop in Switzerland \u2713 Free shipping from CHF 29","breadcrumb":{"@id":"https:\/\/theuncommonshop.ch\/en\/product\/pokemon-scarlet-violet-prismatic-evolutions-sv8-5-costco-2-pack-bundle-2\/#breadcrumb"},"inLanguage":"en-US","potentialAction":[{"@type":"ReadAction","target":["https:\/\/theuncommonshop.ch\/en\/product\/pokemon-scarlet-violet-prismatic-evolutions-sv8-5-costco-2-pack-bundle-2\/"]}]},{"@type":"ImageObject","inLanguage":"en-US","@id":"https:\/\/theuncommonshop.ch\/en\/product\/pokemon-scarlet-violet-prismatic-evolutions-sv8-5-costco-2-pack-bundle-2\/#primaryimage","url":"https:\/\/theuncommonshop.ch\/wp-content\/uploads\/2026\/01\/COSTCO1.jpg","contentUrl":"https:\/\/theuncommonshop.ch\/wp-content\/uploads\/2026\/01\/COSTCO1.jpg","width":1000,"height":648},{"@type":"BreadcrumbList","@id":"https:\/\/theuncommonshop.ch\/en\/product\/pokemon-scarlet-violet-prismatic-evolutions-sv8-5-costco-2-pack-bundle-2\/#breadcrumb","itemListElement":[{"@type":"ListItem","position":1,"name":"Home","item":"https:\/\/theuncommonshop.ch\/en\/home\/"},{"@type":"ListItem","position":2,"name":"Store","item":"https:\/\/theuncommonshop.ch\/en\/store\/"},{"@type":"ListItem","position":3,"name":"Pok\u00e9mon","item":"https:\/\/theuncommonshop.ch\/en\/product-category\/pokemon-en\/"},{"@type":"ListItem","position":4,"name":"Products by Sets","item":"https:\/\/theuncommonshop.ch\/en\/product-category\/pokemon-en\/products-by-sets\/"},{"@type":"ListItem","position":5,"name":"Scarlet & Violet","item":"https:\/\/theuncommonshop.ch\/en\/product-category\/pokemon-en\/products-by-sets\/scarlet-and-violet\/"},{"@type":"ListItem","position":6,"name":"SV8.5 Prismatic Evolutions","item":"https:\/\/theuncommonshop.ch\/en\/product-category\/pokemon-en\/products-by-sets\/scarlet-and-violet\/sv85-prismatic-evolutions\/"},{"@type":"ListItem","position":7,"name":"Pok\u00e9mon &#8211; Scarlet &amp; Violet &#8211; Prismatic Evolutions (SV8.5) &#8211; Costco 2-Pack Bundle"}]},{"@type":"WebSite","@id":"https:\/\/theuncommonshop.ch\/#website","url":"https:\/\/theuncommonshop.ch\/","name":"Largest trading card shop in Switzerland","description":"Magic, Pok\u00e9mon and Yu-gi-oh - The Uncommon Shop","potentialAction":[{"@type":"SearchAction","target":{"@type":"EntryPoint","urlTemplate":"https:\/\/theuncommonshop.ch\/?s={search_term_string}"},"query-input":{"@type":"PropertyValueSpecification","valueRequired":true,"valueName":"search_term_string"}}],"inLanguage":"en-US"}]},"product_price_amount":"249.95","product_price_currency":"CHF","og_availability":"out of stock","product_availability":"out of stock","product_condition":"new"},"_links":{"self":[{"href":"https:\/\/theuncommonshop.ch\/en\/wp-json\/wp\/v2\/product\/308002","targetHints":{"allow":["GET"]}}],"collection":[{"href":"https:\/\/theuncommonshop.ch\/en\/wp-json\/wp\/v2\/product"}],"about":[{"href":"https:\/\/theuncommonshop.ch\/en\/wp-json\/wp\/v2\/types\/product"}],"replies":[{"embeddable":true,"href":"https:\/\/theuncommonshop.ch\/en\/wp-json\/wp\/v2\/comments?post=308002"}],"version-history":[{"count":2,"href":"https:\/\/theuncommonshop.ch\/en\/wp-json\/wp\/v2\/product\/308002\/revisions"}],"predecessor-version":[{"id":353627,"href":"https:\/\/theuncommonshop.ch\/en\/wp-json\/wp\/v2\/product\/308002\/revisions\/353627"}],"wp:featuredmedia":[{"embeddable":true,"href":"https:\/\/theuncommonshop.ch\/en\/wp-json\/wp\/v2\/media\/308005"}],"wp:attachment":[{"href":"https:\/\/theuncommonshop.ch\/en\/wp-json\/wp\/v2\/media?parent=308002"}],"wp:term":[{"taxonomy":"product_brand","embeddable":true,"href":"https:\/\/theuncommonshop.ch\/en\/wp-json\/wp\/v2\/product_brand?post=308002"},{"taxonomy":"product_cat","embeddable":true,"href":"https:\/\/theuncommonshop.ch\/en\/wp-json\/wp\/v2\/product_cat?post=308002"},{"taxonomy":"product_tag","embeddable":true,"href":"https:\/\/theuncommonshop.ch\/en\/wp-json\/wp\/v2\/product_tag?post=308002"}],"curies":[{"name":"wp","href":"https:\/\/api.w.org\/{rel}","templated":true}]}}