{"id":307425,"date":"2026-01-27T02:16:17","date_gmt":"2026-01-27T01:16:17","guid":{"rendered":"http:\/\/theuncommonshop.ch\/produkt\/307425\/"},"modified":"2026-03-08T16:45:10","modified_gmt":"2026-03-08T15:45:10","slug":"ultimate-guard-omnihive-1000-xenoskin-aetherdrift-3","status":"publish","type":"product","link":"https:\/\/theuncommonshop.ch\/en\/product\/ultimate-guard-omnihive-1000-xenoskin-aetherdrift-3\/","title":{"rendered":"Ultimate Guard &#8211; Omnihive 1000+ Xenoskin &#8211; \u00c4therdrift"},"content":{"rendered":"<p>Get ready for Magic the Gatherings action-packed edition Aetherdrift with Ultimate Guards Omnihive 1000+ Xenoskin. Featuring officially licensed MTG artwork, the Omnihive is a bulk storage box designed to hold multiple deck boxes, dice and\/or play-mats at once, or alternatively a large amount of single cards (up to 1000 double-sleeved). The two practical and flexibly positionable magnetic compartments inside are, like the outside of the box, made of full-color printed and durable Xenoskin material and have a gentle microfiber inside. The lid of the Omnihive 1000+ Xenoskin is secured with strong magnets and our ZnapClaw mechanism.   <\/p>\n<ul>\n<li>Designed for up to 1000 (double-sleeved) or 1250 (single-sleeved) standard size cards in Ultimate Guard sleeves<\/li>\n<li>Practical for carrying several decks, dice and\/or play mats<\/li>\n<li>Two magnetic compartments for flexible positioning and storage of accessories and cards (double-sleeved)<\/li>\n<li>Durable Xenoskin material and high-quality microfiber inside<\/li>\n<li>Strong magnetic closure with additional ZnapClaw mechanism<\/li>\n<li>Officially licensed Magic: The Gathering artwork<\/li>\n<li>Dimensions: 407 \u00d7 238 \u00d7 92 mm<\/li>\n<\/ul>\n","protected":false},"excerpt":{"rendered":"<p>Get ready for Magic the Gatherings action-packed edition Aetherdrift with Ultimate Guards Omnihive 1000+ Xenoskin. Featuring officially licensed MTG artwork,<\/p>\n","protected":false},"featured_media":307431,"comment_status":"open","ping_status":"closed","template":"","meta":{"_acf_changed":false},"product_brand":[5089],"product_cat":[10258,9874,10256,9866,9858,9876],"product_tag":[],"class_list":{"0":"post-307425","1":"product","2":"type-product","3":"status-publish","4":"has-post-thumbnail","6":"product_brand-ultimate-guard","7":"product_cat-everything","8":"product_cat-large-deck-boxes","9":"product_cat-magic-deck-boxes","10":"product_cat-storage","11":"product_cat-tcg-accessories","12":"product_cat-ultimate-guard-en","14":"first","15":"outofstock","16":"taxable","17":"shipping-taxable","18":"purchasable","19":"product-type-simple"},"acf":[],"yoast_head":"<!-- This site is optimized with the Yoast SEO plugin v27.4 - https:\/\/yoast.com\/product\/yoast-seo-wordpress\/ -->\n<title>Buy Ultimate Guard - Omnihive 1000+ Xenoskin - \u00c4therdrift<\/title>\n<meta name=\"description\" content=\"Shop Ultimate Guard - Omnihive 1000+ Xenoskin - \u00c4therdrift online at great prices now! Your #1 TCG &amp; Pok\u00e9mon card shop in Switzerland \u2713 Free shipping from CHF 29\" \/>\n<meta name=\"robots\" content=\"index, follow, max-snippet:-1, max-image-preview:large, max-video-preview:-1\" \/>\n<link rel=\"canonical\" href=\"https:\/\/theuncommonshop.ch\/en\/product\/ultimate-guard-omnihive-1000-xenoskin-aetherdrift-3\/\" \/>\n<meta property=\"og:locale\" content=\"en_US\" \/>\n<meta property=\"og:type\" content=\"article\" \/>\n<meta property=\"og:title\" content=\"Buy Ultimate Guard - Omnihive 1000+ Xenoskin - \u00c4therdrift\" \/>\n<meta property=\"og:description\" content=\"Shop Ultimate Guard - Omnihive 1000+ Xenoskin - \u00c4therdrift online at great prices now! Your #1 TCG &amp; Pok\u00e9mon card shop in Switzerland \u2713 Free shipping from CHF 29\" \/>\n<meta property=\"og:url\" content=\"https:\/\/theuncommonshop.ch\/en\/product\/ultimate-guard-omnihive-1000-xenoskin-aetherdrift-3\/\" \/>\n<meta property=\"og:site_name\" content=\"Largest trading card shop in Switzerland\" \/>\n<meta property=\"article:modified_time\" content=\"2026-03-08T15:45:10+00:00\" \/>\n<meta property=\"og:image\" content=\"https:\/\/theuncommonshop.ch\/wp-content\/uploads\/2026\/01\/Aether1.jpg\" \/>\n\t<meta property=\"og:image:width\" content=\"1000\" \/>\n\t<meta property=\"og:image:height\" content=\"1000\" \/>\n\t<meta property=\"og:image:type\" content=\"image\/jpeg\" \/>\n<meta name=\"twitter:card\" content=\"summary_large_image\" \/>\n<meta name=\"twitter:label1\" content=\"Price\" \/>\n\t<meta name=\"twitter:data1\" content=\"&#067;&#072;&#070;&nbsp;84.95\" \/>\n\t<meta name=\"twitter:label2\" content=\"Availability\" \/>\n\t<meta name=\"twitter:data2\" content=\"Out of stock\" \/>\n<script type=\"application\/ld+json\" class=\"yoast-schema-graph\">{\"@context\":\"https:\\\/\\\/schema.org\",\"@graph\":[{\"@type\":\"WebPage\",\"@id\":\"https:\\\/\\\/theuncommonshop.ch\\\/en\\\/product\\\/ultimate-guard-omnihive-1000-xenoskin-aetherdrift-3\\\/\",\"url\":\"https:\\\/\\\/theuncommonshop.ch\\\/en\\\/product\\\/ultimate-guard-omnihive-1000-xenoskin-aetherdrift-3\\\/\",\"name\":\"Buy Ultimate Guard - Omnihive 1000+ Xenoskin - \u00c4therdrift\",\"isPartOf\":{\"@id\":\"https:\\\/\\\/theuncommonshop.ch\\\/#website\"},\"primaryImageOfPage\":{\"@id\":\"https:\\\/\\\/theuncommonshop.ch\\\/en\\\/product\\\/ultimate-guard-omnihive-1000-xenoskin-aetherdrift-3\\\/#primaryimage\"},\"image\":{\"@id\":\"https:\\\/\\\/theuncommonshop.ch\\\/en\\\/product\\\/ultimate-guard-omnihive-1000-xenoskin-aetherdrift-3\\\/#primaryimage\"},\"thumbnailUrl\":\"https:\\\/\\\/theuncommonshop.ch\\\/wp-content\\\/uploads\\\/2026\\\/01\\\/Aether1.jpg\",\"datePublished\":\"2026-01-27T01:16:17+00:00\",\"dateModified\":\"2026-03-08T15:45:10+00:00\",\"description\":\"Shop Ultimate Guard - Omnihive 1000+ Xenoskin - \u00c4therdrift online at great prices now! Your #1 TCG & Pok\u00e9mon card shop in Switzerland \u2713 Free shipping from CHF 29\",\"breadcrumb\":{\"@id\":\"https:\\\/\\\/theuncommonshop.ch\\\/en\\\/product\\\/ultimate-guard-omnihive-1000-xenoskin-aetherdrift-3\\\/#breadcrumb\"},\"inLanguage\":\"en-US\",\"potentialAction\":[{\"@type\":\"ReadAction\",\"target\":[\"https:\\\/\\\/theuncommonshop.ch\\\/en\\\/product\\\/ultimate-guard-omnihive-1000-xenoskin-aetherdrift-3\\\/\"]}]},{\"@type\":\"ImageObject\",\"inLanguage\":\"en-US\",\"@id\":\"https:\\\/\\\/theuncommonshop.ch\\\/en\\\/product\\\/ultimate-guard-omnihive-1000-xenoskin-aetherdrift-3\\\/#primaryimage\",\"url\":\"https:\\\/\\\/theuncommonshop.ch\\\/wp-content\\\/uploads\\\/2026\\\/01\\\/Aether1.jpg\",\"contentUrl\":\"https:\\\/\\\/theuncommonshop.ch\\\/wp-content\\\/uploads\\\/2026\\\/01\\\/Aether1.jpg\",\"width\":1000,\"height\":1000},{\"@type\":\"BreadcrumbList\",\"@id\":\"https:\\\/\\\/theuncommonshop.ch\\\/en\\\/product\\\/ultimate-guard-omnihive-1000-xenoskin-aetherdrift-3\\\/#breadcrumb\",\"itemListElement\":[{\"@type\":\"ListItem\",\"position\":1,\"name\":\"Home\",\"item\":\"https:\\\/\\\/theuncommonshop.ch\\\/en\\\/home\\\/\"},{\"@type\":\"ListItem\",\"position\":2,\"name\":\"Store\",\"item\":\"https:\\\/\\\/theuncommonshop.ch\\\/en\\\/store\\\/\"},{\"@type\":\"ListItem\",\"position\":3,\"name\":\"TCG Accessories\",\"item\":\"https:\\\/\\\/theuncommonshop.ch\\\/en\\\/product-category\\\/tcg-accessories\\\/\"},{\"@type\":\"ListItem\",\"position\":4,\"name\":\"Storage\",\"item\":\"https:\\\/\\\/theuncommonshop.ch\\\/en\\\/product-category\\\/tcg-accessories\\\/storage\\\/\"},{\"@type\":\"ListItem\",\"position\":5,\"name\":\"Everything\",\"item\":\"https:\\\/\\\/theuncommonshop.ch\\\/en\\\/product-category\\\/tcg-accessories\\\/storage\\\/everything\\\/\"},{\"@type\":\"ListItem\",\"position\":6,\"name\":\"Ultimate Guard &#8211; Omnihive 1000+ Xenoskin &#8211; \u00c4therdrift\"}]},{\"@type\":\"WebSite\",\"@id\":\"https:\\\/\\\/theuncommonshop.ch\\\/#website\",\"url\":\"https:\\\/\\\/theuncommonshop.ch\\\/\",\"name\":\"Largest trading card shop in Switzerland\",\"description\":\"Magic, Pok\u00e9mon and Yu-gi-oh - The Uncommon Shop\",\"potentialAction\":[{\"@type\":\"SearchAction\",\"target\":{\"@type\":\"EntryPoint\",\"urlTemplate\":\"https:\\\/\\\/theuncommonshop.ch\\\/?s={search_term_string}\"},\"query-input\":{\"@type\":\"PropertyValueSpecification\",\"valueRequired\":true,\"valueName\":\"search_term_string\"}}],\"inLanguage\":\"en-US\"}]}<\/script>\n<meta property=\"product:price:amount\" content=\"84.95\" \/>\n<meta property=\"product:price:currency\" content=\"CHF\" \/>\n<meta property=\"og:availability\" content=\"out of stock\" \/>\n<meta property=\"product:availability\" content=\"out of stock\" \/>\n<meta property=\"product:retailer_item_id\" content=\"ZU.XIII.F.OmnihiveAetherdrift\" \/>\n<meta property=\"product:condition\" content=\"new\" \/>\n<!-- \/ Yoast SEO plugin. -->","yoast_head_json":{"title":"Buy Ultimate Guard - Omnihive 1000+ Xenoskin - \u00c4therdrift","description":"Shop Ultimate Guard - Omnihive 1000+ Xenoskin - \u00c4therdrift online at great prices now! Your #1 TCG & Pok\u00e9mon card shop in Switzerland \u2713 Free shipping from CHF 29","robots":{"index":"index","follow":"follow","max-snippet":"max-snippet:-1","max-image-preview":"max-image-preview:large","max-video-preview":"max-video-preview:-1"},"canonical":"https:\/\/theuncommonshop.ch\/en\/product\/ultimate-guard-omnihive-1000-xenoskin-aetherdrift-3\/","og_locale":"en_US","og_type":"article","og_title":"Buy Ultimate Guard - Omnihive 1000+ Xenoskin - \u00c4therdrift","og_description":"Shop Ultimate Guard - Omnihive 1000+ Xenoskin - \u00c4therdrift online at great prices now! Your #1 TCG & Pok\u00e9mon card shop in Switzerland \u2713 Free shipping from CHF 29","og_url":"https:\/\/theuncommonshop.ch\/en\/product\/ultimate-guard-omnihive-1000-xenoskin-aetherdrift-3\/","og_site_name":"Largest trading card shop in Switzerland","article_modified_time":"2026-03-08T15:45:10+00:00","og_image":[{"width":1000,"height":1000,"url":"https:\/\/theuncommonshop.ch\/wp-content\/uploads\/2026\/01\/Aether1.jpg","type":"image\/jpeg"}],"twitter_card":"summary_large_image","twitter_misc":{"Price":"&#67;&#72;&#70;&nbsp;84.95","Availability":"Out of stock"},"schema":{"@context":"https:\/\/schema.org","@graph":[{"@type":"WebPage","@id":"https:\/\/theuncommonshop.ch\/en\/product\/ultimate-guard-omnihive-1000-xenoskin-aetherdrift-3\/","url":"https:\/\/theuncommonshop.ch\/en\/product\/ultimate-guard-omnihive-1000-xenoskin-aetherdrift-3\/","name":"Buy Ultimate Guard - Omnihive 1000+ Xenoskin - \u00c4therdrift","isPartOf":{"@id":"https:\/\/theuncommonshop.ch\/#website"},"primaryImageOfPage":{"@id":"https:\/\/theuncommonshop.ch\/en\/product\/ultimate-guard-omnihive-1000-xenoskin-aetherdrift-3\/#primaryimage"},"image":{"@id":"https:\/\/theuncommonshop.ch\/en\/product\/ultimate-guard-omnihive-1000-xenoskin-aetherdrift-3\/#primaryimage"},"thumbnailUrl":"https:\/\/theuncommonshop.ch\/wp-content\/uploads\/2026\/01\/Aether1.jpg","datePublished":"2026-01-27T01:16:17+00:00","dateModified":"2026-03-08T15:45:10+00:00","description":"Shop Ultimate Guard - Omnihive 1000+ Xenoskin - \u00c4therdrift online at great prices now! Your #1 TCG & Pok\u00e9mon card shop in Switzerland \u2713 Free shipping from CHF 29","breadcrumb":{"@id":"https:\/\/theuncommonshop.ch\/en\/product\/ultimate-guard-omnihive-1000-xenoskin-aetherdrift-3\/#breadcrumb"},"inLanguage":"en-US","potentialAction":[{"@type":"ReadAction","target":["https:\/\/theuncommonshop.ch\/en\/product\/ultimate-guard-omnihive-1000-xenoskin-aetherdrift-3\/"]}]},{"@type":"ImageObject","inLanguage":"en-US","@id":"https:\/\/theuncommonshop.ch\/en\/product\/ultimate-guard-omnihive-1000-xenoskin-aetherdrift-3\/#primaryimage","url":"https:\/\/theuncommonshop.ch\/wp-content\/uploads\/2026\/01\/Aether1.jpg","contentUrl":"https:\/\/theuncommonshop.ch\/wp-content\/uploads\/2026\/01\/Aether1.jpg","width":1000,"height":1000},{"@type":"BreadcrumbList","@id":"https:\/\/theuncommonshop.ch\/en\/product\/ultimate-guard-omnihive-1000-xenoskin-aetherdrift-3\/#breadcrumb","itemListElement":[{"@type":"ListItem","position":1,"name":"Home","item":"https:\/\/theuncommonshop.ch\/en\/home\/"},{"@type":"ListItem","position":2,"name":"Store","item":"https:\/\/theuncommonshop.ch\/en\/store\/"},{"@type":"ListItem","position":3,"name":"TCG Accessories","item":"https:\/\/theuncommonshop.ch\/en\/product-category\/tcg-accessories\/"},{"@type":"ListItem","position":4,"name":"Storage","item":"https:\/\/theuncommonshop.ch\/en\/product-category\/tcg-accessories\/storage\/"},{"@type":"ListItem","position":5,"name":"Everything","item":"https:\/\/theuncommonshop.ch\/en\/product-category\/tcg-accessories\/storage\/everything\/"},{"@type":"ListItem","position":6,"name":"Ultimate Guard &#8211; Omnihive 1000+ Xenoskin &#8211; \u00c4therdrift"}]},{"@type":"WebSite","@id":"https:\/\/theuncommonshop.ch\/#website","url":"https:\/\/theuncommonshop.ch\/","name":"Largest trading card shop in Switzerland","description":"Magic, Pok\u00e9mon and Yu-gi-oh - The Uncommon Shop","potentialAction":[{"@type":"SearchAction","target":{"@type":"EntryPoint","urlTemplate":"https:\/\/theuncommonshop.ch\/?s={search_term_string}"},"query-input":{"@type":"PropertyValueSpecification","valueRequired":true,"valueName":"search_term_string"}}],"inLanguage":"en-US"}]},"product_price_amount":"84.95","product_price_currency":"CHF","og_availability":"out of stock","product_availability":"out of stock","product_retailer_item_id":"ZU.XIII.F.OmnihiveAetherdrift","product_condition":"new"},"_links":{"self":[{"href":"https:\/\/theuncommonshop.ch\/en\/wp-json\/wp\/v2\/product\/307425","targetHints":{"allow":["GET"]}}],"collection":[{"href":"https:\/\/theuncommonshop.ch\/en\/wp-json\/wp\/v2\/product"}],"about":[{"href":"https:\/\/theuncommonshop.ch\/en\/wp-json\/wp\/v2\/types\/product"}],"replies":[{"embeddable":true,"href":"https:\/\/theuncommonshop.ch\/en\/wp-json\/wp\/v2\/comments?post=307425"}],"version-history":[{"count":1,"href":"https:\/\/theuncommonshop.ch\/en\/wp-json\/wp\/v2\/product\/307425\/revisions"}],"predecessor-version":[{"id":307434,"href":"https:\/\/theuncommonshop.ch\/en\/wp-json\/wp\/v2\/product\/307425\/revisions\/307434"}],"wp:featuredmedia":[{"embeddable":true,"href":"https:\/\/theuncommonshop.ch\/en\/wp-json\/wp\/v2\/media\/307431"}],"wp:attachment":[{"href":"https:\/\/theuncommonshop.ch\/en\/wp-json\/wp\/v2\/media?parent=307425"}],"wp:term":[{"taxonomy":"product_brand","embeddable":true,"href":"https:\/\/theuncommonshop.ch\/en\/wp-json\/wp\/v2\/product_brand?post=307425"},{"taxonomy":"product_cat","embeddable":true,"href":"https:\/\/theuncommonshop.ch\/en\/wp-json\/wp\/v2\/product_cat?post=307425"},{"taxonomy":"product_tag","embeddable":true,"href":"https:\/\/theuncommonshop.ch\/en\/wp-json\/wp\/v2\/product_tag?post=307425"}],"curies":[{"name":"wp","href":"https:\/\/api.w.org\/{rel}","templated":true}]}}