{"id":307147,"date":"2026-03-01T18:49:08","date_gmt":"2026-03-01T17:49:08","guid":{"rendered":"http:\/\/theuncommonshop.ch\/produkt\/307147\/"},"modified":"2026-03-31T18:09:29","modified_gmt":"2026-03-31T16:09:29","slug":"topps-los-blancos-real-madrid-2025-26-hobby-box-3","status":"publish","type":"product","link":"https:\/\/theuncommonshop.ch\/en\/product\/topps-los-blancos-real-madrid-2025-26-hobby-box-3\/","title":{"rendered":"Topps &#8211; Los Blancos Real Madrid 2025\/26 &#8211; Hobby Box"},"content":{"rendered":"<p>Introducing Topps Los Blancos Real Madrid 2025\/26 &#8211; the ultimate collection for fans of one of the most iconic soccer clubs in the world! Celebrate Real Madrid&#8217;s legacy with a card collection that brings together current stars, legends and unforgettable moments. Whether you&#8217;re a seasoned collector or a passionate fan, this set brings the magic of the game right into your hands.  <\/p>\n<p>The collection includes captivating Base subsets such as Los Blancos, featuring the men&#8217;s professional team and rookies, and Los Blancos Futuro, highlighting young talent from the first team and youth. Portrait Posers is a premium subset with stunning images of the first team and legends. <\/p>\n<p>Expand your collection with exciting inserts such as Modern Madrid, which features both current stars and legends, and Intergal\u00e1cticos, which celebrates the Gal\u00e1cticos with cosmic design. Quindecennial pays tribute to Real&#8217;s 15th triumph in the UEFA Champions League. The ultimate highlights include the case hits Black Blancos and Inverted Black Blancos as well as the Super Short Print (SSP) To Be Written, which combines shooting star Endrick with legends in a unique parallel concept.  <\/p>\n<p>Special subsets are dedicated to Vin\u00edcius Jr. with Vintage Vini, which traces his journey at Real Madrid, and Mbapp\u00e9 in Madrid, which celebrates Kylian Mbapp\u00e9&#8217;s growing influence at the club. <\/p>\n<p>The collection also includes coveted autograph cards such as La Casa Blanca Autographs, Three Kings Autographs, Samba Sands Autographs, Jude the Victor Autographs and King Vini Autographs &#8211; featuring signatures from current stars, legends and up-and-coming rookies.<\/p>\n<p>An absolute highlight is the Super Mbapp\u00e9 Relic, which contains a piece of the match ball and confetti from Real&#8217;s UEFA Super Cup victory in 2024 and honors Mbapp\u00e9&#8217;s debut and his first goal for the club.<\/p>\n<p>BONUS HITS Look out for the artfully drawn Sketch Cards &#8211; another coveted SSP!<\/p>\n<p>9 Packs per box, 5 cards per Pack<\/p>\n<p>3 autographs per box<\/p>\n<p>2 consecutively numbered parallels per box<\/p>\n<p>1 galaxial parallel per box<\/p>\n","protected":false},"excerpt":{"rendered":"<p>Introducing Topps Los Blancos Real Madrid 2025\/26 &#8211; the ultimate collection for fans of one of the most iconic soccer<\/p>\n","protected":false},"featured_media":301762,"comment_status":"open","ping_status":"closed","template":"","meta":{"_acf_changed":false},"product_brand":[5131],"product_cat":[9784,9796,10326,10322],"product_tag":[],"class_list":{"0":"post-307147","1":"product","2":"type-product","3":"status-publish","4":"has-post-thumbnail","6":"product_brand-topps","7":"product_cat-more-trading-cards","8":"product_cat-topps-cards","9":"product_cat-topps-soccer","10":"product_cat-topps-sports-cards","12":"first","13":"instock","14":"taxable","15":"shipping-taxable","16":"purchasable","17":"product-type-simple"},"acf":[],"yoast_head":"<!-- This site is optimized with the Yoast SEO plugin v27.4 - https:\/\/yoast.com\/product\/yoast-seo-wordpress\/ -->\n<title>Buy Topps - Los Blancos Real Madrid 2025\/26 - Hobby Box<\/title>\n<meta name=\"description\" content=\"Shop Topps - Los Blancos Real Madrid 2025\/26 - Hobby Box online at great prices now! Your #1 TCG &amp; Pok\u00e9mon card shop in Switzerland \u2713 Free shipping from CHF 29\" \/>\n<meta name=\"robots\" content=\"index, follow, max-snippet:-1, max-image-preview:large, max-video-preview:-1\" \/>\n<link rel=\"canonical\" href=\"https:\/\/theuncommonshop.ch\/en\/product\/topps-los-blancos-real-madrid-2025-26-hobby-box-3\/\" \/>\n<meta property=\"og:locale\" content=\"en_US\" \/>\n<meta property=\"og:type\" content=\"article\" \/>\n<meta property=\"og:title\" content=\"Buy Topps - Los Blancos Real Madrid 2025\/26 - Hobby Box\" \/>\n<meta property=\"og:description\" content=\"Shop Topps - Los Blancos Real Madrid 2025\/26 - Hobby Box online at great prices now! Your #1 TCG &amp; Pok\u00e9mon card shop in Switzerland \u2713 Free shipping from CHF 29\" \/>\n<meta property=\"og:url\" content=\"https:\/\/theuncommonshop.ch\/en\/product\/topps-los-blancos-real-madrid-2025-26-hobby-box-3\/\" \/>\n<meta property=\"og:site_name\" content=\"Largest trading card shop in Switzerland\" \/>\n<meta property=\"article:modified_time\" content=\"2026-03-31T16:09:29+00:00\" \/>\n<meta property=\"og:image\" content=\"https:\/\/theuncommonshop.ch\/wp-content\/uploads\/2026\/03\/D1.webp\" \/>\n\t<meta property=\"og:image:width\" content=\"571\" \/>\n\t<meta property=\"og:image:height\" content=\"800\" \/>\n\t<meta property=\"og:image:type\" content=\"image\/webp\" \/>\n<meta name=\"twitter:card\" content=\"summary_large_image\" \/>\n<meta name=\"twitter:label1\" content=\"Price\" \/>\n\t<meta name=\"twitter:data1\" content=\"&#067;&#072;&#070;&nbsp;629.95\" \/>\n\t<meta name=\"twitter:label2\" content=\"Availability\" \/>\n\t<meta name=\"twitter:data2\" content=\"In stock\" \/>\n<script type=\"application\/ld+json\" class=\"yoast-schema-graph\">{\"@context\":\"https:\\\/\\\/schema.org\",\"@graph\":[{\"@type\":\"WebPage\",\"@id\":\"https:\\\/\\\/theuncommonshop.ch\\\/en\\\/product\\\/topps-los-blancos-real-madrid-2025-26-hobby-box-3\\\/\",\"url\":\"https:\\\/\\\/theuncommonshop.ch\\\/en\\\/product\\\/topps-los-blancos-real-madrid-2025-26-hobby-box-3\\\/\",\"name\":\"Buy Topps - Los Blancos Real Madrid 2025\\\/26 - Hobby Box\",\"isPartOf\":{\"@id\":\"https:\\\/\\\/theuncommonshop.ch\\\/#website\"},\"primaryImageOfPage\":{\"@id\":\"https:\\\/\\\/theuncommonshop.ch\\\/en\\\/product\\\/topps-los-blancos-real-madrid-2025-26-hobby-box-3\\\/#primaryimage\"},\"image\":{\"@id\":\"https:\\\/\\\/theuncommonshop.ch\\\/en\\\/product\\\/topps-los-blancos-real-madrid-2025-26-hobby-box-3\\\/#primaryimage\"},\"thumbnailUrl\":\"https:\\\/\\\/theuncommonshop.ch\\\/wp-content\\\/uploads\\\/2026\\\/03\\\/D1.webp\",\"datePublished\":\"2026-03-01T17:49:08+00:00\",\"dateModified\":\"2026-03-31T16:09:29+00:00\",\"description\":\"Shop Topps - Los Blancos Real Madrid 2025\\\/26 - Hobby Box online at great prices now! Your #1 TCG & Pok\u00e9mon card shop in Switzerland \u2713 Free shipping from CHF 29\",\"breadcrumb\":{\"@id\":\"https:\\\/\\\/theuncommonshop.ch\\\/en\\\/product\\\/topps-los-blancos-real-madrid-2025-26-hobby-box-3\\\/#breadcrumb\"},\"inLanguage\":\"en-US\",\"potentialAction\":[{\"@type\":\"ReadAction\",\"target\":[\"https:\\\/\\\/theuncommonshop.ch\\\/en\\\/product\\\/topps-los-blancos-real-madrid-2025-26-hobby-box-3\\\/\"]}]},{\"@type\":\"ImageObject\",\"inLanguage\":\"en-US\",\"@id\":\"https:\\\/\\\/theuncommonshop.ch\\\/en\\\/product\\\/topps-los-blancos-real-madrid-2025-26-hobby-box-3\\\/#primaryimage\",\"url\":\"https:\\\/\\\/theuncommonshop.ch\\\/wp-content\\\/uploads\\\/2026\\\/03\\\/D1.webp\",\"contentUrl\":\"https:\\\/\\\/theuncommonshop.ch\\\/wp-content\\\/uploads\\\/2026\\\/03\\\/D1.webp\",\"width\":571,\"height\":800},{\"@type\":\"BreadcrumbList\",\"@id\":\"https:\\\/\\\/theuncommonshop.ch\\\/en\\\/product\\\/topps-los-blancos-real-madrid-2025-26-hobby-box-3\\\/#breadcrumb\",\"itemListElement\":[{\"@type\":\"ListItem\",\"position\":1,\"name\":\"Home\",\"item\":\"https:\\\/\\\/theuncommonshop.ch\\\/en\\\/home\\\/\"},{\"@type\":\"ListItem\",\"position\":2,\"name\":\"Store\",\"item\":\"https:\\\/\\\/theuncommonshop.ch\\\/en\\\/store\\\/\"},{\"@type\":\"ListItem\",\"position\":3,\"name\":\"Weitere Sammelkarten\",\"item\":\"https:\\\/\\\/theuncommonshop.ch\\\/produktkategorie\\\/weitere-sammelkarten\\\/\"},{\"@type\":\"ListItem\",\"position\":4,\"name\":\"Topps Karten\",\"item\":\"https:\\\/\\\/theuncommonshop.ch\\\/produktkategorie\\\/weitere-sammelkarten\\\/topps-karten\\\/\"},{\"@type\":\"ListItem\",\"position\":5,\"name\":\"Topps Sportkarten\",\"item\":\"https:\\\/\\\/theuncommonshop.ch\\\/produktkategorie\\\/weitere-sammelkarten\\\/topps-karten\\\/topps-sportkarten\\\/\"},{\"@type\":\"ListItem\",\"position\":6,\"name\":\"Topps Fussball\",\"item\":\"https:\\\/\\\/theuncommonshop.ch\\\/produktkategorie\\\/weitere-sammelkarten\\\/topps-karten\\\/topps-sportkarten\\\/topps-fussball\\\/\"},{\"@type\":\"ListItem\",\"position\":7,\"name\":\"Topps &#8211; Los Blancos Real Madrid 2025\\\/26 &#8211; Hobby Box\"}]},{\"@type\":\"WebSite\",\"@id\":\"https:\\\/\\\/theuncommonshop.ch\\\/#website\",\"url\":\"https:\\\/\\\/theuncommonshop.ch\\\/\",\"name\":\"Largest trading card shop in Switzerland\",\"description\":\"Magic, Pok\u00e9mon and Yu-gi-oh - The Uncommon Shop\",\"potentialAction\":[{\"@type\":\"SearchAction\",\"target\":{\"@type\":\"EntryPoint\",\"urlTemplate\":\"https:\\\/\\\/theuncommonshop.ch\\\/?s={search_term_string}\"},\"query-input\":{\"@type\":\"PropertyValueSpecification\",\"valueRequired\":true,\"valueName\":\"search_term_string\"}}],\"inLanguage\":\"en-US\"}]}<\/script>\n<meta property=\"product:price:amount\" content=\"629.95\" \/>\n<meta property=\"product:price:currency\" content=\"CHF\" \/>\n<meta property=\"og:availability\" content=\"instock\" \/>\n<meta property=\"product:availability\" content=\"instock\" \/>\n<meta property=\"product:retailer_item_id\" content=\"66721\" \/>\n<meta property=\"product:condition\" content=\"new\" \/>\n<!-- \/ Yoast SEO plugin. -->","yoast_head_json":{"title":"Buy Topps - Los Blancos Real Madrid 2025\/26 - Hobby Box","description":"Shop Topps - Los Blancos Real Madrid 2025\/26 - Hobby Box online at great prices now! Your #1 TCG & Pok\u00e9mon card shop in Switzerland \u2713 Free shipping from CHF 29","robots":{"index":"index","follow":"follow","max-snippet":"max-snippet:-1","max-image-preview":"max-image-preview:large","max-video-preview":"max-video-preview:-1"},"canonical":"https:\/\/theuncommonshop.ch\/en\/product\/topps-los-blancos-real-madrid-2025-26-hobby-box-3\/","og_locale":"en_US","og_type":"article","og_title":"Buy Topps - Los Blancos Real Madrid 2025\/26 - Hobby Box","og_description":"Shop Topps - Los Blancos Real Madrid 2025\/26 - Hobby Box online at great prices now! Your #1 TCG & Pok\u00e9mon card shop in Switzerland \u2713 Free shipping from CHF 29","og_url":"https:\/\/theuncommonshop.ch\/en\/product\/topps-los-blancos-real-madrid-2025-26-hobby-box-3\/","og_site_name":"Largest trading card shop in Switzerland","article_modified_time":"2026-03-31T16:09:29+00:00","og_image":[{"width":571,"height":800,"url":"https:\/\/theuncommonshop.ch\/wp-content\/uploads\/2026\/03\/D1.webp","type":"image\/webp"}],"twitter_card":"summary_large_image","twitter_misc":{"Price":"&#67;&#72;&#70;&nbsp;629.95","Availability":"In stock"},"schema":{"@context":"https:\/\/schema.org","@graph":[{"@type":"WebPage","@id":"https:\/\/theuncommonshop.ch\/en\/product\/topps-los-blancos-real-madrid-2025-26-hobby-box-3\/","url":"https:\/\/theuncommonshop.ch\/en\/product\/topps-los-blancos-real-madrid-2025-26-hobby-box-3\/","name":"Buy Topps - Los Blancos Real Madrid 2025\/26 - Hobby Box","isPartOf":{"@id":"https:\/\/theuncommonshop.ch\/#website"},"primaryImageOfPage":{"@id":"https:\/\/theuncommonshop.ch\/en\/product\/topps-los-blancos-real-madrid-2025-26-hobby-box-3\/#primaryimage"},"image":{"@id":"https:\/\/theuncommonshop.ch\/en\/product\/topps-los-blancos-real-madrid-2025-26-hobby-box-3\/#primaryimage"},"thumbnailUrl":"https:\/\/theuncommonshop.ch\/wp-content\/uploads\/2026\/03\/D1.webp","datePublished":"2026-03-01T17:49:08+00:00","dateModified":"2026-03-31T16:09:29+00:00","description":"Shop Topps - Los Blancos Real Madrid 2025\/26 - Hobby Box online at great prices now! Your #1 TCG & Pok\u00e9mon card shop in Switzerland \u2713 Free shipping from CHF 29","breadcrumb":{"@id":"https:\/\/theuncommonshop.ch\/en\/product\/topps-los-blancos-real-madrid-2025-26-hobby-box-3\/#breadcrumb"},"inLanguage":"en-US","potentialAction":[{"@type":"ReadAction","target":["https:\/\/theuncommonshop.ch\/en\/product\/topps-los-blancos-real-madrid-2025-26-hobby-box-3\/"]}]},{"@type":"ImageObject","inLanguage":"en-US","@id":"https:\/\/theuncommonshop.ch\/en\/product\/topps-los-blancos-real-madrid-2025-26-hobby-box-3\/#primaryimage","url":"https:\/\/theuncommonshop.ch\/wp-content\/uploads\/2026\/03\/D1.webp","contentUrl":"https:\/\/theuncommonshop.ch\/wp-content\/uploads\/2026\/03\/D1.webp","width":571,"height":800},{"@type":"BreadcrumbList","@id":"https:\/\/theuncommonshop.ch\/en\/product\/topps-los-blancos-real-madrid-2025-26-hobby-box-3\/#breadcrumb","itemListElement":[{"@type":"ListItem","position":1,"name":"Home","item":"https:\/\/theuncommonshop.ch\/en\/home\/"},{"@type":"ListItem","position":2,"name":"Store","item":"https:\/\/theuncommonshop.ch\/en\/store\/"},{"@type":"ListItem","position":3,"name":"Weitere Sammelkarten","item":"https:\/\/theuncommonshop.ch\/produktkategorie\/weitere-sammelkarten\/"},{"@type":"ListItem","position":4,"name":"Topps Karten","item":"https:\/\/theuncommonshop.ch\/produktkategorie\/weitere-sammelkarten\/topps-karten\/"},{"@type":"ListItem","position":5,"name":"Topps Sportkarten","item":"https:\/\/theuncommonshop.ch\/produktkategorie\/weitere-sammelkarten\/topps-karten\/topps-sportkarten\/"},{"@type":"ListItem","position":6,"name":"Topps Fussball","item":"https:\/\/theuncommonshop.ch\/produktkategorie\/weitere-sammelkarten\/topps-karten\/topps-sportkarten\/topps-fussball\/"},{"@type":"ListItem","position":7,"name":"Topps &#8211; Los Blancos Real Madrid 2025\/26 &#8211; Hobby Box"}]},{"@type":"WebSite","@id":"https:\/\/theuncommonshop.ch\/#website","url":"https:\/\/theuncommonshop.ch\/","name":"Largest trading card shop in Switzerland","description":"Magic, Pok\u00e9mon and Yu-gi-oh - The Uncommon Shop","potentialAction":[{"@type":"SearchAction","target":{"@type":"EntryPoint","urlTemplate":"https:\/\/theuncommonshop.ch\/?s={search_term_string}"},"query-input":{"@type":"PropertyValueSpecification","valueRequired":true,"valueName":"search_term_string"}}],"inLanguage":"en-US"}]},"product_price_amount":"629.95","product_price_currency":"CHF","og_availability":"instock","product_availability":"instock","product_retailer_item_id":"66721","product_condition":"new"},"_links":{"self":[{"href":"https:\/\/theuncommonshop.ch\/en\/wp-json\/wp\/v2\/product\/307147","targetHints":{"allow":["GET"]}}],"collection":[{"href":"https:\/\/theuncommonshop.ch\/en\/wp-json\/wp\/v2\/product"}],"about":[{"href":"https:\/\/theuncommonshop.ch\/en\/wp-json\/wp\/v2\/types\/product"}],"replies":[{"embeddable":true,"href":"https:\/\/theuncommonshop.ch\/en\/wp-json\/wp\/v2\/comments?post=307147"}],"version-history":[{"count":1,"href":"https:\/\/theuncommonshop.ch\/en\/wp-json\/wp\/v2\/product\/307147\/revisions"}],"predecessor-version":[{"id":307168,"href":"https:\/\/theuncommonshop.ch\/en\/wp-json\/wp\/v2\/product\/307147\/revisions\/307168"}],"wp:featuredmedia":[{"embeddable":true,"href":"https:\/\/theuncommonshop.ch\/en\/wp-json\/wp\/v2\/media\/301762"}],"wp:attachment":[{"href":"https:\/\/theuncommonshop.ch\/en\/wp-json\/wp\/v2\/media?parent=307147"}],"wp:term":[{"taxonomy":"product_brand","embeddable":true,"href":"https:\/\/theuncommonshop.ch\/en\/wp-json\/wp\/v2\/product_brand?post=307147"},{"taxonomy":"product_cat","embeddable":true,"href":"https:\/\/theuncommonshop.ch\/en\/wp-json\/wp\/v2\/product_cat?post=307147"},{"taxonomy":"product_tag","embeddable":true,"href":"https:\/\/theuncommonshop.ch\/en\/wp-json\/wp\/v2\/product_tag?post=307147"}],"curies":[{"name":"wp","href":"https:\/\/api.w.org\/{rel}","templated":true}]}}