{"id":303791,"date":"2026-03-05T14:48:40","date_gmt":"2026-03-05T13:48:40","guid":{"rendered":"http:\/\/theuncommonshop.ch\/produkt\/303791\/"},"modified":"2026-04-27T17:58:26","modified_gmt":"2026-04-27T15:58:26","slug":"pokemon-mega-evolution-ninja-spinner-m4-booster-display-2","status":"publish","type":"product","link":"https:\/\/theuncommonshop.ch\/en\/product\/pokemon-mega-evolution-ninja-spinner-m4-booster-display-2\/","title":{"rendered":"Pok\u00e9mon &#8211; Mega Evolution &#8211; Ninja Spinner (M4) &#8211; Booster Display"},"content":{"rendered":"<p>Pok\u00e9mon TCG &#8211; Mega: Ninja Spinner Booster Box JPN M4 is a Japanese Mega Expansion Pack from the M4 series and will be released on March 13, 2026. The focus is on Mega Greninja ex with a dynamic ninja design and new strategic effects. The Booster Box contains 30 Japanese Booster Packs with cards from the latest Mega generation and is aimed at collectors as well as competitive players who want to get into the new set early.  <\/p>\n<p>Each Booster Pack contains 5 cards. Each Booster Box contains 30 Packs. <\/p>\n","protected":false},"excerpt":{"rendered":"<p>Pok\u00e9mon TCG &#8211; Mega: Ninja Spinner Booster Box JPN M4 is a Japanese Mega Expansion Pack from the M4 series<\/p>\n","protected":false},"featured_media":303044,"comment_status":"open","ping_status":"closed","template":"","meta":{"_acf_changed":false},"product_brand":[5115,5073],"product_cat":[9804,10054,9776,9828],"product_tag":[],"class_list":{"0":"post-303791","1":"product","2":"type-product","3":"status-publish","4":"has-post-thumbnail","6":"product_brand-pokemon","7":"product_brand-the-pokemon-company","8":"product_cat-booster-displays-pokemon-en","9":"product_cat-booster-displays-japanese","10":"product_cat-pokemon-en","11":"product_cat-super-sale-pokemon-en","13":"first","14":"outofstock","15":"taxable","16":"shipping-taxable","17":"purchasable","18":"product-type-simple"},"acf":[],"yoast_head":"<!-- This site is optimized with the Yoast SEO plugin v27.5 - https:\/\/yoast.com\/product\/yoast-seo-wordpress\/ -->\n<title>Buy Pok\u00e9mon - Mega Evolution - Ninja Spinner (M4) - Booster Display<\/title>\n<meta name=\"description\" content=\"Shop Pok\u00e9mon - Mega Evolution - Ninja Spinner (M4) - Booster Display online at great prices now! Your #1 TCG &amp; Pok\u00e9mon card shop in Switzerland \u2713 Free shipping from CHF 29\" \/>\n<meta name=\"robots\" content=\"index, follow, max-snippet:-1, max-image-preview:large, max-video-preview:-1\" \/>\n<link rel=\"canonical\" href=\"https:\/\/theuncommonshop.ch\/en\/product\/pokemon-mega-evolution-ninja-spinner-m4-booster-display-2\/\" \/>\n<meta property=\"og:locale\" content=\"en_US\" \/>\n<meta property=\"og:type\" content=\"article\" \/>\n<meta property=\"og:title\" content=\"Buy Pok\u00e9mon - Mega Evolution - Ninja Spinner (M4) - Booster Display\" \/>\n<meta property=\"og:description\" content=\"Shop Pok\u00e9mon - Mega Evolution - Ninja Spinner (M4) - Booster Display online at great prices now! Your #1 TCG &amp; Pok\u00e9mon card shop in Switzerland \u2713 Free shipping from CHF 29\" \/>\n<meta property=\"og:url\" content=\"https:\/\/theuncommonshop.ch\/en\/product\/pokemon-mega-evolution-ninja-spinner-m4-booster-display-2\/\" \/>\n<meta property=\"og:site_name\" content=\"The Uncommon Shop\" \/>\n<meta property=\"article:modified_time\" content=\"2026-04-27T15:58:26+00:00\" \/>\n<meta property=\"og:image\" content=\"https:\/\/theuncommonshop.ch\/wp-content\/uploads\/2026\/03\/5627296900.webp\" \/>\n\t<meta property=\"og:image:width\" content=\"360\" \/>\n\t<meta property=\"og:image:height\" content=\"425\" \/>\n\t<meta property=\"og:image:type\" content=\"image\/webp\" \/>\n<meta name=\"twitter:card\" content=\"summary_large_image\" \/>\n<meta name=\"twitter:label1\" content=\"Price\" \/>\n\t<meta name=\"twitter:data1\" content=\"&#067;&#072;&#070;&nbsp;99.95\" \/>\n\t<meta name=\"twitter:label2\" content=\"Availability\" \/>\n\t<meta name=\"twitter:data2\" content=\"Out of stock\" \/>\n<script type=\"application\/ld+json\" class=\"yoast-schema-graph\">{\"@context\":\"https:\\\/\\\/schema.org\",\"@graph\":[{\"@type\":\"WebPage\",\"@id\":\"https:\\\/\\\/theuncommonshop.ch\\\/en\\\/product\\\/pokemon-mega-evolution-ninja-spinner-m4-booster-display-2\\\/\",\"url\":\"https:\\\/\\\/theuncommonshop.ch\\\/en\\\/product\\\/pokemon-mega-evolution-ninja-spinner-m4-booster-display-2\\\/\",\"name\":\"Buy Pok\u00e9mon - Mega Evolution - Ninja Spinner (M4) - Booster Display\",\"isPartOf\":{\"@id\":\"https:\\\/\\\/theuncommonshop.ch\\\/en\\\/#website\"},\"primaryImageOfPage\":{\"@id\":\"https:\\\/\\\/theuncommonshop.ch\\\/en\\\/product\\\/pokemon-mega-evolution-ninja-spinner-m4-booster-display-2\\\/#primaryimage\"},\"image\":{\"@id\":\"https:\\\/\\\/theuncommonshop.ch\\\/en\\\/product\\\/pokemon-mega-evolution-ninja-spinner-m4-booster-display-2\\\/#primaryimage\"},\"thumbnailUrl\":\"https:\\\/\\\/theuncommonshop.ch\\\/wp-content\\\/uploads\\\/2026\\\/03\\\/5627296900.webp\",\"datePublished\":\"2026-03-05T13:48:40+00:00\",\"dateModified\":\"2026-04-27T15:58:26+00:00\",\"description\":\"Shop Pok\u00e9mon - Mega Evolution - Ninja Spinner (M4) - Booster Display online at great prices now! Your #1 TCG & Pok\u00e9mon card shop in Switzerland \u2713 Free shipping from CHF 29\",\"breadcrumb\":{\"@id\":\"https:\\\/\\\/theuncommonshop.ch\\\/en\\\/product\\\/pokemon-mega-evolution-ninja-spinner-m4-booster-display-2\\\/#breadcrumb\"},\"inLanguage\":\"en-US\",\"potentialAction\":[{\"@type\":\"ReadAction\",\"target\":[\"https:\\\/\\\/theuncommonshop.ch\\\/en\\\/product\\\/pokemon-mega-evolution-ninja-spinner-m4-booster-display-2\\\/\"]}]},{\"@type\":\"ImageObject\",\"inLanguage\":\"en-US\",\"@id\":\"https:\\\/\\\/theuncommonshop.ch\\\/en\\\/product\\\/pokemon-mega-evolution-ninja-spinner-m4-booster-display-2\\\/#primaryimage\",\"url\":\"https:\\\/\\\/theuncommonshop.ch\\\/wp-content\\\/uploads\\\/2026\\\/03\\\/5627296900.webp\",\"contentUrl\":\"https:\\\/\\\/theuncommonshop.ch\\\/wp-content\\\/uploads\\\/2026\\\/03\\\/5627296900.webp\",\"width\":360,\"height\":425},{\"@type\":\"BreadcrumbList\",\"@id\":\"https:\\\/\\\/theuncommonshop.ch\\\/en\\\/product\\\/pokemon-mega-evolution-ninja-spinner-m4-booster-display-2\\\/#breadcrumb\",\"itemListElement\":[{\"@type\":\"ListItem\",\"position\":1,\"name\":\"Home\",\"item\":\"https:\\\/\\\/theuncommonshop.ch\\\/en\\\/home\\\/\"},{\"@type\":\"ListItem\",\"position\":2,\"name\":\"Store\",\"item\":\"https:\\\/\\\/theuncommonshop.ch\\\/en\\\/store\\\/\"},{\"@type\":\"ListItem\",\"position\":3,\"name\":\"Pok\u00e9mon\",\"item\":\"https:\\\/\\\/theuncommonshop.ch\\\/en\\\/product-category\\\/pokemon-en\\\/\"},{\"@type\":\"ListItem\",\"position\":4,\"name\":\"Booster Displays\",\"item\":\"https:\\\/\\\/theuncommonshop.ch\\\/en\\\/product-category\\\/pokemon-en\\\/booster-displays-pokemon-en\\\/\"},{\"@type\":\"ListItem\",\"position\":5,\"name\":\"Booster Displays (Japanese)\",\"item\":\"https:\\\/\\\/theuncommonshop.ch\\\/en\\\/product-category\\\/pokemon-en\\\/booster-displays-pokemon-en\\\/booster-displays-japanese\\\/\"},{\"@type\":\"ListItem\",\"position\":6,\"name\":\"Pok\u00e9mon &#8211; Mega Evolution &#8211; Ninja Spinner (M4) &#8211; Booster Display\"}]},{\"@type\":\"WebSite\",\"@id\":\"https:\\\/\\\/theuncommonshop.ch\\\/en\\\/#website\",\"url\":\"https:\\\/\\\/theuncommonshop.ch\\\/en\\\/\",\"name\":\"The Uncommon Shop\",\"description\":\"Magic, Pok\u00e9mon and Yu-gi-oh - The Uncommon Shop\",\"potentialAction\":[{\"@type\":\"SearchAction\",\"target\":{\"@type\":\"EntryPoint\",\"urlTemplate\":\"https:\\\/\\\/theuncommonshop.ch\\\/en\\\/?s={search_term_string}\"},\"query-input\":{\"@type\":\"PropertyValueSpecification\",\"valueRequired\":true,\"valueName\":\"search_term_string\"}}],\"inLanguage\":\"en-US\"}]}<\/script>\n<meta property=\"product:price:amount\" content=\"99.95\" \/>\n<meta property=\"product:price:currency\" content=\"CHF\" \/>\n<meta property=\"og:availability\" content=\"out of stock\" \/>\n<meta property=\"product:availability\" content=\"out of stock\" \/>\n<meta property=\"product:retailer_item_id\" content=\"PRE.PokeNihilZeroDisplay.JPN-1\" \/>\n<meta property=\"product:condition\" content=\"new\" \/>\n<!-- \/ Yoast SEO plugin. -->","yoast_head_json":{"title":"Buy Pok\u00e9mon - Mega Evolution - Ninja Spinner (M4) - Booster Display","description":"Shop Pok\u00e9mon - Mega Evolution - Ninja Spinner (M4) - Booster Display online at great prices now! Your #1 TCG & Pok\u00e9mon card shop in Switzerland \u2713 Free shipping from CHF 29","robots":{"index":"index","follow":"follow","max-snippet":"max-snippet:-1","max-image-preview":"max-image-preview:large","max-video-preview":"max-video-preview:-1"},"canonical":"https:\/\/theuncommonshop.ch\/en\/product\/pokemon-mega-evolution-ninja-spinner-m4-booster-display-2\/","og_locale":"en_US","og_type":"article","og_title":"Buy Pok\u00e9mon - Mega Evolution - Ninja Spinner (M4) - Booster Display","og_description":"Shop Pok\u00e9mon - Mega Evolution - Ninja Spinner (M4) - Booster Display online at great prices now! Your #1 TCG & Pok\u00e9mon card shop in Switzerland \u2713 Free shipping from CHF 29","og_url":"https:\/\/theuncommonshop.ch\/en\/product\/pokemon-mega-evolution-ninja-spinner-m4-booster-display-2\/","og_site_name":"The Uncommon Shop","article_modified_time":"2026-04-27T15:58:26+00:00","og_image":[{"width":360,"height":425,"url":"https:\/\/theuncommonshop.ch\/wp-content\/uploads\/2026\/03\/5627296900.webp","type":"image\/webp"}],"twitter_card":"summary_large_image","twitter_misc":{"Price":"&#67;&#72;&#70;&nbsp;99.95","Availability":"Out of stock"},"schema":{"@context":"https:\/\/schema.org","@graph":[{"@type":"WebPage","@id":"https:\/\/theuncommonshop.ch\/en\/product\/pokemon-mega-evolution-ninja-spinner-m4-booster-display-2\/","url":"https:\/\/theuncommonshop.ch\/en\/product\/pokemon-mega-evolution-ninja-spinner-m4-booster-display-2\/","name":"Buy Pok\u00e9mon - Mega Evolution - Ninja Spinner (M4) - Booster Display","isPartOf":{"@id":"https:\/\/theuncommonshop.ch\/en\/#website"},"primaryImageOfPage":{"@id":"https:\/\/theuncommonshop.ch\/en\/product\/pokemon-mega-evolution-ninja-spinner-m4-booster-display-2\/#primaryimage"},"image":{"@id":"https:\/\/theuncommonshop.ch\/en\/product\/pokemon-mega-evolution-ninja-spinner-m4-booster-display-2\/#primaryimage"},"thumbnailUrl":"https:\/\/theuncommonshop.ch\/wp-content\/uploads\/2026\/03\/5627296900.webp","datePublished":"2026-03-05T13:48:40+00:00","dateModified":"2026-04-27T15:58:26+00:00","description":"Shop Pok\u00e9mon - Mega Evolution - Ninja Spinner (M4) - Booster Display online at great prices now! Your #1 TCG & Pok\u00e9mon card shop in Switzerland \u2713 Free shipping from CHF 29","breadcrumb":{"@id":"https:\/\/theuncommonshop.ch\/en\/product\/pokemon-mega-evolution-ninja-spinner-m4-booster-display-2\/#breadcrumb"},"inLanguage":"en-US","potentialAction":[{"@type":"ReadAction","target":["https:\/\/theuncommonshop.ch\/en\/product\/pokemon-mega-evolution-ninja-spinner-m4-booster-display-2\/"]}]},{"@type":"ImageObject","inLanguage":"en-US","@id":"https:\/\/theuncommonshop.ch\/en\/product\/pokemon-mega-evolution-ninja-spinner-m4-booster-display-2\/#primaryimage","url":"https:\/\/theuncommonshop.ch\/wp-content\/uploads\/2026\/03\/5627296900.webp","contentUrl":"https:\/\/theuncommonshop.ch\/wp-content\/uploads\/2026\/03\/5627296900.webp","width":360,"height":425},{"@type":"BreadcrumbList","@id":"https:\/\/theuncommonshop.ch\/en\/product\/pokemon-mega-evolution-ninja-spinner-m4-booster-display-2\/#breadcrumb","itemListElement":[{"@type":"ListItem","position":1,"name":"Home","item":"https:\/\/theuncommonshop.ch\/en\/home\/"},{"@type":"ListItem","position":2,"name":"Store","item":"https:\/\/theuncommonshop.ch\/en\/store\/"},{"@type":"ListItem","position":3,"name":"Pok\u00e9mon","item":"https:\/\/theuncommonshop.ch\/en\/product-category\/pokemon-en\/"},{"@type":"ListItem","position":4,"name":"Booster Displays","item":"https:\/\/theuncommonshop.ch\/en\/product-category\/pokemon-en\/booster-displays-pokemon-en\/"},{"@type":"ListItem","position":5,"name":"Booster Displays (Japanese)","item":"https:\/\/theuncommonshop.ch\/en\/product-category\/pokemon-en\/booster-displays-pokemon-en\/booster-displays-japanese\/"},{"@type":"ListItem","position":6,"name":"Pok\u00e9mon &#8211; Mega Evolution &#8211; Ninja Spinner (M4) &#8211; Booster Display"}]},{"@type":"WebSite","@id":"https:\/\/theuncommonshop.ch\/en\/#website","url":"https:\/\/theuncommonshop.ch\/en\/","name":"The Uncommon Shop","description":"Magic, Pok\u00e9mon and Yu-gi-oh - The Uncommon Shop","potentialAction":[{"@type":"SearchAction","target":{"@type":"EntryPoint","urlTemplate":"https:\/\/theuncommonshop.ch\/en\/?s={search_term_string}"},"query-input":{"@type":"PropertyValueSpecification","valueRequired":true,"valueName":"search_term_string"}}],"inLanguage":"en-US"}]},"product_price_amount":"99.95","product_price_currency":"CHF","og_availability":"out of stock","product_availability":"out of stock","product_retailer_item_id":"PRE.PokeNihilZeroDisplay.JPN-1","product_condition":"new"},"_links":{"self":[{"href":"https:\/\/theuncommonshop.ch\/en\/wp-json\/wp\/v2\/product\/303791","targetHints":{"allow":["GET"]}}],"collection":[{"href":"https:\/\/theuncommonshop.ch\/en\/wp-json\/wp\/v2\/product"}],"about":[{"href":"https:\/\/theuncommonshop.ch\/en\/wp-json\/wp\/v2\/types\/product"}],"replies":[{"embeddable":true,"href":"https:\/\/theuncommonshop.ch\/en\/wp-json\/wp\/v2\/comments?post=303791"}],"version-history":[{"count":0,"href":"https:\/\/theuncommonshop.ch\/en\/wp-json\/wp\/v2\/product\/303791\/revisions"}],"wp:featuredmedia":[{"embeddable":true,"href":"https:\/\/theuncommonshop.ch\/en\/wp-json\/wp\/v2\/media\/303044"}],"wp:attachment":[{"href":"https:\/\/theuncommonshop.ch\/en\/wp-json\/wp\/v2\/media?parent=303791"}],"wp:term":[{"taxonomy":"product_brand","embeddable":true,"href":"https:\/\/theuncommonshop.ch\/en\/wp-json\/wp\/v2\/product_brand?post=303791"},{"taxonomy":"product_cat","embeddable":true,"href":"https:\/\/theuncommonshop.ch\/en\/wp-json\/wp\/v2\/product_cat?post=303791"},{"taxonomy":"product_tag","embeddable":true,"href":"https:\/\/theuncommonshop.ch\/en\/wp-json\/wp\/v2\/product_tag?post=303791"}],"curies":[{"name":"wp","href":"https:\/\/api.w.org\/{rel}","templated":true}]}}